{"id":88166,"date":"2024-05-23T16:53:35","date_gmt":"2024-05-23T14:53:35","guid":{"rendered":"https:\/\/www.errepiudine.com\/?post_type=product&#038;p=88166"},"modified":"2025-04-08T09:57:38","modified_gmt":"2025-04-08T07:57:38","slug":"stonfo-tubetto-conico-metallo-497-3","status":"publish","type":"product","link":"https:\/\/www.errepiudine.com\/fr\/stonfo-tubetto-conico-metallo-497-3\/","title":{"rendered":"STONFO &#8211; TUBETTO CONICO METALLO &#8211; 497"},"content":{"rendered":"<p>Tube conique en m\u00e9tal tourn\u00e9 pour la construction d&#8217;app\u00e2ts artificiels. Livr\u00e9 complet<br \/>\nde tube en plastique rigide pour le fil et de gaine en silicone pour le verrouillage du crochet. Diam\u00e8tre<br \/>\ndiam\u00e8tre ext\u00e9rieur 3,9 mm, diam\u00e8tre int\u00e9rieur 2,2 mm, longueur 24 mm.<br \/>\nPaquet de 10 pi\u00e8ces.<br \/>\nDisponible dans les couleurs : aluminium, laiton.<\/p>\n","protected":false},"excerpt":{"rendered":"<div>Tubetto conico in metallo tornito per la costruzione di esche artificiali. Fornito completo<\/div>\n<div>di tubetto in plastica rigido per il filo e guaina in silicone per il bloccaggio dell\u2019amo. Diametro<\/div>\n<div>esterno mm 3,9, diametro interno mm 2,2, lunghezza mm 24.<\/div>\n<div>Confezione da 10 pezzi.<\/div>\n<div>Disponibili nei colori: alluminio, ottone.<\/div>\n","protected":false},"featured_media":156572,"template":"","meta":[],"product_brand":[3436],"product_cat":[3872,3648,3988],"product_tag":[],"class_list":{"0":"post-88166","1":"product","2":"type-product","3":"status-publish","4":"has-post-thumbnail","6":"product_brand-stonfo","7":"product_cat-materiaux","8":"product_cat-construction","9":"product_cat-yeux-tungstene","10":"pa_marca-stonfo-fr","12":"first","13":"onbackorder","14":"sale","15":"taxable","16":"shipping-taxable","17":"purchasable","18":"product-type-variable"},"yoast_head":"<!-- This site is optimized with the Yoast SEO plugin v27.1.1 - https:\/\/yoast.com\/product\/yoast-seo-wordpress\/ -->\n<title>STONFO - TUBETTO CONICO METALLO - 497 - Errepi tutto per pesca a mosca<\/title>\n<meta name=\"description\" content=\"Tubetto conico in metallo tornito per la costruzione di esche artificiali. Fornito completo  di tubetto in plastica rigido per il filo e guaina in silicone per il bloccaggio dell\u2019amo. Diametro  esterno mm 3,9, diametro interno mm 2,2, lunghezza mm 24.  Confezione da 10 pezzi.  Disponibili nei colori: alluminio, ottone.\" \/>\n<meta name=\"robots\" content=\"index, follow, max-snippet:-1, max-image-preview:large, max-video-preview:-1\" \/>\n<link rel=\"canonical\" href=\"https:\/\/www.errepiudine.com\/fr\/stonfo-tubetto-conico-metallo-497-3\/\" \/>\n<meta property=\"og:locale\" content=\"fr_FR\" \/>\n<meta property=\"og:type\" content=\"article\" \/>\n<meta property=\"og:title\" content=\"STONFO - TUBETTO CONICO METALLO - 497 - Errepi tutto per pesca a mosca\" \/>\n<meta property=\"og:description\" content=\"Tubetto conico in metallo tornito per la costruzione di esche artificiali. Fornito completo  di tubetto in plastica rigido per il filo e guaina in silicone per il bloccaggio dell\u2019amo. Diametro  esterno mm 3,9, diametro interno mm 2,2, lunghezza mm 24.  Confezione da 10 pezzi.  Disponibili nei colori: alluminio, ottone.\" \/>\n<meta property=\"og:url\" content=\"https:\/\/www.errepiudine.com\/fr\/stonfo-tubetto-conico-metallo-497-3\/\" \/>\n<meta property=\"og:site_name\" content=\"Errepi Group\" \/>\n<meta property=\"article:publisher\" content=\"https:\/\/www.facebook.com\/errepiudine\/\" \/>\n<meta property=\"article:modified_time\" content=\"2025-04-08T07:57:38+00:00\" \/>\n<meta property=\"og:image\" content=\"https:\/\/www.errepiudine.com\/wp-content\/uploads\/2024\/05\/CS2873.jpg\" \/>\n\t<meta property=\"og:image:width\" content=\"700\" \/>\n\t<meta property=\"og:image:height\" content=\"800\" \/>\n\t<meta property=\"og:image:type\" content=\"image\/jpeg\" \/>\n<meta name=\"twitter:card\" content=\"summary_large_image\" \/>\n<script type=\"application\/ld+json\" class=\"yoast-schema-graph\">{\"@context\":\"https:\/\/schema.org\",\"@graph\":[{\"@type\":\"WebPage\",\"@id\":\"https:\/\/www.errepiudine.com\/fr\/stonfo-tubetto-conico-metallo-497-3\/\",\"url\":\"https:\/\/www.errepiudine.com\/fr\/stonfo-tubetto-conico-metallo-497-3\/\",\"name\":\"STONFO - TUBETTO CONICO METALLO - 497 - Errepi tutto per pesca a mosca\",\"isPartOf\":{\"@id\":\"https:\/\/www.errepiudine.com\/#website\"},\"primaryImageOfPage\":{\"@id\":\"https:\/\/www.errepiudine.com\/fr\/stonfo-tubetto-conico-metallo-497-3\/#primaryimage\"},\"image\":{\"@id\":\"https:\/\/www.errepiudine.com\/fr\/stonfo-tubetto-conico-metallo-497-3\/#primaryimage\"},\"thumbnailUrl\":\"https:\/\/www.errepiudine.com\/wp-content\/uploads\/2024\/05\/CS2873.jpg\",\"datePublished\":\"2024-05-23T14:53:35+00:00\",\"dateModified\":\"2025-04-08T07:57:38+00:00\",\"description\":\"Tubetto conico in metallo tornito per la costruzione di esche artificiali. Fornito completo di tubetto in plastica rigido per il filo e guaina in silicone per il bloccaggio dell\u2019amo. Diametro esterno mm 3,9, diametro interno mm 2,2, lunghezza mm 24. Confezione da 10 pezzi. Disponibili nei colori: alluminio, ottone.\",\"breadcrumb\":{\"@id\":\"https:\/\/www.errepiudine.com\/fr\/stonfo-tubetto-conico-metallo-497-3\/#breadcrumb\"},\"inLanguage\":\"fr-FR\",\"potentialAction\":[{\"@type\":\"ReadAction\",\"target\":[\"https:\/\/www.errepiudine.com\/fr\/stonfo-tubetto-conico-metallo-497-3\/\"]}]},{\"@type\":\"ImageObject\",\"inLanguage\":\"fr-FR\",\"@id\":\"https:\/\/www.errepiudine.com\/fr\/stonfo-tubetto-conico-metallo-497-3\/#primaryimage\",\"url\":\"https:\/\/www.errepiudine.com\/wp-content\/uploads\/2024\/05\/CS2873.jpg\",\"contentUrl\":\"https:\/\/www.errepiudine.com\/wp-content\/uploads\/2024\/05\/CS2873.jpg\",\"width\":700,\"height\":800,\"caption\":\"CS2873\"},{\"@type\":\"BreadcrumbList\",\"@id\":\"https:\/\/www.errepiudine.com\/fr\/stonfo-tubetto-conico-metallo-497-3\/#breadcrumb\",\"itemListElement\":[{\"@type\":\"ListItem\",\"position\":1,\"name\":\"Home\",\"item\":\"https:\/\/www.errepiudine.com\/fr\/\"},{\"@type\":\"ListItem\",\"position\":2,\"name\":\"Boutique\",\"item\":\"https:\/\/www.errepiudine.com\/fr\/boutique\/\"},{\"@type\":\"ListItem\",\"position\":3,\"name\":\"STONFO &#8211; TUBETTO CONICO METALLO &#8211; 497\"}]},{\"@type\":\"WebSite\",\"@id\":\"https:\/\/www.errepiudine.com\/#website\",\"url\":\"https:\/\/www.errepiudine.com\/\",\"name\":\"Errepi Group\",\"description\":\"\",\"publisher\":{\"@id\":\"https:\/\/www.errepiudine.com\/#organization\"},\"potentialAction\":[{\"@type\":\"SearchAction\",\"target\":{\"@type\":\"EntryPoint\",\"urlTemplate\":\"https:\/\/www.errepiudine.com\/?s={search_term_string}\"},\"query-input\":{\"@type\":\"PropertyValueSpecification\",\"valueRequired\":true,\"valueName\":\"search_term_string\"}}],\"inLanguage\":\"fr-FR\"},{\"@type\":\"Organization\",\"@id\":\"https:\/\/www.errepiudine.com\/#organization\",\"name\":\"Errepi Group\",\"url\":\"https:\/\/www.errepiudine.com\/\",\"logo\":{\"@type\":\"ImageObject\",\"inLanguage\":\"fr-FR\",\"@id\":\"https:\/\/www.errepiudine.com\/#\/schema\/logo\/image\/\",\"url\":\"https:\/\/www.errepiudine.com\/wp-content\/uploads\/2025\/07\/Logo-errepi-email.png\",\"contentUrl\":\"https:\/\/www.errepiudine.com\/wp-content\/uploads\/2025\/07\/Logo-errepi-email.png\",\"width\":216,\"height\":60,\"caption\":\"Errepi Group\"},\"image\":{\"@id\":\"https:\/\/www.errepiudine.com\/#\/schema\/logo\/image\/\"},\"sameAs\":[\"https:\/\/www.facebook.com\/errepiudine\/\"]}]}<\/script>\n<!-- \/ Yoast SEO plugin. -->","yoast_head_json":{"title":"STONFO - TUBETTO CONICO METALLO - 497 - Errepi tutto per pesca a mosca","description":"Tubetto conico in metallo tornito per la costruzione di esche artificiali. Fornito completo  di tubetto in plastica rigido per il filo e guaina in silicone per il bloccaggio dell\u2019amo. Diametro  esterno mm 3,9, diametro interno mm 2,2, lunghezza mm 24.  Confezione da 10 pezzi.  Disponibili nei colori: alluminio, ottone.","robots":{"index":"index","follow":"follow","max-snippet":"max-snippet:-1","max-image-preview":"max-image-preview:large","max-video-preview":"max-video-preview:-1"},"canonical":"https:\/\/www.errepiudine.com\/fr\/stonfo-tubetto-conico-metallo-497-3\/","og_locale":"fr_FR","og_type":"article","og_title":"STONFO - TUBETTO CONICO METALLO - 497 - Errepi tutto per pesca a mosca","og_description":"Tubetto conico in metallo tornito per la costruzione di esche artificiali. Fornito completo  di tubetto in plastica rigido per il filo e guaina in silicone per il bloccaggio dell\u2019amo. Diametro  esterno mm 3,9, diametro interno mm 2,2, lunghezza mm 24.  Confezione da 10 pezzi.  Disponibili nei colori: alluminio, ottone.","og_url":"https:\/\/www.errepiudine.com\/fr\/stonfo-tubetto-conico-metallo-497-3\/","og_site_name":"Errepi Group","article_publisher":"https:\/\/www.facebook.com\/errepiudine\/","article_modified_time":"2025-04-08T07:57:38+00:00","og_image":[{"width":700,"height":800,"url":"https:\/\/www.errepiudine.com\/wp-content\/uploads\/2024\/05\/CS2873.jpg","type":"image\/jpeg"}],"twitter_card":"summary_large_image","schema":{"@context":"https:\/\/schema.org","@graph":[{"@type":"WebPage","@id":"https:\/\/www.errepiudine.com\/fr\/stonfo-tubetto-conico-metallo-497-3\/","url":"https:\/\/www.errepiudine.com\/fr\/stonfo-tubetto-conico-metallo-497-3\/","name":"STONFO - TUBETTO CONICO METALLO - 497 - Errepi tutto per pesca a mosca","isPartOf":{"@id":"https:\/\/www.errepiudine.com\/#website"},"primaryImageOfPage":{"@id":"https:\/\/www.errepiudine.com\/fr\/stonfo-tubetto-conico-metallo-497-3\/#primaryimage"},"image":{"@id":"https:\/\/www.errepiudine.com\/fr\/stonfo-tubetto-conico-metallo-497-3\/#primaryimage"},"thumbnailUrl":"https:\/\/www.errepiudine.com\/wp-content\/uploads\/2024\/05\/CS2873.jpg","datePublished":"2024-05-23T14:53:35+00:00","dateModified":"2025-04-08T07:57:38+00:00","description":"Tubetto conico in metallo tornito per la costruzione di esche artificiali. Fornito completo di tubetto in plastica rigido per il filo e guaina in silicone per il bloccaggio dell\u2019amo. Diametro esterno mm 3,9, diametro interno mm 2,2, lunghezza mm 24. Confezione da 10 pezzi. Disponibili nei colori: alluminio, ottone.","breadcrumb":{"@id":"https:\/\/www.errepiudine.com\/fr\/stonfo-tubetto-conico-metallo-497-3\/#breadcrumb"},"inLanguage":"fr-FR","potentialAction":[{"@type":"ReadAction","target":["https:\/\/www.errepiudine.com\/fr\/stonfo-tubetto-conico-metallo-497-3\/"]}]},{"@type":"ImageObject","inLanguage":"fr-FR","@id":"https:\/\/www.errepiudine.com\/fr\/stonfo-tubetto-conico-metallo-497-3\/#primaryimage","url":"https:\/\/www.errepiudine.com\/wp-content\/uploads\/2024\/05\/CS2873.jpg","contentUrl":"https:\/\/www.errepiudine.com\/wp-content\/uploads\/2024\/05\/CS2873.jpg","width":700,"height":800,"caption":"CS2873"},{"@type":"BreadcrumbList","@id":"https:\/\/www.errepiudine.com\/fr\/stonfo-tubetto-conico-metallo-497-3\/#breadcrumb","itemListElement":[{"@type":"ListItem","position":1,"name":"Home","item":"https:\/\/www.errepiudine.com\/fr\/"},{"@type":"ListItem","position":2,"name":"Boutique","item":"https:\/\/www.errepiudine.com\/fr\/boutique\/"},{"@type":"ListItem","position":3,"name":"STONFO &#8211; TUBETTO CONICO METALLO &#8211; 497"}]},{"@type":"WebSite","@id":"https:\/\/www.errepiudine.com\/#website","url":"https:\/\/www.errepiudine.com\/","name":"Errepi Group","description":"","publisher":{"@id":"https:\/\/www.errepiudine.com\/#organization"},"potentialAction":[{"@type":"SearchAction","target":{"@type":"EntryPoint","urlTemplate":"https:\/\/www.errepiudine.com\/?s={search_term_string}"},"query-input":{"@type":"PropertyValueSpecification","valueRequired":true,"valueName":"search_term_string"}}],"inLanguage":"fr-FR"},{"@type":"Organization","@id":"https:\/\/www.errepiudine.com\/#organization","name":"Errepi Group","url":"https:\/\/www.errepiudine.com\/","logo":{"@type":"ImageObject","inLanguage":"fr-FR","@id":"https:\/\/www.errepiudine.com\/#\/schema\/logo\/image\/","url":"https:\/\/www.errepiudine.com\/wp-content\/uploads\/2025\/07\/Logo-errepi-email.png","contentUrl":"https:\/\/www.errepiudine.com\/wp-content\/uploads\/2025\/07\/Logo-errepi-email.png","width":216,"height":60,"caption":"Errepi Group"},"image":{"@id":"https:\/\/www.errepiudine.com\/#\/schema\/logo\/image\/"},"sameAs":["https:\/\/www.facebook.com\/errepiudine\/"]}]}},"_links":{"self":[{"href":"https:\/\/www.errepiudine.com\/fr\/wp-json\/wp\/v2\/product\/88166","targetHints":{"allow":["GET"]}}],"collection":[{"href":"https:\/\/www.errepiudine.com\/fr\/wp-json\/wp\/v2\/product"}],"about":[{"href":"https:\/\/www.errepiudine.com\/fr\/wp-json\/wp\/v2\/types\/product"}],"wp:featuredmedia":[{"embeddable":true,"href":"https:\/\/www.errepiudine.com\/fr\/wp-json\/wp\/v2\/media\/156572"}],"wp:attachment":[{"href":"https:\/\/www.errepiudine.com\/fr\/wp-json\/wp\/v2\/media?parent=88166"}],"wp:term":[{"taxonomy":"product_brand","embeddable":true,"href":"https:\/\/www.errepiudine.com\/fr\/wp-json\/wp\/v2\/product_brand?post=88166"},{"taxonomy":"product_cat","embeddable":true,"href":"https:\/\/www.errepiudine.com\/fr\/wp-json\/wp\/v2\/product_cat?post=88166"},{"taxonomy":"product_tag","embeddable":true,"href":"https:\/\/www.errepiudine.com\/fr\/wp-json\/wp\/v2\/product_tag?post=88166"}],"curies":[{"name":"wp","href":"https:\/\/api.w.org\/{rel}","templated":true}]}}