{"id":82927,"date":"2024-05-23T16:43:23","date_gmt":"2024-05-23T14:43:23","guid":{"rendered":"https:\/\/www.errepiudine.com\/?post_type=product&#038;p=82927"},"modified":"2024-05-23T16:43:23","modified_gmt":"2024-05-23T14:43:23","slug":"veevus-french-tinsel-medium-4","status":"publish","type":"product","link":"https:\/\/www.errepiudine.com\/fr\/veevus-french-tinsel-medium-4\/","title":{"rendered":"VEEVUS &#8211; FRENCH TINSEL &#8211; MEDIUM"},"content":{"rendered":"<p><span style=\"font-size:12px;\"><span style=\"font-family:arial,verdana,helvetica;\"><span style=\"line-height: 15.3999996185303px;\">Il French Tinsel Veevus \u00e8 prodotto in modo diverso rispetto agli altri presenti sul mercato. \u00c8 molto pi\u00f9 resistente e questa caratteristica ci consente di avvolgere spire strette sull&#8217;amo. Inoltre non si apre durante l&#8217;avvolgimento.<\/span><\/span><\/span><\/p>\n","protected":false},"excerpt":{"rendered":"<p>Il French Tinsel Veevus \u00e8 prodotto in modo diverso rispetto agli altri presenti sul mercato. \u00c8 molto pi\u00f9 resistente e<\/p>\n","protected":false},"featured_media":189391,"template":"","meta":[],"product_brand":[3460],"product_cat":[3872,3648,4004],"product_tag":[],"class_list":{"0":"post-82927","1":"product","2":"type-product","3":"status-publish","4":"has-post-thumbnail","6":"product_brand-veevus","7":"product_cat-materiaux","8":"product_cat-construction","9":"product_cat-filati-3","10":"pa_marca-veevus-fr","12":"first","13":"instock","14":"taxable","15":"shipping-taxable","16":"purchasable","17":"product-type-variable"},"yoast_head":"<!-- This site is optimized with the Yoast SEO plugin v27.1.1 - https:\/\/yoast.com\/product\/yoast-seo-wordpress\/ -->\n<title>VEEVUS - FRENCH TINSEL - MEDIUM - Errepi tutto per pesca a mosca<\/title>\n<meta name=\"description\" content=\"Il French Tinsel Veevus \u00e8 prodotto in modo diverso rispetto agli altri presenti sul mercato. \u00c8 molto pi\u00f9 resistente e questa caratteristica ci consente di\" \/>\n<meta name=\"robots\" content=\"index, follow, max-snippet:-1, max-image-preview:large, max-video-preview:-1\" \/>\n<link rel=\"canonical\" href=\"https:\/\/www.errepiudine.com\/veevus-french-tinsel-medium\/\" \/>\n<meta property=\"og:locale\" content=\"fr_FR\" \/>\n<meta property=\"og:type\" content=\"article\" \/>\n<meta property=\"og:title\" content=\"VEEVUS - FRENCH TINSEL - MEDIUM - Errepi tutto per pesca a mosca\" \/>\n<meta property=\"og:description\" content=\"Il French Tinsel Veevus \u00e8 prodotto in modo diverso rispetto agli altri presenti sul mercato. \u00c8 molto pi\u00f9 resistente e questa caratteristica ci consente di\" \/>\n<meta property=\"og:url\" content=\"https:\/\/www.errepiudine.com\/veevus-french-tinsel-medium\/\" \/>\n<meta property=\"og:site_name\" content=\"Errepi Group\" \/>\n<meta property=\"article:publisher\" content=\"https:\/\/www.facebook.com\/errepiudine\/\" \/>\n<meta property=\"og:image\" content=\"https:\/\/www.errepiudine.com\/wp-content\/uploads\/2015\/01\/products-FT1-3.jpg\" \/>\n\t<meta property=\"og:image:width\" content=\"562\" \/>\n\t<meta property=\"og:image:height\" content=\"768\" \/>\n\t<meta property=\"og:image:type\" content=\"image\/jpeg\" \/>\n<meta name=\"twitter:card\" content=\"summary_large_image\" \/>\n<script type=\"application\/ld+json\" class=\"yoast-schema-graph\">{\"@context\":\"https:\/\/schema.org\",\"@graph\":[{\"@type\":\"WebPage\",\"@id\":\"https:\/\/www.errepiudine.com\/veevus-french-tinsel-medium\/\",\"url\":\"https:\/\/www.errepiudine.com\/veevus-french-tinsel-medium\/\",\"name\":\"VEEVUS - FRENCH TINSEL - MEDIUM - Errepi tutto per pesca a mosca\",\"isPartOf\":{\"@id\":\"https:\/\/www.errepiudine.com\/#website\"},\"primaryImageOfPage\":{\"@id\":\"https:\/\/www.errepiudine.com\/veevus-french-tinsel-medium\/#primaryimage\"},\"image\":{\"@id\":\"https:\/\/www.errepiudine.com\/veevus-french-tinsel-medium\/#primaryimage\"},\"thumbnailUrl\":\"https:\/\/www.errepiudine.com\/wp-content\/uploads\/2024\/05\/VEEVUS-FRENCH-TINSEL.png\",\"datePublished\":\"2024-05-23T14:43:23+00:00\",\"description\":\"Il French Tinsel Veevus \u00e8 prodotto in modo diverso rispetto agli altri presenti sul mercato. \u00c8 molto pi\u00f9 resistente e questa caratteristica ci consente di\",\"breadcrumb\":{\"@id\":\"https:\/\/www.errepiudine.com\/veevus-french-tinsel-medium\/#breadcrumb\"},\"inLanguage\":\"fr-FR\",\"potentialAction\":[{\"@type\":\"ReadAction\",\"target\":[\"https:\/\/www.errepiudine.com\/veevus-french-tinsel-medium\/\"]}]},{\"@type\":\"ImageObject\",\"inLanguage\":\"fr-FR\",\"@id\":\"https:\/\/www.errepiudine.com\/veevus-french-tinsel-medium\/#primaryimage\",\"url\":\"https:\/\/www.errepiudine.com\/wp-content\/uploads\/2024\/05\/VEEVUS-FRENCH-TINSEL.png\",\"contentUrl\":\"https:\/\/www.errepiudine.com\/wp-content\/uploads\/2024\/05\/VEEVUS-FRENCH-TINSEL.png\",\"width\":556,\"height\":558},{\"@type\":\"BreadcrumbList\",\"@id\":\"https:\/\/www.errepiudine.com\/veevus-french-tinsel-medium\/#breadcrumb\",\"itemListElement\":[{\"@type\":\"ListItem\",\"position\":1,\"name\":\"Home\",\"item\":\"https:\/\/www.errepiudine.com\/fr\/\"},{\"@type\":\"ListItem\",\"position\":2,\"name\":\"Boutique\",\"item\":\"https:\/\/www.errepiudine.com\/fr\/boutique\/\"},{\"@type\":\"ListItem\",\"position\":3,\"name\":\"VEEVUS &#8211; FRENCH TINSEL &#8211; MEDIUM\"}]},{\"@type\":\"WebSite\",\"@id\":\"https:\/\/www.errepiudine.com\/#website\",\"url\":\"https:\/\/www.errepiudine.com\/\",\"name\":\"Errepi Group\",\"description\":\"\",\"publisher\":{\"@id\":\"https:\/\/www.errepiudine.com\/#organization\"},\"potentialAction\":[{\"@type\":\"SearchAction\",\"target\":{\"@type\":\"EntryPoint\",\"urlTemplate\":\"https:\/\/www.errepiudine.com\/?s={search_term_string}\"},\"query-input\":{\"@type\":\"PropertyValueSpecification\",\"valueRequired\":true,\"valueName\":\"search_term_string\"}}],\"inLanguage\":\"fr-FR\"},{\"@type\":\"Organization\",\"@id\":\"https:\/\/www.errepiudine.com\/#organization\",\"name\":\"Errepi Group\",\"url\":\"https:\/\/www.errepiudine.com\/\",\"logo\":{\"@type\":\"ImageObject\",\"inLanguage\":\"fr-FR\",\"@id\":\"https:\/\/www.errepiudine.com\/#\/schema\/logo\/image\/\",\"url\":\"https:\/\/www.errepiudine.com\/wp-content\/uploads\/2025\/07\/Logo-errepi-email.png\",\"contentUrl\":\"https:\/\/www.errepiudine.com\/wp-content\/uploads\/2025\/07\/Logo-errepi-email.png\",\"width\":216,\"height\":60,\"caption\":\"Errepi Group\"},\"image\":{\"@id\":\"https:\/\/www.errepiudine.com\/#\/schema\/logo\/image\/\"},\"sameAs\":[\"https:\/\/www.facebook.com\/errepiudine\/\"]}]}<\/script>\n<!-- \/ Yoast SEO plugin. -->","yoast_head_json":{"title":"VEEVUS - FRENCH TINSEL - MEDIUM - Errepi tutto per pesca a mosca","description":"Il French Tinsel Veevus \u00e8 prodotto in modo diverso rispetto agli altri presenti sul mercato. \u00c8 molto pi\u00f9 resistente e questa caratteristica ci consente di","robots":{"index":"index","follow":"follow","max-snippet":"max-snippet:-1","max-image-preview":"max-image-preview:large","max-video-preview":"max-video-preview:-1"},"canonical":"https:\/\/www.errepiudine.com\/veevus-french-tinsel-medium\/","og_locale":"fr_FR","og_type":"article","og_title":"VEEVUS - FRENCH TINSEL - MEDIUM - Errepi tutto per pesca a mosca","og_description":"Il French Tinsel Veevus \u00e8 prodotto in modo diverso rispetto agli altri presenti sul mercato. \u00c8 molto pi\u00f9 resistente e questa caratteristica ci consente di","og_url":"https:\/\/www.errepiudine.com\/veevus-french-tinsel-medium\/","og_site_name":"Errepi Group","article_publisher":"https:\/\/www.facebook.com\/errepiudine\/","og_image":[{"width":562,"height":768,"url":"https:\/\/www.errepiudine.com\/wp-content\/uploads\/2015\/01\/products-FT1-3.jpg","type":"image\/jpeg"}],"twitter_card":"summary_large_image","schema":{"@context":"https:\/\/schema.org","@graph":[{"@type":"WebPage","@id":"https:\/\/www.errepiudine.com\/veevus-french-tinsel-medium\/","url":"https:\/\/www.errepiudine.com\/veevus-french-tinsel-medium\/","name":"VEEVUS - FRENCH TINSEL - MEDIUM - Errepi tutto per pesca a mosca","isPartOf":{"@id":"https:\/\/www.errepiudine.com\/#website"},"primaryImageOfPage":{"@id":"https:\/\/www.errepiudine.com\/veevus-french-tinsel-medium\/#primaryimage"},"image":{"@id":"https:\/\/www.errepiudine.com\/veevus-french-tinsel-medium\/#primaryimage"},"thumbnailUrl":"https:\/\/www.errepiudine.com\/wp-content\/uploads\/2024\/05\/VEEVUS-FRENCH-TINSEL.png","datePublished":"2024-05-23T14:43:23+00:00","description":"Il French Tinsel Veevus \u00e8 prodotto in modo diverso rispetto agli altri presenti sul mercato. \u00c8 molto pi\u00f9 resistente e questa caratteristica ci consente di","breadcrumb":{"@id":"https:\/\/www.errepiudine.com\/veevus-french-tinsel-medium\/#breadcrumb"},"inLanguage":"fr-FR","potentialAction":[{"@type":"ReadAction","target":["https:\/\/www.errepiudine.com\/veevus-french-tinsel-medium\/"]}]},{"@type":"ImageObject","inLanguage":"fr-FR","@id":"https:\/\/www.errepiudine.com\/veevus-french-tinsel-medium\/#primaryimage","url":"https:\/\/www.errepiudine.com\/wp-content\/uploads\/2024\/05\/VEEVUS-FRENCH-TINSEL.png","contentUrl":"https:\/\/www.errepiudine.com\/wp-content\/uploads\/2024\/05\/VEEVUS-FRENCH-TINSEL.png","width":556,"height":558},{"@type":"BreadcrumbList","@id":"https:\/\/www.errepiudine.com\/veevus-french-tinsel-medium\/#breadcrumb","itemListElement":[{"@type":"ListItem","position":1,"name":"Home","item":"https:\/\/www.errepiudine.com\/fr\/"},{"@type":"ListItem","position":2,"name":"Boutique","item":"https:\/\/www.errepiudine.com\/fr\/boutique\/"},{"@type":"ListItem","position":3,"name":"VEEVUS &#8211; FRENCH TINSEL &#8211; MEDIUM"}]},{"@type":"WebSite","@id":"https:\/\/www.errepiudine.com\/#website","url":"https:\/\/www.errepiudine.com\/","name":"Errepi Group","description":"","publisher":{"@id":"https:\/\/www.errepiudine.com\/#organization"},"potentialAction":[{"@type":"SearchAction","target":{"@type":"EntryPoint","urlTemplate":"https:\/\/www.errepiudine.com\/?s={search_term_string}"},"query-input":{"@type":"PropertyValueSpecification","valueRequired":true,"valueName":"search_term_string"}}],"inLanguage":"fr-FR"},{"@type":"Organization","@id":"https:\/\/www.errepiudine.com\/#organization","name":"Errepi Group","url":"https:\/\/www.errepiudine.com\/","logo":{"@type":"ImageObject","inLanguage":"fr-FR","@id":"https:\/\/www.errepiudine.com\/#\/schema\/logo\/image\/","url":"https:\/\/www.errepiudine.com\/wp-content\/uploads\/2025\/07\/Logo-errepi-email.png","contentUrl":"https:\/\/www.errepiudine.com\/wp-content\/uploads\/2025\/07\/Logo-errepi-email.png","width":216,"height":60,"caption":"Errepi Group"},"image":{"@id":"https:\/\/www.errepiudine.com\/#\/schema\/logo\/image\/"},"sameAs":["https:\/\/www.facebook.com\/errepiudine\/"]}]}},"_links":{"self":[{"href":"https:\/\/www.errepiudine.com\/fr\/wp-json\/wp\/v2\/product\/82927","targetHints":{"allow":["GET"]}}],"collection":[{"href":"https:\/\/www.errepiudine.com\/fr\/wp-json\/wp\/v2\/product"}],"about":[{"href":"https:\/\/www.errepiudine.com\/fr\/wp-json\/wp\/v2\/types\/product"}],"wp:featuredmedia":[{"embeddable":true,"href":"https:\/\/www.errepiudine.com\/fr\/wp-json\/wp\/v2\/media\/189391"}],"wp:attachment":[{"href":"https:\/\/www.errepiudine.com\/fr\/wp-json\/wp\/v2\/media?parent=82927"}],"wp:term":[{"taxonomy":"product_brand","embeddable":true,"href":"https:\/\/www.errepiudine.com\/fr\/wp-json\/wp\/v2\/product_brand?post=82927"},{"taxonomy":"product_cat","embeddable":true,"href":"https:\/\/www.errepiudine.com\/fr\/wp-json\/wp\/v2\/product_cat?post=82927"},{"taxonomy":"product_tag","embeddable":true,"href":"https:\/\/www.errepiudine.com\/fr\/wp-json\/wp\/v2\/product_tag?post=82927"}],"curies":[{"name":"wp","href":"https:\/\/api.w.org\/{rel}","templated":true}]}}