{"id":79201,"date":"2024-05-23T16:33:51","date_gmt":"2024-05-23T14:33:51","guid":{"rendered":"https:\/\/www.errepiudine.com\/?post_type=product&#038;p=79201"},"modified":"2024-08-29T10:15:22","modified_gmt":"2024-08-29T08:15:22","slug":"devaux-cul-de-canard-extra-60-4","status":"publish","type":"product","link":"https:\/\/www.errepiudine.com\/fr\/devaux-cul-de-canard-extra-60-4\/","title":{"rendered":"DEVAUX &#8211; CUL DE CANARD EXTRA60"},"content":{"rendered":"<p>DEVAUX &#8211; CUL DE CANARD EXTRA 60<\/p>\n<p>Descrizione: queste piume sono di forma lanceolata,\u00a0hanno la caratteristica di avere barbule particolarmentre folte e particolarmente galleggianti. Sono di qualit\u00e0 e impermeabilit\u00e0 superlativa, selezionate con la massima attenzione. Sono particolarmente flessibili e leggere e mantengono le originali propriet\u00e0 anche se tagliate. Le fibre sono elastiche e vibrano ad ogni minima sollecitazione conferendo vitalit\u00e0 all&#8217;artificiale. La lunghezza \u00e8 di\u00a0circa cm. 5,5\u00a0e la larghezza \u00e8 di circa cm. 3,0.\u00a0La qualit\u00e0 \u00e8 ottima e la dimensione delle piume uniforme.\u00a0<\/p>\n<p>Utilizzabile per: ali, code, corpi, zampe, mosche secche, ninfe e mosche sommerse<\/p>\n","protected":false},"excerpt":{"rendered":"<p>DEVAUX &#8211; CUL DE CANARD EXTRA 60 Descrizione: queste piume sono di forma lanceolata,\u00a0hanno la caratteristica di avere barbule particolarmentre<\/p>\n","protected":false},"featured_media":78859,"template":"","meta":[],"product_brand":[3428],"product_cat":[3872,3648,3992],"product_tag":[],"class_list":{"0":"post-79201","1":"product","2":"type-product","3":"status-publish","4":"has-post-thumbnail","6":"product_brand-devaux","7":"product_cat-materiaux","8":"product_cat-construction","9":"product_cat-cul-de-canard-fr","10":"pa_marca-devaux-fr","12":"first","13":"instock","14":"taxable","15":"shipping-taxable","16":"purchasable","17":"product-type-variable"},"yoast_head":"<!-- This site is optimized with the Yoast SEO plugin v27.1.1 - https:\/\/yoast.com\/product\/yoast-seo-wordpress\/ -->\n<title>DEVAUX - CUL DE CANARD EXTRA60 - Errepi tutto per pesca a mosca<\/title>\n<meta name=\"description\" content=\"DEVAUX - CUL DE CANARD EXTRA 60 Descrizione: queste piume sono di forma lanceolata,\u00a0hanno la caratteristica di avere barbule particolarmentre folte e\" \/>\n<meta name=\"robots\" content=\"index, follow, max-snippet:-1, max-image-preview:large, max-video-preview:-1\" \/>\n<link rel=\"canonical\" href=\"https:\/\/www.errepiudine.com\/devaux-cul-de-canard-extra-60\/\" \/>\n<meta property=\"og:locale\" content=\"fr_FR\" \/>\n<meta property=\"og:type\" content=\"article\" \/>\n<meta property=\"og:title\" content=\"DEVAUX - CUL DE CANARD EXTRA60 - Errepi tutto per pesca a mosca\" \/>\n<meta property=\"og:description\" content=\"DEVAUX - CUL DE CANARD EXTRA 60 Descrizione: queste piume sono di forma lanceolata,\u00a0hanno la caratteristica di avere barbule particolarmentre folte e\" \/>\n<meta property=\"og:url\" content=\"https:\/\/www.errepiudine.com\/devaux-cul-de-canard-extra-60\/\" \/>\n<meta property=\"og:site_name\" content=\"Errepi Group\" \/>\n<meta property=\"article:publisher\" content=\"https:\/\/www.facebook.com\/errepiudine\/\" \/>\n<meta property=\"article:modified_time\" content=\"2024-08-29T08:15:22+00:00\" \/>\n<meta property=\"og:image\" content=\"https:\/\/www.errepiudine.com\/wp-content\/uploads\/2023\/07\/products-cdc_super_60-3.png\" \/>\n\t<meta property=\"og:image:width\" content=\"799\" \/>\n\t<meta property=\"og:image:height\" content=\"578\" \/>\n\t<meta property=\"og:image:type\" content=\"image\/jpeg\" \/>\n<meta name=\"twitter:card\" content=\"summary_large_image\" \/>\n<script type=\"application\/ld+json\" class=\"yoast-schema-graph\">{\"@context\":\"https:\/\/schema.org\",\"@graph\":[{\"@type\":\"WebPage\",\"@id\":\"https:\/\/www.errepiudine.com\/devaux-cul-de-canard-extra-60\/\",\"url\":\"https:\/\/www.errepiudine.com\/devaux-cul-de-canard-extra-60\/\",\"name\":\"DEVAUX - CUL DE CANARD EXTRA60 - Errepi tutto per pesca a mosca\",\"isPartOf\":{\"@id\":\"https:\/\/www.errepiudine.com\/#website\"},\"primaryImageOfPage\":{\"@id\":\"https:\/\/www.errepiudine.com\/devaux-cul-de-canard-extra-60\/#primaryimage\"},\"image\":{\"@id\":\"https:\/\/www.errepiudine.com\/devaux-cul-de-canard-extra-60\/#primaryimage\"},\"thumbnailUrl\":\"https:\/\/www.errepiudine.com\/wp-content\/uploads\/2023\/07\/products-cdc_super_60-3.png\",\"datePublished\":\"2024-05-23T14:33:51+00:00\",\"dateModified\":\"2024-08-29T08:15:22+00:00\",\"description\":\"DEVAUX - CUL DE CANARD EXTRA 60 Descrizione: queste piume sono di forma lanceolata,\u00a0hanno la caratteristica di avere barbule particolarmentre folte e\",\"breadcrumb\":{\"@id\":\"https:\/\/www.errepiudine.com\/devaux-cul-de-canard-extra-60\/#breadcrumb\"},\"inLanguage\":\"fr-FR\",\"potentialAction\":[{\"@type\":\"ReadAction\",\"target\":[\"https:\/\/www.errepiudine.com\/devaux-cul-de-canard-extra-60\/\"]}]},{\"@type\":\"ImageObject\",\"inLanguage\":\"fr-FR\",\"@id\":\"https:\/\/www.errepiudine.com\/devaux-cul-de-canard-extra-60\/#primaryimage\",\"url\":\"https:\/\/www.errepiudine.com\/wp-content\/uploads\/2023\/07\/products-cdc_super_60-3.png\",\"contentUrl\":\"https:\/\/www.errepiudine.com\/wp-content\/uploads\/2023\/07\/products-cdc_super_60-3.png\",\"width\":799,\"height\":578},{\"@type\":\"BreadcrumbList\",\"@id\":\"https:\/\/www.errepiudine.com\/devaux-cul-de-canard-extra-60\/#breadcrumb\",\"itemListElement\":[{\"@type\":\"ListItem\",\"position\":1,\"name\":\"Home\",\"item\":\"https:\/\/www.errepiudine.com\/fr\/\"},{\"@type\":\"ListItem\",\"position\":2,\"name\":\"Boutique\",\"item\":\"https:\/\/www.errepiudine.com\/fr\/boutique\/\"},{\"@type\":\"ListItem\",\"position\":3,\"name\":\"DEVAUX &#8211; CUL DE CANARD EXTRA60\"}]},{\"@type\":\"WebSite\",\"@id\":\"https:\/\/www.errepiudine.com\/#website\",\"url\":\"https:\/\/www.errepiudine.com\/\",\"name\":\"Errepi Group\",\"description\":\"\",\"publisher\":{\"@id\":\"https:\/\/www.errepiudine.com\/#organization\"},\"potentialAction\":[{\"@type\":\"SearchAction\",\"target\":{\"@type\":\"EntryPoint\",\"urlTemplate\":\"https:\/\/www.errepiudine.com\/?s={search_term_string}\"},\"query-input\":{\"@type\":\"PropertyValueSpecification\",\"valueRequired\":true,\"valueName\":\"search_term_string\"}}],\"inLanguage\":\"fr-FR\"},{\"@type\":\"Organization\",\"@id\":\"https:\/\/www.errepiudine.com\/#organization\",\"name\":\"Errepi Group\",\"url\":\"https:\/\/www.errepiudine.com\/\",\"logo\":{\"@type\":\"ImageObject\",\"inLanguage\":\"fr-FR\",\"@id\":\"https:\/\/www.errepiudine.com\/#\/schema\/logo\/image\/\",\"url\":\"https:\/\/www.errepiudine.com\/wp-content\/uploads\/2025\/07\/Logo-errepi-email.png\",\"contentUrl\":\"https:\/\/www.errepiudine.com\/wp-content\/uploads\/2025\/07\/Logo-errepi-email.png\",\"width\":216,\"height\":60,\"caption\":\"Errepi Group\"},\"image\":{\"@id\":\"https:\/\/www.errepiudine.com\/#\/schema\/logo\/image\/\"},\"sameAs\":[\"https:\/\/www.facebook.com\/errepiudine\/\"]}]}<\/script>\n<!-- \/ Yoast SEO plugin. -->","yoast_head_json":{"title":"DEVAUX - CUL DE CANARD EXTRA60 - Errepi tutto per pesca a mosca","description":"DEVAUX - CUL DE CANARD EXTRA 60 Descrizione: queste piume sono di forma lanceolata,\u00a0hanno la caratteristica di avere barbule particolarmentre folte e","robots":{"index":"index","follow":"follow","max-snippet":"max-snippet:-1","max-image-preview":"max-image-preview:large","max-video-preview":"max-video-preview:-1"},"canonical":"https:\/\/www.errepiudine.com\/devaux-cul-de-canard-extra-60\/","og_locale":"fr_FR","og_type":"article","og_title":"DEVAUX - CUL DE CANARD EXTRA60 - Errepi tutto per pesca a mosca","og_description":"DEVAUX - CUL DE CANARD EXTRA 60 Descrizione: queste piume sono di forma lanceolata,\u00a0hanno la caratteristica di avere barbule particolarmentre folte e","og_url":"https:\/\/www.errepiudine.com\/devaux-cul-de-canard-extra-60\/","og_site_name":"Errepi Group","article_publisher":"https:\/\/www.facebook.com\/errepiudine\/","article_modified_time":"2024-08-29T08:15:22+00:00","og_image":[{"width":799,"height":578,"url":"https:\/\/www.errepiudine.com\/wp-content\/uploads\/2023\/07\/products-cdc_super_60-3.png","type":"image\/jpeg"}],"twitter_card":"summary_large_image","schema":{"@context":"https:\/\/schema.org","@graph":[{"@type":"WebPage","@id":"https:\/\/www.errepiudine.com\/devaux-cul-de-canard-extra-60\/","url":"https:\/\/www.errepiudine.com\/devaux-cul-de-canard-extra-60\/","name":"DEVAUX - CUL DE CANARD EXTRA60 - Errepi tutto per pesca a mosca","isPartOf":{"@id":"https:\/\/www.errepiudine.com\/#website"},"primaryImageOfPage":{"@id":"https:\/\/www.errepiudine.com\/devaux-cul-de-canard-extra-60\/#primaryimage"},"image":{"@id":"https:\/\/www.errepiudine.com\/devaux-cul-de-canard-extra-60\/#primaryimage"},"thumbnailUrl":"https:\/\/www.errepiudine.com\/wp-content\/uploads\/2023\/07\/products-cdc_super_60-3.png","datePublished":"2024-05-23T14:33:51+00:00","dateModified":"2024-08-29T08:15:22+00:00","description":"DEVAUX - CUL DE CANARD EXTRA 60 Descrizione: queste piume sono di forma lanceolata,\u00a0hanno la caratteristica di avere barbule particolarmentre folte e","breadcrumb":{"@id":"https:\/\/www.errepiudine.com\/devaux-cul-de-canard-extra-60\/#breadcrumb"},"inLanguage":"fr-FR","potentialAction":[{"@type":"ReadAction","target":["https:\/\/www.errepiudine.com\/devaux-cul-de-canard-extra-60\/"]}]},{"@type":"ImageObject","inLanguage":"fr-FR","@id":"https:\/\/www.errepiudine.com\/devaux-cul-de-canard-extra-60\/#primaryimage","url":"https:\/\/www.errepiudine.com\/wp-content\/uploads\/2023\/07\/products-cdc_super_60-3.png","contentUrl":"https:\/\/www.errepiudine.com\/wp-content\/uploads\/2023\/07\/products-cdc_super_60-3.png","width":799,"height":578},{"@type":"BreadcrumbList","@id":"https:\/\/www.errepiudine.com\/devaux-cul-de-canard-extra-60\/#breadcrumb","itemListElement":[{"@type":"ListItem","position":1,"name":"Home","item":"https:\/\/www.errepiudine.com\/fr\/"},{"@type":"ListItem","position":2,"name":"Boutique","item":"https:\/\/www.errepiudine.com\/fr\/boutique\/"},{"@type":"ListItem","position":3,"name":"DEVAUX &#8211; CUL DE CANARD EXTRA60"}]},{"@type":"WebSite","@id":"https:\/\/www.errepiudine.com\/#website","url":"https:\/\/www.errepiudine.com\/","name":"Errepi Group","description":"","publisher":{"@id":"https:\/\/www.errepiudine.com\/#organization"},"potentialAction":[{"@type":"SearchAction","target":{"@type":"EntryPoint","urlTemplate":"https:\/\/www.errepiudine.com\/?s={search_term_string}"},"query-input":{"@type":"PropertyValueSpecification","valueRequired":true,"valueName":"search_term_string"}}],"inLanguage":"fr-FR"},{"@type":"Organization","@id":"https:\/\/www.errepiudine.com\/#organization","name":"Errepi Group","url":"https:\/\/www.errepiudine.com\/","logo":{"@type":"ImageObject","inLanguage":"fr-FR","@id":"https:\/\/www.errepiudine.com\/#\/schema\/logo\/image\/","url":"https:\/\/www.errepiudine.com\/wp-content\/uploads\/2025\/07\/Logo-errepi-email.png","contentUrl":"https:\/\/www.errepiudine.com\/wp-content\/uploads\/2025\/07\/Logo-errepi-email.png","width":216,"height":60,"caption":"Errepi Group"},"image":{"@id":"https:\/\/www.errepiudine.com\/#\/schema\/logo\/image\/"},"sameAs":["https:\/\/www.facebook.com\/errepiudine\/"]}]}},"_links":{"self":[{"href":"https:\/\/www.errepiudine.com\/fr\/wp-json\/wp\/v2\/product\/79201","targetHints":{"allow":["GET"]}}],"collection":[{"href":"https:\/\/www.errepiudine.com\/fr\/wp-json\/wp\/v2\/product"}],"about":[{"href":"https:\/\/www.errepiudine.com\/fr\/wp-json\/wp\/v2\/types\/product"}],"wp:featuredmedia":[{"embeddable":true,"href":"https:\/\/www.errepiudine.com\/fr\/wp-json\/wp\/v2\/media\/78859"}],"wp:attachment":[{"href":"https:\/\/www.errepiudine.com\/fr\/wp-json\/wp\/v2\/media?parent=79201"}],"wp:term":[{"taxonomy":"product_brand","embeddable":true,"href":"https:\/\/www.errepiudine.com\/fr\/wp-json\/wp\/v2\/product_brand?post=79201"},{"taxonomy":"product_cat","embeddable":true,"href":"https:\/\/www.errepiudine.com\/fr\/wp-json\/wp\/v2\/product_cat?post=79201"},{"taxonomy":"product_tag","embeddable":true,"href":"https:\/\/www.errepiudine.com\/fr\/wp-json\/wp\/v2\/product_tag?post=79201"}],"curies":[{"name":"wp","href":"https:\/\/api.w.org\/{rel}","templated":true}]}}