{"id":64343,"date":"2024-05-23T16:05:27","date_gmt":"2024-05-23T14:05:27","guid":{"rendered":"https:\/\/www.errepiudine.com\/?post_type=product&#038;p=64343"},"modified":"2025-06-25T14:36:09","modified_gmt":"2025-06-25T12:36:09","slug":"traper-stream-fiber-glass-rod-4","status":"publish","type":"product","link":"https:\/\/www.errepiudine.com\/fr\/traper-stream-fiber-glass-rod-4\/","title":{"rendered":"TRAPER &#8211; STREAM FIBER GLASS ROD"},"content":{"rendered":"<p>La canne Stream allie tradition et modernit\u00e9. Son blank est fabriqu\u00e9 en fibre de verre S-Glass, utilisant une r\u00e9sine synth\u00e9tique de la plus haute qualit\u00e9. La fibre brute, non polie, a \u00e9t\u00e9 recouverte d&#8217;une fine couche de vernis. La structure ondul\u00e9e, parfaitement visible, rappelle celle des cannes fabriqu\u00e9es il y a plusieurs d\u00e9cennies. Les connecteurs de la canne sont de type spigot, des connecteurs \u00e0 parois vides. Gr\u00e2ce \u00e0 elle, la canne offre une action r\u00e9guli\u00e8re sans flexion. La poign\u00e9e est en li\u00e8ge portugais de classe AAA. Le porte-moulinet est fabriqu\u00e9 en aluminium CNC et fix\u00e9 sur un bois exotique. La canne est \u00e9quip\u00e9e d&#8217;anneaux Pacific Bay. Une canne classique, r\u00e9solument moderne. Livr\u00e9e avec un tube en Cordura robuste, elle est garantie 5 ans.<\/p>\n","protected":false},"excerpt":{"rendered":"<p>La canne Stream allie tradition et modernit\u00e9. Son blank est fabriqu\u00e9 en fibre de verre S-Glass, utilisant une r\u00e9sine synth\u00e9tique<\/p>\n","protected":false},"featured_media":152443,"template":"","meta":[],"product_brand":[3429],"product_cat":[3640],"product_tag":[],"class_list":{"0":"post-64343","1":"product","2":"type-product","3":"status-publish","4":"has-post-thumbnail","6":"product_brand-traper","7":"product_cat-cannes-a-peche","8":"pa_marca-traper-fr","10":"first","11":"instock","12":"taxable","13":"shipping-taxable","14":"purchasable","15":"product-type-variable"},"yoast_head":"<!-- This site is optimized with the Yoast SEO plugin v27.1.1 - https:\/\/yoast.com\/product\/yoast-seo-wordpress\/ -->\n<title>TRAPER - STREAM FIBER GLASS ROD - Errepi tutto per pesca a mosca<\/title>\n<meta name=\"description\" content=\"La canne Stream allie tradition et modernit\u00e9. Son blank est fabriqu\u00e9 en fibre de verre S-Glass, utilisant une r\u00e9sine synth\u00e9tique de la plus haute qualit\u00e9.\" \/>\n<meta name=\"robots\" content=\"index, follow, max-snippet:-1, max-image-preview:large, max-video-preview:-1\" \/>\n<link rel=\"canonical\" href=\"https:\/\/www.errepiudine.com\/fr\/traper-stream-fiber-glass-rod-4\/\" \/>\n<meta property=\"og:locale\" content=\"fr_FR\" \/>\n<meta property=\"og:type\" content=\"article\" \/>\n<meta property=\"og:title\" content=\"TRAPER - STREAM FIBER GLASS ROD - Errepi tutto per pesca a mosca\" \/>\n<meta property=\"og:description\" content=\"La canne Stream allie tradition et modernit\u00e9. Son blank est fabriqu\u00e9 en fibre de verre S-Glass, utilisant une r\u00e9sine synth\u00e9tique de la plus haute qualit\u00e9.\" \/>\n<meta property=\"og:url\" content=\"https:\/\/www.errepiudine.com\/fr\/traper-stream-fiber-glass-rod-4\/\" \/>\n<meta property=\"og:site_name\" content=\"Errepi Group\" \/>\n<meta property=\"article:publisher\" content=\"https:\/\/www.facebook.com\/errepiudine\/\" \/>\n<meta property=\"article:modified_time\" content=\"2025-06-25T12:36:09+00:00\" \/>\n<meta property=\"og:image\" content=\"https:\/\/www.errepiudine.com\/wp-content\/uploads\/2024\/05\/CM418.jpg\" \/>\n\t<meta property=\"og:image:width\" content=\"700\" \/>\n\t<meta property=\"og:image:height\" content=\"800\" \/>\n\t<meta property=\"og:image:type\" content=\"image\/jpeg\" \/>\n<meta name=\"twitter:card\" content=\"summary_large_image\" \/>\n<meta name=\"twitter:label1\" content=\"Dur\u00e9e de lecture estim\u00e9e\" \/>\n\t<meta name=\"twitter:data1\" content=\"1 minute\" \/>\n<script type=\"application\/ld+json\" class=\"yoast-schema-graph\">{\"@context\":\"https:\/\/schema.org\",\"@graph\":[{\"@type\":\"WebPage\",\"@id\":\"https:\/\/www.errepiudine.com\/fr\/traper-stream-fiber-glass-rod-4\/\",\"url\":\"https:\/\/www.errepiudine.com\/fr\/traper-stream-fiber-glass-rod-4\/\",\"name\":\"TRAPER - STREAM FIBER GLASS ROD - Errepi tutto per pesca a mosca\",\"isPartOf\":{\"@id\":\"https:\/\/www.errepiudine.com\/#website\"},\"primaryImageOfPage\":{\"@id\":\"https:\/\/www.errepiudine.com\/fr\/traper-stream-fiber-glass-rod-4\/#primaryimage\"},\"image\":{\"@id\":\"https:\/\/www.errepiudine.com\/fr\/traper-stream-fiber-glass-rod-4\/#primaryimage\"},\"thumbnailUrl\":\"https:\/\/www.errepiudine.com\/wp-content\/uploads\/2024\/05\/CM418.jpg\",\"datePublished\":\"2024-05-23T14:05:27+00:00\",\"dateModified\":\"2025-06-25T12:36:09+00:00\",\"description\":\"La canne Stream allie tradition et modernit\u00e9. Son blank est fabriqu\u00e9 en fibre de verre S-Glass, utilisant une r\u00e9sine synth\u00e9tique de la plus haute qualit\u00e9.\",\"breadcrumb\":{\"@id\":\"https:\/\/www.errepiudine.com\/fr\/traper-stream-fiber-glass-rod-4\/#breadcrumb\"},\"inLanguage\":\"fr-FR\",\"potentialAction\":[{\"@type\":\"ReadAction\",\"target\":[\"https:\/\/www.errepiudine.com\/fr\/traper-stream-fiber-glass-rod-4\/\"]}]},{\"@type\":\"ImageObject\",\"inLanguage\":\"fr-FR\",\"@id\":\"https:\/\/www.errepiudine.com\/fr\/traper-stream-fiber-glass-rod-4\/#primaryimage\",\"url\":\"https:\/\/www.errepiudine.com\/wp-content\/uploads\/2024\/05\/CM418.jpg\",\"contentUrl\":\"https:\/\/www.errepiudine.com\/wp-content\/uploads\/2024\/05\/CM418.jpg\",\"width\":700,\"height\":800,\"caption\":\"CM418\"},{\"@type\":\"BreadcrumbList\",\"@id\":\"https:\/\/www.errepiudine.com\/fr\/traper-stream-fiber-glass-rod-4\/#breadcrumb\",\"itemListElement\":[{\"@type\":\"ListItem\",\"position\":1,\"name\":\"Home\",\"item\":\"https:\/\/www.errepiudine.com\/fr\/\"},{\"@type\":\"ListItem\",\"position\":2,\"name\":\"Boutique\",\"item\":\"https:\/\/www.errepiudine.com\/fr\/boutique\/\"},{\"@type\":\"ListItem\",\"position\":3,\"name\":\"TRAPER &#8211; STREAM FIBER GLASS ROD\"}]},{\"@type\":\"WebSite\",\"@id\":\"https:\/\/www.errepiudine.com\/#website\",\"url\":\"https:\/\/www.errepiudine.com\/\",\"name\":\"Errepi Group\",\"description\":\"\",\"publisher\":{\"@id\":\"https:\/\/www.errepiudine.com\/#organization\"},\"potentialAction\":[{\"@type\":\"SearchAction\",\"target\":{\"@type\":\"EntryPoint\",\"urlTemplate\":\"https:\/\/www.errepiudine.com\/?s={search_term_string}\"},\"query-input\":{\"@type\":\"PropertyValueSpecification\",\"valueRequired\":true,\"valueName\":\"search_term_string\"}}],\"inLanguage\":\"fr-FR\"},{\"@type\":\"Organization\",\"@id\":\"https:\/\/www.errepiudine.com\/#organization\",\"name\":\"Errepi Group\",\"url\":\"https:\/\/www.errepiudine.com\/\",\"logo\":{\"@type\":\"ImageObject\",\"inLanguage\":\"fr-FR\",\"@id\":\"https:\/\/www.errepiudine.com\/#\/schema\/logo\/image\/\",\"url\":\"https:\/\/www.errepiudine.com\/wp-content\/uploads\/2025\/07\/Logo-errepi-email.png\",\"contentUrl\":\"https:\/\/www.errepiudine.com\/wp-content\/uploads\/2025\/07\/Logo-errepi-email.png\",\"width\":216,\"height\":60,\"caption\":\"Errepi Group\"},\"image\":{\"@id\":\"https:\/\/www.errepiudine.com\/#\/schema\/logo\/image\/\"},\"sameAs\":[\"https:\/\/www.facebook.com\/errepiudine\/\"]}]}<\/script>\n<!-- \/ Yoast SEO plugin. -->","yoast_head_json":{"title":"TRAPER - STREAM FIBER GLASS ROD - Errepi tutto per pesca a mosca","description":"La canne Stream allie tradition et modernit\u00e9. Son blank est fabriqu\u00e9 en fibre de verre S-Glass, utilisant une r\u00e9sine synth\u00e9tique de la plus haute qualit\u00e9.","robots":{"index":"index","follow":"follow","max-snippet":"max-snippet:-1","max-image-preview":"max-image-preview:large","max-video-preview":"max-video-preview:-1"},"canonical":"https:\/\/www.errepiudine.com\/fr\/traper-stream-fiber-glass-rod-4\/","og_locale":"fr_FR","og_type":"article","og_title":"TRAPER - STREAM FIBER GLASS ROD - Errepi tutto per pesca a mosca","og_description":"La canne Stream allie tradition et modernit\u00e9. Son blank est fabriqu\u00e9 en fibre de verre S-Glass, utilisant une r\u00e9sine synth\u00e9tique de la plus haute qualit\u00e9.","og_url":"https:\/\/www.errepiudine.com\/fr\/traper-stream-fiber-glass-rod-4\/","og_site_name":"Errepi Group","article_publisher":"https:\/\/www.facebook.com\/errepiudine\/","article_modified_time":"2025-06-25T12:36:09+00:00","og_image":[{"width":700,"height":800,"url":"https:\/\/www.errepiudine.com\/wp-content\/uploads\/2024\/05\/CM418.jpg","type":"image\/jpeg"}],"twitter_card":"summary_large_image","twitter_misc":{"Dur\u00e9e de lecture estim\u00e9e":"1 minute"},"schema":{"@context":"https:\/\/schema.org","@graph":[{"@type":"WebPage","@id":"https:\/\/www.errepiudine.com\/fr\/traper-stream-fiber-glass-rod-4\/","url":"https:\/\/www.errepiudine.com\/fr\/traper-stream-fiber-glass-rod-4\/","name":"TRAPER - STREAM FIBER GLASS ROD - Errepi tutto per pesca a mosca","isPartOf":{"@id":"https:\/\/www.errepiudine.com\/#website"},"primaryImageOfPage":{"@id":"https:\/\/www.errepiudine.com\/fr\/traper-stream-fiber-glass-rod-4\/#primaryimage"},"image":{"@id":"https:\/\/www.errepiudine.com\/fr\/traper-stream-fiber-glass-rod-4\/#primaryimage"},"thumbnailUrl":"https:\/\/www.errepiudine.com\/wp-content\/uploads\/2024\/05\/CM418.jpg","datePublished":"2024-05-23T14:05:27+00:00","dateModified":"2025-06-25T12:36:09+00:00","description":"La canne Stream allie tradition et modernit\u00e9. Son blank est fabriqu\u00e9 en fibre de verre S-Glass, utilisant une r\u00e9sine synth\u00e9tique de la plus haute qualit\u00e9.","breadcrumb":{"@id":"https:\/\/www.errepiudine.com\/fr\/traper-stream-fiber-glass-rod-4\/#breadcrumb"},"inLanguage":"fr-FR","potentialAction":[{"@type":"ReadAction","target":["https:\/\/www.errepiudine.com\/fr\/traper-stream-fiber-glass-rod-4\/"]}]},{"@type":"ImageObject","inLanguage":"fr-FR","@id":"https:\/\/www.errepiudine.com\/fr\/traper-stream-fiber-glass-rod-4\/#primaryimage","url":"https:\/\/www.errepiudine.com\/wp-content\/uploads\/2024\/05\/CM418.jpg","contentUrl":"https:\/\/www.errepiudine.com\/wp-content\/uploads\/2024\/05\/CM418.jpg","width":700,"height":800,"caption":"CM418"},{"@type":"BreadcrumbList","@id":"https:\/\/www.errepiudine.com\/fr\/traper-stream-fiber-glass-rod-4\/#breadcrumb","itemListElement":[{"@type":"ListItem","position":1,"name":"Home","item":"https:\/\/www.errepiudine.com\/fr\/"},{"@type":"ListItem","position":2,"name":"Boutique","item":"https:\/\/www.errepiudine.com\/fr\/boutique\/"},{"@type":"ListItem","position":3,"name":"TRAPER &#8211; STREAM FIBER GLASS ROD"}]},{"@type":"WebSite","@id":"https:\/\/www.errepiudine.com\/#website","url":"https:\/\/www.errepiudine.com\/","name":"Errepi Group","description":"","publisher":{"@id":"https:\/\/www.errepiudine.com\/#organization"},"potentialAction":[{"@type":"SearchAction","target":{"@type":"EntryPoint","urlTemplate":"https:\/\/www.errepiudine.com\/?s={search_term_string}"},"query-input":{"@type":"PropertyValueSpecification","valueRequired":true,"valueName":"search_term_string"}}],"inLanguage":"fr-FR"},{"@type":"Organization","@id":"https:\/\/www.errepiudine.com\/#organization","name":"Errepi Group","url":"https:\/\/www.errepiudine.com\/","logo":{"@type":"ImageObject","inLanguage":"fr-FR","@id":"https:\/\/www.errepiudine.com\/#\/schema\/logo\/image\/","url":"https:\/\/www.errepiudine.com\/wp-content\/uploads\/2025\/07\/Logo-errepi-email.png","contentUrl":"https:\/\/www.errepiudine.com\/wp-content\/uploads\/2025\/07\/Logo-errepi-email.png","width":216,"height":60,"caption":"Errepi Group"},"image":{"@id":"https:\/\/www.errepiudine.com\/#\/schema\/logo\/image\/"},"sameAs":["https:\/\/www.facebook.com\/errepiudine\/"]}]}},"_links":{"self":[{"href":"https:\/\/www.errepiudine.com\/fr\/wp-json\/wp\/v2\/product\/64343","targetHints":{"allow":["GET"]}}],"collection":[{"href":"https:\/\/www.errepiudine.com\/fr\/wp-json\/wp\/v2\/product"}],"about":[{"href":"https:\/\/www.errepiudine.com\/fr\/wp-json\/wp\/v2\/types\/product"}],"wp:featuredmedia":[{"embeddable":true,"href":"https:\/\/www.errepiudine.com\/fr\/wp-json\/wp\/v2\/media\/152443"}],"wp:attachment":[{"href":"https:\/\/www.errepiudine.com\/fr\/wp-json\/wp\/v2\/media?parent=64343"}],"wp:term":[{"taxonomy":"product_brand","embeddable":true,"href":"https:\/\/www.errepiudine.com\/fr\/wp-json\/wp\/v2\/product_brand?post=64343"},{"taxonomy":"product_cat","embeddable":true,"href":"https:\/\/www.errepiudine.com\/fr\/wp-json\/wp\/v2\/product_cat?post=64343"},{"taxonomy":"product_tag","embeddable":true,"href":"https:\/\/www.errepiudine.com\/fr\/wp-json\/wp\/v2\/product_tag?post=64343"}],"curies":[{"name":"wp","href":"https:\/\/api.w.org\/{rel}","templated":true}]}}