{"id":58705,"date":"2024-05-23T15:54:37","date_gmt":"2024-05-23T13:54:37","guid":{"rendered":"https:\/\/www.errepiudine.com\/?post_type=product&#038;p=58705"},"modified":"2025-06-11T11:24:05","modified_gmt":"2025-06-11T09:24:05","slug":"tiemco-ceramic-bobbin-evo-heavy-duty-bent-4","status":"publish","type":"product","link":"https:\/\/www.errepiudine.com\/fr\/tiemco-ceramic-bobbin-evo-heavy-duty-bent-4\/","title":{"rendered":"TIEMCO &#8211; CERAMIC BOBBIN EVO HEAVY DUTY BENT"},"content":{"rendered":"<p>Mise \u00e0 jour des premi\u00e8res et meilleures bobines en c\u00e9ramique du march\u00e9<br \/>\nL&#8217;utilisation la plus simple et la plus facile du march\u00e9<\/p>\n<p>Apr\u00e8s des d\u00e9cennies de production de bobines en c\u00e9ramique de premier ordre, Tiemco a am\u00e9lior\u00e9 sa conception et ses mat\u00e9riaux pour en faire une bobine encore plus performante. L&#8217;EVO est dot\u00e9e de bras plus rigides et de moyeux am\u00e9lior\u00e9s qui r\u00e9duisent l&#8217;inertie au d\u00e9marrage et am\u00e9liorent la fluidit\u00e9 de la rotation. Ces nouvelles caract\u00e9ristiques, associ\u00e9es aux tubes en c\u00e9ramique de la plus haute qualit\u00e9 du march\u00e9, r\u00e9duisent la casse du fil et offrent une utilisation la plus simple et la plus facile du march\u00e9.<\/p>\n<p>Fabriqu\u00e9 au Japon<\/p>\n","protected":false},"excerpt":{"rendered":"<p>Mise \u00e0 jour des premi\u00e8res et meilleures bobines en c\u00e9ramique du march\u00e9 L&#8217;utilisation la plus simple et la plus facile<\/p>\n","protected":false},"featured_media":58706,"template":"","meta":[],"product_brand":[3430],"product_cat":[3648,3864],"product_tag":[],"class_list":{"0":"post-58705","1":"product","2":"type-product","3":"status-publish","4":"has-post-thumbnail","6":"product_brand-tiemco","7":"product_cat-construction","8":"product_cat-outils","9":"pa_marca-tiemco-fr","11":"first","12":"instock","13":"taxable","14":"shipping-taxable","15":"purchasable","16":"product-type-simple"},"yoast_head":"<!-- This site is optimized with the Yoast SEO plugin v27.1.1 - https:\/\/yoast.com\/product\/yoast-seo-wordpress\/ -->\n<title>TIEMCO - CERAMIC BOBBIN EVO HEAVY DUTY BENT - Errepi tutto per pesca a mosca<\/title>\n<meta name=\"description\" content=\"Mise \u00e0 jour des premi\u00e8res et meilleures bobines en c\u00e9ramique du march\u00e9 L&#039;utilisation la plus simple et la plus facile du march\u00e9 Apr\u00e8s des d\u00e9cennies de\" \/>\n<meta name=\"robots\" content=\"index, follow, max-snippet:-1, max-image-preview:large, max-video-preview:-1\" \/>\n<link rel=\"canonical\" href=\"https:\/\/www.errepiudine.com\/tiemco-ceramic-bobbin-evo-heavy-duty-bent\/\" \/>\n<meta property=\"og:locale\" content=\"fr_FR\" \/>\n<meta property=\"og:type\" content=\"article\" \/>\n<meta property=\"og:title\" content=\"TIEMCO - CERAMIC BOBBIN EVO HEAVY DUTY BENT - Errepi tutto per pesca a mosca\" \/>\n<meta property=\"og:description\" content=\"Mise \u00e0 jour des premi\u00e8res et meilleures bobines en c\u00e9ramique du march\u00e9 L&#039;utilisation la plus simple et la plus facile du march\u00e9 Apr\u00e8s des d\u00e9cennies de\" \/>\n<meta property=\"og:url\" content=\"https:\/\/www.errepiudine.com\/tiemco-ceramic-bobbin-evo-heavy-duty-bent\/\" \/>\n<meta property=\"og:site_name\" content=\"Errepi Group\" \/>\n<meta property=\"article:publisher\" content=\"https:\/\/www.facebook.com\/errepiudine\/\" \/>\n<meta property=\"article:modified_time\" content=\"2025-06-11T09:24:05+00:00\" \/>\n<meta property=\"og:image\" content=\"https:\/\/www.errepiudine.com\/wp-content\/uploads\/2022\/07\/products-4549769167815-3.jpg\" \/>\n\t<meta property=\"og:image:width\" content=\"1080\" \/>\n\t<meta property=\"og:image:height\" content=\"1080\" \/>\n\t<meta property=\"og:image:type\" content=\"image\/jpeg\" \/>\n<meta name=\"twitter:card\" content=\"summary_large_image\" \/>\n<meta name=\"twitter:label1\" content=\"Dur\u00e9e de lecture estim\u00e9e\" \/>\n\t<meta name=\"twitter:data1\" content=\"1 minute\" \/>\n<script type=\"application\/ld+json\" class=\"yoast-schema-graph\">{\"@context\":\"https:\/\/schema.org\",\"@graph\":[{\"@type\":\"WebPage\",\"@id\":\"https:\/\/www.errepiudine.com\/tiemco-ceramic-bobbin-evo-heavy-duty-bent\/\",\"url\":\"https:\/\/www.errepiudine.com\/tiemco-ceramic-bobbin-evo-heavy-duty-bent\/\",\"name\":\"TIEMCO - CERAMIC BOBBIN EVO HEAVY DUTY BENT - Errepi tutto per pesca a mosca\",\"isPartOf\":{\"@id\":\"https:\/\/www.errepiudine.com\/#website\"},\"primaryImageOfPage\":{\"@id\":\"https:\/\/www.errepiudine.com\/tiemco-ceramic-bobbin-evo-heavy-duty-bent\/#primaryimage\"},\"image\":{\"@id\":\"https:\/\/www.errepiudine.com\/tiemco-ceramic-bobbin-evo-heavy-duty-bent\/#primaryimage\"},\"thumbnailUrl\":\"https:\/\/www.errepiudine.com\/wp-content\/uploads\/2022\/07\/products-4549769167815-3.jpg\",\"datePublished\":\"2024-05-23T13:54:37+00:00\",\"dateModified\":\"2025-06-11T09:24:05+00:00\",\"description\":\"Mise \u00e0 jour des premi\u00e8res et meilleures bobines en c\u00e9ramique du march\u00e9 L'utilisation la plus simple et la plus facile du march\u00e9 Apr\u00e8s des d\u00e9cennies de\",\"breadcrumb\":{\"@id\":\"https:\/\/www.errepiudine.com\/tiemco-ceramic-bobbin-evo-heavy-duty-bent\/#breadcrumb\"},\"inLanguage\":\"fr-FR\",\"potentialAction\":[{\"@type\":\"ReadAction\",\"target\":[\"https:\/\/www.errepiudine.com\/tiemco-ceramic-bobbin-evo-heavy-duty-bent\/\"]}]},{\"@type\":\"ImageObject\",\"inLanguage\":\"fr-FR\",\"@id\":\"https:\/\/www.errepiudine.com\/tiemco-ceramic-bobbin-evo-heavy-duty-bent\/#primaryimage\",\"url\":\"https:\/\/www.errepiudine.com\/wp-content\/uploads\/2022\/07\/products-4549769167815-3.jpg\",\"contentUrl\":\"https:\/\/www.errepiudine.com\/wp-content\/uploads\/2022\/07\/products-4549769167815-3.jpg\",\"width\":1080,\"height\":1080},{\"@type\":\"BreadcrumbList\",\"@id\":\"https:\/\/www.errepiudine.com\/tiemco-ceramic-bobbin-evo-heavy-duty-bent\/#breadcrumb\",\"itemListElement\":[{\"@type\":\"ListItem\",\"position\":1,\"name\":\"Home\",\"item\":\"https:\/\/www.errepiudine.com\/fr\/\"},{\"@type\":\"ListItem\",\"position\":2,\"name\":\"Boutique\",\"item\":\"https:\/\/www.errepiudine.com\/fr\/boutique\/\"},{\"@type\":\"ListItem\",\"position\":3,\"name\":\"TIEMCO &#8211; CERAMIC BOBBIN EVO HEAVY DUTY BENT\"}]},{\"@type\":\"WebSite\",\"@id\":\"https:\/\/www.errepiudine.com\/#website\",\"url\":\"https:\/\/www.errepiudine.com\/\",\"name\":\"Errepi Group\",\"description\":\"\",\"publisher\":{\"@id\":\"https:\/\/www.errepiudine.com\/#organization\"},\"potentialAction\":[{\"@type\":\"SearchAction\",\"target\":{\"@type\":\"EntryPoint\",\"urlTemplate\":\"https:\/\/www.errepiudine.com\/?s={search_term_string}\"},\"query-input\":{\"@type\":\"PropertyValueSpecification\",\"valueRequired\":true,\"valueName\":\"search_term_string\"}}],\"inLanguage\":\"fr-FR\"},{\"@type\":\"Organization\",\"@id\":\"https:\/\/www.errepiudine.com\/#organization\",\"name\":\"Errepi Group\",\"url\":\"https:\/\/www.errepiudine.com\/\",\"logo\":{\"@type\":\"ImageObject\",\"inLanguage\":\"fr-FR\",\"@id\":\"https:\/\/www.errepiudine.com\/#\/schema\/logo\/image\/\",\"url\":\"https:\/\/www.errepiudine.com\/wp-content\/uploads\/2025\/07\/Logo-errepi-email.png\",\"contentUrl\":\"https:\/\/www.errepiudine.com\/wp-content\/uploads\/2025\/07\/Logo-errepi-email.png\",\"width\":216,\"height\":60,\"caption\":\"Errepi Group\"},\"image\":{\"@id\":\"https:\/\/www.errepiudine.com\/#\/schema\/logo\/image\/\"},\"sameAs\":[\"https:\/\/www.facebook.com\/errepiudine\/\"]}]}<\/script>\n<!-- \/ Yoast SEO plugin. -->","yoast_head_json":{"title":"TIEMCO - CERAMIC BOBBIN EVO HEAVY DUTY BENT - Errepi tutto per pesca a mosca","description":"Mise \u00e0 jour des premi\u00e8res et meilleures bobines en c\u00e9ramique du march\u00e9 L'utilisation la plus simple et la plus facile du march\u00e9 Apr\u00e8s des d\u00e9cennies de","robots":{"index":"index","follow":"follow","max-snippet":"max-snippet:-1","max-image-preview":"max-image-preview:large","max-video-preview":"max-video-preview:-1"},"canonical":"https:\/\/www.errepiudine.com\/tiemco-ceramic-bobbin-evo-heavy-duty-bent\/","og_locale":"fr_FR","og_type":"article","og_title":"TIEMCO - CERAMIC BOBBIN EVO HEAVY DUTY BENT - Errepi tutto per pesca a mosca","og_description":"Mise \u00e0 jour des premi\u00e8res et meilleures bobines en c\u00e9ramique du march\u00e9 L'utilisation la plus simple et la plus facile du march\u00e9 Apr\u00e8s des d\u00e9cennies de","og_url":"https:\/\/www.errepiudine.com\/tiemco-ceramic-bobbin-evo-heavy-duty-bent\/","og_site_name":"Errepi Group","article_publisher":"https:\/\/www.facebook.com\/errepiudine\/","article_modified_time":"2025-06-11T09:24:05+00:00","og_image":[{"width":1080,"height":1080,"url":"https:\/\/www.errepiudine.com\/wp-content\/uploads\/2022\/07\/products-4549769167815-3.jpg","type":"image\/jpeg"}],"twitter_card":"summary_large_image","twitter_misc":{"Dur\u00e9e de lecture estim\u00e9e":"1 minute"},"schema":{"@context":"https:\/\/schema.org","@graph":[{"@type":"WebPage","@id":"https:\/\/www.errepiudine.com\/tiemco-ceramic-bobbin-evo-heavy-duty-bent\/","url":"https:\/\/www.errepiudine.com\/tiemco-ceramic-bobbin-evo-heavy-duty-bent\/","name":"TIEMCO - CERAMIC BOBBIN EVO HEAVY DUTY BENT - Errepi tutto per pesca a mosca","isPartOf":{"@id":"https:\/\/www.errepiudine.com\/#website"},"primaryImageOfPage":{"@id":"https:\/\/www.errepiudine.com\/tiemco-ceramic-bobbin-evo-heavy-duty-bent\/#primaryimage"},"image":{"@id":"https:\/\/www.errepiudine.com\/tiemco-ceramic-bobbin-evo-heavy-duty-bent\/#primaryimage"},"thumbnailUrl":"https:\/\/www.errepiudine.com\/wp-content\/uploads\/2022\/07\/products-4549769167815-3.jpg","datePublished":"2024-05-23T13:54:37+00:00","dateModified":"2025-06-11T09:24:05+00:00","description":"Mise \u00e0 jour des premi\u00e8res et meilleures bobines en c\u00e9ramique du march\u00e9 L'utilisation la plus simple et la plus facile du march\u00e9 Apr\u00e8s des d\u00e9cennies de","breadcrumb":{"@id":"https:\/\/www.errepiudine.com\/tiemco-ceramic-bobbin-evo-heavy-duty-bent\/#breadcrumb"},"inLanguage":"fr-FR","potentialAction":[{"@type":"ReadAction","target":["https:\/\/www.errepiudine.com\/tiemco-ceramic-bobbin-evo-heavy-duty-bent\/"]}]},{"@type":"ImageObject","inLanguage":"fr-FR","@id":"https:\/\/www.errepiudine.com\/tiemco-ceramic-bobbin-evo-heavy-duty-bent\/#primaryimage","url":"https:\/\/www.errepiudine.com\/wp-content\/uploads\/2022\/07\/products-4549769167815-3.jpg","contentUrl":"https:\/\/www.errepiudine.com\/wp-content\/uploads\/2022\/07\/products-4549769167815-3.jpg","width":1080,"height":1080},{"@type":"BreadcrumbList","@id":"https:\/\/www.errepiudine.com\/tiemco-ceramic-bobbin-evo-heavy-duty-bent\/#breadcrumb","itemListElement":[{"@type":"ListItem","position":1,"name":"Home","item":"https:\/\/www.errepiudine.com\/fr\/"},{"@type":"ListItem","position":2,"name":"Boutique","item":"https:\/\/www.errepiudine.com\/fr\/boutique\/"},{"@type":"ListItem","position":3,"name":"TIEMCO &#8211; CERAMIC BOBBIN EVO HEAVY DUTY BENT"}]},{"@type":"WebSite","@id":"https:\/\/www.errepiudine.com\/#website","url":"https:\/\/www.errepiudine.com\/","name":"Errepi Group","description":"","publisher":{"@id":"https:\/\/www.errepiudine.com\/#organization"},"potentialAction":[{"@type":"SearchAction","target":{"@type":"EntryPoint","urlTemplate":"https:\/\/www.errepiudine.com\/?s={search_term_string}"},"query-input":{"@type":"PropertyValueSpecification","valueRequired":true,"valueName":"search_term_string"}}],"inLanguage":"fr-FR"},{"@type":"Organization","@id":"https:\/\/www.errepiudine.com\/#organization","name":"Errepi Group","url":"https:\/\/www.errepiudine.com\/","logo":{"@type":"ImageObject","inLanguage":"fr-FR","@id":"https:\/\/www.errepiudine.com\/#\/schema\/logo\/image\/","url":"https:\/\/www.errepiudine.com\/wp-content\/uploads\/2025\/07\/Logo-errepi-email.png","contentUrl":"https:\/\/www.errepiudine.com\/wp-content\/uploads\/2025\/07\/Logo-errepi-email.png","width":216,"height":60,"caption":"Errepi Group"},"image":{"@id":"https:\/\/www.errepiudine.com\/#\/schema\/logo\/image\/"},"sameAs":["https:\/\/www.facebook.com\/errepiudine\/"]}]}},"_links":{"self":[{"href":"https:\/\/www.errepiudine.com\/fr\/wp-json\/wp\/v2\/product\/58705","targetHints":{"allow":["GET"]}}],"collection":[{"href":"https:\/\/www.errepiudine.com\/fr\/wp-json\/wp\/v2\/product"}],"about":[{"href":"https:\/\/www.errepiudine.com\/fr\/wp-json\/wp\/v2\/types\/product"}],"wp:featuredmedia":[{"embeddable":true,"href":"https:\/\/www.errepiudine.com\/fr\/wp-json\/wp\/v2\/media\/58706"}],"wp:attachment":[{"href":"https:\/\/www.errepiudine.com\/fr\/wp-json\/wp\/v2\/media?parent=58705"}],"wp:term":[{"taxonomy":"product_brand","embeddable":true,"href":"https:\/\/www.errepiudine.com\/fr\/wp-json\/wp\/v2\/product_brand?post=58705"},{"taxonomy":"product_cat","embeddable":true,"href":"https:\/\/www.errepiudine.com\/fr\/wp-json\/wp\/v2\/product_cat?post=58705"},{"taxonomy":"product_tag","embeddable":true,"href":"https:\/\/www.errepiudine.com\/fr\/wp-json\/wp\/v2\/product_tag?post=58705"}],"curies":[{"name":"wp","href":"https:\/\/api.w.org\/{rel}","templated":true}]}}