{"id":58429,"date":"2024-05-23T15:54:21","date_gmt":"2024-05-23T13:54:21","guid":{"rendered":"https:\/\/www.errepiudine.com\/?post_type=product&#038;p=58429"},"modified":"2025-06-11T14:44:58","modified_gmt":"2025-06-11T12:44:58","slug":"tiemco-dubbing-needle-4","status":"publish","type":"product","link":"https:\/\/www.errepiudine.com\/fr\/tiemco-dubbing-needle-4\/","title":{"rendered":"TIEMCO &#8211; DUBBING NEEDLE"},"content":{"rendered":"<p>Aiguille \u00e0 colle pour t\u00eate Tiemco, tr\u00e8s polyvalente pour le montage de mouches.<\/p>\n<p>Cette aiguille est id\u00e9ale pour appliquer la bonne quantit\u00e9 de colle (par exemple, de la colle pour t\u00eate) \u00e0 l&#8217;extr\u00e9mit\u00e9 de la mouche. Elle permet \u00e9galement de d\u00e9m\u00ealer et de mieux r\u00e9partir le dubbing sur la mouche.<\/p>\n","protected":false},"excerpt":{"rendered":"<div id=\"pTextBox\" style=\"margin-bottom: 20px;color: #444000;font-family: 'Hiragino Kaku Gothic Pro', '\u30d2\u30e9\u30ae\u30ce\u89d2\u30b4 Pro W3', \u30e1\u30a4\u30ea\u30aa, Meiryo, '\uff2d\uff33 \uff30\u30b4\u30b7\u30c3\u30af', 'MS PGothic', sans-serif;font-size: medium\">\n<p>TMC DUBBING NEEDLE comes in handy in various tying occasions. The tip of the needle is slightly bent and that allows the tool to apply just right amount of head cement to the fly. Its bent needle also makes it easy to tease out dubbing. The end works as a half hitcher.<\/p>\n<div><\/div>\n<p>&nbsp;<\/p>\n<\/div>\n","protected":false},"featured_media":58430,"template":"","meta":[],"product_brand":[3430],"product_cat":[3648,3864],"product_tag":[],"class_list":{"0":"post-58429","1":"product","2":"type-product","3":"status-publish","4":"has-post-thumbnail","6":"product_brand-tiemco","7":"product_cat-construction","8":"product_cat-outils","9":"pa_marca-tiemco-fr","11":"first","12":"instock","13":"taxable","14":"shipping-taxable","15":"purchasable","16":"product-type-simple"},"yoast_head":"<!-- This site is optimized with the Yoast SEO plugin v27.1.1 - https:\/\/yoast.com\/product\/yoast-seo-wordpress\/ -->\n<title>TIEMCO - DUBBING NEEDLE - Errepi tutto per pesca a mosca<\/title>\n<meta name=\"description\" content=\"TMC DUBBING NEEDLE comes in handy in various tying occasions. The tip of the needle is slightly bent and that allows the tool to apply just right amount of head cement to the fly. Its bent needle also makes it easy to tease out dubbing. The end works as a half hitcher.  &nbsp;\" \/>\n<meta name=\"robots\" content=\"index, follow, max-snippet:-1, max-image-preview:large, max-video-preview:-1\" \/>\n<link rel=\"canonical\" href=\"https:\/\/www.errepiudine.com\/tiemco-dubbing-needle\/\" \/>\n<meta property=\"og:locale\" content=\"fr_FR\" \/>\n<meta property=\"og:type\" content=\"article\" \/>\n<meta property=\"og:title\" content=\"TIEMCO - DUBBING NEEDLE - Errepi tutto per pesca a mosca\" \/>\n<meta property=\"og:description\" content=\"TMC DUBBING NEEDLE comes in handy in various tying occasions. The tip of the needle is slightly bent and that allows the tool to apply just right amount of head cement to the fly. Its bent needle also makes it easy to tease out dubbing. The end works as a half hitcher.  &nbsp;\" \/>\n<meta property=\"og:url\" content=\"https:\/\/www.errepiudine.com\/tiemco-dubbing-needle\/\" \/>\n<meta property=\"og:site_name\" content=\"Errepi Group\" \/>\n<meta property=\"article:publisher\" content=\"https:\/\/www.facebook.com\/errepiudine\/\" \/>\n<meta property=\"article:modified_time\" content=\"2025-06-11T12:44:58+00:00\" \/>\n<meta property=\"og:image\" content=\"https:\/\/www.errepiudine.com\/wp-content\/uploads\/2021\/04\/products-tiemco-tmc-spillo-head-cement-needle-3.jpg\" \/>\n\t<meta property=\"og:image:width\" content=\"768\" \/>\n\t<meta property=\"og:image:height\" content=\"768\" \/>\n\t<meta property=\"og:image:type\" content=\"image\/jpeg\" \/>\n<meta name=\"twitter:card\" content=\"summary_large_image\" \/>\n<script type=\"application\/ld+json\" class=\"yoast-schema-graph\">{\"@context\":\"https:\/\/schema.org\",\"@graph\":[{\"@type\":\"WebPage\",\"@id\":\"https:\/\/www.errepiudine.com\/tiemco-dubbing-needle\/\",\"url\":\"https:\/\/www.errepiudine.com\/tiemco-dubbing-needle\/\",\"name\":\"TIEMCO - DUBBING NEEDLE - Errepi tutto per pesca a mosca\",\"isPartOf\":{\"@id\":\"https:\/\/www.errepiudine.com\/#website\"},\"primaryImageOfPage\":{\"@id\":\"https:\/\/www.errepiudine.com\/tiemco-dubbing-needle\/#primaryimage\"},\"image\":{\"@id\":\"https:\/\/www.errepiudine.com\/tiemco-dubbing-needle\/#primaryimage\"},\"thumbnailUrl\":\"https:\/\/www.errepiudine.com\/wp-content\/uploads\/2021\/04\/products-tiemco-tmc-spillo-head-cement-needle-3.jpg\",\"datePublished\":\"2024-05-23T13:54:21+00:00\",\"dateModified\":\"2025-06-11T12:44:58+00:00\",\"description\":\"TMC DUBBING NEEDLE comes in handy in various tying occasions. The tip of the needle is slightly bent and that allows the tool to apply just right amount of head cement to the fly. Its bent needle also makes it easy to tease out dubbing. The end works as a half hitcher. &nbsp;\",\"breadcrumb\":{\"@id\":\"https:\/\/www.errepiudine.com\/tiemco-dubbing-needle\/#breadcrumb\"},\"inLanguage\":\"fr-FR\",\"potentialAction\":[{\"@type\":\"ReadAction\",\"target\":[\"https:\/\/www.errepiudine.com\/tiemco-dubbing-needle\/\"]}]},{\"@type\":\"ImageObject\",\"inLanguage\":\"fr-FR\",\"@id\":\"https:\/\/www.errepiudine.com\/tiemco-dubbing-needle\/#primaryimage\",\"url\":\"https:\/\/www.errepiudine.com\/wp-content\/uploads\/2021\/04\/products-tiemco-tmc-spillo-head-cement-needle-3.jpg\",\"contentUrl\":\"https:\/\/www.errepiudine.com\/wp-content\/uploads\/2021\/04\/products-tiemco-tmc-spillo-head-cement-needle-3.jpg\",\"width\":768,\"height\":768},{\"@type\":\"BreadcrumbList\",\"@id\":\"https:\/\/www.errepiudine.com\/tiemco-dubbing-needle\/#breadcrumb\",\"itemListElement\":[{\"@type\":\"ListItem\",\"position\":1,\"name\":\"Home\",\"item\":\"https:\/\/www.errepiudine.com\/fr\/\"},{\"@type\":\"ListItem\",\"position\":2,\"name\":\"Boutique\",\"item\":\"https:\/\/www.errepiudine.com\/fr\/boutique\/\"},{\"@type\":\"ListItem\",\"position\":3,\"name\":\"TIEMCO &#8211; DUBBING NEEDLE\"}]},{\"@type\":\"WebSite\",\"@id\":\"https:\/\/www.errepiudine.com\/#website\",\"url\":\"https:\/\/www.errepiudine.com\/\",\"name\":\"Errepi Group\",\"description\":\"\",\"publisher\":{\"@id\":\"https:\/\/www.errepiudine.com\/#organization\"},\"potentialAction\":[{\"@type\":\"SearchAction\",\"target\":{\"@type\":\"EntryPoint\",\"urlTemplate\":\"https:\/\/www.errepiudine.com\/?s={search_term_string}\"},\"query-input\":{\"@type\":\"PropertyValueSpecification\",\"valueRequired\":true,\"valueName\":\"search_term_string\"}}],\"inLanguage\":\"fr-FR\"},{\"@type\":\"Organization\",\"@id\":\"https:\/\/www.errepiudine.com\/#organization\",\"name\":\"Errepi Group\",\"url\":\"https:\/\/www.errepiudine.com\/\",\"logo\":{\"@type\":\"ImageObject\",\"inLanguage\":\"fr-FR\",\"@id\":\"https:\/\/www.errepiudine.com\/#\/schema\/logo\/image\/\",\"url\":\"https:\/\/www.errepiudine.com\/wp-content\/uploads\/2025\/07\/Logo-errepi-email.png\",\"contentUrl\":\"https:\/\/www.errepiudine.com\/wp-content\/uploads\/2025\/07\/Logo-errepi-email.png\",\"width\":216,\"height\":60,\"caption\":\"Errepi Group\"},\"image\":{\"@id\":\"https:\/\/www.errepiudine.com\/#\/schema\/logo\/image\/\"},\"sameAs\":[\"https:\/\/www.facebook.com\/errepiudine\/\"]}]}<\/script>\n<!-- \/ Yoast SEO plugin. -->","yoast_head_json":{"title":"TIEMCO - DUBBING NEEDLE - Errepi tutto per pesca a mosca","description":"TMC DUBBING NEEDLE comes in handy in various tying occasions. The tip of the needle is slightly bent and that allows the tool to apply just right amount of head cement to the fly. Its bent needle also makes it easy to tease out dubbing. The end works as a half hitcher.  &nbsp;","robots":{"index":"index","follow":"follow","max-snippet":"max-snippet:-1","max-image-preview":"max-image-preview:large","max-video-preview":"max-video-preview:-1"},"canonical":"https:\/\/www.errepiudine.com\/tiemco-dubbing-needle\/","og_locale":"fr_FR","og_type":"article","og_title":"TIEMCO - DUBBING NEEDLE - Errepi tutto per pesca a mosca","og_description":"TMC DUBBING NEEDLE comes in handy in various tying occasions. The tip of the needle is slightly bent and that allows the tool to apply just right amount of head cement to the fly. Its bent needle also makes it easy to tease out dubbing. The end works as a half hitcher.  &nbsp;","og_url":"https:\/\/www.errepiudine.com\/tiemco-dubbing-needle\/","og_site_name":"Errepi Group","article_publisher":"https:\/\/www.facebook.com\/errepiudine\/","article_modified_time":"2025-06-11T12:44:58+00:00","og_image":[{"width":768,"height":768,"url":"https:\/\/www.errepiudine.com\/wp-content\/uploads\/2021\/04\/products-tiemco-tmc-spillo-head-cement-needle-3.jpg","type":"image\/jpeg"}],"twitter_card":"summary_large_image","schema":{"@context":"https:\/\/schema.org","@graph":[{"@type":"WebPage","@id":"https:\/\/www.errepiudine.com\/tiemco-dubbing-needle\/","url":"https:\/\/www.errepiudine.com\/tiemco-dubbing-needle\/","name":"TIEMCO - DUBBING NEEDLE - Errepi tutto per pesca a mosca","isPartOf":{"@id":"https:\/\/www.errepiudine.com\/#website"},"primaryImageOfPage":{"@id":"https:\/\/www.errepiudine.com\/tiemco-dubbing-needle\/#primaryimage"},"image":{"@id":"https:\/\/www.errepiudine.com\/tiemco-dubbing-needle\/#primaryimage"},"thumbnailUrl":"https:\/\/www.errepiudine.com\/wp-content\/uploads\/2021\/04\/products-tiemco-tmc-spillo-head-cement-needle-3.jpg","datePublished":"2024-05-23T13:54:21+00:00","dateModified":"2025-06-11T12:44:58+00:00","description":"TMC DUBBING NEEDLE comes in handy in various tying occasions. The tip of the needle is slightly bent and that allows the tool to apply just right amount of head cement to the fly. Its bent needle also makes it easy to tease out dubbing. The end works as a half hitcher. &nbsp;","breadcrumb":{"@id":"https:\/\/www.errepiudine.com\/tiemco-dubbing-needle\/#breadcrumb"},"inLanguage":"fr-FR","potentialAction":[{"@type":"ReadAction","target":["https:\/\/www.errepiudine.com\/tiemco-dubbing-needle\/"]}]},{"@type":"ImageObject","inLanguage":"fr-FR","@id":"https:\/\/www.errepiudine.com\/tiemco-dubbing-needle\/#primaryimage","url":"https:\/\/www.errepiudine.com\/wp-content\/uploads\/2021\/04\/products-tiemco-tmc-spillo-head-cement-needle-3.jpg","contentUrl":"https:\/\/www.errepiudine.com\/wp-content\/uploads\/2021\/04\/products-tiemco-tmc-spillo-head-cement-needle-3.jpg","width":768,"height":768},{"@type":"BreadcrumbList","@id":"https:\/\/www.errepiudine.com\/tiemco-dubbing-needle\/#breadcrumb","itemListElement":[{"@type":"ListItem","position":1,"name":"Home","item":"https:\/\/www.errepiudine.com\/fr\/"},{"@type":"ListItem","position":2,"name":"Boutique","item":"https:\/\/www.errepiudine.com\/fr\/boutique\/"},{"@type":"ListItem","position":3,"name":"TIEMCO &#8211; DUBBING NEEDLE"}]},{"@type":"WebSite","@id":"https:\/\/www.errepiudine.com\/#website","url":"https:\/\/www.errepiudine.com\/","name":"Errepi Group","description":"","publisher":{"@id":"https:\/\/www.errepiudine.com\/#organization"},"potentialAction":[{"@type":"SearchAction","target":{"@type":"EntryPoint","urlTemplate":"https:\/\/www.errepiudine.com\/?s={search_term_string}"},"query-input":{"@type":"PropertyValueSpecification","valueRequired":true,"valueName":"search_term_string"}}],"inLanguage":"fr-FR"},{"@type":"Organization","@id":"https:\/\/www.errepiudine.com\/#organization","name":"Errepi Group","url":"https:\/\/www.errepiudine.com\/","logo":{"@type":"ImageObject","inLanguage":"fr-FR","@id":"https:\/\/www.errepiudine.com\/#\/schema\/logo\/image\/","url":"https:\/\/www.errepiudine.com\/wp-content\/uploads\/2025\/07\/Logo-errepi-email.png","contentUrl":"https:\/\/www.errepiudine.com\/wp-content\/uploads\/2025\/07\/Logo-errepi-email.png","width":216,"height":60,"caption":"Errepi Group"},"image":{"@id":"https:\/\/www.errepiudine.com\/#\/schema\/logo\/image\/"},"sameAs":["https:\/\/www.facebook.com\/errepiudine\/"]}]}},"_links":{"self":[{"href":"https:\/\/www.errepiudine.com\/fr\/wp-json\/wp\/v2\/product\/58429","targetHints":{"allow":["GET"]}}],"collection":[{"href":"https:\/\/www.errepiudine.com\/fr\/wp-json\/wp\/v2\/product"}],"about":[{"href":"https:\/\/www.errepiudine.com\/fr\/wp-json\/wp\/v2\/types\/product"}],"wp:featuredmedia":[{"embeddable":true,"href":"https:\/\/www.errepiudine.com\/fr\/wp-json\/wp\/v2\/media\/58430"}],"wp:attachment":[{"href":"https:\/\/www.errepiudine.com\/fr\/wp-json\/wp\/v2\/media?parent=58429"}],"wp:term":[{"taxonomy":"product_brand","embeddable":true,"href":"https:\/\/www.errepiudine.com\/fr\/wp-json\/wp\/v2\/product_brand?post=58429"},{"taxonomy":"product_cat","embeddable":true,"href":"https:\/\/www.errepiudine.com\/fr\/wp-json\/wp\/v2\/product_cat?post=58429"},{"taxonomy":"product_tag","embeddable":true,"href":"https:\/\/www.errepiudine.com\/fr\/wp-json\/wp\/v2\/product_tag?post=58429"}],"curies":[{"name":"wp","href":"https:\/\/api.w.org\/{rel}","templated":true}]}}