{"id":58421,"date":"2024-05-23T15:54:21","date_gmt":"2024-05-23T13:54:21","guid":{"rendered":"https:\/\/www.errepiudine.com\/?post_type=product&#038;p=58421"},"modified":"2025-06-11T14:51:59","modified_gmt":"2025-06-11T12:51:59","slug":"tiemco-bobbin-threader-4","status":"publish","type":"product","link":"https:\/\/www.errepiudine.com\/fr\/tiemco-bobbin-threader-4\/","title":{"rendered":"TIEMCO &#8211; BOBBIN THREADER"},"content":{"rendered":"<p>L&#8217;enfile-bobine TMC est un enfileur \u00e0 la forme unique. Contrairement aux enfileurs traditionnels, une fois le fil fin pass\u00e9 dans le tube de la canette, il suffit de le faire tourner pour l&#8217;attraper. Tirez ensuite dessus et le fil est tir\u00e9 \u00e0 travers le tube de la canette.<\/p>\n","protected":false},"excerpt":{"rendered":"<p>Infila filo\u00a0Bobbin Threader Tiemco,\u00a0comodo e pratico per\u00a0richiamare il filo da costruzione\u00a0e farlo passare\u00a0agevolmente nel bobinatore. Infine,\u00a0ben fabbricato\u00a0grazie alla elevata qualit\u00e0 Tiemco.<\/p>\n","protected":false},"featured_media":58422,"template":"","meta":[],"product_brand":[3430],"product_cat":[3648,3864],"product_tag":[],"class_list":{"0":"post-58421","1":"product","2":"type-product","3":"status-publish","4":"has-post-thumbnail","6":"product_brand-tiemco","7":"product_cat-construction","8":"product_cat-outils","9":"pa_marca-tiemco-fr","11":"first","12":"instock","13":"taxable","14":"shipping-taxable","15":"purchasable","16":"product-type-simple"},"yoast_head":"<!-- This site is optimized with the Yoast SEO plugin v27.1.1 - https:\/\/yoast.com\/product\/yoast-seo-wordpress\/ -->\n<title>TIEMCO - BOBBIN THREADER - Errepi tutto per pesca a mosca<\/title>\n<meta name=\"description\" content=\"Infila filo\u00a0Bobbin Threader Tiemco,\u00a0comodo e pratico per\u00a0richiamare il filo da costruzione\u00a0e farlo passare\u00a0agevolmente nel bobinatore. Infine,\u00a0ben fabbricato\u00a0grazie alla elevata qualit\u00e0 Tiemco.\" \/>\n<meta name=\"robots\" content=\"index, follow, max-snippet:-1, max-image-preview:large, max-video-preview:-1\" \/>\n<link rel=\"canonical\" href=\"https:\/\/www.errepiudine.com\/tiemco-bobbin-threader\/\" \/>\n<meta property=\"og:locale\" content=\"fr_FR\" \/>\n<meta property=\"og:type\" content=\"article\" \/>\n<meta property=\"og:title\" content=\"TIEMCO - BOBBIN THREADER - Errepi tutto per pesca a mosca\" \/>\n<meta property=\"og:description\" content=\"Infila filo\u00a0Bobbin Threader Tiemco,\u00a0comodo e pratico per\u00a0richiamare il filo da costruzione\u00a0e farlo passare\u00a0agevolmente nel bobinatore. Infine,\u00a0ben fabbricato\u00a0grazie alla elevata qualit\u00e0 Tiemco.\" \/>\n<meta property=\"og:url\" content=\"https:\/\/www.errepiudine.com\/tiemco-bobbin-threader\/\" \/>\n<meta property=\"og:site_name\" content=\"Errepi Group\" \/>\n<meta property=\"article:publisher\" content=\"https:\/\/www.facebook.com\/errepiudine\/\" \/>\n<meta property=\"article:modified_time\" content=\"2025-06-11T12:51:59+00:00\" \/>\n<meta property=\"og:image\" content=\"https:\/\/www.errepiudine.com\/wp-content\/uploads\/2021\/04\/products-tiemco-tmc-bobbin-threader-3.jpg\" \/>\n\t<meta property=\"og:image:width\" content=\"768\" \/>\n\t<meta property=\"og:image:height\" content=\"768\" \/>\n\t<meta property=\"og:image:type\" content=\"image\/jpeg\" \/>\n<meta name=\"twitter:card\" content=\"summary_large_image\" \/>\n<script type=\"application\/ld+json\" class=\"yoast-schema-graph\">{\"@context\":\"https:\/\/schema.org\",\"@graph\":[{\"@type\":\"WebPage\",\"@id\":\"https:\/\/www.errepiudine.com\/tiemco-bobbin-threader\/\",\"url\":\"https:\/\/www.errepiudine.com\/tiemco-bobbin-threader\/\",\"name\":\"TIEMCO - BOBBIN THREADER - Errepi tutto per pesca a mosca\",\"isPartOf\":{\"@id\":\"https:\/\/www.errepiudine.com\/#website\"},\"primaryImageOfPage\":{\"@id\":\"https:\/\/www.errepiudine.com\/tiemco-bobbin-threader\/#primaryimage\"},\"image\":{\"@id\":\"https:\/\/www.errepiudine.com\/tiemco-bobbin-threader\/#primaryimage\"},\"thumbnailUrl\":\"https:\/\/www.errepiudine.com\/wp-content\/uploads\/2021\/04\/products-tiemco-tmc-bobbin-threader-3.jpg\",\"datePublished\":\"2024-05-23T13:54:21+00:00\",\"dateModified\":\"2025-06-11T12:51:59+00:00\",\"description\":\"Infila filo\u00a0Bobbin Threader Tiemco,\u00a0comodo e pratico per\u00a0richiamare il filo da costruzione\u00a0e farlo passare\u00a0agevolmente nel bobinatore. Infine,\u00a0ben fabbricato\u00a0grazie alla elevata qualit\u00e0 Tiemco.\",\"breadcrumb\":{\"@id\":\"https:\/\/www.errepiudine.com\/tiemco-bobbin-threader\/#breadcrumb\"},\"inLanguage\":\"fr-FR\",\"potentialAction\":[{\"@type\":\"ReadAction\",\"target\":[\"https:\/\/www.errepiudine.com\/tiemco-bobbin-threader\/\"]}]},{\"@type\":\"ImageObject\",\"inLanguage\":\"fr-FR\",\"@id\":\"https:\/\/www.errepiudine.com\/tiemco-bobbin-threader\/#primaryimage\",\"url\":\"https:\/\/www.errepiudine.com\/wp-content\/uploads\/2021\/04\/products-tiemco-tmc-bobbin-threader-3.jpg\",\"contentUrl\":\"https:\/\/www.errepiudine.com\/wp-content\/uploads\/2021\/04\/products-tiemco-tmc-bobbin-threader-3.jpg\",\"width\":768,\"height\":768},{\"@type\":\"BreadcrumbList\",\"@id\":\"https:\/\/www.errepiudine.com\/tiemco-bobbin-threader\/#breadcrumb\",\"itemListElement\":[{\"@type\":\"ListItem\",\"position\":1,\"name\":\"Home\",\"item\":\"https:\/\/www.errepiudine.com\/fr\/\"},{\"@type\":\"ListItem\",\"position\":2,\"name\":\"Boutique\",\"item\":\"https:\/\/www.errepiudine.com\/fr\/boutique\/\"},{\"@type\":\"ListItem\",\"position\":3,\"name\":\"TIEMCO &#8211; BOBBIN THREADER\"}]},{\"@type\":\"WebSite\",\"@id\":\"https:\/\/www.errepiudine.com\/#website\",\"url\":\"https:\/\/www.errepiudine.com\/\",\"name\":\"Errepi Group\",\"description\":\"\",\"publisher\":{\"@id\":\"https:\/\/www.errepiudine.com\/#organization\"},\"potentialAction\":[{\"@type\":\"SearchAction\",\"target\":{\"@type\":\"EntryPoint\",\"urlTemplate\":\"https:\/\/www.errepiudine.com\/?s={search_term_string}\"},\"query-input\":{\"@type\":\"PropertyValueSpecification\",\"valueRequired\":true,\"valueName\":\"search_term_string\"}}],\"inLanguage\":\"fr-FR\"},{\"@type\":\"Organization\",\"@id\":\"https:\/\/www.errepiudine.com\/#organization\",\"name\":\"Errepi Group\",\"url\":\"https:\/\/www.errepiudine.com\/\",\"logo\":{\"@type\":\"ImageObject\",\"inLanguage\":\"fr-FR\",\"@id\":\"https:\/\/www.errepiudine.com\/#\/schema\/logo\/image\/\",\"url\":\"https:\/\/www.errepiudine.com\/wp-content\/uploads\/2025\/07\/Logo-errepi-email.png\",\"contentUrl\":\"https:\/\/www.errepiudine.com\/wp-content\/uploads\/2025\/07\/Logo-errepi-email.png\",\"width\":216,\"height\":60,\"caption\":\"Errepi Group\"},\"image\":{\"@id\":\"https:\/\/www.errepiudine.com\/#\/schema\/logo\/image\/\"},\"sameAs\":[\"https:\/\/www.facebook.com\/errepiudine\/\"]}]}<\/script>\n<!-- \/ Yoast SEO plugin. -->","yoast_head_json":{"title":"TIEMCO - BOBBIN THREADER - Errepi tutto per pesca a mosca","description":"Infila filo\u00a0Bobbin Threader Tiemco,\u00a0comodo e pratico per\u00a0richiamare il filo da costruzione\u00a0e farlo passare\u00a0agevolmente nel bobinatore. Infine,\u00a0ben fabbricato\u00a0grazie alla elevata qualit\u00e0 Tiemco.","robots":{"index":"index","follow":"follow","max-snippet":"max-snippet:-1","max-image-preview":"max-image-preview:large","max-video-preview":"max-video-preview:-1"},"canonical":"https:\/\/www.errepiudine.com\/tiemco-bobbin-threader\/","og_locale":"fr_FR","og_type":"article","og_title":"TIEMCO - BOBBIN THREADER - Errepi tutto per pesca a mosca","og_description":"Infila filo\u00a0Bobbin Threader Tiemco,\u00a0comodo e pratico per\u00a0richiamare il filo da costruzione\u00a0e farlo passare\u00a0agevolmente nel bobinatore. Infine,\u00a0ben fabbricato\u00a0grazie alla elevata qualit\u00e0 Tiemco.","og_url":"https:\/\/www.errepiudine.com\/tiemco-bobbin-threader\/","og_site_name":"Errepi Group","article_publisher":"https:\/\/www.facebook.com\/errepiudine\/","article_modified_time":"2025-06-11T12:51:59+00:00","og_image":[{"width":768,"height":768,"url":"https:\/\/www.errepiudine.com\/wp-content\/uploads\/2021\/04\/products-tiemco-tmc-bobbin-threader-3.jpg","type":"image\/jpeg"}],"twitter_card":"summary_large_image","schema":{"@context":"https:\/\/schema.org","@graph":[{"@type":"WebPage","@id":"https:\/\/www.errepiudine.com\/tiemco-bobbin-threader\/","url":"https:\/\/www.errepiudine.com\/tiemco-bobbin-threader\/","name":"TIEMCO - BOBBIN THREADER - Errepi tutto per pesca a mosca","isPartOf":{"@id":"https:\/\/www.errepiudine.com\/#website"},"primaryImageOfPage":{"@id":"https:\/\/www.errepiudine.com\/tiemco-bobbin-threader\/#primaryimage"},"image":{"@id":"https:\/\/www.errepiudine.com\/tiemco-bobbin-threader\/#primaryimage"},"thumbnailUrl":"https:\/\/www.errepiudine.com\/wp-content\/uploads\/2021\/04\/products-tiemco-tmc-bobbin-threader-3.jpg","datePublished":"2024-05-23T13:54:21+00:00","dateModified":"2025-06-11T12:51:59+00:00","description":"Infila filo\u00a0Bobbin Threader Tiemco,\u00a0comodo e pratico per\u00a0richiamare il filo da costruzione\u00a0e farlo passare\u00a0agevolmente nel bobinatore. Infine,\u00a0ben fabbricato\u00a0grazie alla elevata qualit\u00e0 Tiemco.","breadcrumb":{"@id":"https:\/\/www.errepiudine.com\/tiemco-bobbin-threader\/#breadcrumb"},"inLanguage":"fr-FR","potentialAction":[{"@type":"ReadAction","target":["https:\/\/www.errepiudine.com\/tiemco-bobbin-threader\/"]}]},{"@type":"ImageObject","inLanguage":"fr-FR","@id":"https:\/\/www.errepiudine.com\/tiemco-bobbin-threader\/#primaryimage","url":"https:\/\/www.errepiudine.com\/wp-content\/uploads\/2021\/04\/products-tiemco-tmc-bobbin-threader-3.jpg","contentUrl":"https:\/\/www.errepiudine.com\/wp-content\/uploads\/2021\/04\/products-tiemco-tmc-bobbin-threader-3.jpg","width":768,"height":768},{"@type":"BreadcrumbList","@id":"https:\/\/www.errepiudine.com\/tiemco-bobbin-threader\/#breadcrumb","itemListElement":[{"@type":"ListItem","position":1,"name":"Home","item":"https:\/\/www.errepiudine.com\/fr\/"},{"@type":"ListItem","position":2,"name":"Boutique","item":"https:\/\/www.errepiudine.com\/fr\/boutique\/"},{"@type":"ListItem","position":3,"name":"TIEMCO &#8211; BOBBIN THREADER"}]},{"@type":"WebSite","@id":"https:\/\/www.errepiudine.com\/#website","url":"https:\/\/www.errepiudine.com\/","name":"Errepi Group","description":"","publisher":{"@id":"https:\/\/www.errepiudine.com\/#organization"},"potentialAction":[{"@type":"SearchAction","target":{"@type":"EntryPoint","urlTemplate":"https:\/\/www.errepiudine.com\/?s={search_term_string}"},"query-input":{"@type":"PropertyValueSpecification","valueRequired":true,"valueName":"search_term_string"}}],"inLanguage":"fr-FR"},{"@type":"Organization","@id":"https:\/\/www.errepiudine.com\/#organization","name":"Errepi Group","url":"https:\/\/www.errepiudine.com\/","logo":{"@type":"ImageObject","inLanguage":"fr-FR","@id":"https:\/\/www.errepiudine.com\/#\/schema\/logo\/image\/","url":"https:\/\/www.errepiudine.com\/wp-content\/uploads\/2025\/07\/Logo-errepi-email.png","contentUrl":"https:\/\/www.errepiudine.com\/wp-content\/uploads\/2025\/07\/Logo-errepi-email.png","width":216,"height":60,"caption":"Errepi Group"},"image":{"@id":"https:\/\/www.errepiudine.com\/#\/schema\/logo\/image\/"},"sameAs":["https:\/\/www.facebook.com\/errepiudine\/"]}]}},"_links":{"self":[{"href":"https:\/\/www.errepiudine.com\/fr\/wp-json\/wp\/v2\/product\/58421","targetHints":{"allow":["GET"]}}],"collection":[{"href":"https:\/\/www.errepiudine.com\/fr\/wp-json\/wp\/v2\/product"}],"about":[{"href":"https:\/\/www.errepiudine.com\/fr\/wp-json\/wp\/v2\/types\/product"}],"wp:featuredmedia":[{"embeddable":true,"href":"https:\/\/www.errepiudine.com\/fr\/wp-json\/wp\/v2\/media\/58422"}],"wp:attachment":[{"href":"https:\/\/www.errepiudine.com\/fr\/wp-json\/wp\/v2\/media?parent=58421"}],"wp:term":[{"taxonomy":"product_brand","embeddable":true,"href":"https:\/\/www.errepiudine.com\/fr\/wp-json\/wp\/v2\/product_brand?post=58421"},{"taxonomy":"product_cat","embeddable":true,"href":"https:\/\/www.errepiudine.com\/fr\/wp-json\/wp\/v2\/product_cat?post=58421"},{"taxonomy":"product_tag","embeddable":true,"href":"https:\/\/www.errepiudine.com\/fr\/wp-json\/wp\/v2\/product_tag?post=58421"}],"curies":[{"name":"wp","href":"https:\/\/api.w.org\/{rel}","templated":true}]}}