{"id":55921,"date":"2024-05-23T15:39:47","date_gmt":"2024-05-23T13:39:47","guid":{"rendered":"https:\/\/www.errepiudine.com\/?post_type=product&#038;p=55921"},"modified":"2024-07-01T11:49:29","modified_gmt":"2024-07-01T09:49:29","slug":"traper-combo-fly-stream-bag-81271","status":"publish","type":"product","link":"https:\/\/www.errepiudine.com\/fr\/traper-combo-fly-stream-bag-81271\/","title":{"rendered":"TRAPER &#8211; COMBO FLY STREAM BAG &#8211; 81271"},"content":{"rendered":"<p>L&#8217;espace int\u00e9rieur, le nombre et l&#8217;emplacement des poches constituent une solution parfaite pour satisfaire le p\u00eacheur itin\u00e9rant.<br \/>\nLe sac comporte deux compartiments, l&#8217;un sup\u00e9rieur pour les v\u00eatements personnels l\u00e9gers et l&#8217;autre inf\u00e9rieur pour les chaussures, les pantoufles et les pantalons plus lourds. La partie sup\u00e9rieure comprend deux poches plates pour les accessoires pratiques. Les parties lat\u00e9rales ont des poches avec des sacs pour les v\u00eatements usag\u00e9s. Les quatre sangles r\u00e9gl\u00e9es par Velcro pour le transport de deux cannes \u00e0 p\u00eache sont un ajout tr\u00e8s pratique \u00e0 ce sac.<\/p>\n","protected":false},"excerpt":{"rendered":"<p>L&#8217;espace int\u00e9rieur, le nombre et l&#8217;emplacement des poches constituent une solution parfaite pour satisfaire le p\u00eacheur itin\u00e9rant.<\/p>\n","protected":false},"featured_media":149724,"template":"","meta":[],"product_brand":[3429],"product_cat":[3624,3684],"product_tag":[],"class_list":{"0":"post-55921","1":"product","2":"type-product","3":"status-publish","4":"has-post-thumbnail","6":"product_brand-traper","7":"product_cat-vetements-et-wading","8":"product_cat-sacs-et-sacs-a-dos","9":"pa_marca-traper-fr","11":"first","12":"outofstock","13":"taxable","14":"shipping-taxable","15":"purchasable","16":"product-type-simple"},"yoast_head":"<!-- This site is optimized with the Yoast SEO plugin v27.1.1 - https:\/\/yoast.com\/product\/yoast-seo-wordpress\/ -->\n<title>TRAPER - COMBO FLY STREAM BAG - 81271 - Errepi tutto per pesca a mosca<\/title>\n<meta name=\"description\" content=\"L&#039;espace int\u00e9rieur, le nombre et l&#039;emplacement des poches constituent une solution parfaite pour satisfaire le p\u00eacheur itin\u00e9rant.\" \/>\n<meta name=\"robots\" content=\"index, follow, max-snippet:-1, max-image-preview:large, max-video-preview:-1\" \/>\n<link rel=\"canonical\" href=\"https:\/\/www.errepiudine.com\/traper-combo-fly-stream-bag-81271\/\" \/>\n<meta property=\"og:locale\" content=\"fr_FR\" \/>\n<meta property=\"og:type\" content=\"article\" \/>\n<meta property=\"og:title\" content=\"TRAPER - COMBO FLY STREAM BAG - 81271 - Errepi tutto per pesca a mosca\" \/>\n<meta property=\"og:description\" content=\"L&#039;espace int\u00e9rieur, le nombre et l&#039;emplacement des poches constituent une solution parfaite pour satisfaire le p\u00eacheur itin\u00e9rant.\" \/>\n<meta property=\"og:url\" content=\"https:\/\/www.errepiudine.com\/traper-combo-fly-stream-bag-81271\/\" \/>\n<meta property=\"og:site_name\" content=\"Errepi Group\" \/>\n<meta property=\"article:publisher\" content=\"https:\/\/www.facebook.com\/errepiudine\/\" \/>\n<meta property=\"article:modified_time\" content=\"2024-07-01T09:49:29+00:00\" \/>\n<meta property=\"og:image\" content=\"https:\/\/www.errepiudine.com\/wp-content\/uploads\/2024\/05\/AB228.jpg\" \/>\n\t<meta property=\"og:image:width\" content=\"700\" \/>\n\t<meta property=\"og:image:height\" content=\"800\" \/>\n\t<meta property=\"og:image:type\" content=\"image\/jpeg\" \/>\n<meta name=\"twitter:card\" content=\"summary_large_image\" \/>\n<meta name=\"twitter:label1\" content=\"Dur\u00e9e de lecture estim\u00e9e\" \/>\n\t<meta name=\"twitter:data1\" content=\"1 minute\" \/>\n<script type=\"application\/ld+json\" class=\"yoast-schema-graph\">{\"@context\":\"https:\/\/schema.org\",\"@graph\":[{\"@type\":\"WebPage\",\"@id\":\"https:\/\/www.errepiudine.com\/traper-combo-fly-stream-bag-81271\/\",\"url\":\"https:\/\/www.errepiudine.com\/traper-combo-fly-stream-bag-81271\/\",\"name\":\"TRAPER - COMBO FLY STREAM BAG - 81271 - Errepi tutto per pesca a mosca\",\"isPartOf\":{\"@id\":\"https:\/\/www.errepiudine.com\/#website\"},\"primaryImageOfPage\":{\"@id\":\"https:\/\/www.errepiudine.com\/traper-combo-fly-stream-bag-81271\/#primaryimage\"},\"image\":{\"@id\":\"https:\/\/www.errepiudine.com\/traper-combo-fly-stream-bag-81271\/#primaryimage\"},\"thumbnailUrl\":\"https:\/\/www.errepiudine.com\/wp-content\/uploads\/2024\/05\/AB228.jpg\",\"datePublished\":\"2024-05-23T13:39:47+00:00\",\"dateModified\":\"2024-07-01T09:49:29+00:00\",\"description\":\"L'espace int\u00e9rieur, le nombre et l'emplacement des poches constituent une solution parfaite pour satisfaire le p\u00eacheur itin\u00e9rant.\",\"breadcrumb\":{\"@id\":\"https:\/\/www.errepiudine.com\/traper-combo-fly-stream-bag-81271\/#breadcrumb\"},\"inLanguage\":\"fr-FR\",\"potentialAction\":[{\"@type\":\"ReadAction\",\"target\":[\"https:\/\/www.errepiudine.com\/traper-combo-fly-stream-bag-81271\/\"]}]},{\"@type\":\"ImageObject\",\"inLanguage\":\"fr-FR\",\"@id\":\"https:\/\/www.errepiudine.com\/traper-combo-fly-stream-bag-81271\/#primaryimage\",\"url\":\"https:\/\/www.errepiudine.com\/wp-content\/uploads\/2024\/05\/AB228.jpg\",\"contentUrl\":\"https:\/\/www.errepiudine.com\/wp-content\/uploads\/2024\/05\/AB228.jpg\",\"width\":700,\"height\":800,\"caption\":\"AB228\"},{\"@type\":\"BreadcrumbList\",\"@id\":\"https:\/\/www.errepiudine.com\/traper-combo-fly-stream-bag-81271\/#breadcrumb\",\"itemListElement\":[{\"@type\":\"ListItem\",\"position\":1,\"name\":\"Home\",\"item\":\"https:\/\/www.errepiudine.com\/fr\/\"},{\"@type\":\"ListItem\",\"position\":2,\"name\":\"Boutique\",\"item\":\"https:\/\/www.errepiudine.com\/fr\/boutique\/\"},{\"@type\":\"ListItem\",\"position\":3,\"name\":\"TRAPER &#8211; COMBO FLY STREAM BAG &#8211; 81271\"}]},{\"@type\":\"WebSite\",\"@id\":\"https:\/\/www.errepiudine.com\/#website\",\"url\":\"https:\/\/www.errepiudine.com\/\",\"name\":\"Errepi Group\",\"description\":\"\",\"publisher\":{\"@id\":\"https:\/\/www.errepiudine.com\/#organization\"},\"potentialAction\":[{\"@type\":\"SearchAction\",\"target\":{\"@type\":\"EntryPoint\",\"urlTemplate\":\"https:\/\/www.errepiudine.com\/?s={search_term_string}\"},\"query-input\":{\"@type\":\"PropertyValueSpecification\",\"valueRequired\":true,\"valueName\":\"search_term_string\"}}],\"inLanguage\":\"fr-FR\"},{\"@type\":\"Organization\",\"@id\":\"https:\/\/www.errepiudine.com\/#organization\",\"name\":\"Errepi Group\",\"url\":\"https:\/\/www.errepiudine.com\/\",\"logo\":{\"@type\":\"ImageObject\",\"inLanguage\":\"fr-FR\",\"@id\":\"https:\/\/www.errepiudine.com\/#\/schema\/logo\/image\/\",\"url\":\"https:\/\/www.errepiudine.com\/wp-content\/uploads\/2025\/07\/Logo-errepi-email.png\",\"contentUrl\":\"https:\/\/www.errepiudine.com\/wp-content\/uploads\/2025\/07\/Logo-errepi-email.png\",\"width\":216,\"height\":60,\"caption\":\"Errepi Group\"},\"image\":{\"@id\":\"https:\/\/www.errepiudine.com\/#\/schema\/logo\/image\/\"},\"sameAs\":[\"https:\/\/www.facebook.com\/errepiudine\/\"]}]}<\/script>\n<!-- \/ Yoast SEO plugin. -->","yoast_head_json":{"title":"TRAPER - COMBO FLY STREAM BAG - 81271 - Errepi tutto per pesca a mosca","description":"L'espace int\u00e9rieur, le nombre et l'emplacement des poches constituent une solution parfaite pour satisfaire le p\u00eacheur itin\u00e9rant.","robots":{"index":"index","follow":"follow","max-snippet":"max-snippet:-1","max-image-preview":"max-image-preview:large","max-video-preview":"max-video-preview:-1"},"canonical":"https:\/\/www.errepiudine.com\/traper-combo-fly-stream-bag-81271\/","og_locale":"fr_FR","og_type":"article","og_title":"TRAPER - COMBO FLY STREAM BAG - 81271 - Errepi tutto per pesca a mosca","og_description":"L'espace int\u00e9rieur, le nombre et l'emplacement des poches constituent une solution parfaite pour satisfaire le p\u00eacheur itin\u00e9rant.","og_url":"https:\/\/www.errepiudine.com\/traper-combo-fly-stream-bag-81271\/","og_site_name":"Errepi Group","article_publisher":"https:\/\/www.facebook.com\/errepiudine\/","article_modified_time":"2024-07-01T09:49:29+00:00","og_image":[{"width":700,"height":800,"url":"https:\/\/www.errepiudine.com\/wp-content\/uploads\/2024\/05\/AB228.jpg","type":"image\/jpeg"}],"twitter_card":"summary_large_image","twitter_misc":{"Dur\u00e9e de lecture estim\u00e9e":"1 minute"},"schema":{"@context":"https:\/\/schema.org","@graph":[{"@type":"WebPage","@id":"https:\/\/www.errepiudine.com\/traper-combo-fly-stream-bag-81271\/","url":"https:\/\/www.errepiudine.com\/traper-combo-fly-stream-bag-81271\/","name":"TRAPER - COMBO FLY STREAM BAG - 81271 - Errepi tutto per pesca a mosca","isPartOf":{"@id":"https:\/\/www.errepiudine.com\/#website"},"primaryImageOfPage":{"@id":"https:\/\/www.errepiudine.com\/traper-combo-fly-stream-bag-81271\/#primaryimage"},"image":{"@id":"https:\/\/www.errepiudine.com\/traper-combo-fly-stream-bag-81271\/#primaryimage"},"thumbnailUrl":"https:\/\/www.errepiudine.com\/wp-content\/uploads\/2024\/05\/AB228.jpg","datePublished":"2024-05-23T13:39:47+00:00","dateModified":"2024-07-01T09:49:29+00:00","description":"L'espace int\u00e9rieur, le nombre et l'emplacement des poches constituent une solution parfaite pour satisfaire le p\u00eacheur itin\u00e9rant.","breadcrumb":{"@id":"https:\/\/www.errepiudine.com\/traper-combo-fly-stream-bag-81271\/#breadcrumb"},"inLanguage":"fr-FR","potentialAction":[{"@type":"ReadAction","target":["https:\/\/www.errepiudine.com\/traper-combo-fly-stream-bag-81271\/"]}]},{"@type":"ImageObject","inLanguage":"fr-FR","@id":"https:\/\/www.errepiudine.com\/traper-combo-fly-stream-bag-81271\/#primaryimage","url":"https:\/\/www.errepiudine.com\/wp-content\/uploads\/2024\/05\/AB228.jpg","contentUrl":"https:\/\/www.errepiudine.com\/wp-content\/uploads\/2024\/05\/AB228.jpg","width":700,"height":800,"caption":"AB228"},{"@type":"BreadcrumbList","@id":"https:\/\/www.errepiudine.com\/traper-combo-fly-stream-bag-81271\/#breadcrumb","itemListElement":[{"@type":"ListItem","position":1,"name":"Home","item":"https:\/\/www.errepiudine.com\/fr\/"},{"@type":"ListItem","position":2,"name":"Boutique","item":"https:\/\/www.errepiudine.com\/fr\/boutique\/"},{"@type":"ListItem","position":3,"name":"TRAPER &#8211; COMBO FLY STREAM BAG &#8211; 81271"}]},{"@type":"WebSite","@id":"https:\/\/www.errepiudine.com\/#website","url":"https:\/\/www.errepiudine.com\/","name":"Errepi Group","description":"","publisher":{"@id":"https:\/\/www.errepiudine.com\/#organization"},"potentialAction":[{"@type":"SearchAction","target":{"@type":"EntryPoint","urlTemplate":"https:\/\/www.errepiudine.com\/?s={search_term_string}"},"query-input":{"@type":"PropertyValueSpecification","valueRequired":true,"valueName":"search_term_string"}}],"inLanguage":"fr-FR"},{"@type":"Organization","@id":"https:\/\/www.errepiudine.com\/#organization","name":"Errepi Group","url":"https:\/\/www.errepiudine.com\/","logo":{"@type":"ImageObject","inLanguage":"fr-FR","@id":"https:\/\/www.errepiudine.com\/#\/schema\/logo\/image\/","url":"https:\/\/www.errepiudine.com\/wp-content\/uploads\/2025\/07\/Logo-errepi-email.png","contentUrl":"https:\/\/www.errepiudine.com\/wp-content\/uploads\/2025\/07\/Logo-errepi-email.png","width":216,"height":60,"caption":"Errepi Group"},"image":{"@id":"https:\/\/www.errepiudine.com\/#\/schema\/logo\/image\/"},"sameAs":["https:\/\/www.facebook.com\/errepiudine\/"]}]}},"_links":{"self":[{"href":"https:\/\/www.errepiudine.com\/fr\/wp-json\/wp\/v2\/product\/55921","targetHints":{"allow":["GET"]}}],"collection":[{"href":"https:\/\/www.errepiudine.com\/fr\/wp-json\/wp\/v2\/product"}],"about":[{"href":"https:\/\/www.errepiudine.com\/fr\/wp-json\/wp\/v2\/types\/product"}],"wp:featuredmedia":[{"embeddable":true,"href":"https:\/\/www.errepiudine.com\/fr\/wp-json\/wp\/v2\/media\/149724"}],"wp:attachment":[{"href":"https:\/\/www.errepiudine.com\/fr\/wp-json\/wp\/v2\/media?parent=55921"}],"wp:term":[{"taxonomy":"product_brand","embeddable":true,"href":"https:\/\/www.errepiudine.com\/fr\/wp-json\/wp\/v2\/product_brand?post=55921"},{"taxonomy":"product_cat","embeddable":true,"href":"https:\/\/www.errepiudine.com\/fr\/wp-json\/wp\/v2\/product_cat?post=55921"},{"taxonomy":"product_tag","embeddable":true,"href":"https:\/\/www.errepiudine.com\/fr\/wp-json\/wp\/v2\/product_tag?post=55921"}],"curies":[{"name":"wp","href":"https:\/\/api.w.org\/{rel}","templated":true}]}}