{"id":55859,"date":"2024-05-23T15:39:41","date_gmt":"2024-05-23T13:39:41","guid":{"rendered":"https:\/\/www.errepiudine.com\/?post_type=product&#038;p=55859"},"modified":"2024-07-01T11:42:51","modified_gmt":"2024-07-01T09:42:51","slug":"traper-active-bag-for-rods-and-reels-81353","status":"publish","type":"product","link":"https:\/\/www.errepiudine.com\/fr\/traper-active-bag-for-rods-and-reels-81353\/","title":{"rendered":"TRAPER &#8211; ACTIVE BAG FOR RODS AND REELS &#8211; 81353"},"content":{"rendered":"<p>Ce sac professionnel est destin\u00e9 au transport de l&#8217;\u00e9quipement le plus important du p\u00eacheur \u00e0 la mouche.<br \/>\nParfait pour le transport en voiture &#8211; incroyablement stable. Lorsque vous le sortez, vous avez facilement acc\u00e8s \u00e0 tous vos articles. La partie inf\u00e9rieure, divis\u00e9e en compartiments, peut accueillir huit cannes \u00e0 p\u00eache. La partie sup\u00e9rieure est divis\u00e9e en trois parties. Au centre, vous pouvez ranger neuf moulinets et des moulinets de rechange. Deux grands compartiments lat\u00e9raux peuvent accueillir des lignes de rechange, plusieurs bo\u00eetes \u00e0 mouches et d&#8217;autres \u00e9quipements. Sous le couvercle se trouvent trois poches plates pour le monofilament et les petits accessoires.<\/p>\n","protected":false},"excerpt":{"rendered":"<p>Ce sac professionnel est destin\u00e9 au transport de l&#8217;\u00e9quipement le plus important du p\u00eacheur \u00e0 la mouche.<\/p>\n","protected":false},"featured_media":149798,"template":"","meta":[],"product_brand":[3429],"product_cat":[3624,3684],"product_tag":[],"class_list":{"0":"post-55859","1":"product","2":"type-product","3":"status-publish","4":"has-post-thumbnail","6":"product_brand-traper","7":"product_cat-vetements-et-wading","8":"product_cat-sacs-et-sacs-a-dos","9":"pa_marca-traper-fr","11":"first","12":"outofstock","13":"taxable","14":"shipping-taxable","15":"purchasable","16":"product-type-simple"},"yoast_head":"<!-- This site is optimized with the Yoast SEO plugin v27.1.1 - https:\/\/yoast.com\/product\/yoast-seo-wordpress\/ -->\n<title>TRAPER - ACTIVE BAG FOR RODS AND REELS - 81353 - Errepi tutto per pesca a mosca<\/title>\n<meta name=\"description\" content=\"Ce sac professionnel est destin\u00e9 au transport de l&#039;\u00e9quipement le plus important du p\u00eacheur \u00e0 la mouche.\" \/>\n<meta name=\"robots\" content=\"index, follow, max-snippet:-1, max-image-preview:large, max-video-preview:-1\" \/>\n<link rel=\"canonical\" href=\"https:\/\/www.errepiudine.com\/traper-active-bag-for-rods-and-reels-81353\/\" \/>\n<meta property=\"og:locale\" content=\"fr_FR\" \/>\n<meta property=\"og:type\" content=\"article\" \/>\n<meta property=\"og:title\" content=\"TRAPER - ACTIVE BAG FOR RODS AND REELS - 81353 - Errepi tutto per pesca a mosca\" \/>\n<meta property=\"og:description\" content=\"Ce sac professionnel est destin\u00e9 au transport de l&#039;\u00e9quipement le plus important du p\u00eacheur \u00e0 la mouche.\" \/>\n<meta property=\"og:url\" content=\"https:\/\/www.errepiudine.com\/traper-active-bag-for-rods-and-reels-81353\/\" \/>\n<meta property=\"og:site_name\" content=\"Errepi Group\" \/>\n<meta property=\"article:publisher\" content=\"https:\/\/www.facebook.com\/errepiudine\/\" \/>\n<meta property=\"article:modified_time\" content=\"2024-07-01T09:42:51+00:00\" \/>\n<meta property=\"og:image\" content=\"https:\/\/www.errepiudine.com\/wp-content\/uploads\/2024\/05\/AB226.jpg\" \/>\n\t<meta property=\"og:image:width\" content=\"700\" \/>\n\t<meta property=\"og:image:height\" content=\"800\" \/>\n\t<meta property=\"og:image:type\" content=\"image\/jpeg\" \/>\n<meta name=\"twitter:card\" content=\"summary_large_image\" \/>\n<meta name=\"twitter:label1\" content=\"Dur\u00e9e de lecture estim\u00e9e\" \/>\n\t<meta name=\"twitter:data1\" content=\"1 minute\" \/>\n<script type=\"application\/ld+json\" class=\"yoast-schema-graph\">{\"@context\":\"https:\/\/schema.org\",\"@graph\":[{\"@type\":\"WebPage\",\"@id\":\"https:\/\/www.errepiudine.com\/traper-active-bag-for-rods-and-reels-81353\/\",\"url\":\"https:\/\/www.errepiudine.com\/traper-active-bag-for-rods-and-reels-81353\/\",\"name\":\"TRAPER - ACTIVE BAG FOR RODS AND REELS - 81353 - Errepi tutto per pesca a mosca\",\"isPartOf\":{\"@id\":\"https:\/\/www.errepiudine.com\/#website\"},\"primaryImageOfPage\":{\"@id\":\"https:\/\/www.errepiudine.com\/traper-active-bag-for-rods-and-reels-81353\/#primaryimage\"},\"image\":{\"@id\":\"https:\/\/www.errepiudine.com\/traper-active-bag-for-rods-and-reels-81353\/#primaryimage\"},\"thumbnailUrl\":\"https:\/\/www.errepiudine.com\/wp-content\/uploads\/2024\/05\/AB226.jpg\",\"datePublished\":\"2024-05-23T13:39:41+00:00\",\"dateModified\":\"2024-07-01T09:42:51+00:00\",\"description\":\"Ce sac professionnel est destin\u00e9 au transport de l'\u00e9quipement le plus important du p\u00eacheur \u00e0 la mouche.\",\"breadcrumb\":{\"@id\":\"https:\/\/www.errepiudine.com\/traper-active-bag-for-rods-and-reels-81353\/#breadcrumb\"},\"inLanguage\":\"fr-FR\",\"potentialAction\":[{\"@type\":\"ReadAction\",\"target\":[\"https:\/\/www.errepiudine.com\/traper-active-bag-for-rods-and-reels-81353\/\"]}]},{\"@type\":\"ImageObject\",\"inLanguage\":\"fr-FR\",\"@id\":\"https:\/\/www.errepiudine.com\/traper-active-bag-for-rods-and-reels-81353\/#primaryimage\",\"url\":\"https:\/\/www.errepiudine.com\/wp-content\/uploads\/2024\/05\/AB226.jpg\",\"contentUrl\":\"https:\/\/www.errepiudine.com\/wp-content\/uploads\/2024\/05\/AB226.jpg\",\"width\":700,\"height\":800,\"caption\":\"AB226\"},{\"@type\":\"BreadcrumbList\",\"@id\":\"https:\/\/www.errepiudine.com\/traper-active-bag-for-rods-and-reels-81353\/#breadcrumb\",\"itemListElement\":[{\"@type\":\"ListItem\",\"position\":1,\"name\":\"Home\",\"item\":\"https:\/\/www.errepiudine.com\/fr\/\"},{\"@type\":\"ListItem\",\"position\":2,\"name\":\"Boutique\",\"item\":\"https:\/\/www.errepiudine.com\/fr\/boutique\/\"},{\"@type\":\"ListItem\",\"position\":3,\"name\":\"TRAPER &#8211; ACTIVE BAG FOR RODS AND REELS &#8211; 81353\"}]},{\"@type\":\"WebSite\",\"@id\":\"https:\/\/www.errepiudine.com\/#website\",\"url\":\"https:\/\/www.errepiudine.com\/\",\"name\":\"Errepi Group\",\"description\":\"\",\"publisher\":{\"@id\":\"https:\/\/www.errepiudine.com\/#organization\"},\"potentialAction\":[{\"@type\":\"SearchAction\",\"target\":{\"@type\":\"EntryPoint\",\"urlTemplate\":\"https:\/\/www.errepiudine.com\/?s={search_term_string}\"},\"query-input\":{\"@type\":\"PropertyValueSpecification\",\"valueRequired\":true,\"valueName\":\"search_term_string\"}}],\"inLanguage\":\"fr-FR\"},{\"@type\":\"Organization\",\"@id\":\"https:\/\/www.errepiudine.com\/#organization\",\"name\":\"Errepi Group\",\"url\":\"https:\/\/www.errepiudine.com\/\",\"logo\":{\"@type\":\"ImageObject\",\"inLanguage\":\"fr-FR\",\"@id\":\"https:\/\/www.errepiudine.com\/#\/schema\/logo\/image\/\",\"url\":\"https:\/\/www.errepiudine.com\/wp-content\/uploads\/2025\/07\/Logo-errepi-email.png\",\"contentUrl\":\"https:\/\/www.errepiudine.com\/wp-content\/uploads\/2025\/07\/Logo-errepi-email.png\",\"width\":216,\"height\":60,\"caption\":\"Errepi Group\"},\"image\":{\"@id\":\"https:\/\/www.errepiudine.com\/#\/schema\/logo\/image\/\"},\"sameAs\":[\"https:\/\/www.facebook.com\/errepiudine\/\"]}]}<\/script>\n<!-- \/ Yoast SEO plugin. -->","yoast_head_json":{"title":"TRAPER - ACTIVE BAG FOR RODS AND REELS - 81353 - Errepi tutto per pesca a mosca","description":"Ce sac professionnel est destin\u00e9 au transport de l'\u00e9quipement le plus important du p\u00eacheur \u00e0 la mouche.","robots":{"index":"index","follow":"follow","max-snippet":"max-snippet:-1","max-image-preview":"max-image-preview:large","max-video-preview":"max-video-preview:-1"},"canonical":"https:\/\/www.errepiudine.com\/traper-active-bag-for-rods-and-reels-81353\/","og_locale":"fr_FR","og_type":"article","og_title":"TRAPER - ACTIVE BAG FOR RODS AND REELS - 81353 - Errepi tutto per pesca a mosca","og_description":"Ce sac professionnel est destin\u00e9 au transport de l'\u00e9quipement le plus important du p\u00eacheur \u00e0 la mouche.","og_url":"https:\/\/www.errepiudine.com\/traper-active-bag-for-rods-and-reels-81353\/","og_site_name":"Errepi Group","article_publisher":"https:\/\/www.facebook.com\/errepiudine\/","article_modified_time":"2024-07-01T09:42:51+00:00","og_image":[{"width":700,"height":800,"url":"https:\/\/www.errepiudine.com\/wp-content\/uploads\/2024\/05\/AB226.jpg","type":"image\/jpeg"}],"twitter_card":"summary_large_image","twitter_misc":{"Dur\u00e9e de lecture estim\u00e9e":"1 minute"},"schema":{"@context":"https:\/\/schema.org","@graph":[{"@type":"WebPage","@id":"https:\/\/www.errepiudine.com\/traper-active-bag-for-rods-and-reels-81353\/","url":"https:\/\/www.errepiudine.com\/traper-active-bag-for-rods-and-reels-81353\/","name":"TRAPER - ACTIVE BAG FOR RODS AND REELS - 81353 - Errepi tutto per pesca a mosca","isPartOf":{"@id":"https:\/\/www.errepiudine.com\/#website"},"primaryImageOfPage":{"@id":"https:\/\/www.errepiudine.com\/traper-active-bag-for-rods-and-reels-81353\/#primaryimage"},"image":{"@id":"https:\/\/www.errepiudine.com\/traper-active-bag-for-rods-and-reels-81353\/#primaryimage"},"thumbnailUrl":"https:\/\/www.errepiudine.com\/wp-content\/uploads\/2024\/05\/AB226.jpg","datePublished":"2024-05-23T13:39:41+00:00","dateModified":"2024-07-01T09:42:51+00:00","description":"Ce sac professionnel est destin\u00e9 au transport de l'\u00e9quipement le plus important du p\u00eacheur \u00e0 la mouche.","breadcrumb":{"@id":"https:\/\/www.errepiudine.com\/traper-active-bag-for-rods-and-reels-81353\/#breadcrumb"},"inLanguage":"fr-FR","potentialAction":[{"@type":"ReadAction","target":["https:\/\/www.errepiudine.com\/traper-active-bag-for-rods-and-reels-81353\/"]}]},{"@type":"ImageObject","inLanguage":"fr-FR","@id":"https:\/\/www.errepiudine.com\/traper-active-bag-for-rods-and-reels-81353\/#primaryimage","url":"https:\/\/www.errepiudine.com\/wp-content\/uploads\/2024\/05\/AB226.jpg","contentUrl":"https:\/\/www.errepiudine.com\/wp-content\/uploads\/2024\/05\/AB226.jpg","width":700,"height":800,"caption":"AB226"},{"@type":"BreadcrumbList","@id":"https:\/\/www.errepiudine.com\/traper-active-bag-for-rods-and-reels-81353\/#breadcrumb","itemListElement":[{"@type":"ListItem","position":1,"name":"Home","item":"https:\/\/www.errepiudine.com\/fr\/"},{"@type":"ListItem","position":2,"name":"Boutique","item":"https:\/\/www.errepiudine.com\/fr\/boutique\/"},{"@type":"ListItem","position":3,"name":"TRAPER &#8211; ACTIVE BAG FOR RODS AND REELS &#8211; 81353"}]},{"@type":"WebSite","@id":"https:\/\/www.errepiudine.com\/#website","url":"https:\/\/www.errepiudine.com\/","name":"Errepi Group","description":"","publisher":{"@id":"https:\/\/www.errepiudine.com\/#organization"},"potentialAction":[{"@type":"SearchAction","target":{"@type":"EntryPoint","urlTemplate":"https:\/\/www.errepiudine.com\/?s={search_term_string}"},"query-input":{"@type":"PropertyValueSpecification","valueRequired":true,"valueName":"search_term_string"}}],"inLanguage":"fr-FR"},{"@type":"Organization","@id":"https:\/\/www.errepiudine.com\/#organization","name":"Errepi Group","url":"https:\/\/www.errepiudine.com\/","logo":{"@type":"ImageObject","inLanguage":"fr-FR","@id":"https:\/\/www.errepiudine.com\/#\/schema\/logo\/image\/","url":"https:\/\/www.errepiudine.com\/wp-content\/uploads\/2025\/07\/Logo-errepi-email.png","contentUrl":"https:\/\/www.errepiudine.com\/wp-content\/uploads\/2025\/07\/Logo-errepi-email.png","width":216,"height":60,"caption":"Errepi Group"},"image":{"@id":"https:\/\/www.errepiudine.com\/#\/schema\/logo\/image\/"},"sameAs":["https:\/\/www.facebook.com\/errepiudine\/"]}]}},"_links":{"self":[{"href":"https:\/\/www.errepiudine.com\/fr\/wp-json\/wp\/v2\/product\/55859","targetHints":{"allow":["GET"]}}],"collection":[{"href":"https:\/\/www.errepiudine.com\/fr\/wp-json\/wp\/v2\/product"}],"about":[{"href":"https:\/\/www.errepiudine.com\/fr\/wp-json\/wp\/v2\/types\/product"}],"wp:featuredmedia":[{"embeddable":true,"href":"https:\/\/www.errepiudine.com\/fr\/wp-json\/wp\/v2\/media\/149798"}],"wp:attachment":[{"href":"https:\/\/www.errepiudine.com\/fr\/wp-json\/wp\/v2\/media?parent=55859"}],"wp:term":[{"taxonomy":"product_brand","embeddable":true,"href":"https:\/\/www.errepiudine.com\/fr\/wp-json\/wp\/v2\/product_brand?post=55859"},{"taxonomy":"product_cat","embeddable":true,"href":"https:\/\/www.errepiudine.com\/fr\/wp-json\/wp\/v2\/product_cat?post=55859"},{"taxonomy":"product_tag","embeddable":true,"href":"https:\/\/www.errepiudine.com\/fr\/wp-json\/wp\/v2\/product_tag?post=55859"}],"curies":[{"name":"wp","href":"https:\/\/api.w.org\/{rel}","templated":true}]}}