{"id":55844,"date":"2024-05-23T15:39:40","date_gmt":"2024-05-23T13:39:40","guid":{"rendered":"https:\/\/www.errepiudine.com\/?post_type=product&#038;p=55844"},"modified":"2024-07-01T11:44:40","modified_gmt":"2024-07-01T09:44:40","slug":"traper-active-light-bag-for-rods-and-reels-81352","status":"publish","type":"product","link":"https:\/\/www.errepiudine.com\/fr\/traper-active-light-bag-for-rods-and-reels-81352\/","title":{"rendered":"TRAPER &#8211; ACTIVE LIGHT BAG FOR RODS AND REELS &#8211; 81352"},"content":{"rendered":"<p>Le sac est destin\u00e9 \u00e0 transporter des cannes \u00e0 p\u00eache, des moulinets et des accessoires.<br \/>\nL&#8217;int\u00e9rieur du couvercle sup\u00e9rieur comporte trois poches pour les accessoires. Le compartiment int\u00e9rieur est divis\u00e9 en compartiments et permet de ranger les cannes \u00e0 p\u00eache. Le second compartiment permet de ranger soigneusement les moulinets, les bobines et autres accessoires de p\u00eache. Les s\u00e9parations sont munies de velcro et peuvent \u00eatre ajust\u00e9es librement. La ceinture de bras et la poign\u00e9e de transport permettent un transport confortable.<\/p>\n","protected":false},"excerpt":{"rendered":"<p>Le sac est destin\u00e9 \u00e0 transporter des cannes \u00e0 p\u00eache, des moulinets et des accessoires.<\/p>\n","protected":false},"featured_media":149811,"template":"","meta":[],"product_brand":[3429],"product_cat":[3624,3684],"product_tag":[],"class_list":{"0":"post-55844","1":"product","2":"type-product","3":"status-publish","4":"has-post-thumbnail","6":"product_brand-traper","7":"product_cat-vetements-et-wading","8":"product_cat-sacs-et-sacs-a-dos","9":"pa_marca-traper-fr","11":"first","12":"instock","13":"taxable","14":"shipping-taxable","15":"purchasable","16":"product-type-simple"},"yoast_head":"<!-- This site is optimized with the Yoast SEO plugin v27.1.1 - https:\/\/yoast.com\/product\/yoast-seo-wordpress\/ -->\n<title>TRAPER - ACTIVE LIGHT BAG FOR RODS AND REELS - 81352 - Errepi tutto per pesca a mosca<\/title>\n<meta name=\"description\" content=\"Le sac est destin\u00e9 \u00e0 transporter des cannes \u00e0 p\u00eache, des moulinets et des accessoires.\" \/>\n<meta name=\"robots\" content=\"index, follow, max-snippet:-1, max-image-preview:large, max-video-preview:-1\" \/>\n<link rel=\"canonical\" href=\"https:\/\/www.errepiudine.com\/traper-active-light-bag-for-rods-and-reels-81352\/\" \/>\n<meta property=\"og:locale\" content=\"fr_FR\" \/>\n<meta property=\"og:type\" content=\"article\" \/>\n<meta property=\"og:title\" content=\"TRAPER - ACTIVE LIGHT BAG FOR RODS AND REELS - 81352 - Errepi tutto per pesca a mosca\" \/>\n<meta property=\"og:description\" content=\"Le sac est destin\u00e9 \u00e0 transporter des cannes \u00e0 p\u00eache, des moulinets et des accessoires.\" \/>\n<meta property=\"og:url\" content=\"https:\/\/www.errepiudine.com\/traper-active-light-bag-for-rods-and-reels-81352\/\" \/>\n<meta property=\"og:site_name\" content=\"Errepi Group\" \/>\n<meta property=\"article:publisher\" content=\"https:\/\/www.facebook.com\/errepiudine\/\" \/>\n<meta property=\"article:modified_time\" content=\"2024-07-01T09:44:40+00:00\" \/>\n<meta property=\"og:image\" content=\"https:\/\/www.errepiudine.com\/wp-content\/uploads\/2024\/05\/AB225.jpg\" \/>\n\t<meta property=\"og:image:width\" content=\"700\" \/>\n\t<meta property=\"og:image:height\" content=\"800\" \/>\n\t<meta property=\"og:image:type\" content=\"image\/jpeg\" \/>\n<meta name=\"twitter:card\" content=\"summary_large_image\" \/>\n<script type=\"application\/ld+json\" class=\"yoast-schema-graph\">{\"@context\":\"https:\/\/schema.org\",\"@graph\":[{\"@type\":\"WebPage\",\"@id\":\"https:\/\/www.errepiudine.com\/traper-active-light-bag-for-rods-and-reels-81352\/\",\"url\":\"https:\/\/www.errepiudine.com\/traper-active-light-bag-for-rods-and-reels-81352\/\",\"name\":\"TRAPER - ACTIVE LIGHT BAG FOR RODS AND REELS - 81352 - Errepi tutto per pesca a mosca\",\"isPartOf\":{\"@id\":\"https:\/\/www.errepiudine.com\/#website\"},\"primaryImageOfPage\":{\"@id\":\"https:\/\/www.errepiudine.com\/traper-active-light-bag-for-rods-and-reels-81352\/#primaryimage\"},\"image\":{\"@id\":\"https:\/\/www.errepiudine.com\/traper-active-light-bag-for-rods-and-reels-81352\/#primaryimage\"},\"thumbnailUrl\":\"https:\/\/www.errepiudine.com\/wp-content\/uploads\/2024\/05\/AB225.jpg\",\"datePublished\":\"2024-05-23T13:39:40+00:00\",\"dateModified\":\"2024-07-01T09:44:40+00:00\",\"description\":\"Le sac est destin\u00e9 \u00e0 transporter des cannes \u00e0 p\u00eache, des moulinets et des accessoires.\",\"breadcrumb\":{\"@id\":\"https:\/\/www.errepiudine.com\/traper-active-light-bag-for-rods-and-reels-81352\/#breadcrumb\"},\"inLanguage\":\"fr-FR\",\"potentialAction\":[{\"@type\":\"ReadAction\",\"target\":[\"https:\/\/www.errepiudine.com\/traper-active-light-bag-for-rods-and-reels-81352\/\"]}]},{\"@type\":\"ImageObject\",\"inLanguage\":\"fr-FR\",\"@id\":\"https:\/\/www.errepiudine.com\/traper-active-light-bag-for-rods-and-reels-81352\/#primaryimage\",\"url\":\"https:\/\/www.errepiudine.com\/wp-content\/uploads\/2024\/05\/AB225.jpg\",\"contentUrl\":\"https:\/\/www.errepiudine.com\/wp-content\/uploads\/2024\/05\/AB225.jpg\",\"width\":700,\"height\":800,\"caption\":\"AB225\"},{\"@type\":\"BreadcrumbList\",\"@id\":\"https:\/\/www.errepiudine.com\/traper-active-light-bag-for-rods-and-reels-81352\/#breadcrumb\",\"itemListElement\":[{\"@type\":\"ListItem\",\"position\":1,\"name\":\"Home\",\"item\":\"https:\/\/www.errepiudine.com\/fr\/\"},{\"@type\":\"ListItem\",\"position\":2,\"name\":\"Boutique\",\"item\":\"https:\/\/www.errepiudine.com\/fr\/boutique\/\"},{\"@type\":\"ListItem\",\"position\":3,\"name\":\"TRAPER &#8211; ACTIVE LIGHT BAG FOR RODS AND REELS &#8211; 81352\"}]},{\"@type\":\"WebSite\",\"@id\":\"https:\/\/www.errepiudine.com\/#website\",\"url\":\"https:\/\/www.errepiudine.com\/\",\"name\":\"Errepi Group\",\"description\":\"\",\"publisher\":{\"@id\":\"https:\/\/www.errepiudine.com\/#organization\"},\"potentialAction\":[{\"@type\":\"SearchAction\",\"target\":{\"@type\":\"EntryPoint\",\"urlTemplate\":\"https:\/\/www.errepiudine.com\/?s={search_term_string}\"},\"query-input\":{\"@type\":\"PropertyValueSpecification\",\"valueRequired\":true,\"valueName\":\"search_term_string\"}}],\"inLanguage\":\"fr-FR\"},{\"@type\":\"Organization\",\"@id\":\"https:\/\/www.errepiudine.com\/#organization\",\"name\":\"Errepi Group\",\"url\":\"https:\/\/www.errepiudine.com\/\",\"logo\":{\"@type\":\"ImageObject\",\"inLanguage\":\"fr-FR\",\"@id\":\"https:\/\/www.errepiudine.com\/#\/schema\/logo\/image\/\",\"url\":\"https:\/\/www.errepiudine.com\/wp-content\/uploads\/2025\/07\/Logo-errepi-email.png\",\"contentUrl\":\"https:\/\/www.errepiudine.com\/wp-content\/uploads\/2025\/07\/Logo-errepi-email.png\",\"width\":216,\"height\":60,\"caption\":\"Errepi Group\"},\"image\":{\"@id\":\"https:\/\/www.errepiudine.com\/#\/schema\/logo\/image\/\"},\"sameAs\":[\"https:\/\/www.facebook.com\/errepiudine\/\"]}]}<\/script>\n<!-- \/ Yoast SEO plugin. -->","yoast_head_json":{"title":"TRAPER - ACTIVE LIGHT BAG FOR RODS AND REELS - 81352 - Errepi tutto per pesca a mosca","description":"Le sac est destin\u00e9 \u00e0 transporter des cannes \u00e0 p\u00eache, des moulinets et des accessoires.","robots":{"index":"index","follow":"follow","max-snippet":"max-snippet:-1","max-image-preview":"max-image-preview:large","max-video-preview":"max-video-preview:-1"},"canonical":"https:\/\/www.errepiudine.com\/traper-active-light-bag-for-rods-and-reels-81352\/","og_locale":"fr_FR","og_type":"article","og_title":"TRAPER - ACTIVE LIGHT BAG FOR RODS AND REELS - 81352 - Errepi tutto per pesca a mosca","og_description":"Le sac est destin\u00e9 \u00e0 transporter des cannes \u00e0 p\u00eache, des moulinets et des accessoires.","og_url":"https:\/\/www.errepiudine.com\/traper-active-light-bag-for-rods-and-reels-81352\/","og_site_name":"Errepi Group","article_publisher":"https:\/\/www.facebook.com\/errepiudine\/","article_modified_time":"2024-07-01T09:44:40+00:00","og_image":[{"width":700,"height":800,"url":"https:\/\/www.errepiudine.com\/wp-content\/uploads\/2024\/05\/AB225.jpg","type":"image\/jpeg"}],"twitter_card":"summary_large_image","schema":{"@context":"https:\/\/schema.org","@graph":[{"@type":"WebPage","@id":"https:\/\/www.errepiudine.com\/traper-active-light-bag-for-rods-and-reels-81352\/","url":"https:\/\/www.errepiudine.com\/traper-active-light-bag-for-rods-and-reels-81352\/","name":"TRAPER - ACTIVE LIGHT BAG FOR RODS AND REELS - 81352 - Errepi tutto per pesca a mosca","isPartOf":{"@id":"https:\/\/www.errepiudine.com\/#website"},"primaryImageOfPage":{"@id":"https:\/\/www.errepiudine.com\/traper-active-light-bag-for-rods-and-reels-81352\/#primaryimage"},"image":{"@id":"https:\/\/www.errepiudine.com\/traper-active-light-bag-for-rods-and-reels-81352\/#primaryimage"},"thumbnailUrl":"https:\/\/www.errepiudine.com\/wp-content\/uploads\/2024\/05\/AB225.jpg","datePublished":"2024-05-23T13:39:40+00:00","dateModified":"2024-07-01T09:44:40+00:00","description":"Le sac est destin\u00e9 \u00e0 transporter des cannes \u00e0 p\u00eache, des moulinets et des accessoires.","breadcrumb":{"@id":"https:\/\/www.errepiudine.com\/traper-active-light-bag-for-rods-and-reels-81352\/#breadcrumb"},"inLanguage":"fr-FR","potentialAction":[{"@type":"ReadAction","target":["https:\/\/www.errepiudine.com\/traper-active-light-bag-for-rods-and-reels-81352\/"]}]},{"@type":"ImageObject","inLanguage":"fr-FR","@id":"https:\/\/www.errepiudine.com\/traper-active-light-bag-for-rods-and-reels-81352\/#primaryimage","url":"https:\/\/www.errepiudine.com\/wp-content\/uploads\/2024\/05\/AB225.jpg","contentUrl":"https:\/\/www.errepiudine.com\/wp-content\/uploads\/2024\/05\/AB225.jpg","width":700,"height":800,"caption":"AB225"},{"@type":"BreadcrumbList","@id":"https:\/\/www.errepiudine.com\/traper-active-light-bag-for-rods-and-reels-81352\/#breadcrumb","itemListElement":[{"@type":"ListItem","position":1,"name":"Home","item":"https:\/\/www.errepiudine.com\/fr\/"},{"@type":"ListItem","position":2,"name":"Boutique","item":"https:\/\/www.errepiudine.com\/fr\/boutique\/"},{"@type":"ListItem","position":3,"name":"TRAPER &#8211; ACTIVE LIGHT BAG FOR RODS AND REELS &#8211; 81352"}]},{"@type":"WebSite","@id":"https:\/\/www.errepiudine.com\/#website","url":"https:\/\/www.errepiudine.com\/","name":"Errepi Group","description":"","publisher":{"@id":"https:\/\/www.errepiudine.com\/#organization"},"potentialAction":[{"@type":"SearchAction","target":{"@type":"EntryPoint","urlTemplate":"https:\/\/www.errepiudine.com\/?s={search_term_string}"},"query-input":{"@type":"PropertyValueSpecification","valueRequired":true,"valueName":"search_term_string"}}],"inLanguage":"fr-FR"},{"@type":"Organization","@id":"https:\/\/www.errepiudine.com\/#organization","name":"Errepi Group","url":"https:\/\/www.errepiudine.com\/","logo":{"@type":"ImageObject","inLanguage":"fr-FR","@id":"https:\/\/www.errepiudine.com\/#\/schema\/logo\/image\/","url":"https:\/\/www.errepiudine.com\/wp-content\/uploads\/2025\/07\/Logo-errepi-email.png","contentUrl":"https:\/\/www.errepiudine.com\/wp-content\/uploads\/2025\/07\/Logo-errepi-email.png","width":216,"height":60,"caption":"Errepi Group"},"image":{"@id":"https:\/\/www.errepiudine.com\/#\/schema\/logo\/image\/"},"sameAs":["https:\/\/www.facebook.com\/errepiudine\/"]}]}},"_links":{"self":[{"href":"https:\/\/www.errepiudine.com\/fr\/wp-json\/wp\/v2\/product\/55844","targetHints":{"allow":["GET"]}}],"collection":[{"href":"https:\/\/www.errepiudine.com\/fr\/wp-json\/wp\/v2\/product"}],"about":[{"href":"https:\/\/www.errepiudine.com\/fr\/wp-json\/wp\/v2\/types\/product"}],"wp:featuredmedia":[{"embeddable":true,"href":"https:\/\/www.errepiudine.com\/fr\/wp-json\/wp\/v2\/media\/149811"}],"wp:attachment":[{"href":"https:\/\/www.errepiudine.com\/fr\/wp-json\/wp\/v2\/media?parent=55844"}],"wp:term":[{"taxonomy":"product_brand","embeddable":true,"href":"https:\/\/www.errepiudine.com\/fr\/wp-json\/wp\/v2\/product_brand?post=55844"},{"taxonomy":"product_cat","embeddable":true,"href":"https:\/\/www.errepiudine.com\/fr\/wp-json\/wp\/v2\/product_cat?post=55844"},{"taxonomy":"product_tag","embeddable":true,"href":"https:\/\/www.errepiudine.com\/fr\/wp-json\/wp\/v2\/product_tag?post=55844"}],"curies":[{"name":"wp","href":"https:\/\/api.w.org\/{rel}","templated":true}]}}