{"id":55435,"date":"2024-05-23T15:39:20","date_gmt":"2024-05-23T13:39:20","guid":{"rendered":"https:\/\/www.errepiudine.com\/?post_type=product&#038;p=55435"},"modified":"2024-07-03T14:30:36","modified_gmt":"2024-07-03T12:30:36","slug":"traper-vest-montana-dark-olive","status":"publish","type":"product","link":"https:\/\/www.errepiudine.com\/fr\/traper-vest-montana-dark-olive\/","title":{"rendered":"TRAPER &#8211; VEST MONTANA DARK OLIVE"},"content":{"rendered":"<p>Le gilet pour les p\u00eacheurs professionnels qui r\u00e9pond \u00e0 tous les crit\u00e8res de qualit\u00e9 et aux solutions utiles.<br \/>\nGrande poche arri\u00e8re, 14 poches avant et 6 poches int\u00e9rieures. Le gilet est \u00e9quip\u00e9 d&#8217;un anneau en D pour l&#8217;\u00e9puisette, de deux porte-cannes, d&#8217;un \u00e9cusson pour la mouche et de deux moulinets couverts pour les accessoires. Ext\u00e9rieur en nylon robuste. \u00c0 l&#8217;int\u00e9rieur se trouve un filet de circulation en polyester. Les poches avant principales et le col sont finis en n\u00e9opr\u00e8ne pour plus de confort.<\/p>\n","protected":false},"excerpt":{"rendered":"<p>Le gilet pour les p\u00eacheurs professionnels qui r\u00e9pond \u00e0 tous les crit\u00e8res de qualit\u00e9 et aux solutions utiles.<\/p>\n","protected":false},"featured_media":148989,"template":"","meta":[],"product_brand":[3429],"product_cat":[3700,3624],"product_tag":[],"class_list":{"0":"post-55435","1":"product","2":"type-product","3":"status-publish","4":"has-post-thumbnail","6":"product_brand-traper","7":"product_cat-gilet","8":"product_cat-vetements-et-wading","9":"pa_marca-traper-fr","11":"first","12":"instock","13":"taxable","14":"shipping-taxable","15":"purchasable","16":"product-type-variable"},"yoast_head":"<!-- This site is optimized with the Yoast SEO plugin v27.1.1 - https:\/\/yoast.com\/product\/yoast-seo-wordpress\/ -->\n<title>TRAPER - VEST MONTANA DARK OLIVE - Errepi tutto per pesca a mosca<\/title>\n<meta name=\"description\" content=\"Le gilet pour les p\u00eacheurs professionnels qui r\u00e9pond \u00e0 tous les crit\u00e8res de qualit\u00e9 et aux solutions utiles.\" \/>\n<meta name=\"robots\" content=\"index, follow, max-snippet:-1, max-image-preview:large, max-video-preview:-1\" \/>\n<link rel=\"canonical\" href=\"https:\/\/www.errepiudine.com\/fr\/traper-vest-montana-dark-olive\/\" \/>\n<meta property=\"og:locale\" content=\"fr_FR\" \/>\n<meta property=\"og:type\" content=\"article\" \/>\n<meta property=\"og:title\" content=\"TRAPER - VEST MONTANA DARK OLIVE - Errepi tutto per pesca a mosca\" \/>\n<meta property=\"og:description\" content=\"Le gilet pour les p\u00eacheurs professionnels qui r\u00e9pond \u00e0 tous les crit\u00e8res de qualit\u00e9 et aux solutions utiles.\" \/>\n<meta property=\"og:url\" content=\"https:\/\/www.errepiudine.com\/fr\/traper-vest-montana-dark-olive\/\" \/>\n<meta property=\"og:site_name\" content=\"Errepi Group\" \/>\n<meta property=\"article:publisher\" content=\"https:\/\/www.facebook.com\/errepiudine\/\" \/>\n<meta property=\"article:modified_time\" content=\"2024-07-03T12:30:36+00:00\" \/>\n<meta property=\"og:image\" content=\"https:\/\/www.errepiudine.com\/wp-content\/uploads\/2024\/05\/AB221.jpg\" \/>\n\t<meta property=\"og:image:width\" content=\"700\" \/>\n\t<meta property=\"og:image:height\" content=\"800\" \/>\n\t<meta property=\"og:image:type\" content=\"image\/jpeg\" \/>\n<meta name=\"twitter:card\" content=\"summary_large_image\" \/>\n<script type=\"application\/ld+json\" class=\"yoast-schema-graph\">{\"@context\":\"https:\/\/schema.org\",\"@graph\":[{\"@type\":\"WebPage\",\"@id\":\"https:\/\/www.errepiudine.com\/fr\/traper-vest-montana-dark-olive\/\",\"url\":\"https:\/\/www.errepiudine.com\/fr\/traper-vest-montana-dark-olive\/\",\"name\":\"TRAPER - VEST MONTANA DARK OLIVE - Errepi tutto per pesca a mosca\",\"isPartOf\":{\"@id\":\"https:\/\/www.errepiudine.com\/#website\"},\"primaryImageOfPage\":{\"@id\":\"https:\/\/www.errepiudine.com\/fr\/traper-vest-montana-dark-olive\/#primaryimage\"},\"image\":{\"@id\":\"https:\/\/www.errepiudine.com\/fr\/traper-vest-montana-dark-olive\/#primaryimage\"},\"thumbnailUrl\":\"https:\/\/www.errepiudine.com\/wp-content\/uploads\/2024\/05\/AB221.jpg\",\"datePublished\":\"2024-05-23T13:39:20+00:00\",\"dateModified\":\"2024-07-03T12:30:36+00:00\",\"description\":\"Le gilet pour les p\u00eacheurs professionnels qui r\u00e9pond \u00e0 tous les crit\u00e8res de qualit\u00e9 et aux solutions utiles.\",\"breadcrumb\":{\"@id\":\"https:\/\/www.errepiudine.com\/fr\/traper-vest-montana-dark-olive\/#breadcrumb\"},\"inLanguage\":\"fr-FR\",\"potentialAction\":[{\"@type\":\"ReadAction\",\"target\":[\"https:\/\/www.errepiudine.com\/fr\/traper-vest-montana-dark-olive\/\"]}]},{\"@type\":\"ImageObject\",\"inLanguage\":\"fr-FR\",\"@id\":\"https:\/\/www.errepiudine.com\/fr\/traper-vest-montana-dark-olive\/#primaryimage\",\"url\":\"https:\/\/www.errepiudine.com\/wp-content\/uploads\/2024\/05\/AB221.jpg\",\"contentUrl\":\"https:\/\/www.errepiudine.com\/wp-content\/uploads\/2024\/05\/AB221.jpg\",\"width\":700,\"height\":800,\"caption\":\"AB221\"},{\"@type\":\"BreadcrumbList\",\"@id\":\"https:\/\/www.errepiudine.com\/fr\/traper-vest-montana-dark-olive\/#breadcrumb\",\"itemListElement\":[{\"@type\":\"ListItem\",\"position\":1,\"name\":\"Home\",\"item\":\"https:\/\/www.errepiudine.com\/fr\/\"},{\"@type\":\"ListItem\",\"position\":2,\"name\":\"Boutique\",\"item\":\"https:\/\/www.errepiudine.com\/fr\/boutique\/\"},{\"@type\":\"ListItem\",\"position\":3,\"name\":\"TRAPER &#8211; VEST MONTANA DARK OLIVE\"}]},{\"@type\":\"WebSite\",\"@id\":\"https:\/\/www.errepiudine.com\/#website\",\"url\":\"https:\/\/www.errepiudine.com\/\",\"name\":\"Errepi Group\",\"description\":\"\",\"publisher\":{\"@id\":\"https:\/\/www.errepiudine.com\/#organization\"},\"potentialAction\":[{\"@type\":\"SearchAction\",\"target\":{\"@type\":\"EntryPoint\",\"urlTemplate\":\"https:\/\/www.errepiudine.com\/?s={search_term_string}\"},\"query-input\":{\"@type\":\"PropertyValueSpecification\",\"valueRequired\":true,\"valueName\":\"search_term_string\"}}],\"inLanguage\":\"fr-FR\"},{\"@type\":\"Organization\",\"@id\":\"https:\/\/www.errepiudine.com\/#organization\",\"name\":\"Errepi Group\",\"url\":\"https:\/\/www.errepiudine.com\/\",\"logo\":{\"@type\":\"ImageObject\",\"inLanguage\":\"fr-FR\",\"@id\":\"https:\/\/www.errepiudine.com\/#\/schema\/logo\/image\/\",\"url\":\"https:\/\/www.errepiudine.com\/wp-content\/uploads\/2025\/07\/Logo-errepi-email.png\",\"contentUrl\":\"https:\/\/www.errepiudine.com\/wp-content\/uploads\/2025\/07\/Logo-errepi-email.png\",\"width\":216,\"height\":60,\"caption\":\"Errepi Group\"},\"image\":{\"@id\":\"https:\/\/www.errepiudine.com\/#\/schema\/logo\/image\/\"},\"sameAs\":[\"https:\/\/www.facebook.com\/errepiudine\/\"]}]}<\/script>\n<!-- \/ Yoast SEO plugin. -->","yoast_head_json":{"title":"TRAPER - VEST MONTANA DARK OLIVE - Errepi tutto per pesca a mosca","description":"Le gilet pour les p\u00eacheurs professionnels qui r\u00e9pond \u00e0 tous les crit\u00e8res de qualit\u00e9 et aux solutions utiles.","robots":{"index":"index","follow":"follow","max-snippet":"max-snippet:-1","max-image-preview":"max-image-preview:large","max-video-preview":"max-video-preview:-1"},"canonical":"https:\/\/www.errepiudine.com\/fr\/traper-vest-montana-dark-olive\/","og_locale":"fr_FR","og_type":"article","og_title":"TRAPER - VEST MONTANA DARK OLIVE - Errepi tutto per pesca a mosca","og_description":"Le gilet pour les p\u00eacheurs professionnels qui r\u00e9pond \u00e0 tous les crit\u00e8res de qualit\u00e9 et aux solutions utiles.","og_url":"https:\/\/www.errepiudine.com\/fr\/traper-vest-montana-dark-olive\/","og_site_name":"Errepi Group","article_publisher":"https:\/\/www.facebook.com\/errepiudine\/","article_modified_time":"2024-07-03T12:30:36+00:00","og_image":[{"width":700,"height":800,"url":"https:\/\/www.errepiudine.com\/wp-content\/uploads\/2024\/05\/AB221.jpg","type":"image\/jpeg"}],"twitter_card":"summary_large_image","schema":{"@context":"https:\/\/schema.org","@graph":[{"@type":"WebPage","@id":"https:\/\/www.errepiudine.com\/fr\/traper-vest-montana-dark-olive\/","url":"https:\/\/www.errepiudine.com\/fr\/traper-vest-montana-dark-olive\/","name":"TRAPER - VEST MONTANA DARK OLIVE - Errepi tutto per pesca a mosca","isPartOf":{"@id":"https:\/\/www.errepiudine.com\/#website"},"primaryImageOfPage":{"@id":"https:\/\/www.errepiudine.com\/fr\/traper-vest-montana-dark-olive\/#primaryimage"},"image":{"@id":"https:\/\/www.errepiudine.com\/fr\/traper-vest-montana-dark-olive\/#primaryimage"},"thumbnailUrl":"https:\/\/www.errepiudine.com\/wp-content\/uploads\/2024\/05\/AB221.jpg","datePublished":"2024-05-23T13:39:20+00:00","dateModified":"2024-07-03T12:30:36+00:00","description":"Le gilet pour les p\u00eacheurs professionnels qui r\u00e9pond \u00e0 tous les crit\u00e8res de qualit\u00e9 et aux solutions utiles.","breadcrumb":{"@id":"https:\/\/www.errepiudine.com\/fr\/traper-vest-montana-dark-olive\/#breadcrumb"},"inLanguage":"fr-FR","potentialAction":[{"@type":"ReadAction","target":["https:\/\/www.errepiudine.com\/fr\/traper-vest-montana-dark-olive\/"]}]},{"@type":"ImageObject","inLanguage":"fr-FR","@id":"https:\/\/www.errepiudine.com\/fr\/traper-vest-montana-dark-olive\/#primaryimage","url":"https:\/\/www.errepiudine.com\/wp-content\/uploads\/2024\/05\/AB221.jpg","contentUrl":"https:\/\/www.errepiudine.com\/wp-content\/uploads\/2024\/05\/AB221.jpg","width":700,"height":800,"caption":"AB221"},{"@type":"BreadcrumbList","@id":"https:\/\/www.errepiudine.com\/fr\/traper-vest-montana-dark-olive\/#breadcrumb","itemListElement":[{"@type":"ListItem","position":1,"name":"Home","item":"https:\/\/www.errepiudine.com\/fr\/"},{"@type":"ListItem","position":2,"name":"Boutique","item":"https:\/\/www.errepiudine.com\/fr\/boutique\/"},{"@type":"ListItem","position":3,"name":"TRAPER &#8211; VEST MONTANA DARK OLIVE"}]},{"@type":"WebSite","@id":"https:\/\/www.errepiudine.com\/#website","url":"https:\/\/www.errepiudine.com\/","name":"Errepi Group","description":"","publisher":{"@id":"https:\/\/www.errepiudine.com\/#organization"},"potentialAction":[{"@type":"SearchAction","target":{"@type":"EntryPoint","urlTemplate":"https:\/\/www.errepiudine.com\/?s={search_term_string}"},"query-input":{"@type":"PropertyValueSpecification","valueRequired":true,"valueName":"search_term_string"}}],"inLanguage":"fr-FR"},{"@type":"Organization","@id":"https:\/\/www.errepiudine.com\/#organization","name":"Errepi Group","url":"https:\/\/www.errepiudine.com\/","logo":{"@type":"ImageObject","inLanguage":"fr-FR","@id":"https:\/\/www.errepiudine.com\/#\/schema\/logo\/image\/","url":"https:\/\/www.errepiudine.com\/wp-content\/uploads\/2025\/07\/Logo-errepi-email.png","contentUrl":"https:\/\/www.errepiudine.com\/wp-content\/uploads\/2025\/07\/Logo-errepi-email.png","width":216,"height":60,"caption":"Errepi Group"},"image":{"@id":"https:\/\/www.errepiudine.com\/#\/schema\/logo\/image\/"},"sameAs":["https:\/\/www.facebook.com\/errepiudine\/"]}]}},"_links":{"self":[{"href":"https:\/\/www.errepiudine.com\/fr\/wp-json\/wp\/v2\/product\/55435","targetHints":{"allow":["GET"]}}],"collection":[{"href":"https:\/\/www.errepiudine.com\/fr\/wp-json\/wp\/v2\/product"}],"about":[{"href":"https:\/\/www.errepiudine.com\/fr\/wp-json\/wp\/v2\/types\/product"}],"wp:featuredmedia":[{"embeddable":true,"href":"https:\/\/www.errepiudine.com\/fr\/wp-json\/wp\/v2\/media\/148989"}],"wp:attachment":[{"href":"https:\/\/www.errepiudine.com\/fr\/wp-json\/wp\/v2\/media?parent=55435"}],"wp:term":[{"taxonomy":"product_brand","embeddable":true,"href":"https:\/\/www.errepiudine.com\/fr\/wp-json\/wp\/v2\/product_brand?post=55435"},{"taxonomy":"product_cat","embeddable":true,"href":"https:\/\/www.errepiudine.com\/fr\/wp-json\/wp\/v2\/product_cat?post=55435"},{"taxonomy":"product_tag","embeddable":true,"href":"https:\/\/www.errepiudine.com\/fr\/wp-json\/wp\/v2\/product_tag?post=55435"}],"curies":[{"name":"wp","href":"https:\/\/api.w.org\/{rel}","templated":true}]}}