{"id":55209,"date":"2024-05-23T15:39:16","date_gmt":"2024-05-23T13:39:16","guid":{"rendered":"https:\/\/www.errepiudine.com\/?post_type=product&#038;p=55209"},"modified":"2024-07-03T14:19:45","modified_gmt":"2024-07-03T12:19:45","slug":"traper-florida-cap-light-navy-82868","status":"publish","type":"product","link":"https:\/\/www.errepiudine.com\/fr\/traper-florida-cap-light-navy-82868\/","title":{"rendered":"TRAPER &#8211; FLORIDA CAP LIGHT NAVY &#8211; 82868"},"content":{"rendered":"<p>Les casquettes Floryda sont fabriqu\u00e9es en tissu barri\u00e8re UPF50. Elles garantissent une protection parfaite contre le soleil.<br \/>\nLes deux c\u00f4t\u00e9s de la casquette sont en maille pour une meilleure ventilation. Le dessous de la grande visi\u00e8re est noir. Gr\u00e2ce \u00e0 cela, les reflets de la surface de l&#8217;eau ne blessent pas les yeux des p\u00eacheurs.<\/p>\n","protected":false},"excerpt":{"rendered":"<p>Les casquettes Floryda sont fabriqu\u00e9es en tissu barri\u00e8re UPF50.<\/p>\n","protected":false},"featured_media":149226,"template":"","meta":[],"product_brand":[3429],"product_cat":[3696,3624],"product_tag":[],"class_list":{"0":"post-55209","1":"product","2":"type-product","3":"status-publish","4":"has-post-thumbnail","6":"product_brand-traper","7":"product_cat-chapeaux","8":"product_cat-vetements-et-wading","9":"pa_marca-traper-fr","11":"first","12":"instock","13":"taxable","14":"shipping-taxable","15":"purchasable","16":"product-type-simple"},"yoast_head":"<!-- This site is optimized with the Yoast SEO plugin v27.1.1 - https:\/\/yoast.com\/product\/yoast-seo-wordpress\/ -->\n<title>TRAPER - FLORIDA CAP LIGHT NAVY - 82868 - Errepi tutto per pesca a mosca<\/title>\n<meta name=\"description\" content=\"Les casquettes Floryda sont fabriqu\u00e9es en tissu barri\u00e8re UPF50.\" \/>\n<meta name=\"robots\" content=\"index, follow, max-snippet:-1, max-image-preview:large, max-video-preview:-1\" \/>\n<link rel=\"canonical\" href=\"https:\/\/www.errepiudine.com\/fr\/traper-florida-cap-light-navy-82868\/\" \/>\n<meta property=\"og:locale\" content=\"fr_FR\" \/>\n<meta property=\"og:type\" content=\"article\" \/>\n<meta property=\"og:title\" content=\"TRAPER - FLORIDA CAP LIGHT NAVY - 82868 - Errepi tutto per pesca a mosca\" \/>\n<meta property=\"og:description\" content=\"Les casquettes Floryda sont fabriqu\u00e9es en tissu barri\u00e8re UPF50.\" \/>\n<meta property=\"og:url\" content=\"https:\/\/www.errepiudine.com\/fr\/traper-florida-cap-light-navy-82868\/\" \/>\n<meta property=\"og:site_name\" content=\"Errepi Group\" \/>\n<meta property=\"article:publisher\" content=\"https:\/\/www.facebook.com\/errepiudine\/\" \/>\n<meta property=\"article:modified_time\" content=\"2024-07-03T12:19:45+00:00\" \/>\n<meta property=\"og:image\" content=\"https:\/\/www.errepiudine.com\/wp-content\/uploads\/2024\/05\/AB2181.jpg\" \/>\n\t<meta property=\"og:image:width\" content=\"700\" \/>\n\t<meta property=\"og:image:height\" content=\"800\" \/>\n\t<meta property=\"og:image:type\" content=\"image\/jpeg\" \/>\n<meta name=\"twitter:card\" content=\"summary_large_image\" \/>\n<script type=\"application\/ld+json\" class=\"yoast-schema-graph\">{\"@context\":\"https:\/\/schema.org\",\"@graph\":[{\"@type\":\"WebPage\",\"@id\":\"https:\/\/www.errepiudine.com\/fr\/traper-florida-cap-light-navy-82868\/\",\"url\":\"https:\/\/www.errepiudine.com\/fr\/traper-florida-cap-light-navy-82868\/\",\"name\":\"TRAPER - FLORIDA CAP LIGHT NAVY - 82868 - Errepi tutto per pesca a mosca\",\"isPartOf\":{\"@id\":\"https:\/\/www.errepiudine.com\/#website\"},\"primaryImageOfPage\":{\"@id\":\"https:\/\/www.errepiudine.com\/fr\/traper-florida-cap-light-navy-82868\/#primaryimage\"},\"image\":{\"@id\":\"https:\/\/www.errepiudine.com\/fr\/traper-florida-cap-light-navy-82868\/#primaryimage\"},\"thumbnailUrl\":\"https:\/\/www.errepiudine.com\/wp-content\/uploads\/2024\/05\/AB2181.jpg\",\"datePublished\":\"2024-05-23T13:39:16+00:00\",\"dateModified\":\"2024-07-03T12:19:45+00:00\",\"description\":\"Les casquettes Floryda sont fabriqu\u00e9es en tissu barri\u00e8re UPF50.\",\"breadcrumb\":{\"@id\":\"https:\/\/www.errepiudine.com\/fr\/traper-florida-cap-light-navy-82868\/#breadcrumb\"},\"inLanguage\":\"fr-FR\",\"potentialAction\":[{\"@type\":\"ReadAction\",\"target\":[\"https:\/\/www.errepiudine.com\/fr\/traper-florida-cap-light-navy-82868\/\"]}]},{\"@type\":\"ImageObject\",\"inLanguage\":\"fr-FR\",\"@id\":\"https:\/\/www.errepiudine.com\/fr\/traper-florida-cap-light-navy-82868\/#primaryimage\",\"url\":\"https:\/\/www.errepiudine.com\/wp-content\/uploads\/2024\/05\/AB2181.jpg\",\"contentUrl\":\"https:\/\/www.errepiudine.com\/wp-content\/uploads\/2024\/05\/AB2181.jpg\",\"width\":700,\"height\":800,\"caption\":\"AB218[1]\"},{\"@type\":\"BreadcrumbList\",\"@id\":\"https:\/\/www.errepiudine.com\/fr\/traper-florida-cap-light-navy-82868\/#breadcrumb\",\"itemListElement\":[{\"@type\":\"ListItem\",\"position\":1,\"name\":\"Home\",\"item\":\"https:\/\/www.errepiudine.com\/fr\/\"},{\"@type\":\"ListItem\",\"position\":2,\"name\":\"Boutique\",\"item\":\"https:\/\/www.errepiudine.com\/fr\/boutique\/\"},{\"@type\":\"ListItem\",\"position\":3,\"name\":\"TRAPER &#8211; FLORIDA CAP LIGHT NAVY &#8211; 82868\"}]},{\"@type\":\"WebSite\",\"@id\":\"https:\/\/www.errepiudine.com\/#website\",\"url\":\"https:\/\/www.errepiudine.com\/\",\"name\":\"Errepi Group\",\"description\":\"\",\"publisher\":{\"@id\":\"https:\/\/www.errepiudine.com\/#organization\"},\"potentialAction\":[{\"@type\":\"SearchAction\",\"target\":{\"@type\":\"EntryPoint\",\"urlTemplate\":\"https:\/\/www.errepiudine.com\/?s={search_term_string}\"},\"query-input\":{\"@type\":\"PropertyValueSpecification\",\"valueRequired\":true,\"valueName\":\"search_term_string\"}}],\"inLanguage\":\"fr-FR\"},{\"@type\":\"Organization\",\"@id\":\"https:\/\/www.errepiudine.com\/#organization\",\"name\":\"Errepi Group\",\"url\":\"https:\/\/www.errepiudine.com\/\",\"logo\":{\"@type\":\"ImageObject\",\"inLanguage\":\"fr-FR\",\"@id\":\"https:\/\/www.errepiudine.com\/#\/schema\/logo\/image\/\",\"url\":\"https:\/\/www.errepiudine.com\/wp-content\/uploads\/2025\/07\/Logo-errepi-email.png\",\"contentUrl\":\"https:\/\/www.errepiudine.com\/wp-content\/uploads\/2025\/07\/Logo-errepi-email.png\",\"width\":216,\"height\":60,\"caption\":\"Errepi Group\"},\"image\":{\"@id\":\"https:\/\/www.errepiudine.com\/#\/schema\/logo\/image\/\"},\"sameAs\":[\"https:\/\/www.facebook.com\/errepiudine\/\"]}]}<\/script>\n<!-- \/ Yoast SEO plugin. -->","yoast_head_json":{"title":"TRAPER - FLORIDA CAP LIGHT NAVY - 82868 - Errepi tutto per pesca a mosca","description":"Les casquettes Floryda sont fabriqu\u00e9es en tissu barri\u00e8re UPF50.","robots":{"index":"index","follow":"follow","max-snippet":"max-snippet:-1","max-image-preview":"max-image-preview:large","max-video-preview":"max-video-preview:-1"},"canonical":"https:\/\/www.errepiudine.com\/fr\/traper-florida-cap-light-navy-82868\/","og_locale":"fr_FR","og_type":"article","og_title":"TRAPER - FLORIDA CAP LIGHT NAVY - 82868 - Errepi tutto per pesca a mosca","og_description":"Les casquettes Floryda sont fabriqu\u00e9es en tissu barri\u00e8re UPF50.","og_url":"https:\/\/www.errepiudine.com\/fr\/traper-florida-cap-light-navy-82868\/","og_site_name":"Errepi Group","article_publisher":"https:\/\/www.facebook.com\/errepiudine\/","article_modified_time":"2024-07-03T12:19:45+00:00","og_image":[{"width":700,"height":800,"url":"https:\/\/www.errepiudine.com\/wp-content\/uploads\/2024\/05\/AB2181.jpg","type":"image\/jpeg"}],"twitter_card":"summary_large_image","schema":{"@context":"https:\/\/schema.org","@graph":[{"@type":"WebPage","@id":"https:\/\/www.errepiudine.com\/fr\/traper-florida-cap-light-navy-82868\/","url":"https:\/\/www.errepiudine.com\/fr\/traper-florida-cap-light-navy-82868\/","name":"TRAPER - FLORIDA CAP LIGHT NAVY - 82868 - Errepi tutto per pesca a mosca","isPartOf":{"@id":"https:\/\/www.errepiudine.com\/#website"},"primaryImageOfPage":{"@id":"https:\/\/www.errepiudine.com\/fr\/traper-florida-cap-light-navy-82868\/#primaryimage"},"image":{"@id":"https:\/\/www.errepiudine.com\/fr\/traper-florida-cap-light-navy-82868\/#primaryimage"},"thumbnailUrl":"https:\/\/www.errepiudine.com\/wp-content\/uploads\/2024\/05\/AB2181.jpg","datePublished":"2024-05-23T13:39:16+00:00","dateModified":"2024-07-03T12:19:45+00:00","description":"Les casquettes Floryda sont fabriqu\u00e9es en tissu barri\u00e8re UPF50.","breadcrumb":{"@id":"https:\/\/www.errepiudine.com\/fr\/traper-florida-cap-light-navy-82868\/#breadcrumb"},"inLanguage":"fr-FR","potentialAction":[{"@type":"ReadAction","target":["https:\/\/www.errepiudine.com\/fr\/traper-florida-cap-light-navy-82868\/"]}]},{"@type":"ImageObject","inLanguage":"fr-FR","@id":"https:\/\/www.errepiudine.com\/fr\/traper-florida-cap-light-navy-82868\/#primaryimage","url":"https:\/\/www.errepiudine.com\/wp-content\/uploads\/2024\/05\/AB2181.jpg","contentUrl":"https:\/\/www.errepiudine.com\/wp-content\/uploads\/2024\/05\/AB2181.jpg","width":700,"height":800,"caption":"AB218[1]"},{"@type":"BreadcrumbList","@id":"https:\/\/www.errepiudine.com\/fr\/traper-florida-cap-light-navy-82868\/#breadcrumb","itemListElement":[{"@type":"ListItem","position":1,"name":"Home","item":"https:\/\/www.errepiudine.com\/fr\/"},{"@type":"ListItem","position":2,"name":"Boutique","item":"https:\/\/www.errepiudine.com\/fr\/boutique\/"},{"@type":"ListItem","position":3,"name":"TRAPER &#8211; FLORIDA CAP LIGHT NAVY &#8211; 82868"}]},{"@type":"WebSite","@id":"https:\/\/www.errepiudine.com\/#website","url":"https:\/\/www.errepiudine.com\/","name":"Errepi Group","description":"","publisher":{"@id":"https:\/\/www.errepiudine.com\/#organization"},"potentialAction":[{"@type":"SearchAction","target":{"@type":"EntryPoint","urlTemplate":"https:\/\/www.errepiudine.com\/?s={search_term_string}"},"query-input":{"@type":"PropertyValueSpecification","valueRequired":true,"valueName":"search_term_string"}}],"inLanguage":"fr-FR"},{"@type":"Organization","@id":"https:\/\/www.errepiudine.com\/#organization","name":"Errepi Group","url":"https:\/\/www.errepiudine.com\/","logo":{"@type":"ImageObject","inLanguage":"fr-FR","@id":"https:\/\/www.errepiudine.com\/#\/schema\/logo\/image\/","url":"https:\/\/www.errepiudine.com\/wp-content\/uploads\/2025\/07\/Logo-errepi-email.png","contentUrl":"https:\/\/www.errepiudine.com\/wp-content\/uploads\/2025\/07\/Logo-errepi-email.png","width":216,"height":60,"caption":"Errepi Group"},"image":{"@id":"https:\/\/www.errepiudine.com\/#\/schema\/logo\/image\/"},"sameAs":["https:\/\/www.facebook.com\/errepiudine\/"]}]}},"_links":{"self":[{"href":"https:\/\/www.errepiudine.com\/fr\/wp-json\/wp\/v2\/product\/55209","targetHints":{"allow":["GET"]}}],"collection":[{"href":"https:\/\/www.errepiudine.com\/fr\/wp-json\/wp\/v2\/product"}],"about":[{"href":"https:\/\/www.errepiudine.com\/fr\/wp-json\/wp\/v2\/types\/product"}],"wp:featuredmedia":[{"embeddable":true,"href":"https:\/\/www.errepiudine.com\/fr\/wp-json\/wp\/v2\/media\/149226"}],"wp:attachment":[{"href":"https:\/\/www.errepiudine.com\/fr\/wp-json\/wp\/v2\/media?parent=55209"}],"wp:term":[{"taxonomy":"product_brand","embeddable":true,"href":"https:\/\/www.errepiudine.com\/fr\/wp-json\/wp\/v2\/product_brand?post=55209"},{"taxonomy":"product_cat","embeddable":true,"href":"https:\/\/www.errepiudine.com\/fr\/wp-json\/wp\/v2\/product_cat?post=55209"},{"taxonomy":"product_tag","embeddable":true,"href":"https:\/\/www.errepiudine.com\/fr\/wp-json\/wp\/v2\/product_tag?post=55209"}],"curies":[{"name":"wp","href":"https:\/\/api.w.org\/{rel}","templated":true}]}}