{"id":54773,"date":"2024-05-23T15:34:39","date_gmt":"2024-05-23T13:34:39","guid":{"rendered":"https:\/\/www.errepiudine.com\/?post_type=product&#038;p=54773"},"modified":"2024-07-01T11:19:14","modified_gmt":"2024-07-01T09:19:14","slug":"traper-florida-jacket","status":"publish","type":"product","link":"https:\/\/www.errepiudine.com\/fr\/traper-florida-jacket\/","title":{"rendered":"TRAPER &#8211; FLORIDA JACKET"},"content":{"rendered":"<p>Veste l\u00e9g\u00e8re, imperm\u00e9able et r\u00e9sistante \u00e0 la pluie, fabriqu\u00e9e en tissu Aqualite 2,5 couches. La principale caract\u00e9ristique de ce produit est l&#8217;incroyable l\u00e9g\u00e8ret\u00e9 et la douceur du tissu. Elle peut \u00eatre pli\u00e9e en un petit cube. Cela permet de la ranger dans un petit sac, un sac \u00e0 dos ou un gilet. La veste dispose de deux poches \u00e9tanches avec des fermetures \u00e9clair \u00e9tanches. Couleur olive.<\/p>\n","protected":false},"excerpt":{"rendered":"<p>Veste l\u00e9g\u00e8re, imperm\u00e9able et r\u00e9sistante \u00e0 la pluie, fabriqu\u00e9e en tissu Aqualite 2,5 couches.<\/p>\n","protected":false},"featured_media":148496,"template":"","meta":[],"product_brand":[3429],"product_cat":[3680,3624],"product_tag":[],"class_list":{"0":"post-54773","1":"product","2":"type-product","3":"status-publish","4":"has-post-thumbnail","6":"product_brand-traper","7":"product_cat-impermeables-et-vestes","8":"product_cat-vetements-et-wading","9":"pa_marca-traper-fr","11":"first","12":"instock","13":"taxable","14":"shipping-taxable","15":"purchasable","16":"product-type-variable"},"yoast_head":"<!-- This site is optimized with the Yoast SEO plugin v27.1.1 - https:\/\/yoast.com\/product\/yoast-seo-wordpress\/ -->\n<title>TRAPER - FLORIDA JACKET - Errepi tutto per pesca a mosca<\/title>\n<meta name=\"description\" content=\"Veste l\u00e9g\u00e8re, imperm\u00e9able et r\u00e9sistante \u00e0 la pluie, fabriqu\u00e9e en tissu Aqualite 2,5 couches.\" \/>\n<meta name=\"robots\" content=\"index, follow, max-snippet:-1, max-image-preview:large, max-video-preview:-1\" \/>\n<link rel=\"canonical\" href=\"https:\/\/www.errepiudine.com\/fr\/traper-florida-jacket\/\" \/>\n<meta property=\"og:locale\" content=\"fr_FR\" \/>\n<meta property=\"og:type\" content=\"article\" \/>\n<meta property=\"og:title\" content=\"TRAPER - FLORIDA JACKET - Errepi tutto per pesca a mosca\" \/>\n<meta property=\"og:description\" content=\"Veste l\u00e9g\u00e8re, imperm\u00e9able et r\u00e9sistante \u00e0 la pluie, fabriqu\u00e9e en tissu Aqualite 2,5 couches.\" \/>\n<meta property=\"og:url\" content=\"https:\/\/www.errepiudine.com\/fr\/traper-florida-jacket\/\" \/>\n<meta property=\"og:site_name\" content=\"Errepi Group\" \/>\n<meta property=\"article:publisher\" content=\"https:\/\/www.facebook.com\/errepiudine\/\" \/>\n<meta property=\"article:modified_time\" content=\"2024-07-01T09:19:14+00:00\" \/>\n<meta property=\"og:image\" content=\"https:\/\/www.errepiudine.com\/wp-content\/uploads\/2024\/05\/AB207.jpg\" \/>\n\t<meta property=\"og:image:width\" content=\"700\" \/>\n\t<meta property=\"og:image:height\" content=\"800\" \/>\n\t<meta property=\"og:image:type\" content=\"image\/jpeg\" \/>\n<meta name=\"twitter:card\" content=\"summary_large_image\" \/>\n<script type=\"application\/ld+json\" class=\"yoast-schema-graph\">{\"@context\":\"https:\/\/schema.org\",\"@graph\":[{\"@type\":\"WebPage\",\"@id\":\"https:\/\/www.errepiudine.com\/fr\/traper-florida-jacket\/\",\"url\":\"https:\/\/www.errepiudine.com\/fr\/traper-florida-jacket\/\",\"name\":\"TRAPER - FLORIDA JACKET - Errepi tutto per pesca a mosca\",\"isPartOf\":{\"@id\":\"https:\/\/www.errepiudine.com\/#website\"},\"primaryImageOfPage\":{\"@id\":\"https:\/\/www.errepiudine.com\/fr\/traper-florida-jacket\/#primaryimage\"},\"image\":{\"@id\":\"https:\/\/www.errepiudine.com\/fr\/traper-florida-jacket\/#primaryimage\"},\"thumbnailUrl\":\"https:\/\/www.errepiudine.com\/wp-content\/uploads\/2024\/05\/AB207.jpg\",\"datePublished\":\"2024-05-23T13:34:39+00:00\",\"dateModified\":\"2024-07-01T09:19:14+00:00\",\"description\":\"Veste l\u00e9g\u00e8re, imperm\u00e9able et r\u00e9sistante \u00e0 la pluie, fabriqu\u00e9e en tissu Aqualite 2,5 couches.\",\"breadcrumb\":{\"@id\":\"https:\/\/www.errepiudine.com\/fr\/traper-florida-jacket\/#breadcrumb\"},\"inLanguage\":\"fr-FR\",\"potentialAction\":[{\"@type\":\"ReadAction\",\"target\":[\"https:\/\/www.errepiudine.com\/fr\/traper-florida-jacket\/\"]}]},{\"@type\":\"ImageObject\",\"inLanguage\":\"fr-FR\",\"@id\":\"https:\/\/www.errepiudine.com\/fr\/traper-florida-jacket\/#primaryimage\",\"url\":\"https:\/\/www.errepiudine.com\/wp-content\/uploads\/2024\/05\/AB207.jpg\",\"contentUrl\":\"https:\/\/www.errepiudine.com\/wp-content\/uploads\/2024\/05\/AB207.jpg\",\"width\":700,\"height\":800,\"caption\":\"AB207\"},{\"@type\":\"BreadcrumbList\",\"@id\":\"https:\/\/www.errepiudine.com\/fr\/traper-florida-jacket\/#breadcrumb\",\"itemListElement\":[{\"@type\":\"ListItem\",\"position\":1,\"name\":\"Home\",\"item\":\"https:\/\/www.errepiudine.com\/fr\/\"},{\"@type\":\"ListItem\",\"position\":2,\"name\":\"Boutique\",\"item\":\"https:\/\/www.errepiudine.com\/fr\/boutique\/\"},{\"@type\":\"ListItem\",\"position\":3,\"name\":\"TRAPER &#8211; FLORIDA JACKET\"}]},{\"@type\":\"WebSite\",\"@id\":\"https:\/\/www.errepiudine.com\/#website\",\"url\":\"https:\/\/www.errepiudine.com\/\",\"name\":\"Errepi Group\",\"description\":\"\",\"publisher\":{\"@id\":\"https:\/\/www.errepiudine.com\/#organization\"},\"potentialAction\":[{\"@type\":\"SearchAction\",\"target\":{\"@type\":\"EntryPoint\",\"urlTemplate\":\"https:\/\/www.errepiudine.com\/?s={search_term_string}\"},\"query-input\":{\"@type\":\"PropertyValueSpecification\",\"valueRequired\":true,\"valueName\":\"search_term_string\"}}],\"inLanguage\":\"fr-FR\"},{\"@type\":\"Organization\",\"@id\":\"https:\/\/www.errepiudine.com\/#organization\",\"name\":\"Errepi Group\",\"url\":\"https:\/\/www.errepiudine.com\/\",\"logo\":{\"@type\":\"ImageObject\",\"inLanguage\":\"fr-FR\",\"@id\":\"https:\/\/www.errepiudine.com\/#\/schema\/logo\/image\/\",\"url\":\"https:\/\/www.errepiudine.com\/wp-content\/uploads\/2025\/07\/Logo-errepi-email.png\",\"contentUrl\":\"https:\/\/www.errepiudine.com\/wp-content\/uploads\/2025\/07\/Logo-errepi-email.png\",\"width\":216,\"height\":60,\"caption\":\"Errepi Group\"},\"image\":{\"@id\":\"https:\/\/www.errepiudine.com\/#\/schema\/logo\/image\/\"},\"sameAs\":[\"https:\/\/www.facebook.com\/errepiudine\/\"]}]}<\/script>\n<!-- \/ Yoast SEO plugin. -->","yoast_head_json":{"title":"TRAPER - FLORIDA JACKET - Errepi tutto per pesca a mosca","description":"Veste l\u00e9g\u00e8re, imperm\u00e9able et r\u00e9sistante \u00e0 la pluie, fabriqu\u00e9e en tissu Aqualite 2,5 couches.","robots":{"index":"index","follow":"follow","max-snippet":"max-snippet:-1","max-image-preview":"max-image-preview:large","max-video-preview":"max-video-preview:-1"},"canonical":"https:\/\/www.errepiudine.com\/fr\/traper-florida-jacket\/","og_locale":"fr_FR","og_type":"article","og_title":"TRAPER - FLORIDA JACKET - Errepi tutto per pesca a mosca","og_description":"Veste l\u00e9g\u00e8re, imperm\u00e9able et r\u00e9sistante \u00e0 la pluie, fabriqu\u00e9e en tissu Aqualite 2,5 couches.","og_url":"https:\/\/www.errepiudine.com\/fr\/traper-florida-jacket\/","og_site_name":"Errepi Group","article_publisher":"https:\/\/www.facebook.com\/errepiudine\/","article_modified_time":"2024-07-01T09:19:14+00:00","og_image":[{"width":700,"height":800,"url":"https:\/\/www.errepiudine.com\/wp-content\/uploads\/2024\/05\/AB207.jpg","type":"image\/jpeg"}],"twitter_card":"summary_large_image","schema":{"@context":"https:\/\/schema.org","@graph":[{"@type":"WebPage","@id":"https:\/\/www.errepiudine.com\/fr\/traper-florida-jacket\/","url":"https:\/\/www.errepiudine.com\/fr\/traper-florida-jacket\/","name":"TRAPER - FLORIDA JACKET - Errepi tutto per pesca a mosca","isPartOf":{"@id":"https:\/\/www.errepiudine.com\/#website"},"primaryImageOfPage":{"@id":"https:\/\/www.errepiudine.com\/fr\/traper-florida-jacket\/#primaryimage"},"image":{"@id":"https:\/\/www.errepiudine.com\/fr\/traper-florida-jacket\/#primaryimage"},"thumbnailUrl":"https:\/\/www.errepiudine.com\/wp-content\/uploads\/2024\/05\/AB207.jpg","datePublished":"2024-05-23T13:34:39+00:00","dateModified":"2024-07-01T09:19:14+00:00","description":"Veste l\u00e9g\u00e8re, imperm\u00e9able et r\u00e9sistante \u00e0 la pluie, fabriqu\u00e9e en tissu Aqualite 2,5 couches.","breadcrumb":{"@id":"https:\/\/www.errepiudine.com\/fr\/traper-florida-jacket\/#breadcrumb"},"inLanguage":"fr-FR","potentialAction":[{"@type":"ReadAction","target":["https:\/\/www.errepiudine.com\/fr\/traper-florida-jacket\/"]}]},{"@type":"ImageObject","inLanguage":"fr-FR","@id":"https:\/\/www.errepiudine.com\/fr\/traper-florida-jacket\/#primaryimage","url":"https:\/\/www.errepiudine.com\/wp-content\/uploads\/2024\/05\/AB207.jpg","contentUrl":"https:\/\/www.errepiudine.com\/wp-content\/uploads\/2024\/05\/AB207.jpg","width":700,"height":800,"caption":"AB207"},{"@type":"BreadcrumbList","@id":"https:\/\/www.errepiudine.com\/fr\/traper-florida-jacket\/#breadcrumb","itemListElement":[{"@type":"ListItem","position":1,"name":"Home","item":"https:\/\/www.errepiudine.com\/fr\/"},{"@type":"ListItem","position":2,"name":"Boutique","item":"https:\/\/www.errepiudine.com\/fr\/boutique\/"},{"@type":"ListItem","position":3,"name":"TRAPER &#8211; FLORIDA JACKET"}]},{"@type":"WebSite","@id":"https:\/\/www.errepiudine.com\/#website","url":"https:\/\/www.errepiudine.com\/","name":"Errepi Group","description":"","publisher":{"@id":"https:\/\/www.errepiudine.com\/#organization"},"potentialAction":[{"@type":"SearchAction","target":{"@type":"EntryPoint","urlTemplate":"https:\/\/www.errepiudine.com\/?s={search_term_string}"},"query-input":{"@type":"PropertyValueSpecification","valueRequired":true,"valueName":"search_term_string"}}],"inLanguage":"fr-FR"},{"@type":"Organization","@id":"https:\/\/www.errepiudine.com\/#organization","name":"Errepi Group","url":"https:\/\/www.errepiudine.com\/","logo":{"@type":"ImageObject","inLanguage":"fr-FR","@id":"https:\/\/www.errepiudine.com\/#\/schema\/logo\/image\/","url":"https:\/\/www.errepiudine.com\/wp-content\/uploads\/2025\/07\/Logo-errepi-email.png","contentUrl":"https:\/\/www.errepiudine.com\/wp-content\/uploads\/2025\/07\/Logo-errepi-email.png","width":216,"height":60,"caption":"Errepi Group"},"image":{"@id":"https:\/\/www.errepiudine.com\/#\/schema\/logo\/image\/"},"sameAs":["https:\/\/www.facebook.com\/errepiudine\/"]}]}},"_links":{"self":[{"href":"https:\/\/www.errepiudine.com\/fr\/wp-json\/wp\/v2\/product\/54773","targetHints":{"allow":["GET"]}}],"collection":[{"href":"https:\/\/www.errepiudine.com\/fr\/wp-json\/wp\/v2\/product"}],"about":[{"href":"https:\/\/www.errepiudine.com\/fr\/wp-json\/wp\/v2\/types\/product"}],"wp:featuredmedia":[{"embeddable":true,"href":"https:\/\/www.errepiudine.com\/fr\/wp-json\/wp\/v2\/media\/148496"}],"wp:attachment":[{"href":"https:\/\/www.errepiudine.com\/fr\/wp-json\/wp\/v2\/media?parent=54773"}],"wp:term":[{"taxonomy":"product_brand","embeddable":true,"href":"https:\/\/www.errepiudine.com\/fr\/wp-json\/wp\/v2\/product_brand?post=54773"},{"taxonomy":"product_cat","embeddable":true,"href":"https:\/\/www.errepiudine.com\/fr\/wp-json\/wp\/v2\/product_cat?post=54773"},{"taxonomy":"product_tag","embeddable":true,"href":"https:\/\/www.errepiudine.com\/fr\/wp-json\/wp\/v2\/product_tag?post=54773"}],"curies":[{"name":"wp","href":"https:\/\/api.w.org\/{rel}","templated":true}]}}