{"id":54740,"date":"2024-05-23T15:34:37","date_gmt":"2024-05-23T13:34:37","guid":{"rendered":"https:\/\/www.errepiudine.com\/?post_type=product&#038;p=54740"},"modified":"2024-07-01T11:20:21","modified_gmt":"2024-07-01T09:20:21","slug":"traper-montana-jacket-cool-grey","status":"publish","type":"product","link":"https:\/\/www.errepiudine.com\/fr\/traper-montana-jacket-cool-grey\/","title":{"rendered":"TRAPER &#8211; MONTANA JACKET COOL GREY"},"content":{"rendered":"<p>Fabriqu\u00e9e \u00e0 partir du tissu japonais DERMIZAX \u00e0 trois couches de haute qualit\u00e9 de TORAY, cette veste est synonyme de durabilit\u00e9, de protection contre les intemp\u00e9ries et de respirabilit\u00e9 imbattable. Sa fonctionnalit\u00e9 d\u00e9coule de l&#8217;utilisation minutieuse de tous les \u00e9l\u00e9ments essentiels, qui garantissent confort et commodit\u00e9 lors de chaque aventure de p\u00eache. Des solutions pratiques sur le devant de la veste, telles que l&#8217;\u00e9cusson pour la mouche et les boutons-pression pour la ligne, permettent d&#8217;acc\u00e9der facilement aux mouches et aux autres accessoires essentiels. En outre, deux poches avec des compartiments flexibles pour le fil de p\u00eache et les accessoires permettent une organisation efficace. La veste Montana est dot\u00e9e de deux poches molletonn\u00e9es et zipp\u00e9es, parfaites pour r\u00e9chauffer les mains et apporter un confort suppl\u00e9mentaire. En bas, sur les c\u00f4t\u00e9s, il y a deux boutons-pression et un passepoil r\u00e9glable. La protection contre les conditions m\u00e9t\u00e9orologiques impr\u00e9visibles est une priorit\u00e9. C&#8217;est pourquoi la capuche int\u00e9gr\u00e9e au col haut, rembourr\u00e9 en polaire, est dot\u00e9e d&#8217;un double r\u00e9glage, ce qui garantit un ajustement parfait. De plus, sous la capuche se trouve un bouton pression couvert pour l&#8217;\u00e9puisette. L&#8217;int\u00e9rieur de la veste dissimule une poche ferm\u00e9e pratique pour ranger des documents en toute s\u00e9curit\u00e9. Les manches sont termin\u00e9es par une bande Velcro qui garantit un ajustement parfait et une protection contre les infiltrations d&#8217;eau. D\u00e9couvrez la nouvelle qualit\u00e9, le confort et la fonctionnalit\u00e9 des v\u00eatements de p\u00eache avec la veste Montana. Une protection fiable, une coupe parfaite et des d\u00e9tails pratiques rendent votre aventure de p\u00eache encore plus passionnante.<\/p>\n","protected":false},"excerpt":{"rendered":"<p>Fabriqu\u00e9e \u00e0 partir du tissu japonais DERMIZAX \u00e0 trois couches de haute qualit\u00e9 de TORAY, cette veste est synonyme de durabilit\u00e9, de protection contre les intemp\u00e9ries et de respirabilit\u00e9 imbattable.<\/p>\n","protected":false},"featured_media":148501,"template":"","meta":[],"product_brand":[3429],"product_cat":[3680,3624],"product_tag":[],"class_list":{"0":"post-54740","1":"product","2":"type-product","3":"status-publish","4":"has-post-thumbnail","6":"product_brand-traper","7":"product_cat-impermeables-et-vestes","8":"product_cat-vetements-et-wading","9":"pa_marca-traper-fr","11":"first","12":"instock","13":"taxable","14":"shipping-taxable","15":"purchasable","16":"product-type-variable"},"yoast_head":"<!-- This site is optimized with the Yoast SEO plugin v27.1.1 - https:\/\/yoast.com\/product\/yoast-seo-wordpress\/ -->\n<title>TRAPER - MONTANA JACKET COOL GREY - Errepi tutto per pesca a mosca<\/title>\n<meta name=\"description\" content=\"Fabriqu\u00e9e \u00e0 partir du tissu japonais DERMIZAX \u00e0 trois couches de haute qualit\u00e9 de TORAY, cette veste est synonyme de durabilit\u00e9, de protection contre les intemp\u00e9ries et de respirabilit\u00e9 imbattable.\" \/>\n<meta name=\"robots\" content=\"index, follow, max-snippet:-1, max-image-preview:large, max-video-preview:-1\" \/>\n<link rel=\"canonical\" href=\"https:\/\/www.errepiudine.com\/fr\/traper-montana-jacket-cool-grey\/\" \/>\n<meta property=\"og:locale\" content=\"fr_FR\" \/>\n<meta property=\"og:type\" content=\"article\" \/>\n<meta property=\"og:title\" content=\"TRAPER - MONTANA JACKET COOL GREY - Errepi tutto per pesca a mosca\" \/>\n<meta property=\"og:description\" content=\"Fabriqu\u00e9e \u00e0 partir du tissu japonais DERMIZAX \u00e0 trois couches de haute qualit\u00e9 de TORAY, cette veste est synonyme de durabilit\u00e9, de protection contre les intemp\u00e9ries et de respirabilit\u00e9 imbattable.\" \/>\n<meta property=\"og:url\" content=\"https:\/\/www.errepiudine.com\/fr\/traper-montana-jacket-cool-grey\/\" \/>\n<meta property=\"og:site_name\" content=\"Errepi Group\" \/>\n<meta property=\"article:publisher\" content=\"https:\/\/www.facebook.com\/errepiudine\/\" \/>\n<meta property=\"article:modified_time\" content=\"2024-07-01T09:20:21+00:00\" \/>\n<meta property=\"og:image\" content=\"https:\/\/www.errepiudine.com\/wp-content\/uploads\/2024\/05\/AB206.jpg\" \/>\n\t<meta property=\"og:image:width\" content=\"700\" \/>\n\t<meta property=\"og:image:height\" content=\"800\" \/>\n\t<meta property=\"og:image:type\" content=\"image\/jpeg\" \/>\n<meta name=\"twitter:card\" content=\"summary_large_image\" \/>\n<meta name=\"twitter:label1\" content=\"Dur\u00e9e de lecture estim\u00e9e\" \/>\n\t<meta name=\"twitter:data1\" content=\"1 minute\" \/>\n<script type=\"application\/ld+json\" class=\"yoast-schema-graph\">{\"@context\":\"https:\/\/schema.org\",\"@graph\":[{\"@type\":\"WebPage\",\"@id\":\"https:\/\/www.errepiudine.com\/fr\/traper-montana-jacket-cool-grey\/\",\"url\":\"https:\/\/www.errepiudine.com\/fr\/traper-montana-jacket-cool-grey\/\",\"name\":\"TRAPER - MONTANA JACKET COOL GREY - Errepi tutto per pesca a mosca\",\"isPartOf\":{\"@id\":\"https:\/\/www.errepiudine.com\/#website\"},\"primaryImageOfPage\":{\"@id\":\"https:\/\/www.errepiudine.com\/fr\/traper-montana-jacket-cool-grey\/#primaryimage\"},\"image\":{\"@id\":\"https:\/\/www.errepiudine.com\/fr\/traper-montana-jacket-cool-grey\/#primaryimage\"},\"thumbnailUrl\":\"https:\/\/www.errepiudine.com\/wp-content\/uploads\/2024\/05\/AB206.jpg\",\"datePublished\":\"2024-05-23T13:34:37+00:00\",\"dateModified\":\"2024-07-01T09:20:21+00:00\",\"description\":\"Fabriqu\u00e9e \u00e0 partir du tissu japonais DERMIZAX \u00e0 trois couches de haute qualit\u00e9 de TORAY, cette veste est synonyme de durabilit\u00e9, de protection contre les intemp\u00e9ries et de respirabilit\u00e9 imbattable.\",\"breadcrumb\":{\"@id\":\"https:\/\/www.errepiudine.com\/fr\/traper-montana-jacket-cool-grey\/#breadcrumb\"},\"inLanguage\":\"fr-FR\",\"potentialAction\":[{\"@type\":\"ReadAction\",\"target\":[\"https:\/\/www.errepiudine.com\/fr\/traper-montana-jacket-cool-grey\/\"]}]},{\"@type\":\"ImageObject\",\"inLanguage\":\"fr-FR\",\"@id\":\"https:\/\/www.errepiudine.com\/fr\/traper-montana-jacket-cool-grey\/#primaryimage\",\"url\":\"https:\/\/www.errepiudine.com\/wp-content\/uploads\/2024\/05\/AB206.jpg\",\"contentUrl\":\"https:\/\/www.errepiudine.com\/wp-content\/uploads\/2024\/05\/AB206.jpg\",\"width\":700,\"height\":800,\"caption\":\"AB206\"},{\"@type\":\"BreadcrumbList\",\"@id\":\"https:\/\/www.errepiudine.com\/fr\/traper-montana-jacket-cool-grey\/#breadcrumb\",\"itemListElement\":[{\"@type\":\"ListItem\",\"position\":1,\"name\":\"Home\",\"item\":\"https:\/\/www.errepiudine.com\/fr\/\"},{\"@type\":\"ListItem\",\"position\":2,\"name\":\"Boutique\",\"item\":\"https:\/\/www.errepiudine.com\/fr\/boutique\/\"},{\"@type\":\"ListItem\",\"position\":3,\"name\":\"TRAPER &#8211; MONTANA JACKET COOL GREY\"}]},{\"@type\":\"WebSite\",\"@id\":\"https:\/\/www.errepiudine.com\/#website\",\"url\":\"https:\/\/www.errepiudine.com\/\",\"name\":\"Errepi Group\",\"description\":\"\",\"publisher\":{\"@id\":\"https:\/\/www.errepiudine.com\/#organization\"},\"potentialAction\":[{\"@type\":\"SearchAction\",\"target\":{\"@type\":\"EntryPoint\",\"urlTemplate\":\"https:\/\/www.errepiudine.com\/?s={search_term_string}\"},\"query-input\":{\"@type\":\"PropertyValueSpecification\",\"valueRequired\":true,\"valueName\":\"search_term_string\"}}],\"inLanguage\":\"fr-FR\"},{\"@type\":\"Organization\",\"@id\":\"https:\/\/www.errepiudine.com\/#organization\",\"name\":\"Errepi Group\",\"url\":\"https:\/\/www.errepiudine.com\/\",\"logo\":{\"@type\":\"ImageObject\",\"inLanguage\":\"fr-FR\",\"@id\":\"https:\/\/www.errepiudine.com\/#\/schema\/logo\/image\/\",\"url\":\"https:\/\/www.errepiudine.com\/wp-content\/uploads\/2025\/07\/Logo-errepi-email.png\",\"contentUrl\":\"https:\/\/www.errepiudine.com\/wp-content\/uploads\/2025\/07\/Logo-errepi-email.png\",\"width\":216,\"height\":60,\"caption\":\"Errepi Group\"},\"image\":{\"@id\":\"https:\/\/www.errepiudine.com\/#\/schema\/logo\/image\/\"},\"sameAs\":[\"https:\/\/www.facebook.com\/errepiudine\/\"]}]}<\/script>\n<!-- \/ Yoast SEO plugin. -->","yoast_head_json":{"title":"TRAPER - MONTANA JACKET COOL GREY - Errepi tutto per pesca a mosca","description":"Fabriqu\u00e9e \u00e0 partir du tissu japonais DERMIZAX \u00e0 trois couches de haute qualit\u00e9 de TORAY, cette veste est synonyme de durabilit\u00e9, de protection contre les intemp\u00e9ries et de respirabilit\u00e9 imbattable.","robots":{"index":"index","follow":"follow","max-snippet":"max-snippet:-1","max-image-preview":"max-image-preview:large","max-video-preview":"max-video-preview:-1"},"canonical":"https:\/\/www.errepiudine.com\/fr\/traper-montana-jacket-cool-grey\/","og_locale":"fr_FR","og_type":"article","og_title":"TRAPER - MONTANA JACKET COOL GREY - Errepi tutto per pesca a mosca","og_description":"Fabriqu\u00e9e \u00e0 partir du tissu japonais DERMIZAX \u00e0 trois couches de haute qualit\u00e9 de TORAY, cette veste est synonyme de durabilit\u00e9, de protection contre les intemp\u00e9ries et de respirabilit\u00e9 imbattable.","og_url":"https:\/\/www.errepiudine.com\/fr\/traper-montana-jacket-cool-grey\/","og_site_name":"Errepi Group","article_publisher":"https:\/\/www.facebook.com\/errepiudine\/","article_modified_time":"2024-07-01T09:20:21+00:00","og_image":[{"width":700,"height":800,"url":"https:\/\/www.errepiudine.com\/wp-content\/uploads\/2024\/05\/AB206.jpg","type":"image\/jpeg"}],"twitter_card":"summary_large_image","twitter_misc":{"Dur\u00e9e de lecture estim\u00e9e":"1 minute"},"schema":{"@context":"https:\/\/schema.org","@graph":[{"@type":"WebPage","@id":"https:\/\/www.errepiudine.com\/fr\/traper-montana-jacket-cool-grey\/","url":"https:\/\/www.errepiudine.com\/fr\/traper-montana-jacket-cool-grey\/","name":"TRAPER - MONTANA JACKET COOL GREY - Errepi tutto per pesca a mosca","isPartOf":{"@id":"https:\/\/www.errepiudine.com\/#website"},"primaryImageOfPage":{"@id":"https:\/\/www.errepiudine.com\/fr\/traper-montana-jacket-cool-grey\/#primaryimage"},"image":{"@id":"https:\/\/www.errepiudine.com\/fr\/traper-montana-jacket-cool-grey\/#primaryimage"},"thumbnailUrl":"https:\/\/www.errepiudine.com\/wp-content\/uploads\/2024\/05\/AB206.jpg","datePublished":"2024-05-23T13:34:37+00:00","dateModified":"2024-07-01T09:20:21+00:00","description":"Fabriqu\u00e9e \u00e0 partir du tissu japonais DERMIZAX \u00e0 trois couches de haute qualit\u00e9 de TORAY, cette veste est synonyme de durabilit\u00e9, de protection contre les intemp\u00e9ries et de respirabilit\u00e9 imbattable.","breadcrumb":{"@id":"https:\/\/www.errepiudine.com\/fr\/traper-montana-jacket-cool-grey\/#breadcrumb"},"inLanguage":"fr-FR","potentialAction":[{"@type":"ReadAction","target":["https:\/\/www.errepiudine.com\/fr\/traper-montana-jacket-cool-grey\/"]}]},{"@type":"ImageObject","inLanguage":"fr-FR","@id":"https:\/\/www.errepiudine.com\/fr\/traper-montana-jacket-cool-grey\/#primaryimage","url":"https:\/\/www.errepiudine.com\/wp-content\/uploads\/2024\/05\/AB206.jpg","contentUrl":"https:\/\/www.errepiudine.com\/wp-content\/uploads\/2024\/05\/AB206.jpg","width":700,"height":800,"caption":"AB206"},{"@type":"BreadcrumbList","@id":"https:\/\/www.errepiudine.com\/fr\/traper-montana-jacket-cool-grey\/#breadcrumb","itemListElement":[{"@type":"ListItem","position":1,"name":"Home","item":"https:\/\/www.errepiudine.com\/fr\/"},{"@type":"ListItem","position":2,"name":"Boutique","item":"https:\/\/www.errepiudine.com\/fr\/boutique\/"},{"@type":"ListItem","position":3,"name":"TRAPER &#8211; MONTANA JACKET COOL GREY"}]},{"@type":"WebSite","@id":"https:\/\/www.errepiudine.com\/#website","url":"https:\/\/www.errepiudine.com\/","name":"Errepi Group","description":"","publisher":{"@id":"https:\/\/www.errepiudine.com\/#organization"},"potentialAction":[{"@type":"SearchAction","target":{"@type":"EntryPoint","urlTemplate":"https:\/\/www.errepiudine.com\/?s={search_term_string}"},"query-input":{"@type":"PropertyValueSpecification","valueRequired":true,"valueName":"search_term_string"}}],"inLanguage":"fr-FR"},{"@type":"Organization","@id":"https:\/\/www.errepiudine.com\/#organization","name":"Errepi Group","url":"https:\/\/www.errepiudine.com\/","logo":{"@type":"ImageObject","inLanguage":"fr-FR","@id":"https:\/\/www.errepiudine.com\/#\/schema\/logo\/image\/","url":"https:\/\/www.errepiudine.com\/wp-content\/uploads\/2025\/07\/Logo-errepi-email.png","contentUrl":"https:\/\/www.errepiudine.com\/wp-content\/uploads\/2025\/07\/Logo-errepi-email.png","width":216,"height":60,"caption":"Errepi Group"},"image":{"@id":"https:\/\/www.errepiudine.com\/#\/schema\/logo\/image\/"},"sameAs":["https:\/\/www.facebook.com\/errepiudine\/"]}]}},"_links":{"self":[{"href":"https:\/\/www.errepiudine.com\/fr\/wp-json\/wp\/v2\/product\/54740","targetHints":{"allow":["GET"]}}],"collection":[{"href":"https:\/\/www.errepiudine.com\/fr\/wp-json\/wp\/v2\/product"}],"about":[{"href":"https:\/\/www.errepiudine.com\/fr\/wp-json\/wp\/v2\/types\/product"}],"wp:featuredmedia":[{"embeddable":true,"href":"https:\/\/www.errepiudine.com\/fr\/wp-json\/wp\/v2\/media\/148501"}],"wp:attachment":[{"href":"https:\/\/www.errepiudine.com\/fr\/wp-json\/wp\/v2\/media?parent=54740"}],"wp:term":[{"taxonomy":"product_brand","embeddable":true,"href":"https:\/\/www.errepiudine.com\/fr\/wp-json\/wp\/v2\/product_brand?post=54740"},{"taxonomy":"product_cat","embeddable":true,"href":"https:\/\/www.errepiudine.com\/fr\/wp-json\/wp\/v2\/product_cat?post=54740"},{"taxonomy":"product_tag","embeddable":true,"href":"https:\/\/www.errepiudine.com\/fr\/wp-json\/wp\/v2\/product_tag?post=54740"}],"curies":[{"name":"wp","href":"https:\/\/api.w.org\/{rel}","templated":true}]}}