{"id":54688,"date":"2024-05-23T15:34:36","date_gmt":"2024-05-23T13:34:36","guid":{"rendered":"https:\/\/www.errepiudine.com\/?post_type=product&#038;p=54688"},"modified":"2024-07-01T11:23:16","modified_gmt":"2024-07-01T09:23:16","slug":"traper-utah-insulated-jacket","status":"publish","type":"product","link":"https:\/\/www.errepiudine.com\/fr\/traper-utah-insulated-jacket\/","title":{"rendered":"TRAPER &#8211; UTAH INSULATED JACKET"},"content":{"rendered":"<p>Le tissu Hydrotec \u00e0 trois couches, extr\u00eamement r\u00e9sistant et imperm\u00e9able, constitue l&#8217;enveloppe ext\u00e9rieure des vestes Utah. Les vestes modernes et parfaitement con\u00e7ues sont le choix le plus attrayant pour les p\u00eacheurs \u00e0 la mouche et aux leurres. La forme parfaite permet des mouvements actifs pendant la p\u00eache. Les vestes sont \u00e9quip\u00e9es de poches de poitrine pratiques. Chacune des deux poches se compose de trois compartiments distincts. Le premier, destin\u00e9 \u00e0 r\u00e9chauffer les mains, est ferm\u00e9 par une fermeture \u00e9clair \u00e9tanche. Les deux autres permettent de ranger des bo\u00eetes pratiques contenant des mouches ou des leurres. Une poche suppl\u00e9mentaire sur le bras permet de ranger les permis. Toutes les fermetures \u00e9clair YKK sont \u00e9tanches. \u00c0 c\u00f4t\u00e9 des poches de poitrine se trouvent deux \u00e9carteurs \u00e0 ressort couverts pour les pinces et les cutters. Dans la partie sup\u00e9rieure du dos se trouve un support couvert pour l&#8217;\u00e9puisette. Deux anneaux en D se trouvent dans la partie inf\u00e9rieure de la partie avant. La partie inf\u00e9rieure est \u00e9quip\u00e9e d&#8217;un passepoil coupe-vent.<\/p>\n<p>La veste isol\u00e9e Utah est dot\u00e9e d&#8217;une isolation chaude PrimaLoft Silver Active. Cela garantit la chaleur lors des journ\u00e9es les plus froides. Le corps est rembourr\u00e9 avec du PrimaLoft Silver Active 80g, et la capuche avec du PrimaLoft Silver Active 60g.<\/p>\n","protected":false},"excerpt":{"rendered":"<p>La veste isol\u00e9e Utah est dot\u00e9e d&#8217;une isolation chaude PrimaLoft Silver Active. Cela garantit la chaleur lors des journ\u00e9es les plus froides. Le corps est rembourr\u00e9 avec du PrimaLoft Silver Active 80g, et la capuche avec du PrimaLoft Silver Active 60g.<\/p>\n","protected":false},"featured_media":148544,"template":"","meta":[],"product_brand":[3429],"product_cat":[3680,3624],"product_tag":[],"class_list":{"0":"post-54688","1":"product","2":"type-product","3":"status-publish","4":"has-post-thumbnail","6":"product_brand-traper","7":"product_cat-impermeables-et-vestes","8":"product_cat-vetements-et-wading","9":"pa_marca-traper-fr","11":"first","12":"outofstock","13":"taxable","14":"shipping-taxable","15":"purchasable","16":"product-type-variable"},"yoast_head":"<!-- This site is optimized with the Yoast SEO plugin v27.1.1 - https:\/\/yoast.com\/product\/yoast-seo-wordpress\/ -->\n<title>TRAPER - UTAH INSULATED JACKET - Errepi tutto per pesca a mosca<\/title>\n<meta name=\"description\" content=\"La veste isol\u00e9e Utah est dot\u00e9e d&#039;une isolation chaude PrimaLoft Silver Active. Cela garantit la chaleur lors des journ\u00e9es les plus froides. Le corps est rembourr\u00e9 avec du PrimaLoft Silver Active 80g, et la capuche avec du PrimaLoft Silver Active 60g.\" \/>\n<meta name=\"robots\" content=\"index, follow, max-snippet:-1, max-image-preview:large, max-video-preview:-1\" \/>\n<link rel=\"canonical\" href=\"https:\/\/www.errepiudine.com\/fr\/traper-utah-insulated-jacket\/\" \/>\n<meta property=\"og:locale\" content=\"fr_FR\" \/>\n<meta property=\"og:type\" content=\"article\" \/>\n<meta property=\"og:title\" content=\"TRAPER - UTAH INSULATED JACKET - Errepi tutto per pesca a mosca\" \/>\n<meta property=\"og:description\" content=\"La veste isol\u00e9e Utah est dot\u00e9e d&#039;une isolation chaude PrimaLoft Silver Active. Cela garantit la chaleur lors des journ\u00e9es les plus froides. Le corps est rembourr\u00e9 avec du PrimaLoft Silver Active 80g, et la capuche avec du PrimaLoft Silver Active 60g.\" \/>\n<meta property=\"og:url\" content=\"https:\/\/www.errepiudine.com\/fr\/traper-utah-insulated-jacket\/\" \/>\n<meta property=\"og:site_name\" content=\"Errepi Group\" \/>\n<meta property=\"article:publisher\" content=\"https:\/\/www.facebook.com\/errepiudine\/\" \/>\n<meta property=\"article:modified_time\" content=\"2024-07-01T09:23:16+00:00\" \/>\n<meta property=\"og:image\" content=\"https:\/\/www.errepiudine.com\/wp-content\/uploads\/2024\/05\/AB205.jpg\" \/>\n\t<meta property=\"og:image:width\" content=\"700\" \/>\n\t<meta property=\"og:image:height\" content=\"800\" \/>\n\t<meta property=\"og:image:type\" content=\"image\/jpeg\" \/>\n<meta name=\"twitter:card\" content=\"summary_large_image\" \/>\n<meta name=\"twitter:label1\" content=\"Dur\u00e9e de lecture estim\u00e9e\" \/>\n\t<meta name=\"twitter:data1\" content=\"1 minute\" \/>\n<script type=\"application\/ld+json\" class=\"yoast-schema-graph\">{\"@context\":\"https:\/\/schema.org\",\"@graph\":[{\"@type\":\"WebPage\",\"@id\":\"https:\/\/www.errepiudine.com\/fr\/traper-utah-insulated-jacket\/\",\"url\":\"https:\/\/www.errepiudine.com\/fr\/traper-utah-insulated-jacket\/\",\"name\":\"TRAPER - UTAH INSULATED JACKET - Errepi tutto per pesca a mosca\",\"isPartOf\":{\"@id\":\"https:\/\/www.errepiudine.com\/#website\"},\"primaryImageOfPage\":{\"@id\":\"https:\/\/www.errepiudine.com\/fr\/traper-utah-insulated-jacket\/#primaryimage\"},\"image\":{\"@id\":\"https:\/\/www.errepiudine.com\/fr\/traper-utah-insulated-jacket\/#primaryimage\"},\"thumbnailUrl\":\"https:\/\/www.errepiudine.com\/wp-content\/uploads\/2024\/05\/AB205.jpg\",\"datePublished\":\"2024-05-23T13:34:36+00:00\",\"dateModified\":\"2024-07-01T09:23:16+00:00\",\"description\":\"La veste isol\u00e9e Utah est dot\u00e9e d'une isolation chaude PrimaLoft Silver Active. Cela garantit la chaleur lors des journ\u00e9es les plus froides. Le corps est rembourr\u00e9 avec du PrimaLoft Silver Active 80g, et la capuche avec du PrimaLoft Silver Active 60g.\",\"breadcrumb\":{\"@id\":\"https:\/\/www.errepiudine.com\/fr\/traper-utah-insulated-jacket\/#breadcrumb\"},\"inLanguage\":\"fr-FR\",\"potentialAction\":[{\"@type\":\"ReadAction\",\"target\":[\"https:\/\/www.errepiudine.com\/fr\/traper-utah-insulated-jacket\/\"]}]},{\"@type\":\"ImageObject\",\"inLanguage\":\"fr-FR\",\"@id\":\"https:\/\/www.errepiudine.com\/fr\/traper-utah-insulated-jacket\/#primaryimage\",\"url\":\"https:\/\/www.errepiudine.com\/wp-content\/uploads\/2024\/05\/AB205.jpg\",\"contentUrl\":\"https:\/\/www.errepiudine.com\/wp-content\/uploads\/2024\/05\/AB205.jpg\",\"width\":700,\"height\":800,\"caption\":\"AB205\"},{\"@type\":\"BreadcrumbList\",\"@id\":\"https:\/\/www.errepiudine.com\/fr\/traper-utah-insulated-jacket\/#breadcrumb\",\"itemListElement\":[{\"@type\":\"ListItem\",\"position\":1,\"name\":\"Home\",\"item\":\"https:\/\/www.errepiudine.com\/fr\/\"},{\"@type\":\"ListItem\",\"position\":2,\"name\":\"Boutique\",\"item\":\"https:\/\/www.errepiudine.com\/fr\/boutique\/\"},{\"@type\":\"ListItem\",\"position\":3,\"name\":\"TRAPER &#8211; UTAH INSULATED JACKET\"}]},{\"@type\":\"WebSite\",\"@id\":\"https:\/\/www.errepiudine.com\/#website\",\"url\":\"https:\/\/www.errepiudine.com\/\",\"name\":\"Errepi Group\",\"description\":\"\",\"publisher\":{\"@id\":\"https:\/\/www.errepiudine.com\/#organization\"},\"potentialAction\":[{\"@type\":\"SearchAction\",\"target\":{\"@type\":\"EntryPoint\",\"urlTemplate\":\"https:\/\/www.errepiudine.com\/?s={search_term_string}\"},\"query-input\":{\"@type\":\"PropertyValueSpecification\",\"valueRequired\":true,\"valueName\":\"search_term_string\"}}],\"inLanguage\":\"fr-FR\"},{\"@type\":\"Organization\",\"@id\":\"https:\/\/www.errepiudine.com\/#organization\",\"name\":\"Errepi Group\",\"url\":\"https:\/\/www.errepiudine.com\/\",\"logo\":{\"@type\":\"ImageObject\",\"inLanguage\":\"fr-FR\",\"@id\":\"https:\/\/www.errepiudine.com\/#\/schema\/logo\/image\/\",\"url\":\"https:\/\/www.errepiudine.com\/wp-content\/uploads\/2025\/07\/Logo-errepi-email.png\",\"contentUrl\":\"https:\/\/www.errepiudine.com\/wp-content\/uploads\/2025\/07\/Logo-errepi-email.png\",\"width\":216,\"height\":60,\"caption\":\"Errepi Group\"},\"image\":{\"@id\":\"https:\/\/www.errepiudine.com\/#\/schema\/logo\/image\/\"},\"sameAs\":[\"https:\/\/www.facebook.com\/errepiudine\/\"]}]}<\/script>\n<!-- \/ Yoast SEO plugin. -->","yoast_head_json":{"title":"TRAPER - UTAH INSULATED JACKET - Errepi tutto per pesca a mosca","description":"La veste isol\u00e9e Utah est dot\u00e9e d'une isolation chaude PrimaLoft Silver Active. Cela garantit la chaleur lors des journ\u00e9es les plus froides. Le corps est rembourr\u00e9 avec du PrimaLoft Silver Active 80g, et la capuche avec du PrimaLoft Silver Active 60g.","robots":{"index":"index","follow":"follow","max-snippet":"max-snippet:-1","max-image-preview":"max-image-preview:large","max-video-preview":"max-video-preview:-1"},"canonical":"https:\/\/www.errepiudine.com\/fr\/traper-utah-insulated-jacket\/","og_locale":"fr_FR","og_type":"article","og_title":"TRAPER - UTAH INSULATED JACKET - Errepi tutto per pesca a mosca","og_description":"La veste isol\u00e9e Utah est dot\u00e9e d'une isolation chaude PrimaLoft Silver Active. Cela garantit la chaleur lors des journ\u00e9es les plus froides. Le corps est rembourr\u00e9 avec du PrimaLoft Silver Active 80g, et la capuche avec du PrimaLoft Silver Active 60g.","og_url":"https:\/\/www.errepiudine.com\/fr\/traper-utah-insulated-jacket\/","og_site_name":"Errepi Group","article_publisher":"https:\/\/www.facebook.com\/errepiudine\/","article_modified_time":"2024-07-01T09:23:16+00:00","og_image":[{"width":700,"height":800,"url":"https:\/\/www.errepiudine.com\/wp-content\/uploads\/2024\/05\/AB205.jpg","type":"image\/jpeg"}],"twitter_card":"summary_large_image","twitter_misc":{"Dur\u00e9e de lecture estim\u00e9e":"1 minute"},"schema":{"@context":"https:\/\/schema.org","@graph":[{"@type":"WebPage","@id":"https:\/\/www.errepiudine.com\/fr\/traper-utah-insulated-jacket\/","url":"https:\/\/www.errepiudine.com\/fr\/traper-utah-insulated-jacket\/","name":"TRAPER - UTAH INSULATED JACKET - Errepi tutto per pesca a mosca","isPartOf":{"@id":"https:\/\/www.errepiudine.com\/#website"},"primaryImageOfPage":{"@id":"https:\/\/www.errepiudine.com\/fr\/traper-utah-insulated-jacket\/#primaryimage"},"image":{"@id":"https:\/\/www.errepiudine.com\/fr\/traper-utah-insulated-jacket\/#primaryimage"},"thumbnailUrl":"https:\/\/www.errepiudine.com\/wp-content\/uploads\/2024\/05\/AB205.jpg","datePublished":"2024-05-23T13:34:36+00:00","dateModified":"2024-07-01T09:23:16+00:00","description":"La veste isol\u00e9e Utah est dot\u00e9e d'une isolation chaude PrimaLoft Silver Active. Cela garantit la chaleur lors des journ\u00e9es les plus froides. Le corps est rembourr\u00e9 avec du PrimaLoft Silver Active 80g, et la capuche avec du PrimaLoft Silver Active 60g.","breadcrumb":{"@id":"https:\/\/www.errepiudine.com\/fr\/traper-utah-insulated-jacket\/#breadcrumb"},"inLanguage":"fr-FR","potentialAction":[{"@type":"ReadAction","target":["https:\/\/www.errepiudine.com\/fr\/traper-utah-insulated-jacket\/"]}]},{"@type":"ImageObject","inLanguage":"fr-FR","@id":"https:\/\/www.errepiudine.com\/fr\/traper-utah-insulated-jacket\/#primaryimage","url":"https:\/\/www.errepiudine.com\/wp-content\/uploads\/2024\/05\/AB205.jpg","contentUrl":"https:\/\/www.errepiudine.com\/wp-content\/uploads\/2024\/05\/AB205.jpg","width":700,"height":800,"caption":"AB205"},{"@type":"BreadcrumbList","@id":"https:\/\/www.errepiudine.com\/fr\/traper-utah-insulated-jacket\/#breadcrumb","itemListElement":[{"@type":"ListItem","position":1,"name":"Home","item":"https:\/\/www.errepiudine.com\/fr\/"},{"@type":"ListItem","position":2,"name":"Boutique","item":"https:\/\/www.errepiudine.com\/fr\/boutique\/"},{"@type":"ListItem","position":3,"name":"TRAPER &#8211; UTAH INSULATED JACKET"}]},{"@type":"WebSite","@id":"https:\/\/www.errepiudine.com\/#website","url":"https:\/\/www.errepiudine.com\/","name":"Errepi Group","description":"","publisher":{"@id":"https:\/\/www.errepiudine.com\/#organization"},"potentialAction":[{"@type":"SearchAction","target":{"@type":"EntryPoint","urlTemplate":"https:\/\/www.errepiudine.com\/?s={search_term_string}"},"query-input":{"@type":"PropertyValueSpecification","valueRequired":true,"valueName":"search_term_string"}}],"inLanguage":"fr-FR"},{"@type":"Organization","@id":"https:\/\/www.errepiudine.com\/#organization","name":"Errepi Group","url":"https:\/\/www.errepiudine.com\/","logo":{"@type":"ImageObject","inLanguage":"fr-FR","@id":"https:\/\/www.errepiudine.com\/#\/schema\/logo\/image\/","url":"https:\/\/www.errepiudine.com\/wp-content\/uploads\/2025\/07\/Logo-errepi-email.png","contentUrl":"https:\/\/www.errepiudine.com\/wp-content\/uploads\/2025\/07\/Logo-errepi-email.png","width":216,"height":60,"caption":"Errepi Group"},"image":{"@id":"https:\/\/www.errepiudine.com\/#\/schema\/logo\/image\/"},"sameAs":["https:\/\/www.facebook.com\/errepiudine\/"]}]}},"_links":{"self":[{"href":"https:\/\/www.errepiudine.com\/fr\/wp-json\/wp\/v2\/product\/54688","targetHints":{"allow":["GET"]}}],"collection":[{"href":"https:\/\/www.errepiudine.com\/fr\/wp-json\/wp\/v2\/product"}],"about":[{"href":"https:\/\/www.errepiudine.com\/fr\/wp-json\/wp\/v2\/types\/product"}],"wp:featuredmedia":[{"embeddable":true,"href":"https:\/\/www.errepiudine.com\/fr\/wp-json\/wp\/v2\/media\/148544"}],"wp:attachment":[{"href":"https:\/\/www.errepiudine.com\/fr\/wp-json\/wp\/v2\/media?parent=54688"}],"wp:term":[{"taxonomy":"product_brand","embeddable":true,"href":"https:\/\/www.errepiudine.com\/fr\/wp-json\/wp\/v2\/product_brand?post=54688"},{"taxonomy":"product_cat","embeddable":true,"href":"https:\/\/www.errepiudine.com\/fr\/wp-json\/wp\/v2\/product_cat?post=54688"},{"taxonomy":"product_tag","embeddable":true,"href":"https:\/\/www.errepiudine.com\/fr\/wp-json\/wp\/v2\/product_tag?post=54688"}],"curies":[{"name":"wp","href":"https:\/\/api.w.org\/{rel}","templated":true}]}}