{"id":54554,"date":"2024-05-23T15:34:30","date_gmt":"2024-05-23T13:34:30","guid":{"rendered":"https:\/\/www.errepiudine.com\/?post_type=product&#038;p=54554"},"modified":"2024-07-01T11:18:00","modified_gmt":"2024-07-01T09:18:00","slug":"simms-guide-classic-jacket-carbon","status":"publish","type":"product","link":"https:\/\/www.errepiudine.com\/fr\/simms-guide-classic-jacket-carbon\/","title":{"rendered":"SIMMS &#8211; GUIDE CLASSIC JACKET CARBON"},"content":{"rendered":"<p>Les nouvelles vestes Simms Guide Classic sont parmi les meilleures vestes de wading Gore-Tex que vous pouvez acheter. Cette veste, con\u00e7ue pour les conditions m\u00e9t\u00e9orologiques extr\u00eames, est fabriqu\u00e9e en tissu GORE-TEX\u00ae Performance Shell 3 couches hautement respirant.<\/p>\n<ul>\n<li>Capuche r\u00e9glable en un point avec col haut et bord coll\u00e9 pour filtrer la pluie.<\/li>\n<li>Patch frontal avec crochet et boucle pour ranger les mouches s\u00e8ches et anneau en D au centre du dos pour attacher l&#8217;\u00e9puisette.<\/li>\n<li>Deux grandes poches de poitrine con\u00e7ues pour transporter des bo\u00eetes \u00e0 mouches et une poche de poitrine int\u00e9rieure zipp\u00e9e pour les objets essentiels.<\/li>\n<li>Deux poches chauffe-mains fendues sont situ\u00e9es en hauteur derri\u00e8re les poches de poitrine et sont doubl\u00e9es de tricot bross\u00e9 pour une chaleur intense en plong\u00e9e<\/li>\n<li>L&#8217;ourlet haut \u00e0 la taille se ferme avec un cordon de serrage \u00e9lastique pour s&#8217;adapter parfaitement aux waders.<\/li>\n<\/ul>\n<p><strong>Technologie<\/strong> : GORE-TEX 3 couches &#8211; 70D 100% nylon avec DWR\/100% tricot de nylon<\/p>\n","protected":false},"excerpt":{"rendered":"<p>Cette veste, con\u00e7ue pour les conditions m\u00e9t\u00e9orologiques extr\u00eames, est fabriqu\u00e9e en tissu GORE-TEX\u00ae Performance Shell 3 couches hautement respirant.<\/p>\n","protected":false},"featured_media":148469,"template":"","meta":[],"product_brand":[3423],"product_cat":[3680,3624],"product_tag":[],"class_list":{"0":"post-54554","1":"product","2":"type-product","3":"status-publish","4":"has-post-thumbnail","6":"product_brand-simms","7":"product_cat-impermeables-et-vestes","8":"product_cat-vetements-et-wading","9":"pa_marca-simms-fr","11":"first","12":"instock","13":"taxable","14":"shipping-taxable","15":"purchasable","16":"product-type-variable"},"yoast_head":"<!-- This site is optimized with the Yoast SEO plugin v27.1.1 - https:\/\/yoast.com\/product\/yoast-seo-wordpress\/ -->\n<title>SIMMS - GUIDE CLASSIC JACKET CARBON - Errepi tutto per pesca a mosca<\/title>\n<meta name=\"description\" content=\"Cette veste, con\u00e7ue pour les conditions m\u00e9t\u00e9orologiques extr\u00eames, est fabriqu\u00e9e en tissu GORE-TEX\u00ae Performance Shell 3 couches hautement respirant.\" \/>\n<meta name=\"robots\" content=\"index, follow, max-snippet:-1, max-image-preview:large, max-video-preview:-1\" \/>\n<link rel=\"canonical\" href=\"https:\/\/www.errepiudine.com\/fr\/simms-guide-classic-jacket-carbon\/\" \/>\n<meta property=\"og:locale\" content=\"fr_FR\" \/>\n<meta property=\"og:type\" content=\"article\" \/>\n<meta property=\"og:title\" content=\"SIMMS - GUIDE CLASSIC JACKET CARBON - Errepi tutto per pesca a mosca\" \/>\n<meta property=\"og:description\" content=\"Cette veste, con\u00e7ue pour les conditions m\u00e9t\u00e9orologiques extr\u00eames, est fabriqu\u00e9e en tissu GORE-TEX\u00ae Performance Shell 3 couches hautement respirant.\" \/>\n<meta property=\"og:url\" content=\"https:\/\/www.errepiudine.com\/fr\/simms-guide-classic-jacket-carbon\/\" \/>\n<meta property=\"og:site_name\" content=\"Errepi Group\" \/>\n<meta property=\"article:publisher\" content=\"https:\/\/www.facebook.com\/errepiudine\/\" \/>\n<meta property=\"article:modified_time\" content=\"2024-07-01T09:18:00+00:00\" \/>\n<meta property=\"og:image\" content=\"https:\/\/www.errepiudine.com\/wp-content\/uploads\/2024\/05\/AB0404.jpg\" \/>\n\t<meta property=\"og:image:width\" content=\"700\" \/>\n\t<meta property=\"og:image:height\" content=\"800\" \/>\n\t<meta property=\"og:image:type\" content=\"image\/jpeg\" \/>\n<meta name=\"twitter:card\" content=\"summary_large_image\" \/>\n<meta name=\"twitter:label1\" content=\"Dur\u00e9e de lecture estim\u00e9e\" \/>\n\t<meta name=\"twitter:data1\" content=\"1 minute\" \/>\n<script type=\"application\/ld+json\" class=\"yoast-schema-graph\">{\"@context\":\"https:\/\/schema.org\",\"@graph\":[{\"@type\":\"WebPage\",\"@id\":\"https:\/\/www.errepiudine.com\/fr\/simms-guide-classic-jacket-carbon\/\",\"url\":\"https:\/\/www.errepiudine.com\/fr\/simms-guide-classic-jacket-carbon\/\",\"name\":\"SIMMS - GUIDE CLASSIC JACKET CARBON - Errepi tutto per pesca a mosca\",\"isPartOf\":{\"@id\":\"https:\/\/www.errepiudine.com\/#website\"},\"primaryImageOfPage\":{\"@id\":\"https:\/\/www.errepiudine.com\/fr\/simms-guide-classic-jacket-carbon\/#primaryimage\"},\"image\":{\"@id\":\"https:\/\/www.errepiudine.com\/fr\/simms-guide-classic-jacket-carbon\/#primaryimage\"},\"thumbnailUrl\":\"https:\/\/www.errepiudine.com\/wp-content\/uploads\/2024\/05\/AB0404.jpg\",\"datePublished\":\"2024-05-23T13:34:30+00:00\",\"dateModified\":\"2024-07-01T09:18:00+00:00\",\"description\":\"Cette veste, con\u00e7ue pour les conditions m\u00e9t\u00e9orologiques extr\u00eames, est fabriqu\u00e9e en tissu GORE-TEX\u00ae Performance Shell 3 couches hautement respirant.\",\"breadcrumb\":{\"@id\":\"https:\/\/www.errepiudine.com\/fr\/simms-guide-classic-jacket-carbon\/#breadcrumb\"},\"inLanguage\":\"fr-FR\",\"potentialAction\":[{\"@type\":\"ReadAction\",\"target\":[\"https:\/\/www.errepiudine.com\/fr\/simms-guide-classic-jacket-carbon\/\"]}]},{\"@type\":\"ImageObject\",\"inLanguage\":\"fr-FR\",\"@id\":\"https:\/\/www.errepiudine.com\/fr\/simms-guide-classic-jacket-carbon\/#primaryimage\",\"url\":\"https:\/\/www.errepiudine.com\/wp-content\/uploads\/2024\/05\/AB0404.jpg\",\"contentUrl\":\"https:\/\/www.errepiudine.com\/wp-content\/uploads\/2024\/05\/AB0404.jpg\",\"width\":700,\"height\":800,\"caption\":\"AB0404\"},{\"@type\":\"BreadcrumbList\",\"@id\":\"https:\/\/www.errepiudine.com\/fr\/simms-guide-classic-jacket-carbon\/#breadcrumb\",\"itemListElement\":[{\"@type\":\"ListItem\",\"position\":1,\"name\":\"Home\",\"item\":\"https:\/\/www.errepiudine.com\/fr\/\"},{\"@type\":\"ListItem\",\"position\":2,\"name\":\"Boutique\",\"item\":\"https:\/\/www.errepiudine.com\/fr\/boutique\/\"},{\"@type\":\"ListItem\",\"position\":3,\"name\":\"SIMMS &#8211; GUIDE CLASSIC JACKET CARBON\"}]},{\"@type\":\"WebSite\",\"@id\":\"https:\/\/www.errepiudine.com\/#website\",\"url\":\"https:\/\/www.errepiudine.com\/\",\"name\":\"Errepi Group\",\"description\":\"\",\"publisher\":{\"@id\":\"https:\/\/www.errepiudine.com\/#organization\"},\"potentialAction\":[{\"@type\":\"SearchAction\",\"target\":{\"@type\":\"EntryPoint\",\"urlTemplate\":\"https:\/\/www.errepiudine.com\/?s={search_term_string}\"},\"query-input\":{\"@type\":\"PropertyValueSpecification\",\"valueRequired\":true,\"valueName\":\"search_term_string\"}}],\"inLanguage\":\"fr-FR\"},{\"@type\":\"Organization\",\"@id\":\"https:\/\/www.errepiudine.com\/#organization\",\"name\":\"Errepi Group\",\"url\":\"https:\/\/www.errepiudine.com\/\",\"logo\":{\"@type\":\"ImageObject\",\"inLanguage\":\"fr-FR\",\"@id\":\"https:\/\/www.errepiudine.com\/#\/schema\/logo\/image\/\",\"url\":\"https:\/\/www.errepiudine.com\/wp-content\/uploads\/2025\/07\/Logo-errepi-email.png\",\"contentUrl\":\"https:\/\/www.errepiudine.com\/wp-content\/uploads\/2025\/07\/Logo-errepi-email.png\",\"width\":216,\"height\":60,\"caption\":\"Errepi Group\"},\"image\":{\"@id\":\"https:\/\/www.errepiudine.com\/#\/schema\/logo\/image\/\"},\"sameAs\":[\"https:\/\/www.facebook.com\/errepiudine\/\"]}]}<\/script>\n<!-- \/ Yoast SEO plugin. -->","yoast_head_json":{"title":"SIMMS - GUIDE CLASSIC JACKET CARBON - Errepi tutto per pesca a mosca","description":"Cette veste, con\u00e7ue pour les conditions m\u00e9t\u00e9orologiques extr\u00eames, est fabriqu\u00e9e en tissu GORE-TEX\u00ae Performance Shell 3 couches hautement respirant.","robots":{"index":"index","follow":"follow","max-snippet":"max-snippet:-1","max-image-preview":"max-image-preview:large","max-video-preview":"max-video-preview:-1"},"canonical":"https:\/\/www.errepiudine.com\/fr\/simms-guide-classic-jacket-carbon\/","og_locale":"fr_FR","og_type":"article","og_title":"SIMMS - GUIDE CLASSIC JACKET CARBON - Errepi tutto per pesca a mosca","og_description":"Cette veste, con\u00e7ue pour les conditions m\u00e9t\u00e9orologiques extr\u00eames, est fabriqu\u00e9e en tissu GORE-TEX\u00ae Performance Shell 3 couches hautement respirant.","og_url":"https:\/\/www.errepiudine.com\/fr\/simms-guide-classic-jacket-carbon\/","og_site_name":"Errepi Group","article_publisher":"https:\/\/www.facebook.com\/errepiudine\/","article_modified_time":"2024-07-01T09:18:00+00:00","og_image":[{"width":700,"height":800,"url":"https:\/\/www.errepiudine.com\/wp-content\/uploads\/2024\/05\/AB0404.jpg","type":"image\/jpeg"}],"twitter_card":"summary_large_image","twitter_misc":{"Dur\u00e9e de lecture estim\u00e9e":"1 minute"},"schema":{"@context":"https:\/\/schema.org","@graph":[{"@type":"WebPage","@id":"https:\/\/www.errepiudine.com\/fr\/simms-guide-classic-jacket-carbon\/","url":"https:\/\/www.errepiudine.com\/fr\/simms-guide-classic-jacket-carbon\/","name":"SIMMS - GUIDE CLASSIC JACKET CARBON - Errepi tutto per pesca a mosca","isPartOf":{"@id":"https:\/\/www.errepiudine.com\/#website"},"primaryImageOfPage":{"@id":"https:\/\/www.errepiudine.com\/fr\/simms-guide-classic-jacket-carbon\/#primaryimage"},"image":{"@id":"https:\/\/www.errepiudine.com\/fr\/simms-guide-classic-jacket-carbon\/#primaryimage"},"thumbnailUrl":"https:\/\/www.errepiudine.com\/wp-content\/uploads\/2024\/05\/AB0404.jpg","datePublished":"2024-05-23T13:34:30+00:00","dateModified":"2024-07-01T09:18:00+00:00","description":"Cette veste, con\u00e7ue pour les conditions m\u00e9t\u00e9orologiques extr\u00eames, est fabriqu\u00e9e en tissu GORE-TEX\u00ae Performance Shell 3 couches hautement respirant.","breadcrumb":{"@id":"https:\/\/www.errepiudine.com\/fr\/simms-guide-classic-jacket-carbon\/#breadcrumb"},"inLanguage":"fr-FR","potentialAction":[{"@type":"ReadAction","target":["https:\/\/www.errepiudine.com\/fr\/simms-guide-classic-jacket-carbon\/"]}]},{"@type":"ImageObject","inLanguage":"fr-FR","@id":"https:\/\/www.errepiudine.com\/fr\/simms-guide-classic-jacket-carbon\/#primaryimage","url":"https:\/\/www.errepiudine.com\/wp-content\/uploads\/2024\/05\/AB0404.jpg","contentUrl":"https:\/\/www.errepiudine.com\/wp-content\/uploads\/2024\/05\/AB0404.jpg","width":700,"height":800,"caption":"AB0404"},{"@type":"BreadcrumbList","@id":"https:\/\/www.errepiudine.com\/fr\/simms-guide-classic-jacket-carbon\/#breadcrumb","itemListElement":[{"@type":"ListItem","position":1,"name":"Home","item":"https:\/\/www.errepiudine.com\/fr\/"},{"@type":"ListItem","position":2,"name":"Boutique","item":"https:\/\/www.errepiudine.com\/fr\/boutique\/"},{"@type":"ListItem","position":3,"name":"SIMMS &#8211; GUIDE CLASSIC JACKET CARBON"}]},{"@type":"WebSite","@id":"https:\/\/www.errepiudine.com\/#website","url":"https:\/\/www.errepiudine.com\/","name":"Errepi Group","description":"","publisher":{"@id":"https:\/\/www.errepiudine.com\/#organization"},"potentialAction":[{"@type":"SearchAction","target":{"@type":"EntryPoint","urlTemplate":"https:\/\/www.errepiudine.com\/?s={search_term_string}"},"query-input":{"@type":"PropertyValueSpecification","valueRequired":true,"valueName":"search_term_string"}}],"inLanguage":"fr-FR"},{"@type":"Organization","@id":"https:\/\/www.errepiudine.com\/#organization","name":"Errepi Group","url":"https:\/\/www.errepiudine.com\/","logo":{"@type":"ImageObject","inLanguage":"fr-FR","@id":"https:\/\/www.errepiudine.com\/#\/schema\/logo\/image\/","url":"https:\/\/www.errepiudine.com\/wp-content\/uploads\/2025\/07\/Logo-errepi-email.png","contentUrl":"https:\/\/www.errepiudine.com\/wp-content\/uploads\/2025\/07\/Logo-errepi-email.png","width":216,"height":60,"caption":"Errepi Group"},"image":{"@id":"https:\/\/www.errepiudine.com\/#\/schema\/logo\/image\/"},"sameAs":["https:\/\/www.facebook.com\/errepiudine\/"]}]}},"_links":{"self":[{"href":"https:\/\/www.errepiudine.com\/fr\/wp-json\/wp\/v2\/product\/54554","targetHints":{"allow":["GET"]}}],"collection":[{"href":"https:\/\/www.errepiudine.com\/fr\/wp-json\/wp\/v2\/product"}],"about":[{"href":"https:\/\/www.errepiudine.com\/fr\/wp-json\/wp\/v2\/types\/product"}],"wp:featuredmedia":[{"embeddable":true,"href":"https:\/\/www.errepiudine.com\/fr\/wp-json\/wp\/v2\/media\/148469"}],"wp:attachment":[{"href":"https:\/\/www.errepiudine.com\/fr\/wp-json\/wp\/v2\/media?parent=54554"}],"wp:term":[{"taxonomy":"product_brand","embeddable":true,"href":"https:\/\/www.errepiudine.com\/fr\/wp-json\/wp\/v2\/product_brand?post=54554"},{"taxonomy":"product_cat","embeddable":true,"href":"https:\/\/www.errepiudine.com\/fr\/wp-json\/wp\/v2\/product_cat?post=54554"},{"taxonomy":"product_tag","embeddable":true,"href":"https:\/\/www.errepiudine.com\/fr\/wp-json\/wp\/v2\/product_tag?post=54554"}],"curies":[{"name":"wp","href":"https:\/\/api.w.org\/{rel}","templated":true}]}}