{"id":54530,"date":"2024-05-23T15:34:30","date_gmt":"2024-05-23T13:34:30","guid":{"rendered":"https:\/\/www.errepiudine.com\/?post_type=product&#038;p=54530"},"modified":"2024-07-01T11:08:20","modified_gmt":"2024-07-01T09:08:20","slug":"devaux-antipioggia-dvx-human","status":"publish","type":"product","link":"https:\/\/www.errepiudine.com\/fr\/devaux-antipioggia-dvx-human\/","title":{"rendered":"DEVAUX &#8211; ANTIPIOGGIA DVX HUMAN"},"content":{"rendered":"<p>Veste de pluie DVX HUMAN en microfibre imperm\u00e9able et respirante de haute qualit\u00e9. Tr\u00e8s confortable et l\u00e9g\u00e8re, la veste imperm\u00e9able HUMAN vous offrira une grande libert\u00e9 de mouvement m\u00eame lors des sauts. Les parties les plus expos\u00e9es comme les \u00e9paules et les bras sont renforc\u00e9es pour une meilleure protection et plus de robustesse.<\/p>\n<p>Un excellent rapport qualit\u00e9\/prix !<\/p>\n<ul>\n<li>Doublure int\u00e9rieure en toile<\/li>\n<li>2 poches avant avec zip HKK<\/li>\n<li>2 poches int\u00e9rieures<\/li>\n<li>Taille ajustable avec \u00e9lastique<\/li>\n<li>Capuche avec \u00e9lastique<\/li>\n<li>Fermeture frontale avec zip YKK et renforc\u00e9e par des boutons<\/li>\n<li>Manches \u00e9lastiques avec fermeture velcro<\/li>\n<\/ul>\n","protected":false},"excerpt":{"rendered":"<p>Veste de pluie DVX HUMAN en microfibre imperm\u00e9able et respirante de haute qualit\u00e9.<\/p>\n","protected":false},"featured_media":148345,"template":"","meta":[],"product_brand":[3428],"product_cat":[3680,3624],"product_tag":[],"class_list":{"0":"post-54530","1":"product","2":"type-product","3":"status-publish","4":"has-post-thumbnail","6":"product_brand-devaux","7":"product_cat-impermeables-et-vestes","8":"product_cat-vetements-et-wading","9":"pa_marca-devaux-fr","11":"first","12":"instock","13":"taxable","14":"shipping-taxable","15":"purchasable","16":"product-type-variable"},"yoast_head":"<!-- This site is optimized with the Yoast SEO plugin v27.1.1 - https:\/\/yoast.com\/product\/yoast-seo-wordpress\/ -->\n<title>DEVAUX - ANTIPIOGGIA DVX HUMAN - Errepi tutto per pesca a mosca<\/title>\n<meta name=\"description\" content=\"Veste de pluie DVX HUMAN en microfibre imperm\u00e9able et respirante de haute qualit\u00e9.\" \/>\n<meta name=\"robots\" content=\"index, follow, max-snippet:-1, max-image-preview:large, max-video-preview:-1\" \/>\n<link rel=\"canonical\" href=\"https:\/\/www.errepiudine.com\/fr\/devaux-antipioggia-dvx-human\/\" \/>\n<meta property=\"og:locale\" content=\"fr_FR\" \/>\n<meta property=\"og:type\" content=\"article\" \/>\n<meta property=\"og:title\" content=\"DEVAUX - ANTIPIOGGIA DVX HUMAN - Errepi tutto per pesca a mosca\" \/>\n<meta property=\"og:description\" content=\"Veste de pluie DVX HUMAN en microfibre imperm\u00e9able et respirante de haute qualit\u00e9.\" \/>\n<meta property=\"og:url\" content=\"https:\/\/www.errepiudine.com\/fr\/devaux-antipioggia-dvx-human\/\" \/>\n<meta property=\"og:site_name\" content=\"Errepi Group\" \/>\n<meta property=\"article:publisher\" content=\"https:\/\/www.facebook.com\/errepiudine\/\" \/>\n<meta property=\"article:modified_time\" content=\"2024-07-01T09:08:20+00:00\" \/>\n<meta property=\"og:image\" content=\"https:\/\/www.errepiudine.com\/wp-content\/uploads\/2024\/05\/AB0401.jpg\" \/>\n\t<meta property=\"og:image:width\" content=\"700\" \/>\n\t<meta property=\"og:image:height\" content=\"800\" \/>\n\t<meta property=\"og:image:type\" content=\"image\/jpeg\" \/>\n<meta name=\"twitter:card\" content=\"summary_large_image\" \/>\n<meta name=\"twitter:label1\" content=\"Dur\u00e9e de lecture estim\u00e9e\" \/>\n\t<meta name=\"twitter:data1\" content=\"1 minute\" \/>\n<script type=\"application\/ld+json\" class=\"yoast-schema-graph\">{\"@context\":\"https:\/\/schema.org\",\"@graph\":[{\"@type\":\"WebPage\",\"@id\":\"https:\/\/www.errepiudine.com\/fr\/devaux-antipioggia-dvx-human\/\",\"url\":\"https:\/\/www.errepiudine.com\/fr\/devaux-antipioggia-dvx-human\/\",\"name\":\"DEVAUX - ANTIPIOGGIA DVX HUMAN - Errepi tutto per pesca a mosca\",\"isPartOf\":{\"@id\":\"https:\/\/www.errepiudine.com\/#website\"},\"primaryImageOfPage\":{\"@id\":\"https:\/\/www.errepiudine.com\/fr\/devaux-antipioggia-dvx-human\/#primaryimage\"},\"image\":{\"@id\":\"https:\/\/www.errepiudine.com\/fr\/devaux-antipioggia-dvx-human\/#primaryimage\"},\"thumbnailUrl\":\"https:\/\/www.errepiudine.com\/wp-content\/uploads\/2024\/05\/AB0401.jpg\",\"datePublished\":\"2024-05-23T13:34:30+00:00\",\"dateModified\":\"2024-07-01T09:08:20+00:00\",\"description\":\"Veste de pluie DVX HUMAN en microfibre imperm\u00e9able et respirante de haute qualit\u00e9.\",\"breadcrumb\":{\"@id\":\"https:\/\/www.errepiudine.com\/fr\/devaux-antipioggia-dvx-human\/#breadcrumb\"},\"inLanguage\":\"fr-FR\",\"potentialAction\":[{\"@type\":\"ReadAction\",\"target\":[\"https:\/\/www.errepiudine.com\/fr\/devaux-antipioggia-dvx-human\/\"]}]},{\"@type\":\"ImageObject\",\"inLanguage\":\"fr-FR\",\"@id\":\"https:\/\/www.errepiudine.com\/fr\/devaux-antipioggia-dvx-human\/#primaryimage\",\"url\":\"https:\/\/www.errepiudine.com\/wp-content\/uploads\/2024\/05\/AB0401.jpg\",\"contentUrl\":\"https:\/\/www.errepiudine.com\/wp-content\/uploads\/2024\/05\/AB0401.jpg\",\"width\":700,\"height\":800,\"caption\":\"AB0401\"},{\"@type\":\"BreadcrumbList\",\"@id\":\"https:\/\/www.errepiudine.com\/fr\/devaux-antipioggia-dvx-human\/#breadcrumb\",\"itemListElement\":[{\"@type\":\"ListItem\",\"position\":1,\"name\":\"Home\",\"item\":\"https:\/\/www.errepiudine.com\/fr\/\"},{\"@type\":\"ListItem\",\"position\":2,\"name\":\"Boutique\",\"item\":\"https:\/\/www.errepiudine.com\/fr\/boutique\/\"},{\"@type\":\"ListItem\",\"position\":3,\"name\":\"DEVAUX &#8211; ANTIPIOGGIA DVX HUMAN\"}]},{\"@type\":\"WebSite\",\"@id\":\"https:\/\/www.errepiudine.com\/#website\",\"url\":\"https:\/\/www.errepiudine.com\/\",\"name\":\"Errepi Group\",\"description\":\"\",\"publisher\":{\"@id\":\"https:\/\/www.errepiudine.com\/#organization\"},\"potentialAction\":[{\"@type\":\"SearchAction\",\"target\":{\"@type\":\"EntryPoint\",\"urlTemplate\":\"https:\/\/www.errepiudine.com\/?s={search_term_string}\"},\"query-input\":{\"@type\":\"PropertyValueSpecification\",\"valueRequired\":true,\"valueName\":\"search_term_string\"}}],\"inLanguage\":\"fr-FR\"},{\"@type\":\"Organization\",\"@id\":\"https:\/\/www.errepiudine.com\/#organization\",\"name\":\"Errepi Group\",\"url\":\"https:\/\/www.errepiudine.com\/\",\"logo\":{\"@type\":\"ImageObject\",\"inLanguage\":\"fr-FR\",\"@id\":\"https:\/\/www.errepiudine.com\/#\/schema\/logo\/image\/\",\"url\":\"https:\/\/www.errepiudine.com\/wp-content\/uploads\/2025\/07\/Logo-errepi-email.png\",\"contentUrl\":\"https:\/\/www.errepiudine.com\/wp-content\/uploads\/2025\/07\/Logo-errepi-email.png\",\"width\":216,\"height\":60,\"caption\":\"Errepi Group\"},\"image\":{\"@id\":\"https:\/\/www.errepiudine.com\/#\/schema\/logo\/image\/\"},\"sameAs\":[\"https:\/\/www.facebook.com\/errepiudine\/\"]}]}<\/script>\n<!-- \/ Yoast SEO plugin. -->","yoast_head_json":{"title":"DEVAUX - ANTIPIOGGIA DVX HUMAN - Errepi tutto per pesca a mosca","description":"Veste de pluie DVX HUMAN en microfibre imperm\u00e9able et respirante de haute qualit\u00e9.","robots":{"index":"index","follow":"follow","max-snippet":"max-snippet:-1","max-image-preview":"max-image-preview:large","max-video-preview":"max-video-preview:-1"},"canonical":"https:\/\/www.errepiudine.com\/fr\/devaux-antipioggia-dvx-human\/","og_locale":"fr_FR","og_type":"article","og_title":"DEVAUX - ANTIPIOGGIA DVX HUMAN - Errepi tutto per pesca a mosca","og_description":"Veste de pluie DVX HUMAN en microfibre imperm\u00e9able et respirante de haute qualit\u00e9.","og_url":"https:\/\/www.errepiudine.com\/fr\/devaux-antipioggia-dvx-human\/","og_site_name":"Errepi Group","article_publisher":"https:\/\/www.facebook.com\/errepiudine\/","article_modified_time":"2024-07-01T09:08:20+00:00","og_image":[{"width":700,"height":800,"url":"https:\/\/www.errepiudine.com\/wp-content\/uploads\/2024\/05\/AB0401.jpg","type":"image\/jpeg"}],"twitter_card":"summary_large_image","twitter_misc":{"Dur\u00e9e de lecture estim\u00e9e":"1 minute"},"schema":{"@context":"https:\/\/schema.org","@graph":[{"@type":"WebPage","@id":"https:\/\/www.errepiudine.com\/fr\/devaux-antipioggia-dvx-human\/","url":"https:\/\/www.errepiudine.com\/fr\/devaux-antipioggia-dvx-human\/","name":"DEVAUX - ANTIPIOGGIA DVX HUMAN - Errepi tutto per pesca a mosca","isPartOf":{"@id":"https:\/\/www.errepiudine.com\/#website"},"primaryImageOfPage":{"@id":"https:\/\/www.errepiudine.com\/fr\/devaux-antipioggia-dvx-human\/#primaryimage"},"image":{"@id":"https:\/\/www.errepiudine.com\/fr\/devaux-antipioggia-dvx-human\/#primaryimage"},"thumbnailUrl":"https:\/\/www.errepiudine.com\/wp-content\/uploads\/2024\/05\/AB0401.jpg","datePublished":"2024-05-23T13:34:30+00:00","dateModified":"2024-07-01T09:08:20+00:00","description":"Veste de pluie DVX HUMAN en microfibre imperm\u00e9able et respirante de haute qualit\u00e9.","breadcrumb":{"@id":"https:\/\/www.errepiudine.com\/fr\/devaux-antipioggia-dvx-human\/#breadcrumb"},"inLanguage":"fr-FR","potentialAction":[{"@type":"ReadAction","target":["https:\/\/www.errepiudine.com\/fr\/devaux-antipioggia-dvx-human\/"]}]},{"@type":"ImageObject","inLanguage":"fr-FR","@id":"https:\/\/www.errepiudine.com\/fr\/devaux-antipioggia-dvx-human\/#primaryimage","url":"https:\/\/www.errepiudine.com\/wp-content\/uploads\/2024\/05\/AB0401.jpg","contentUrl":"https:\/\/www.errepiudine.com\/wp-content\/uploads\/2024\/05\/AB0401.jpg","width":700,"height":800,"caption":"AB0401"},{"@type":"BreadcrumbList","@id":"https:\/\/www.errepiudine.com\/fr\/devaux-antipioggia-dvx-human\/#breadcrumb","itemListElement":[{"@type":"ListItem","position":1,"name":"Home","item":"https:\/\/www.errepiudine.com\/fr\/"},{"@type":"ListItem","position":2,"name":"Boutique","item":"https:\/\/www.errepiudine.com\/fr\/boutique\/"},{"@type":"ListItem","position":3,"name":"DEVAUX &#8211; ANTIPIOGGIA DVX HUMAN"}]},{"@type":"WebSite","@id":"https:\/\/www.errepiudine.com\/#website","url":"https:\/\/www.errepiudine.com\/","name":"Errepi Group","description":"","publisher":{"@id":"https:\/\/www.errepiudine.com\/#organization"},"potentialAction":[{"@type":"SearchAction","target":{"@type":"EntryPoint","urlTemplate":"https:\/\/www.errepiudine.com\/?s={search_term_string}"},"query-input":{"@type":"PropertyValueSpecification","valueRequired":true,"valueName":"search_term_string"}}],"inLanguage":"fr-FR"},{"@type":"Organization","@id":"https:\/\/www.errepiudine.com\/#organization","name":"Errepi Group","url":"https:\/\/www.errepiudine.com\/","logo":{"@type":"ImageObject","inLanguage":"fr-FR","@id":"https:\/\/www.errepiudine.com\/#\/schema\/logo\/image\/","url":"https:\/\/www.errepiudine.com\/wp-content\/uploads\/2025\/07\/Logo-errepi-email.png","contentUrl":"https:\/\/www.errepiudine.com\/wp-content\/uploads\/2025\/07\/Logo-errepi-email.png","width":216,"height":60,"caption":"Errepi Group"},"image":{"@id":"https:\/\/www.errepiudine.com\/#\/schema\/logo\/image\/"},"sameAs":["https:\/\/www.facebook.com\/errepiudine\/"]}]}},"_links":{"self":[{"href":"https:\/\/www.errepiudine.com\/fr\/wp-json\/wp\/v2\/product\/54530","targetHints":{"allow":["GET"]}}],"collection":[{"href":"https:\/\/www.errepiudine.com\/fr\/wp-json\/wp\/v2\/product"}],"about":[{"href":"https:\/\/www.errepiudine.com\/fr\/wp-json\/wp\/v2\/types\/product"}],"wp:featuredmedia":[{"embeddable":true,"href":"https:\/\/www.errepiudine.com\/fr\/wp-json\/wp\/v2\/media\/148345"}],"wp:attachment":[{"href":"https:\/\/www.errepiudine.com\/fr\/wp-json\/wp\/v2\/media?parent=54530"}],"wp:term":[{"taxonomy":"product_brand","embeddable":true,"href":"https:\/\/www.errepiudine.com\/fr\/wp-json\/wp\/v2\/product_brand?post=54530"},{"taxonomy":"product_cat","embeddable":true,"href":"https:\/\/www.errepiudine.com\/fr\/wp-json\/wp\/v2\/product_cat?post=54530"},{"taxonomy":"product_tag","embeddable":true,"href":"https:\/\/www.errepiudine.com\/fr\/wp-json\/wp\/v2\/product_tag?post=54530"}],"curies":[{"name":"wp","href":"https:\/\/api.w.org\/{rel}","templated":true}]}}