{"id":182401,"date":"2025-08-28T07:49:10","date_gmt":"2025-08-28T05:49:10","guid":{"rendered":"https:\/\/www.errepiudine.com\/?post_type=product&#038;p=182401"},"modified":"2025-08-28T07:51:52","modified_gmt":"2025-08-28T05:51:52","slug":"stonfo-cintura-tonni-con-perno-104-copia","status":"publish","type":"product","link":"https:\/\/www.errepiudine.com\/fr\/stonfo-cintura-tonni-con-perno-104-copia\/","title":{"rendered":"STONFO &#8211; BAUDRIERS POUR THON -104 &#8211; PAQUET DE PI\u00c8CES 2"},"content":{"rendered":"<p>Baudriers id\u00e9als pour la p\u00eache des grands poissons en stand-up,<br \/>\nfabriqu\u00e9s en plastique incassable avec rembourrage mousse de 15<br \/>\nmm d\u2019\u00e9paisseur pour un confort absolu. Munis d\u2019 une ceinture \u00e0<br \/>\nattache rapide ajustable.<\/p>\n","protected":false},"excerpt":{"rendered":"<p>Cinture da combattimento studiate per la pesca di grosse prede in stand-up.<\/p>\n","protected":false},"featured_media":0,"template":"","meta":[],"product_brand":[3436],"product_cat":[3748,3632],"product_tag":[],"class_list":{"0":"post-182401","1":"product","2":"type-product","3":"status-publish","5":"product_brand-stonfo","6":"product_cat-accessoires","7":"product_cat-eau-douce-et-mer","9":"first","10":"instock","11":"taxable","12":"shipping-taxable","13":"purchasable","14":"product-type-simple"},"yoast_head":"<!-- This site is optimized with the Yoast SEO plugin v27.1.1 - https:\/\/yoast.com\/product\/yoast-seo-wordpress\/ -->\n<title>STONFO - BAUDRIERS POUR THON -104 - PAQUET DE PI\u00c8CES 2 - Errepi tutto per pesca a mosca<\/title>\n<meta name=\"description\" content=\"Cinture da combattimento studiate per la pesca di grosse prede in stand-up.\" \/>\n<meta name=\"robots\" content=\"index, follow, max-snippet:-1, max-image-preview:large, max-video-preview:-1\" \/>\n<link rel=\"canonical\" href=\"https:\/\/www.errepiudine.com\/fr\/stonfo-cintura-tonni-con-perno-104-copia\/\" \/>\n<meta property=\"og:locale\" content=\"fr_FR\" \/>\n<meta property=\"og:type\" content=\"article\" \/>\n<meta property=\"og:title\" content=\"STONFO - BAUDRIERS POUR THON -104 - PAQUET DE PI\u00c8CES 2 - Errepi tutto per pesca a mosca\" \/>\n<meta property=\"og:description\" content=\"Cinture da combattimento studiate per la pesca di grosse prede in stand-up.\" \/>\n<meta property=\"og:url\" content=\"https:\/\/www.errepiudine.com\/fr\/stonfo-cintura-tonni-con-perno-104-copia\/\" \/>\n<meta property=\"og:site_name\" content=\"Errepi Group\" \/>\n<meta property=\"article:publisher\" content=\"https:\/\/www.facebook.com\/errepiudine\/\" \/>\n<meta property=\"article:modified_time\" content=\"2025-08-28T05:51:52+00:00\" \/>\n<meta property=\"og:image\" content=\"https:\/\/www.errepiudine.com\/wp-content\/uploads\/2016\/04\/products-104-4.jpg\" \/>\n\t<meta property=\"og:image:width\" content=\"1024\" \/>\n\t<meta property=\"og:image:height\" content=\"749\" \/>\n\t<meta property=\"og:image:type\" content=\"image\/jpeg\" \/>\n<meta name=\"twitter:card\" content=\"summary_large_image\" \/>\n<script type=\"application\/ld+json\" class=\"yoast-schema-graph\">{\"@context\":\"https:\/\/schema.org\",\"@graph\":[{\"@type\":\"WebPage\",\"@id\":\"https:\/\/www.errepiudine.com\/fr\/stonfo-cintura-tonni-con-perno-104-copia\/\",\"url\":\"https:\/\/www.errepiudine.com\/fr\/stonfo-cintura-tonni-con-perno-104-copia\/\",\"name\":\"STONFO - BAUDRIERS POUR THON -104 - PAQUET DE PI\u00c8CES 2 - Errepi tutto per pesca a mosca\",\"isPartOf\":{\"@id\":\"https:\/\/www.errepiudine.com\/#website\"},\"datePublished\":\"2025-08-28T05:49:10+00:00\",\"dateModified\":\"2025-08-28T05:51:52+00:00\",\"description\":\"Cinture da combattimento studiate per la pesca di grosse prede in stand-up.\",\"breadcrumb\":{\"@id\":\"https:\/\/www.errepiudine.com\/fr\/stonfo-cintura-tonni-con-perno-104-copia\/#breadcrumb\"},\"inLanguage\":\"fr-FR\",\"potentialAction\":[{\"@type\":\"ReadAction\",\"target\":[\"https:\/\/www.errepiudine.com\/fr\/stonfo-cintura-tonni-con-perno-104-copia\/\"]}]},{\"@type\":\"BreadcrumbList\",\"@id\":\"https:\/\/www.errepiudine.com\/fr\/stonfo-cintura-tonni-con-perno-104-copia\/#breadcrumb\",\"itemListElement\":[{\"@type\":\"ListItem\",\"position\":1,\"name\":\"Home\",\"item\":\"https:\/\/www.errepiudine.com\/fr\/\"},{\"@type\":\"ListItem\",\"position\":2,\"name\":\"Boutique\",\"item\":\"https:\/\/www.errepiudine.com\/fr\/boutique\/\"},{\"@type\":\"ListItem\",\"position\":3,\"name\":\"STONFO &#8211; BAUDRIERS POUR THON -104 &#8211; PAQUET DE PI\u00c8CES 2\"}]},{\"@type\":\"WebSite\",\"@id\":\"https:\/\/www.errepiudine.com\/#website\",\"url\":\"https:\/\/www.errepiudine.com\/\",\"name\":\"Errepi Group\",\"description\":\"\",\"publisher\":{\"@id\":\"https:\/\/www.errepiudine.com\/#organization\"},\"potentialAction\":[{\"@type\":\"SearchAction\",\"target\":{\"@type\":\"EntryPoint\",\"urlTemplate\":\"https:\/\/www.errepiudine.com\/?s={search_term_string}\"},\"query-input\":{\"@type\":\"PropertyValueSpecification\",\"valueRequired\":true,\"valueName\":\"search_term_string\"}}],\"inLanguage\":\"fr-FR\"},{\"@type\":\"Organization\",\"@id\":\"https:\/\/www.errepiudine.com\/#organization\",\"name\":\"Errepi Group\",\"url\":\"https:\/\/www.errepiudine.com\/\",\"logo\":{\"@type\":\"ImageObject\",\"inLanguage\":\"fr-FR\",\"@id\":\"https:\/\/www.errepiudine.com\/#\/schema\/logo\/image\/\",\"url\":\"https:\/\/www.errepiudine.com\/wp-content\/uploads\/2025\/07\/Logo-errepi-email.png\",\"contentUrl\":\"https:\/\/www.errepiudine.com\/wp-content\/uploads\/2025\/07\/Logo-errepi-email.png\",\"width\":216,\"height\":60,\"caption\":\"Errepi Group\"},\"image\":{\"@id\":\"https:\/\/www.errepiudine.com\/#\/schema\/logo\/image\/\"},\"sameAs\":[\"https:\/\/www.facebook.com\/errepiudine\/\"]}]}<\/script>\n<!-- \/ Yoast SEO plugin. -->","yoast_head_json":{"title":"STONFO - BAUDRIERS POUR THON -104 - PAQUET DE PI\u00c8CES 2 - Errepi tutto per pesca a mosca","description":"Cinture da combattimento studiate per la pesca di grosse prede in stand-up.","robots":{"index":"index","follow":"follow","max-snippet":"max-snippet:-1","max-image-preview":"max-image-preview:large","max-video-preview":"max-video-preview:-1"},"canonical":"https:\/\/www.errepiudine.com\/fr\/stonfo-cintura-tonni-con-perno-104-copia\/","og_locale":"fr_FR","og_type":"article","og_title":"STONFO - BAUDRIERS POUR THON -104 - PAQUET DE PI\u00c8CES 2 - Errepi tutto per pesca a mosca","og_description":"Cinture da combattimento studiate per la pesca di grosse prede in stand-up.","og_url":"https:\/\/www.errepiudine.com\/fr\/stonfo-cintura-tonni-con-perno-104-copia\/","og_site_name":"Errepi Group","article_publisher":"https:\/\/www.facebook.com\/errepiudine\/","article_modified_time":"2025-08-28T05:51:52+00:00","og_image":[{"width":1024,"height":749,"url":"https:\/\/www.errepiudine.com\/wp-content\/uploads\/2016\/04\/products-104-4.jpg","type":"image\/jpeg"}],"twitter_card":"summary_large_image","schema":{"@context":"https:\/\/schema.org","@graph":[{"@type":"WebPage","@id":"https:\/\/www.errepiudine.com\/fr\/stonfo-cintura-tonni-con-perno-104-copia\/","url":"https:\/\/www.errepiudine.com\/fr\/stonfo-cintura-tonni-con-perno-104-copia\/","name":"STONFO - BAUDRIERS POUR THON -104 - PAQUET DE PI\u00c8CES 2 - Errepi tutto per pesca a mosca","isPartOf":{"@id":"https:\/\/www.errepiudine.com\/#website"},"datePublished":"2025-08-28T05:49:10+00:00","dateModified":"2025-08-28T05:51:52+00:00","description":"Cinture da combattimento studiate per la pesca di grosse prede in stand-up.","breadcrumb":{"@id":"https:\/\/www.errepiudine.com\/fr\/stonfo-cintura-tonni-con-perno-104-copia\/#breadcrumb"},"inLanguage":"fr-FR","potentialAction":[{"@type":"ReadAction","target":["https:\/\/www.errepiudine.com\/fr\/stonfo-cintura-tonni-con-perno-104-copia\/"]}]},{"@type":"BreadcrumbList","@id":"https:\/\/www.errepiudine.com\/fr\/stonfo-cintura-tonni-con-perno-104-copia\/#breadcrumb","itemListElement":[{"@type":"ListItem","position":1,"name":"Home","item":"https:\/\/www.errepiudine.com\/fr\/"},{"@type":"ListItem","position":2,"name":"Boutique","item":"https:\/\/www.errepiudine.com\/fr\/boutique\/"},{"@type":"ListItem","position":3,"name":"STONFO &#8211; BAUDRIERS POUR THON -104 &#8211; PAQUET DE PI\u00c8CES 2"}]},{"@type":"WebSite","@id":"https:\/\/www.errepiudine.com\/#website","url":"https:\/\/www.errepiudine.com\/","name":"Errepi Group","description":"","publisher":{"@id":"https:\/\/www.errepiudine.com\/#organization"},"potentialAction":[{"@type":"SearchAction","target":{"@type":"EntryPoint","urlTemplate":"https:\/\/www.errepiudine.com\/?s={search_term_string}"},"query-input":{"@type":"PropertyValueSpecification","valueRequired":true,"valueName":"search_term_string"}}],"inLanguage":"fr-FR"},{"@type":"Organization","@id":"https:\/\/www.errepiudine.com\/#organization","name":"Errepi Group","url":"https:\/\/www.errepiudine.com\/","logo":{"@type":"ImageObject","inLanguage":"fr-FR","@id":"https:\/\/www.errepiudine.com\/#\/schema\/logo\/image\/","url":"https:\/\/www.errepiudine.com\/wp-content\/uploads\/2025\/07\/Logo-errepi-email.png","contentUrl":"https:\/\/www.errepiudine.com\/wp-content\/uploads\/2025\/07\/Logo-errepi-email.png","width":216,"height":60,"caption":"Errepi Group"},"image":{"@id":"https:\/\/www.errepiudine.com\/#\/schema\/logo\/image\/"},"sameAs":["https:\/\/www.facebook.com\/errepiudine\/"]}]}},"_links":{"self":[{"href":"https:\/\/www.errepiudine.com\/fr\/wp-json\/wp\/v2\/product\/182401","targetHints":{"allow":["GET"]}}],"collection":[{"href":"https:\/\/www.errepiudine.com\/fr\/wp-json\/wp\/v2\/product"}],"about":[{"href":"https:\/\/www.errepiudine.com\/fr\/wp-json\/wp\/v2\/types\/product"}],"wp:attachment":[{"href":"https:\/\/www.errepiudine.com\/fr\/wp-json\/wp\/v2\/media?parent=182401"}],"wp:term":[{"taxonomy":"product_brand","embeddable":true,"href":"https:\/\/www.errepiudine.com\/fr\/wp-json\/wp\/v2\/product_brand?post=182401"},{"taxonomy":"product_cat","embeddable":true,"href":"https:\/\/www.errepiudine.com\/fr\/wp-json\/wp\/v2\/product_cat?post=182401"},{"taxonomy":"product_tag","embeddable":true,"href":"https:\/\/www.errepiudine.com\/fr\/wp-json\/wp\/v2\/product_tag?post=182401"}],"curies":[{"name":"wp","href":"https:\/\/api.w.org\/{rel}","templated":true}]}}