{"id":182264,"date":"2025-08-26T09:30:03","date_gmt":"2025-08-26T07:30:03","guid":{"rendered":"https:\/\/www.errepiudine.com\/?post_type=product&#038;p=182264"},"modified":"2025-08-26T09:32:09","modified_gmt":"2025-08-26T07:32:09","slug":"stonfo-bobinatore-rotoknotter-530-paquet-de-pieces-1-copia","status":"publish","type":"product","link":"https:\/\/www.errepiudine.com\/fr\/stonfo-bobinatore-rotoknotter-530-paquet-de-pieces-1-copia\/","title":{"rendered":"STONFO &#8211; BOBINATORE ROTOKNOTTER -530 &#8211; PAQUET DE PI\u00c8CES 2"},"content":{"rendered":"<p>Dispositif sp\u00e9cial pour la r\u00e9alisation du n\u0153ud PR et ligature. Produit en<br \/>\nacier inox, ergonomique et compact, muni de un syst\u00e8me de frein r\u00e9glable<br \/>\nqui permet un pr\u00e9cis fonctionnement. Tube glisse-fil avec tulipe en acier<br \/>\ntremp\u00e9 tr\u00e8s dure. Livr\u00e9 avec deux bobines de diff\u00e9rent poids pour un<br \/>\ntensionament id\u00e9al de la ligature. Chaque bobine est munie de bagues en<br \/>\ncaoutchouc fix-ligne utiles aussi pour \u00e9viter, en cas de chute de<br \/>\nRotoknotter, d\u00e9g\u00e2ts \u00e0 le bateau. Livr\u00e9 avec notice d\u2019emploi.<\/p>\n","protected":false},"excerpt":{"rendered":"<p>Porte-bobines<\/p>\n","protected":false},"featured_media":154215,"template":"","meta":[],"product_brand":[3436],"product_cat":[3748,3632],"product_tag":[],"class_list":{"0":"post-182264","1":"product","2":"type-product","3":"status-publish","4":"has-post-thumbnail","6":"product_brand-stonfo","7":"product_cat-accessoires","8":"product_cat-eau-douce-et-mer","10":"first","11":"instock","12":"taxable","13":"shipping-taxable","14":"purchasable","15":"product-type-simple"},"yoast_head":"<!-- This site is optimized with the Yoast SEO plugin v27.1.1 - https:\/\/yoast.com\/product\/yoast-seo-wordpress\/ -->\n<title>STONFO - BOBINATORE ROTOKNOTTER -530 - PAQUET DE PI\u00c8CES 2 - Errepi tutto per pesca a mosca<\/title>\n<meta name=\"description\" content=\"Porte-bobines\" \/>\n<meta name=\"robots\" content=\"index, follow, max-snippet:-1, max-image-preview:large, max-video-preview:-1\" \/>\n<link rel=\"canonical\" href=\"https:\/\/www.errepiudine.com\/fr\/stonfo-bobinatore-rotoknotter-530-paquet-de-pieces-1-copia\/\" \/>\n<meta property=\"og:locale\" content=\"fr_FR\" \/>\n<meta property=\"og:type\" content=\"article\" \/>\n<meta property=\"og:title\" content=\"STONFO - BOBINATORE ROTOKNOTTER -530 - PAQUET DE PI\u00c8CES 2 - Errepi tutto per pesca a mosca\" \/>\n<meta property=\"og:description\" content=\"Porte-bobines\" \/>\n<meta property=\"og:url\" content=\"https:\/\/www.errepiudine.com\/fr\/stonfo-bobinatore-rotoknotter-530-paquet-de-pieces-1-copia\/\" \/>\n<meta property=\"og:site_name\" content=\"Errepi Group\" \/>\n<meta property=\"article:publisher\" content=\"https:\/\/www.facebook.com\/errepiudine\/\" \/>\n<meta property=\"article:modified_time\" content=\"2025-08-26T07:32:09+00:00\" \/>\n<meta property=\"og:image\" content=\"https:\/\/www.errepiudine.com\/wp-content\/uploads\/2024\/05\/CS8238.jpg\" \/>\n\t<meta property=\"og:image:width\" content=\"700\" \/>\n\t<meta property=\"og:image:height\" content=\"800\" \/>\n\t<meta property=\"og:image:type\" content=\"image\/jpeg\" \/>\n<meta name=\"twitter:card\" content=\"summary_large_image\" \/>\n<script type=\"application\/ld+json\" class=\"yoast-schema-graph\">{\"@context\":\"https:\/\/schema.org\",\"@graph\":[{\"@type\":\"WebPage\",\"@id\":\"https:\/\/www.errepiudine.com\/fr\/stonfo-bobinatore-rotoknotter-530-paquet-de-pieces-1-copia\/\",\"url\":\"https:\/\/www.errepiudine.com\/fr\/stonfo-bobinatore-rotoknotter-530-paquet-de-pieces-1-copia\/\",\"name\":\"STONFO - BOBINATORE ROTOKNOTTER -530 - PAQUET DE PI\u00c8CES 2 - Errepi tutto per pesca a mosca\",\"isPartOf\":{\"@id\":\"https:\/\/www.errepiudine.com\/#website\"},\"primaryImageOfPage\":{\"@id\":\"https:\/\/www.errepiudine.com\/fr\/stonfo-bobinatore-rotoknotter-530-paquet-de-pieces-1-copia\/#primaryimage\"},\"image\":{\"@id\":\"https:\/\/www.errepiudine.com\/fr\/stonfo-bobinatore-rotoknotter-530-paquet-de-pieces-1-copia\/#primaryimage\"},\"thumbnailUrl\":\"https:\/\/www.errepiudine.com\/wp-content\/uploads\/2024\/05\/CS8238.jpg\",\"datePublished\":\"2025-08-26T07:30:03+00:00\",\"dateModified\":\"2025-08-26T07:32:09+00:00\",\"description\":\"Porte-bobines\",\"breadcrumb\":{\"@id\":\"https:\/\/www.errepiudine.com\/fr\/stonfo-bobinatore-rotoknotter-530-paquet-de-pieces-1-copia\/#breadcrumb\"},\"inLanguage\":\"fr-FR\",\"potentialAction\":[{\"@type\":\"ReadAction\",\"target\":[\"https:\/\/www.errepiudine.com\/fr\/stonfo-bobinatore-rotoknotter-530-paquet-de-pieces-1-copia\/\"]}]},{\"@type\":\"ImageObject\",\"inLanguage\":\"fr-FR\",\"@id\":\"https:\/\/www.errepiudine.com\/fr\/stonfo-bobinatore-rotoknotter-530-paquet-de-pieces-1-copia\/#primaryimage\",\"url\":\"https:\/\/www.errepiudine.com\/wp-content\/uploads\/2024\/05\/CS8238.jpg\",\"contentUrl\":\"https:\/\/www.errepiudine.com\/wp-content\/uploads\/2024\/05\/CS8238.jpg\",\"width\":700,\"height\":800,\"caption\":\"CS8238\"},{\"@type\":\"BreadcrumbList\",\"@id\":\"https:\/\/www.errepiudine.com\/fr\/stonfo-bobinatore-rotoknotter-530-paquet-de-pieces-1-copia\/#breadcrumb\",\"itemListElement\":[{\"@type\":\"ListItem\",\"position\":1,\"name\":\"Home\",\"item\":\"https:\/\/www.errepiudine.com\/fr\/\"},{\"@type\":\"ListItem\",\"position\":2,\"name\":\"Boutique\",\"item\":\"https:\/\/www.errepiudine.com\/fr\/boutique\/\"},{\"@type\":\"ListItem\",\"position\":3,\"name\":\"STONFO &#8211; BOBINATORE ROTOKNOTTER -530 &#8211; PAQUET DE PI\u00c8CES 2\"}]},{\"@type\":\"WebSite\",\"@id\":\"https:\/\/www.errepiudine.com\/#website\",\"url\":\"https:\/\/www.errepiudine.com\/\",\"name\":\"Errepi Group\",\"description\":\"\",\"publisher\":{\"@id\":\"https:\/\/www.errepiudine.com\/#organization\"},\"potentialAction\":[{\"@type\":\"SearchAction\",\"target\":{\"@type\":\"EntryPoint\",\"urlTemplate\":\"https:\/\/www.errepiudine.com\/?s={search_term_string}\"},\"query-input\":{\"@type\":\"PropertyValueSpecification\",\"valueRequired\":true,\"valueName\":\"search_term_string\"}}],\"inLanguage\":\"fr-FR\"},{\"@type\":\"Organization\",\"@id\":\"https:\/\/www.errepiudine.com\/#organization\",\"name\":\"Errepi Group\",\"url\":\"https:\/\/www.errepiudine.com\/\",\"logo\":{\"@type\":\"ImageObject\",\"inLanguage\":\"fr-FR\",\"@id\":\"https:\/\/www.errepiudine.com\/#\/schema\/logo\/image\/\",\"url\":\"https:\/\/www.errepiudine.com\/wp-content\/uploads\/2025\/07\/Logo-errepi-email.png\",\"contentUrl\":\"https:\/\/www.errepiudine.com\/wp-content\/uploads\/2025\/07\/Logo-errepi-email.png\",\"width\":216,\"height\":60,\"caption\":\"Errepi Group\"},\"image\":{\"@id\":\"https:\/\/www.errepiudine.com\/#\/schema\/logo\/image\/\"},\"sameAs\":[\"https:\/\/www.facebook.com\/errepiudine\/\"]}]}<\/script>\n<!-- \/ Yoast SEO plugin. -->","yoast_head_json":{"title":"STONFO - BOBINATORE ROTOKNOTTER -530 - PAQUET DE PI\u00c8CES 2 - Errepi tutto per pesca a mosca","description":"Porte-bobines","robots":{"index":"index","follow":"follow","max-snippet":"max-snippet:-1","max-image-preview":"max-image-preview:large","max-video-preview":"max-video-preview:-1"},"canonical":"https:\/\/www.errepiudine.com\/fr\/stonfo-bobinatore-rotoknotter-530-paquet-de-pieces-1-copia\/","og_locale":"fr_FR","og_type":"article","og_title":"STONFO - BOBINATORE ROTOKNOTTER -530 - PAQUET DE PI\u00c8CES 2 - Errepi tutto per pesca a mosca","og_description":"Porte-bobines","og_url":"https:\/\/www.errepiudine.com\/fr\/stonfo-bobinatore-rotoknotter-530-paquet-de-pieces-1-copia\/","og_site_name":"Errepi Group","article_publisher":"https:\/\/www.facebook.com\/errepiudine\/","article_modified_time":"2025-08-26T07:32:09+00:00","og_image":[{"width":700,"height":800,"url":"https:\/\/www.errepiudine.com\/wp-content\/uploads\/2024\/05\/CS8238.jpg","type":"image\/jpeg"}],"twitter_card":"summary_large_image","schema":{"@context":"https:\/\/schema.org","@graph":[{"@type":"WebPage","@id":"https:\/\/www.errepiudine.com\/fr\/stonfo-bobinatore-rotoknotter-530-paquet-de-pieces-1-copia\/","url":"https:\/\/www.errepiudine.com\/fr\/stonfo-bobinatore-rotoknotter-530-paquet-de-pieces-1-copia\/","name":"STONFO - BOBINATORE ROTOKNOTTER -530 - PAQUET DE PI\u00c8CES 2 - Errepi tutto per pesca a mosca","isPartOf":{"@id":"https:\/\/www.errepiudine.com\/#website"},"primaryImageOfPage":{"@id":"https:\/\/www.errepiudine.com\/fr\/stonfo-bobinatore-rotoknotter-530-paquet-de-pieces-1-copia\/#primaryimage"},"image":{"@id":"https:\/\/www.errepiudine.com\/fr\/stonfo-bobinatore-rotoknotter-530-paquet-de-pieces-1-copia\/#primaryimage"},"thumbnailUrl":"https:\/\/www.errepiudine.com\/wp-content\/uploads\/2024\/05\/CS8238.jpg","datePublished":"2025-08-26T07:30:03+00:00","dateModified":"2025-08-26T07:32:09+00:00","description":"Porte-bobines","breadcrumb":{"@id":"https:\/\/www.errepiudine.com\/fr\/stonfo-bobinatore-rotoknotter-530-paquet-de-pieces-1-copia\/#breadcrumb"},"inLanguage":"fr-FR","potentialAction":[{"@type":"ReadAction","target":["https:\/\/www.errepiudine.com\/fr\/stonfo-bobinatore-rotoknotter-530-paquet-de-pieces-1-copia\/"]}]},{"@type":"ImageObject","inLanguage":"fr-FR","@id":"https:\/\/www.errepiudine.com\/fr\/stonfo-bobinatore-rotoknotter-530-paquet-de-pieces-1-copia\/#primaryimage","url":"https:\/\/www.errepiudine.com\/wp-content\/uploads\/2024\/05\/CS8238.jpg","contentUrl":"https:\/\/www.errepiudine.com\/wp-content\/uploads\/2024\/05\/CS8238.jpg","width":700,"height":800,"caption":"CS8238"},{"@type":"BreadcrumbList","@id":"https:\/\/www.errepiudine.com\/fr\/stonfo-bobinatore-rotoknotter-530-paquet-de-pieces-1-copia\/#breadcrumb","itemListElement":[{"@type":"ListItem","position":1,"name":"Home","item":"https:\/\/www.errepiudine.com\/fr\/"},{"@type":"ListItem","position":2,"name":"Boutique","item":"https:\/\/www.errepiudine.com\/fr\/boutique\/"},{"@type":"ListItem","position":3,"name":"STONFO &#8211; BOBINATORE ROTOKNOTTER -530 &#8211; PAQUET DE PI\u00c8CES 2"}]},{"@type":"WebSite","@id":"https:\/\/www.errepiudine.com\/#website","url":"https:\/\/www.errepiudine.com\/","name":"Errepi Group","description":"","publisher":{"@id":"https:\/\/www.errepiudine.com\/#organization"},"potentialAction":[{"@type":"SearchAction","target":{"@type":"EntryPoint","urlTemplate":"https:\/\/www.errepiudine.com\/?s={search_term_string}"},"query-input":{"@type":"PropertyValueSpecification","valueRequired":true,"valueName":"search_term_string"}}],"inLanguage":"fr-FR"},{"@type":"Organization","@id":"https:\/\/www.errepiudine.com\/#organization","name":"Errepi Group","url":"https:\/\/www.errepiudine.com\/","logo":{"@type":"ImageObject","inLanguage":"fr-FR","@id":"https:\/\/www.errepiudine.com\/#\/schema\/logo\/image\/","url":"https:\/\/www.errepiudine.com\/wp-content\/uploads\/2025\/07\/Logo-errepi-email.png","contentUrl":"https:\/\/www.errepiudine.com\/wp-content\/uploads\/2025\/07\/Logo-errepi-email.png","width":216,"height":60,"caption":"Errepi Group"},"image":{"@id":"https:\/\/www.errepiudine.com\/#\/schema\/logo\/image\/"},"sameAs":["https:\/\/www.facebook.com\/errepiudine\/"]}]}},"_links":{"self":[{"href":"https:\/\/www.errepiudine.com\/fr\/wp-json\/wp\/v2\/product\/182264","targetHints":{"allow":["GET"]}}],"collection":[{"href":"https:\/\/www.errepiudine.com\/fr\/wp-json\/wp\/v2\/product"}],"about":[{"href":"https:\/\/www.errepiudine.com\/fr\/wp-json\/wp\/v2\/types\/product"}],"wp:featuredmedia":[{"embeddable":true,"href":"https:\/\/www.errepiudine.com\/fr\/wp-json\/wp\/v2\/media\/154215"}],"wp:attachment":[{"href":"https:\/\/www.errepiudine.com\/fr\/wp-json\/wp\/v2\/media?parent=182264"}],"wp:term":[{"taxonomy":"product_brand","embeddable":true,"href":"https:\/\/www.errepiudine.com\/fr\/wp-json\/wp\/v2\/product_brand?post=182264"},{"taxonomy":"product_cat","embeddable":true,"href":"https:\/\/www.errepiudine.com\/fr\/wp-json\/wp\/v2\/product_cat?post=182264"},{"taxonomy":"product_tag","embeddable":true,"href":"https:\/\/www.errepiudine.com\/fr\/wp-json\/wp\/v2\/product_tag?post=182264"}],"curies":[{"name":"wp","href":"https:\/\/api.w.org\/{rel}","templated":true}]}}