{"id":181373,"date":"2025-08-11T11:20:40","date_gmt":"2025-08-11T09:20:40","guid":{"rendered":"https:\/\/www.errepiudine.com\/?post_type=product&#038;p=181373"},"modified":"2025-08-11T11:26:31","modified_gmt":"2025-08-11T09:26:31","slug":"stonfo-helicopter-151-paquet-de-pieces-1-copia-2","status":"publish","type":"product","link":"https:\/\/www.errepiudine.com\/fr\/stonfo-helicopter-151-paquet-de-pieces-1-copia-2\/","title":{"rendered":"STONFO &#8211;   HELICOPTER KIT &#8211; 152 &#8211; PAQUET DE PI\u00c8CES 1"},"content":{"rendered":"<p>Kit pour 5 H\u00e9licopt\u00e8res avec perles, \u00e9merillons, gaine en caoutchouc et 2 mt<br \/>\ngaine anti-emm\u00ealage. Auto-ferrage avec la gaine sur<br \/>\nl\u2019\u00e9merillon du plomb .<\/p>\n","protected":false},"excerpt":{"rendered":"<p>HELICOPTER KIT<\/p>\n","protected":false},"featured_media":181376,"template":"","meta":[],"product_brand":[3436],"product_cat":[3748,3632],"product_tag":[],"class_list":{"0":"post-181373","1":"product","2":"type-product","3":"status-publish","4":"has-post-thumbnail","6":"product_brand-stonfo","7":"product_cat-accessoires","8":"product_cat-eau-douce-et-mer","9":"pa_marca-stonfo-fr","11":"first","12":"instock","13":"taxable","14":"shipping-taxable","15":"purchasable","16":"product-type-simple"},"yoast_head":"<!-- This site is optimized with the Yoast SEO plugin v27.1.1 - https:\/\/yoast.com\/product\/yoast-seo-wordpress\/ -->\n<title>STONFO -  HELICOPTER KIT - 152 - PAQUET DE PI\u00c8CES 1 - Errepi tutto per pesca a mosca<\/title>\n<meta name=\"description\" content=\"HELICOPTER KIT\" \/>\n<meta name=\"robots\" content=\"index, follow, max-snippet:-1, max-image-preview:large, max-video-preview:-1\" \/>\n<link rel=\"canonical\" href=\"https:\/\/www.errepiudine.com\/fr\/stonfo-helicopter-151-paquet-de-pieces-1-copia-2\/\" \/>\n<meta property=\"og:locale\" content=\"fr_FR\" \/>\n<meta property=\"og:type\" content=\"article\" \/>\n<meta property=\"og:title\" content=\"STONFO -  HELICOPTER KIT - 152 - PAQUET DE PI\u00c8CES 1 - Errepi tutto per pesca a mosca\" \/>\n<meta property=\"og:description\" content=\"HELICOPTER KIT\" \/>\n<meta property=\"og:url\" content=\"https:\/\/www.errepiudine.com\/fr\/stonfo-helicopter-151-paquet-de-pieces-1-copia-2\/\" \/>\n<meta property=\"og:site_name\" content=\"Errepi Group\" \/>\n<meta property=\"article:publisher\" content=\"https:\/\/www.facebook.com\/errepiudine\/\" \/>\n<meta property=\"article:modified_time\" content=\"2025-08-11T09:26:31+00:00\" \/>\n<meta property=\"og:image\" content=\"https:\/\/www.errepiudine.com\/wp-content\/uploads\/2025\/08\/Screenshot_11-8-2025_112214_.jpeg\" \/>\n\t<meta property=\"og:image:width\" content=\"193\" \/>\n\t<meta property=\"og:image:height\" content=\"191\" \/>\n\t<meta property=\"og:image:type\" content=\"image\/jpeg\" \/>\n<meta name=\"twitter:card\" content=\"summary_large_image\" \/>\n<script type=\"application\/ld+json\" class=\"yoast-schema-graph\">{\"@context\":\"https:\/\/schema.org\",\"@graph\":[{\"@type\":\"WebPage\",\"@id\":\"https:\/\/www.errepiudine.com\/fr\/stonfo-helicopter-151-paquet-de-pieces-1-copia-2\/\",\"url\":\"https:\/\/www.errepiudine.com\/fr\/stonfo-helicopter-151-paquet-de-pieces-1-copia-2\/\",\"name\":\"STONFO - HELICOPTER KIT - 152 - PAQUET DE PI\u00c8CES 1 - Errepi tutto per pesca a mosca\",\"isPartOf\":{\"@id\":\"https:\/\/www.errepiudine.com\/#website\"},\"primaryImageOfPage\":{\"@id\":\"https:\/\/www.errepiudine.com\/fr\/stonfo-helicopter-151-paquet-de-pieces-1-copia-2\/#primaryimage\"},\"image\":{\"@id\":\"https:\/\/www.errepiudine.com\/fr\/stonfo-helicopter-151-paquet-de-pieces-1-copia-2\/#primaryimage\"},\"thumbnailUrl\":\"https:\/\/www.errepiudine.com\/wp-content\/uploads\/2025\/08\/Screenshot_11-8-2025_112214_.jpeg\",\"datePublished\":\"2025-08-11T09:20:40+00:00\",\"dateModified\":\"2025-08-11T09:26:31+00:00\",\"description\":\"HELICOPTER KIT\",\"breadcrumb\":{\"@id\":\"https:\/\/www.errepiudine.com\/fr\/stonfo-helicopter-151-paquet-de-pieces-1-copia-2\/#breadcrumb\"},\"inLanguage\":\"fr-FR\",\"potentialAction\":[{\"@type\":\"ReadAction\",\"target\":[\"https:\/\/www.errepiudine.com\/fr\/stonfo-helicopter-151-paquet-de-pieces-1-copia-2\/\"]}]},{\"@type\":\"ImageObject\",\"inLanguage\":\"fr-FR\",\"@id\":\"https:\/\/www.errepiudine.com\/fr\/stonfo-helicopter-151-paquet-de-pieces-1-copia-2\/#primaryimage\",\"url\":\"https:\/\/www.errepiudine.com\/wp-content\/uploads\/2025\/08\/Screenshot_11-8-2025_112214_.jpeg\",\"contentUrl\":\"https:\/\/www.errepiudine.com\/wp-content\/uploads\/2025\/08\/Screenshot_11-8-2025_112214_.jpeg\",\"width\":193,\"height\":191},{\"@type\":\"BreadcrumbList\",\"@id\":\"https:\/\/www.errepiudine.com\/fr\/stonfo-helicopter-151-paquet-de-pieces-1-copia-2\/#breadcrumb\",\"itemListElement\":[{\"@type\":\"ListItem\",\"position\":1,\"name\":\"Home\",\"item\":\"https:\/\/www.errepiudine.com\/fr\/\"},{\"@type\":\"ListItem\",\"position\":2,\"name\":\"Boutique\",\"item\":\"https:\/\/www.errepiudine.com\/fr\/boutique\/\"},{\"@type\":\"ListItem\",\"position\":3,\"name\":\"STONFO &#8211; HELICOPTER KIT &#8211; 152 &#8211; PAQUET DE PI\u00c8CES 1\"}]},{\"@type\":\"WebSite\",\"@id\":\"https:\/\/www.errepiudine.com\/#website\",\"url\":\"https:\/\/www.errepiudine.com\/\",\"name\":\"Errepi Group\",\"description\":\"\",\"publisher\":{\"@id\":\"https:\/\/www.errepiudine.com\/#organization\"},\"potentialAction\":[{\"@type\":\"SearchAction\",\"target\":{\"@type\":\"EntryPoint\",\"urlTemplate\":\"https:\/\/www.errepiudine.com\/?s={search_term_string}\"},\"query-input\":{\"@type\":\"PropertyValueSpecification\",\"valueRequired\":true,\"valueName\":\"search_term_string\"}}],\"inLanguage\":\"fr-FR\"},{\"@type\":\"Organization\",\"@id\":\"https:\/\/www.errepiudine.com\/#organization\",\"name\":\"Errepi Group\",\"url\":\"https:\/\/www.errepiudine.com\/\",\"logo\":{\"@type\":\"ImageObject\",\"inLanguage\":\"fr-FR\",\"@id\":\"https:\/\/www.errepiudine.com\/#\/schema\/logo\/image\/\",\"url\":\"https:\/\/www.errepiudine.com\/wp-content\/uploads\/2025\/07\/Logo-errepi-email.png\",\"contentUrl\":\"https:\/\/www.errepiudine.com\/wp-content\/uploads\/2025\/07\/Logo-errepi-email.png\",\"width\":216,\"height\":60,\"caption\":\"Errepi Group\"},\"image\":{\"@id\":\"https:\/\/www.errepiudine.com\/#\/schema\/logo\/image\/\"},\"sameAs\":[\"https:\/\/www.facebook.com\/errepiudine\/\"]}]}<\/script>\n<!-- \/ Yoast SEO plugin. -->","yoast_head_json":{"title":"STONFO -  HELICOPTER KIT - 152 - PAQUET DE PI\u00c8CES 1 - Errepi tutto per pesca a mosca","description":"HELICOPTER KIT","robots":{"index":"index","follow":"follow","max-snippet":"max-snippet:-1","max-image-preview":"max-image-preview:large","max-video-preview":"max-video-preview:-1"},"canonical":"https:\/\/www.errepiudine.com\/fr\/stonfo-helicopter-151-paquet-de-pieces-1-copia-2\/","og_locale":"fr_FR","og_type":"article","og_title":"STONFO -  HELICOPTER KIT - 152 - PAQUET DE PI\u00c8CES 1 - Errepi tutto per pesca a mosca","og_description":"HELICOPTER KIT","og_url":"https:\/\/www.errepiudine.com\/fr\/stonfo-helicopter-151-paquet-de-pieces-1-copia-2\/","og_site_name":"Errepi Group","article_publisher":"https:\/\/www.facebook.com\/errepiudine\/","article_modified_time":"2025-08-11T09:26:31+00:00","og_image":[{"width":193,"height":191,"url":"https:\/\/www.errepiudine.com\/wp-content\/uploads\/2025\/08\/Screenshot_11-8-2025_112214_.jpeg","type":"image\/jpeg"}],"twitter_card":"summary_large_image","schema":{"@context":"https:\/\/schema.org","@graph":[{"@type":"WebPage","@id":"https:\/\/www.errepiudine.com\/fr\/stonfo-helicopter-151-paquet-de-pieces-1-copia-2\/","url":"https:\/\/www.errepiudine.com\/fr\/stonfo-helicopter-151-paquet-de-pieces-1-copia-2\/","name":"STONFO - HELICOPTER KIT - 152 - PAQUET DE PI\u00c8CES 1 - Errepi tutto per pesca a mosca","isPartOf":{"@id":"https:\/\/www.errepiudine.com\/#website"},"primaryImageOfPage":{"@id":"https:\/\/www.errepiudine.com\/fr\/stonfo-helicopter-151-paquet-de-pieces-1-copia-2\/#primaryimage"},"image":{"@id":"https:\/\/www.errepiudine.com\/fr\/stonfo-helicopter-151-paquet-de-pieces-1-copia-2\/#primaryimage"},"thumbnailUrl":"https:\/\/www.errepiudine.com\/wp-content\/uploads\/2025\/08\/Screenshot_11-8-2025_112214_.jpeg","datePublished":"2025-08-11T09:20:40+00:00","dateModified":"2025-08-11T09:26:31+00:00","description":"HELICOPTER KIT","breadcrumb":{"@id":"https:\/\/www.errepiudine.com\/fr\/stonfo-helicopter-151-paquet-de-pieces-1-copia-2\/#breadcrumb"},"inLanguage":"fr-FR","potentialAction":[{"@type":"ReadAction","target":["https:\/\/www.errepiudine.com\/fr\/stonfo-helicopter-151-paquet-de-pieces-1-copia-2\/"]}]},{"@type":"ImageObject","inLanguage":"fr-FR","@id":"https:\/\/www.errepiudine.com\/fr\/stonfo-helicopter-151-paquet-de-pieces-1-copia-2\/#primaryimage","url":"https:\/\/www.errepiudine.com\/wp-content\/uploads\/2025\/08\/Screenshot_11-8-2025_112214_.jpeg","contentUrl":"https:\/\/www.errepiudine.com\/wp-content\/uploads\/2025\/08\/Screenshot_11-8-2025_112214_.jpeg","width":193,"height":191},{"@type":"BreadcrumbList","@id":"https:\/\/www.errepiudine.com\/fr\/stonfo-helicopter-151-paquet-de-pieces-1-copia-2\/#breadcrumb","itemListElement":[{"@type":"ListItem","position":1,"name":"Home","item":"https:\/\/www.errepiudine.com\/fr\/"},{"@type":"ListItem","position":2,"name":"Boutique","item":"https:\/\/www.errepiudine.com\/fr\/boutique\/"},{"@type":"ListItem","position":3,"name":"STONFO &#8211; HELICOPTER KIT &#8211; 152 &#8211; PAQUET DE PI\u00c8CES 1"}]},{"@type":"WebSite","@id":"https:\/\/www.errepiudine.com\/#website","url":"https:\/\/www.errepiudine.com\/","name":"Errepi Group","description":"","publisher":{"@id":"https:\/\/www.errepiudine.com\/#organization"},"potentialAction":[{"@type":"SearchAction","target":{"@type":"EntryPoint","urlTemplate":"https:\/\/www.errepiudine.com\/?s={search_term_string}"},"query-input":{"@type":"PropertyValueSpecification","valueRequired":true,"valueName":"search_term_string"}}],"inLanguage":"fr-FR"},{"@type":"Organization","@id":"https:\/\/www.errepiudine.com\/#organization","name":"Errepi Group","url":"https:\/\/www.errepiudine.com\/","logo":{"@type":"ImageObject","inLanguage":"fr-FR","@id":"https:\/\/www.errepiudine.com\/#\/schema\/logo\/image\/","url":"https:\/\/www.errepiudine.com\/wp-content\/uploads\/2025\/07\/Logo-errepi-email.png","contentUrl":"https:\/\/www.errepiudine.com\/wp-content\/uploads\/2025\/07\/Logo-errepi-email.png","width":216,"height":60,"caption":"Errepi Group"},"image":{"@id":"https:\/\/www.errepiudine.com\/#\/schema\/logo\/image\/"},"sameAs":["https:\/\/www.facebook.com\/errepiudine\/"]}]}},"_links":{"self":[{"href":"https:\/\/www.errepiudine.com\/fr\/wp-json\/wp\/v2\/product\/181373","targetHints":{"allow":["GET"]}}],"collection":[{"href":"https:\/\/www.errepiudine.com\/fr\/wp-json\/wp\/v2\/product"}],"about":[{"href":"https:\/\/www.errepiudine.com\/fr\/wp-json\/wp\/v2\/types\/product"}],"wp:featuredmedia":[{"embeddable":true,"href":"https:\/\/www.errepiudine.com\/fr\/wp-json\/wp\/v2\/media\/181376"}],"wp:attachment":[{"href":"https:\/\/www.errepiudine.com\/fr\/wp-json\/wp\/v2\/media?parent=181373"}],"wp:term":[{"taxonomy":"product_brand","embeddable":true,"href":"https:\/\/www.errepiudine.com\/fr\/wp-json\/wp\/v2\/product_brand?post=181373"},{"taxonomy":"product_cat","embeddable":true,"href":"https:\/\/www.errepiudine.com\/fr\/wp-json\/wp\/v2\/product_cat?post=181373"},{"taxonomy":"product_tag","embeddable":true,"href":"https:\/\/www.errepiudine.com\/fr\/wp-json\/wp\/v2\/product_tag?post=181373"}],"curies":[{"name":"wp","href":"https:\/\/api.w.org\/{rel}","templated":true}]}}