{"id":180601,"date":"2025-08-01T08:57:03","date_gmt":"2025-08-01T06:57:03","guid":{"rendered":"https:\/\/www.errepiudine.com\/?post_type=product&#038;p=180601"},"modified":"2025-08-01T09:13:03","modified_gmt":"2025-08-01T07:13:03","slug":"stonfo-embouts-standards-pour-cannes-117-paquet-de-pieces-1-copia-9","status":"publish","type":"product","link":"https:\/\/www.errepiudine.com\/fr\/stonfo-embouts-standards-pour-cannes-117-paquet-de-pieces-1-copia-9\/","title":{"rendered":"STONFO &#8211;  COUVRE-NOEUD  &#8211; 584 &#8211; PAQUET DE PI\u00c8CES 1"},"content":{"rendered":"<p>Couvre-n\u0153ud indiqu\u00e9 pour tous les types de p\u00eache. Sa forme biconique permet un<br \/>\npassage facile dans les anneaux. Disponible en 3 tailles at 5 couleurs est id\u00e9al pour<br \/>\ncouvrir la jonction soie-ligne et pour la finition des streamers et leurres.<\/p>\n","protected":false},"excerpt":{"rendered":"<p>Couvre-n\u0153ud<\/p>\n","protected":false},"featured_media":180604,"template":"","meta":[],"product_brand":[3436],"product_cat":[3748,3632],"product_tag":[],"class_list":{"0":"post-180601","1":"product","2":"type-product","3":"status-publish","4":"has-post-thumbnail","6":"product_brand-stonfo","7":"product_cat-accessoires","8":"product_cat-eau-douce-et-mer","10":"first","11":"instock","12":"taxable","13":"shipping-taxable","14":"purchasable","15":"product-type-simple"},"yoast_head":"<!-- This site is optimized with the Yoast SEO plugin v27.1.1 - https:\/\/yoast.com\/product\/yoast-seo-wordpress\/ -->\n<title>STONFO - COUVRE-NOEUD - 584 - PAQUET DE PI\u00c8CES 1 - Errepi tutto per pesca a mosca<\/title>\n<meta name=\"description\" content=\"Couvre-n\u0153ud\" \/>\n<meta name=\"robots\" content=\"index, follow, max-snippet:-1, max-image-preview:large, max-video-preview:-1\" \/>\n<link rel=\"canonical\" href=\"https:\/\/www.errepiudine.com\/fr\/stonfo-embouts-standards-pour-cannes-117-paquet-de-pieces-1-copia-9\/\" \/>\n<meta property=\"og:locale\" content=\"fr_FR\" \/>\n<meta property=\"og:type\" content=\"article\" \/>\n<meta property=\"og:title\" content=\"STONFO - COUVRE-NOEUD - 584 - PAQUET DE PI\u00c8CES 1 - Errepi tutto per pesca a mosca\" \/>\n<meta property=\"og:description\" content=\"Couvre-n\u0153ud\" \/>\n<meta property=\"og:url\" content=\"https:\/\/www.errepiudine.com\/fr\/stonfo-embouts-standards-pour-cannes-117-paquet-de-pieces-1-copia-9\/\" \/>\n<meta property=\"og:site_name\" content=\"Errepi Group\" \/>\n<meta property=\"article:publisher\" content=\"https:\/\/www.facebook.com\/errepiudine\/\" \/>\n<meta property=\"article:modified_time\" content=\"2025-08-01T07:13:03+00:00\" \/>\n<meta property=\"og:image\" content=\"https:\/\/www.errepiudine.com\/wp-content\/uploads\/2025\/08\/Screenshot_1-8-2025_9011_.jpeg\" \/>\n\t<meta property=\"og:image:width\" content=\"56\" \/>\n\t<meta property=\"og:image:height\" content=\"67\" \/>\n\t<meta property=\"og:image:type\" content=\"image\/jpeg\" \/>\n<meta name=\"twitter:card\" content=\"summary_large_image\" \/>\n<script type=\"application\/ld+json\" class=\"yoast-schema-graph\">{\"@context\":\"https:\/\/schema.org\",\"@graph\":[{\"@type\":\"WebPage\",\"@id\":\"https:\/\/www.errepiudine.com\/fr\/stonfo-embouts-standards-pour-cannes-117-paquet-de-pieces-1-copia-9\/\",\"url\":\"https:\/\/www.errepiudine.com\/fr\/stonfo-embouts-standards-pour-cannes-117-paquet-de-pieces-1-copia-9\/\",\"name\":\"STONFO - COUVRE-NOEUD - 584 - PAQUET DE PI\u00c8CES 1 - Errepi tutto per pesca a mosca\",\"isPartOf\":{\"@id\":\"https:\/\/www.errepiudine.com\/#website\"},\"primaryImageOfPage\":{\"@id\":\"https:\/\/www.errepiudine.com\/fr\/stonfo-embouts-standards-pour-cannes-117-paquet-de-pieces-1-copia-9\/#primaryimage\"},\"image\":{\"@id\":\"https:\/\/www.errepiudine.com\/fr\/stonfo-embouts-standards-pour-cannes-117-paquet-de-pieces-1-copia-9\/#primaryimage\"},\"thumbnailUrl\":\"https:\/\/www.errepiudine.com\/wp-content\/uploads\/2025\/08\/Screenshot_1-8-2025_9011_.jpeg\",\"datePublished\":\"2025-08-01T06:57:03+00:00\",\"dateModified\":\"2025-08-01T07:13:03+00:00\",\"description\":\"Couvre-n\u0153ud\",\"breadcrumb\":{\"@id\":\"https:\/\/www.errepiudine.com\/fr\/stonfo-embouts-standards-pour-cannes-117-paquet-de-pieces-1-copia-9\/#breadcrumb\"},\"inLanguage\":\"fr-FR\",\"potentialAction\":[{\"@type\":\"ReadAction\",\"target\":[\"https:\/\/www.errepiudine.com\/fr\/stonfo-embouts-standards-pour-cannes-117-paquet-de-pieces-1-copia-9\/\"]}]},{\"@type\":\"ImageObject\",\"inLanguage\":\"fr-FR\",\"@id\":\"https:\/\/www.errepiudine.com\/fr\/stonfo-embouts-standards-pour-cannes-117-paquet-de-pieces-1-copia-9\/#primaryimage\",\"url\":\"https:\/\/www.errepiudine.com\/wp-content\/uploads\/2025\/08\/Screenshot_1-8-2025_9011_.jpeg\",\"contentUrl\":\"https:\/\/www.errepiudine.com\/wp-content\/uploads\/2025\/08\/Screenshot_1-8-2025_9011_.jpeg\",\"width\":56,\"height\":67},{\"@type\":\"BreadcrumbList\",\"@id\":\"https:\/\/www.errepiudine.com\/fr\/stonfo-embouts-standards-pour-cannes-117-paquet-de-pieces-1-copia-9\/#breadcrumb\",\"itemListElement\":[{\"@type\":\"ListItem\",\"position\":1,\"name\":\"Home\",\"item\":\"https:\/\/www.errepiudine.com\/fr\/\"},{\"@type\":\"ListItem\",\"position\":2,\"name\":\"Boutique\",\"item\":\"https:\/\/www.errepiudine.com\/fr\/boutique\/\"},{\"@type\":\"ListItem\",\"position\":3,\"name\":\"STONFO &#8211; COUVRE-NOEUD &#8211; 584 &#8211; PAQUET DE PI\u00c8CES 1\"}]},{\"@type\":\"WebSite\",\"@id\":\"https:\/\/www.errepiudine.com\/#website\",\"url\":\"https:\/\/www.errepiudine.com\/\",\"name\":\"Errepi Group\",\"description\":\"\",\"publisher\":{\"@id\":\"https:\/\/www.errepiudine.com\/#organization\"},\"potentialAction\":[{\"@type\":\"SearchAction\",\"target\":{\"@type\":\"EntryPoint\",\"urlTemplate\":\"https:\/\/www.errepiudine.com\/?s={search_term_string}\"},\"query-input\":{\"@type\":\"PropertyValueSpecification\",\"valueRequired\":true,\"valueName\":\"search_term_string\"}}],\"inLanguage\":\"fr-FR\"},{\"@type\":\"Organization\",\"@id\":\"https:\/\/www.errepiudine.com\/#organization\",\"name\":\"Errepi Group\",\"url\":\"https:\/\/www.errepiudine.com\/\",\"logo\":{\"@type\":\"ImageObject\",\"inLanguage\":\"fr-FR\",\"@id\":\"https:\/\/www.errepiudine.com\/#\/schema\/logo\/image\/\",\"url\":\"https:\/\/www.errepiudine.com\/wp-content\/uploads\/2025\/07\/Logo-errepi-email.png\",\"contentUrl\":\"https:\/\/www.errepiudine.com\/wp-content\/uploads\/2025\/07\/Logo-errepi-email.png\",\"width\":216,\"height\":60,\"caption\":\"Errepi Group\"},\"image\":{\"@id\":\"https:\/\/www.errepiudine.com\/#\/schema\/logo\/image\/\"},\"sameAs\":[\"https:\/\/www.facebook.com\/errepiudine\/\"]}]}<\/script>\n<!-- \/ Yoast SEO plugin. -->","yoast_head_json":{"title":"STONFO - COUVRE-NOEUD - 584 - PAQUET DE PI\u00c8CES 1 - Errepi tutto per pesca a mosca","description":"Couvre-n\u0153ud","robots":{"index":"index","follow":"follow","max-snippet":"max-snippet:-1","max-image-preview":"max-image-preview:large","max-video-preview":"max-video-preview:-1"},"canonical":"https:\/\/www.errepiudine.com\/fr\/stonfo-embouts-standards-pour-cannes-117-paquet-de-pieces-1-copia-9\/","og_locale":"fr_FR","og_type":"article","og_title":"STONFO - COUVRE-NOEUD - 584 - PAQUET DE PI\u00c8CES 1 - Errepi tutto per pesca a mosca","og_description":"Couvre-n\u0153ud","og_url":"https:\/\/www.errepiudine.com\/fr\/stonfo-embouts-standards-pour-cannes-117-paquet-de-pieces-1-copia-9\/","og_site_name":"Errepi Group","article_publisher":"https:\/\/www.facebook.com\/errepiudine\/","article_modified_time":"2025-08-01T07:13:03+00:00","og_image":[{"width":56,"height":67,"url":"https:\/\/www.errepiudine.com\/wp-content\/uploads\/2025\/08\/Screenshot_1-8-2025_9011_.jpeg","type":"image\/jpeg"}],"twitter_card":"summary_large_image","schema":{"@context":"https:\/\/schema.org","@graph":[{"@type":"WebPage","@id":"https:\/\/www.errepiudine.com\/fr\/stonfo-embouts-standards-pour-cannes-117-paquet-de-pieces-1-copia-9\/","url":"https:\/\/www.errepiudine.com\/fr\/stonfo-embouts-standards-pour-cannes-117-paquet-de-pieces-1-copia-9\/","name":"STONFO - COUVRE-NOEUD - 584 - PAQUET DE PI\u00c8CES 1 - Errepi tutto per pesca a mosca","isPartOf":{"@id":"https:\/\/www.errepiudine.com\/#website"},"primaryImageOfPage":{"@id":"https:\/\/www.errepiudine.com\/fr\/stonfo-embouts-standards-pour-cannes-117-paquet-de-pieces-1-copia-9\/#primaryimage"},"image":{"@id":"https:\/\/www.errepiudine.com\/fr\/stonfo-embouts-standards-pour-cannes-117-paquet-de-pieces-1-copia-9\/#primaryimage"},"thumbnailUrl":"https:\/\/www.errepiudine.com\/wp-content\/uploads\/2025\/08\/Screenshot_1-8-2025_9011_.jpeg","datePublished":"2025-08-01T06:57:03+00:00","dateModified":"2025-08-01T07:13:03+00:00","description":"Couvre-n\u0153ud","breadcrumb":{"@id":"https:\/\/www.errepiudine.com\/fr\/stonfo-embouts-standards-pour-cannes-117-paquet-de-pieces-1-copia-9\/#breadcrumb"},"inLanguage":"fr-FR","potentialAction":[{"@type":"ReadAction","target":["https:\/\/www.errepiudine.com\/fr\/stonfo-embouts-standards-pour-cannes-117-paquet-de-pieces-1-copia-9\/"]}]},{"@type":"ImageObject","inLanguage":"fr-FR","@id":"https:\/\/www.errepiudine.com\/fr\/stonfo-embouts-standards-pour-cannes-117-paquet-de-pieces-1-copia-9\/#primaryimage","url":"https:\/\/www.errepiudine.com\/wp-content\/uploads\/2025\/08\/Screenshot_1-8-2025_9011_.jpeg","contentUrl":"https:\/\/www.errepiudine.com\/wp-content\/uploads\/2025\/08\/Screenshot_1-8-2025_9011_.jpeg","width":56,"height":67},{"@type":"BreadcrumbList","@id":"https:\/\/www.errepiudine.com\/fr\/stonfo-embouts-standards-pour-cannes-117-paquet-de-pieces-1-copia-9\/#breadcrumb","itemListElement":[{"@type":"ListItem","position":1,"name":"Home","item":"https:\/\/www.errepiudine.com\/fr\/"},{"@type":"ListItem","position":2,"name":"Boutique","item":"https:\/\/www.errepiudine.com\/fr\/boutique\/"},{"@type":"ListItem","position":3,"name":"STONFO &#8211; COUVRE-NOEUD &#8211; 584 &#8211; PAQUET DE PI\u00c8CES 1"}]},{"@type":"WebSite","@id":"https:\/\/www.errepiudine.com\/#website","url":"https:\/\/www.errepiudine.com\/","name":"Errepi Group","description":"","publisher":{"@id":"https:\/\/www.errepiudine.com\/#organization"},"potentialAction":[{"@type":"SearchAction","target":{"@type":"EntryPoint","urlTemplate":"https:\/\/www.errepiudine.com\/?s={search_term_string}"},"query-input":{"@type":"PropertyValueSpecification","valueRequired":true,"valueName":"search_term_string"}}],"inLanguage":"fr-FR"},{"@type":"Organization","@id":"https:\/\/www.errepiudine.com\/#organization","name":"Errepi Group","url":"https:\/\/www.errepiudine.com\/","logo":{"@type":"ImageObject","inLanguage":"fr-FR","@id":"https:\/\/www.errepiudine.com\/#\/schema\/logo\/image\/","url":"https:\/\/www.errepiudine.com\/wp-content\/uploads\/2025\/07\/Logo-errepi-email.png","contentUrl":"https:\/\/www.errepiudine.com\/wp-content\/uploads\/2025\/07\/Logo-errepi-email.png","width":216,"height":60,"caption":"Errepi Group"},"image":{"@id":"https:\/\/www.errepiudine.com\/#\/schema\/logo\/image\/"},"sameAs":["https:\/\/www.facebook.com\/errepiudine\/"]}]}},"_links":{"self":[{"href":"https:\/\/www.errepiudine.com\/fr\/wp-json\/wp\/v2\/product\/180601","targetHints":{"allow":["GET"]}}],"collection":[{"href":"https:\/\/www.errepiudine.com\/fr\/wp-json\/wp\/v2\/product"}],"about":[{"href":"https:\/\/www.errepiudine.com\/fr\/wp-json\/wp\/v2\/types\/product"}],"wp:featuredmedia":[{"embeddable":true,"href":"https:\/\/www.errepiudine.com\/fr\/wp-json\/wp\/v2\/media\/180604"}],"wp:attachment":[{"href":"https:\/\/www.errepiudine.com\/fr\/wp-json\/wp\/v2\/media?parent=180601"}],"wp:term":[{"taxonomy":"product_brand","embeddable":true,"href":"https:\/\/www.errepiudine.com\/fr\/wp-json\/wp\/v2\/product_brand?post=180601"},{"taxonomy":"product_cat","embeddable":true,"href":"https:\/\/www.errepiudine.com\/fr\/wp-json\/wp\/v2\/product_cat?post=180601"},{"taxonomy":"product_tag","embeddable":true,"href":"https:\/\/www.errepiudine.com\/fr\/wp-json\/wp\/v2\/product_tag?post=180601"}],"curies":[{"name":"wp","href":"https:\/\/api.w.org\/{rel}","templated":true}]}}