{"id":169767,"date":"2025-03-22T17:22:39","date_gmt":"2025-03-22T15:22:39","guid":{"rendered":"https:\/\/www.errepiudine.com\/?post_type=product&#038;p=169767"},"modified":"2025-03-22T17:27:28","modified_gmt":"2025-03-22T15:27:28","slug":"loon-outdoors-medium-caddy-f0935-copia","status":"publish","type":"product","link":"https:\/\/www.errepiudine.com\/fr\/loon-outdoors-medium-caddy-f0935-copia\/","title":{"rendered":"LOON OUTDOORS &#8211; SILICONE MEDIUM CADDY"},"content":{"rendered":"<p>La nouvelle g\u00e9n\u00e9ration de caddies pour garder vos produits flottants \u00e0 port\u00e9e de main.<\/p>\n<p>Robuste, l\u00e9ger, indestructible et con\u00e7u pour accueillir toutes nos bouteilles de 56 ml (Fly Dip, Top Ride, Easy Dry et Blue Ribbon), le caddie en silicone de 56 ml se fixe solidement \u00e0 n&#8217;importe quel sac, sac ou gilet gr\u00e2ce \u00e0 une attache en acier inoxydable, gardant votre produit flottant exactement l\u00e0 o\u00f9 vous en avez besoin.<\/p>\n","protected":false},"excerpt":{"rendered":"<p>Realizzato in nylon, con clip. Adatto per contenere boccetta da 2 oz.<\/p>\n","protected":false},"featured_media":169770,"template":"","meta":[],"product_brand":[3439],"product_cat":[9263,3728],"product_tag":[],"class_list":{"0":"post-169767","1":"product","2":"type-product","3":"status-publish","4":"has-post-thumbnail","6":"product_brand-loon-outdoors","7":"product_cat-equipement","8":"product_cat-supports","9":"pa_marca-loon-outdoors-fr","11":"first","12":"instock","13":"taxable","14":"shipping-taxable","15":"purchasable","16":"product-type-simple"},"yoast_head":"<!-- This site is optimized with the Yoast SEO plugin v27.1.1 - https:\/\/yoast.com\/product\/yoast-seo-wordpress\/ -->\n<title>LOON OUTDOORS - SILICONE MEDIUM CADDY - Errepi tutto per pesca a mosca<\/title>\n<meta name=\"description\" content=\"Realizzato in nylon, con clip. Adatto per contenere boccetta da 2 oz.\" \/>\n<meta name=\"robots\" content=\"index, follow, max-snippet:-1, max-image-preview:large, max-video-preview:-1\" \/>\n<link rel=\"canonical\" href=\"https:\/\/www.errepiudine.com\/fr\/loon-outdoors-medium-caddy-f0935-copia\/\" \/>\n<meta property=\"og:locale\" content=\"fr_FR\" \/>\n<meta property=\"og:type\" content=\"article\" \/>\n<meta property=\"og:title\" content=\"LOON OUTDOORS - SILICONE MEDIUM CADDY - Errepi tutto per pesca a mosca\" \/>\n<meta property=\"og:description\" content=\"Realizzato in nylon, con clip. Adatto per contenere boccetta da 2 oz.\" \/>\n<meta property=\"og:url\" content=\"https:\/\/www.errepiudine.com\/fr\/loon-outdoors-medium-caddy-f0935-copia\/\" \/>\n<meta property=\"og:site_name\" content=\"Errepi Group\" \/>\n<meta property=\"article:publisher\" content=\"https:\/\/www.facebook.com\/errepiudine\/\" \/>\n<meta property=\"article:modified_time\" content=\"2025-03-22T15:27:28+00:00\" \/>\n<meta property=\"og:image\" content=\"https:\/\/www.errepiudine.com\/wp-content\/uploads\/2025\/03\/silicone-medium-caddy.png\" \/>\n\t<meta property=\"og:image:width\" content=\"1024\" \/>\n\t<meta property=\"og:image:height\" content=\"588\" \/>\n\t<meta property=\"og:image:type\" content=\"image\/png\" \/>\n<meta name=\"twitter:card\" content=\"summary_large_image\" \/>\n<script type=\"application\/ld+json\" class=\"yoast-schema-graph\">{\"@context\":\"https:\/\/schema.org\",\"@graph\":[{\"@type\":\"WebPage\",\"@id\":\"https:\/\/www.errepiudine.com\/fr\/loon-outdoors-medium-caddy-f0935-copia\/\",\"url\":\"https:\/\/www.errepiudine.com\/fr\/loon-outdoors-medium-caddy-f0935-copia\/\",\"name\":\"LOON OUTDOORS - SILICONE MEDIUM CADDY - Errepi tutto per pesca a mosca\",\"isPartOf\":{\"@id\":\"https:\/\/www.errepiudine.com\/#website\"},\"primaryImageOfPage\":{\"@id\":\"https:\/\/www.errepiudine.com\/fr\/loon-outdoors-medium-caddy-f0935-copia\/#primaryimage\"},\"image\":{\"@id\":\"https:\/\/www.errepiudine.com\/fr\/loon-outdoors-medium-caddy-f0935-copia\/#primaryimage\"},\"thumbnailUrl\":\"https:\/\/www.errepiudine.com\/wp-content\/uploads\/2025\/03\/silicone-medium-caddy.png\",\"datePublished\":\"2025-03-22T15:22:39+00:00\",\"dateModified\":\"2025-03-22T15:27:28+00:00\",\"description\":\"Realizzato in nylon, con clip. Adatto per contenere boccetta da 2 oz.\",\"breadcrumb\":{\"@id\":\"https:\/\/www.errepiudine.com\/fr\/loon-outdoors-medium-caddy-f0935-copia\/#breadcrumb\"},\"inLanguage\":\"fr-FR\",\"potentialAction\":[{\"@type\":\"ReadAction\",\"target\":[\"https:\/\/www.errepiudine.com\/fr\/loon-outdoors-medium-caddy-f0935-copia\/\"]}]},{\"@type\":\"ImageObject\",\"inLanguage\":\"fr-FR\",\"@id\":\"https:\/\/www.errepiudine.com\/fr\/loon-outdoors-medium-caddy-f0935-copia\/#primaryimage\",\"url\":\"https:\/\/www.errepiudine.com\/wp-content\/uploads\/2025\/03\/silicone-medium-caddy.png\",\"contentUrl\":\"https:\/\/www.errepiudine.com\/wp-content\/uploads\/2025\/03\/silicone-medium-caddy.png\",\"width\":1024,\"height\":588},{\"@type\":\"BreadcrumbList\",\"@id\":\"https:\/\/www.errepiudine.com\/fr\/loon-outdoors-medium-caddy-f0935-copia\/#breadcrumb\",\"itemListElement\":[{\"@type\":\"ListItem\",\"position\":1,\"name\":\"Home\",\"item\":\"https:\/\/www.errepiudine.com\/fr\/\"},{\"@type\":\"ListItem\",\"position\":2,\"name\":\"Boutique\",\"item\":\"https:\/\/www.errepiudine.com\/fr\/boutique\/\"},{\"@type\":\"ListItem\",\"position\":3,\"name\":\"LOON OUTDOORS &#8211; SILICONE MEDIUM CADDY\"}]},{\"@type\":\"WebSite\",\"@id\":\"https:\/\/www.errepiudine.com\/#website\",\"url\":\"https:\/\/www.errepiudine.com\/\",\"name\":\"Errepi Group\",\"description\":\"\",\"publisher\":{\"@id\":\"https:\/\/www.errepiudine.com\/#organization\"},\"potentialAction\":[{\"@type\":\"SearchAction\",\"target\":{\"@type\":\"EntryPoint\",\"urlTemplate\":\"https:\/\/www.errepiudine.com\/?s={search_term_string}\"},\"query-input\":{\"@type\":\"PropertyValueSpecification\",\"valueRequired\":true,\"valueName\":\"search_term_string\"}}],\"inLanguage\":\"fr-FR\"},{\"@type\":\"Organization\",\"@id\":\"https:\/\/www.errepiudine.com\/#organization\",\"name\":\"Errepi Group\",\"url\":\"https:\/\/www.errepiudine.com\/\",\"logo\":{\"@type\":\"ImageObject\",\"inLanguage\":\"fr-FR\",\"@id\":\"https:\/\/www.errepiudine.com\/#\/schema\/logo\/image\/\",\"url\":\"https:\/\/www.errepiudine.com\/wp-content\/uploads\/2025\/07\/Logo-errepi-email.png\",\"contentUrl\":\"https:\/\/www.errepiudine.com\/wp-content\/uploads\/2025\/07\/Logo-errepi-email.png\",\"width\":216,\"height\":60,\"caption\":\"Errepi Group\"},\"image\":{\"@id\":\"https:\/\/www.errepiudine.com\/#\/schema\/logo\/image\/\"},\"sameAs\":[\"https:\/\/www.facebook.com\/errepiudine\/\"]}]}<\/script>\n<!-- \/ Yoast SEO plugin. -->","yoast_head_json":{"title":"LOON OUTDOORS - SILICONE MEDIUM CADDY - Errepi tutto per pesca a mosca","description":"Realizzato in nylon, con clip. Adatto per contenere boccetta da 2 oz.","robots":{"index":"index","follow":"follow","max-snippet":"max-snippet:-1","max-image-preview":"max-image-preview:large","max-video-preview":"max-video-preview:-1"},"canonical":"https:\/\/www.errepiudine.com\/fr\/loon-outdoors-medium-caddy-f0935-copia\/","og_locale":"fr_FR","og_type":"article","og_title":"LOON OUTDOORS - SILICONE MEDIUM CADDY - Errepi tutto per pesca a mosca","og_description":"Realizzato in nylon, con clip. Adatto per contenere boccetta da 2 oz.","og_url":"https:\/\/www.errepiudine.com\/fr\/loon-outdoors-medium-caddy-f0935-copia\/","og_site_name":"Errepi Group","article_publisher":"https:\/\/www.facebook.com\/errepiudine\/","article_modified_time":"2025-03-22T15:27:28+00:00","og_image":[{"width":1024,"height":588,"url":"https:\/\/www.errepiudine.com\/wp-content\/uploads\/2025\/03\/silicone-medium-caddy.png","type":"image\/png"}],"twitter_card":"summary_large_image","schema":{"@context":"https:\/\/schema.org","@graph":[{"@type":"WebPage","@id":"https:\/\/www.errepiudine.com\/fr\/loon-outdoors-medium-caddy-f0935-copia\/","url":"https:\/\/www.errepiudine.com\/fr\/loon-outdoors-medium-caddy-f0935-copia\/","name":"LOON OUTDOORS - SILICONE MEDIUM CADDY - Errepi tutto per pesca a mosca","isPartOf":{"@id":"https:\/\/www.errepiudine.com\/#website"},"primaryImageOfPage":{"@id":"https:\/\/www.errepiudine.com\/fr\/loon-outdoors-medium-caddy-f0935-copia\/#primaryimage"},"image":{"@id":"https:\/\/www.errepiudine.com\/fr\/loon-outdoors-medium-caddy-f0935-copia\/#primaryimage"},"thumbnailUrl":"https:\/\/www.errepiudine.com\/wp-content\/uploads\/2025\/03\/silicone-medium-caddy.png","datePublished":"2025-03-22T15:22:39+00:00","dateModified":"2025-03-22T15:27:28+00:00","description":"Realizzato in nylon, con clip. Adatto per contenere boccetta da 2 oz.","breadcrumb":{"@id":"https:\/\/www.errepiudine.com\/fr\/loon-outdoors-medium-caddy-f0935-copia\/#breadcrumb"},"inLanguage":"fr-FR","potentialAction":[{"@type":"ReadAction","target":["https:\/\/www.errepiudine.com\/fr\/loon-outdoors-medium-caddy-f0935-copia\/"]}]},{"@type":"ImageObject","inLanguage":"fr-FR","@id":"https:\/\/www.errepiudine.com\/fr\/loon-outdoors-medium-caddy-f0935-copia\/#primaryimage","url":"https:\/\/www.errepiudine.com\/wp-content\/uploads\/2025\/03\/silicone-medium-caddy.png","contentUrl":"https:\/\/www.errepiudine.com\/wp-content\/uploads\/2025\/03\/silicone-medium-caddy.png","width":1024,"height":588},{"@type":"BreadcrumbList","@id":"https:\/\/www.errepiudine.com\/fr\/loon-outdoors-medium-caddy-f0935-copia\/#breadcrumb","itemListElement":[{"@type":"ListItem","position":1,"name":"Home","item":"https:\/\/www.errepiudine.com\/fr\/"},{"@type":"ListItem","position":2,"name":"Boutique","item":"https:\/\/www.errepiudine.com\/fr\/boutique\/"},{"@type":"ListItem","position":3,"name":"LOON OUTDOORS &#8211; SILICONE MEDIUM CADDY"}]},{"@type":"WebSite","@id":"https:\/\/www.errepiudine.com\/#website","url":"https:\/\/www.errepiudine.com\/","name":"Errepi Group","description":"","publisher":{"@id":"https:\/\/www.errepiudine.com\/#organization"},"potentialAction":[{"@type":"SearchAction","target":{"@type":"EntryPoint","urlTemplate":"https:\/\/www.errepiudine.com\/?s={search_term_string}"},"query-input":{"@type":"PropertyValueSpecification","valueRequired":true,"valueName":"search_term_string"}}],"inLanguage":"fr-FR"},{"@type":"Organization","@id":"https:\/\/www.errepiudine.com\/#organization","name":"Errepi Group","url":"https:\/\/www.errepiudine.com\/","logo":{"@type":"ImageObject","inLanguage":"fr-FR","@id":"https:\/\/www.errepiudine.com\/#\/schema\/logo\/image\/","url":"https:\/\/www.errepiudine.com\/wp-content\/uploads\/2025\/07\/Logo-errepi-email.png","contentUrl":"https:\/\/www.errepiudine.com\/wp-content\/uploads\/2025\/07\/Logo-errepi-email.png","width":216,"height":60,"caption":"Errepi Group"},"image":{"@id":"https:\/\/www.errepiudine.com\/#\/schema\/logo\/image\/"},"sameAs":["https:\/\/www.facebook.com\/errepiudine\/"]}]}},"_links":{"self":[{"href":"https:\/\/www.errepiudine.com\/fr\/wp-json\/wp\/v2\/product\/169767","targetHints":{"allow":["GET"]}}],"collection":[{"href":"https:\/\/www.errepiudine.com\/fr\/wp-json\/wp\/v2\/product"}],"about":[{"href":"https:\/\/www.errepiudine.com\/fr\/wp-json\/wp\/v2\/types\/product"}],"wp:featuredmedia":[{"embeddable":true,"href":"https:\/\/www.errepiudine.com\/fr\/wp-json\/wp\/v2\/media\/169770"}],"wp:attachment":[{"href":"https:\/\/www.errepiudine.com\/fr\/wp-json\/wp\/v2\/media?parent=169767"}],"wp:term":[{"taxonomy":"product_brand","embeddable":true,"href":"https:\/\/www.errepiudine.com\/fr\/wp-json\/wp\/v2\/product_brand?post=169767"},{"taxonomy":"product_cat","embeddable":true,"href":"https:\/\/www.errepiudine.com\/fr\/wp-json\/wp\/v2\/product_cat?post=169767"},{"taxonomy":"product_tag","embeddable":true,"href":"https:\/\/www.errepiudine.com\/fr\/wp-json\/wp\/v2\/product_tag?post=169767"}],"curies":[{"name":"wp","href":"https:\/\/api.w.org\/{rel}","templated":true}]}}