{"id":169229,"date":"2025-02-08T19:33:50","date_gmt":"2025-02-08T17:33:50","guid":{"rendered":"https:\/\/www.errepiudine.com\/?post_type=product&#038;p=169229"},"modified":"2025-06-11T11:18:03","modified_gmt":"2025-06-11T09:18:03","slug":"tiemco-ceramic-bobbin-evo-fine-straight","status":"publish","type":"product","link":"https:\/\/www.errepiudine.com\/fr\/tiemco-ceramic-bobbin-evo-fine-straight\/","title":{"rendered":"TIEMCO &#8211; CERAMIC BOBBIN EVO FINE STRAIGHT"},"content":{"rendered":"<p>Apr\u00e8s des d\u00e9cennies de succ\u00e8s aupr\u00e8s des premi\u00e8res et meilleures bobines en c\u00e9ramique du march\u00e9, Tiemco a am\u00e9lior\u00e9 sa conception et ses mat\u00e9riaux pour en faire une bobine encore plus performante. L&#8217;EVO est dot\u00e9e d&#8217;un bras plus rigide et de moyeux am\u00e9lior\u00e9s qui r\u00e9duisent l&#8217;inertie au d\u00e9marrage et am\u00e9liorent la fluidit\u00e9 de la rotation. Ces nouvelles caract\u00e9ristiques, associ\u00e9es aux tubes en c\u00e9ramique de la plus haute qualit\u00e9 du march\u00e9, r\u00e9duisent les risques de casse du fil et offrent une utilisation extr\u00eamement simple et intuitive. Le bras long est le choix id\u00e9al pour une grande bobine.<\/p>\n","protected":false},"excerpt":{"rendered":"<p>As with pretty much any craft or art form, the right tools are of the utmost importance in fly tying. High-quality accessories ensure more fun at the tying table and simply better results. That&#8217;s why the Japanese premium manufacturer Tiemco offers sophisticated tools of the best quality &#8211; just the right thing to enjoy the creative process to the full!<\/p>\n<p>The\u00a0<strong>Tiemco TMC Ceramic Bobbin Evo Fine<\/strong>\u00a0is a first-class bobbin for tying with very thin threads. Its thread guide, made entirely of ceramic, provides an extremely smooth surface for the binding thread so that it survives the binding process unscathed. In addition, its pleasantly ribbed metal handle ensures an excellent grip and first-class comfort &#8211; even after hours on the tying vise!<\/p>\n<p>Details:<\/p>\n<ul>\n<li>High-quality bobbin &#8211; ideal for tying with very thin threads!<\/li>\n<li>First-class thread guide made entirely from extremely smooth ceramic<\/li>\n<li>Size of the thread guide: thin (gray)<\/li>\n<li>Fits perfectly in the hand thanks to a comfortable and non-slip grip<\/li>\n<li>Straight shape<\/li>\n<\/ul>\n","protected":false},"featured_media":169232,"template":"","meta":[],"product_brand":[],"product_cat":[3648,3864],"product_tag":[],"class_list":{"0":"post-169229","1":"product","2":"type-product","3":"status-publish","4":"has-post-thumbnail","6":"product_cat-construction","7":"product_cat-outils","8":"pa_marca-tiemco-fr","10":"first","11":"instock","12":"taxable","13":"shipping-taxable","14":"purchasable","15":"product-type-simple"},"yoast_head":"<!-- This site is optimized with the Yoast SEO plugin v27.1.1 - https:\/\/yoast.com\/product\/yoast-seo-wordpress\/ -->\n<title>TIEMCO - CERAMIC BOBBIN EVO FINE STRAIGHT - Errepi tutto per pesca a mosca<\/title>\n<meta name=\"description\" content=\"As with pretty much any craft or art form, the right tools are of the utmost importance in fly tying. High-quality accessories ensure more fun at the tying table and simply better results. That&#039;s why the Japanese premium manufacturer Tiemco offers sophisticated tools of the best quality - just the right thing to enjoy the creative process to the full!  The\u00a0Tiemco TMC Ceramic Bobbin Evo Fine\u00a0is a first-class bobbin for tying with very thin threads. Its thread guide, made entirely of ceramic, provides an extremely smooth surface for the binding thread so that it survives the binding process unscathed. In addition, its pleasantly ribbed metal handle ensures an excellent grip and first-class comfort - even after hours on the tying vise!  Details:   High-quality bobbin - ideal for tying with very thin threads!  First-class thread guide made entirely from extremely smooth ceramic  Size of the thread guide: thin (gray)  Fits perfectly in the hand thanks to a comfortable and non-slip grip  Straight shape\" \/>\n<meta name=\"robots\" content=\"index, follow, max-snippet:-1, max-image-preview:large, max-video-preview:-1\" \/>\n<link rel=\"canonical\" href=\"https:\/\/www.errepiudine.com\/tiemco-ceramic-bobbin-evo-fine-straight\/\" \/>\n<meta property=\"og:locale\" content=\"fr_FR\" \/>\n<meta property=\"og:type\" content=\"article\" \/>\n<meta property=\"og:title\" content=\"TIEMCO - CERAMIC BOBBIN EVO FINE STRAIGHT - Errepi tutto per pesca a mosca\" \/>\n<meta property=\"og:description\" content=\"As with pretty much any craft or art form, the right tools are of the utmost importance in fly tying. High-quality accessories ensure more fun at the tying table and simply better results. That&#039;s why the Japanese premium manufacturer Tiemco offers sophisticated tools of the best quality - just the right thing to enjoy the creative process to the full!  The\u00a0Tiemco TMC Ceramic Bobbin Evo Fine\u00a0is a first-class bobbin for tying with very thin threads. Its thread guide, made entirely of ceramic, provides an extremely smooth surface for the binding thread so that it survives the binding process unscathed. In addition, its pleasantly ribbed metal handle ensures an excellent grip and first-class comfort - even after hours on the tying vise!  Details:   High-quality bobbin - ideal for tying with very thin threads!  First-class thread guide made entirely from extremely smooth ceramic  Size of the thread guide: thin (gray)  Fits perfectly in the hand thanks to a comfortable and non-slip grip  Straight shape\" \/>\n<meta property=\"og:url\" content=\"https:\/\/www.errepiudine.com\/tiemco-ceramic-bobbin-evo-fine-straight\/\" \/>\n<meta property=\"og:site_name\" content=\"Errepi Group\" \/>\n<meta property=\"article:publisher\" content=\"https:\/\/www.facebook.com\/errepiudine\/\" \/>\n<meta property=\"article:modified_time\" content=\"2025-06-11T09:18:03+00:00\" \/>\n<meta property=\"og:image\" content=\"https:\/\/www.errepiudine.com\/wp-content\/uploads\/2025\/02\/P-27305_Tiemco_TMC_Cermaic_Bobbin_Evo_Fine_1.jpg\" \/>\n\t<meta property=\"og:image:width\" content=\"1071\" \/>\n\t<meta property=\"og:image:height\" content=\"1100\" \/>\n\t<meta property=\"og:image:type\" content=\"image\/jpeg\" \/>\n<meta name=\"twitter:card\" content=\"summary_large_image\" \/>\n<meta name=\"twitter:label1\" content=\"Dur\u00e9e de lecture estim\u00e9e\" \/>\n\t<meta name=\"twitter:data1\" content=\"1 minute\" \/>\n<script type=\"application\/ld+json\" class=\"yoast-schema-graph\">{\"@context\":\"https:\/\/schema.org\",\"@graph\":[{\"@type\":\"WebPage\",\"@id\":\"https:\/\/www.errepiudine.com\/tiemco-ceramic-bobbin-evo-fine-straight\/\",\"url\":\"https:\/\/www.errepiudine.com\/tiemco-ceramic-bobbin-evo-fine-straight\/\",\"name\":\"TIEMCO - CERAMIC BOBBIN EVO FINE STRAIGHT - Errepi tutto per pesca a mosca\",\"isPartOf\":{\"@id\":\"https:\/\/www.errepiudine.com\/#website\"},\"primaryImageOfPage\":{\"@id\":\"https:\/\/www.errepiudine.com\/tiemco-ceramic-bobbin-evo-fine-straight\/#primaryimage\"},\"image\":{\"@id\":\"https:\/\/www.errepiudine.com\/tiemco-ceramic-bobbin-evo-fine-straight\/#primaryimage\"},\"thumbnailUrl\":\"https:\/\/www.errepiudine.com\/wp-content\/uploads\/2025\/02\/P-27305_Tiemco_TMC_Cermaic_Bobbin_Evo_Fine_1.jpg\",\"datePublished\":\"2025-02-08T17:33:50+00:00\",\"dateModified\":\"2025-06-11T09:18:03+00:00\",\"description\":\"As with pretty much any craft or art form, the right tools are of the utmost importance in fly tying. High-quality accessories ensure more fun at the tying table and simply better results. That's why the Japanese premium manufacturer Tiemco offers sophisticated tools of the best quality - just the right thing to enjoy the creative process to the full! The\u00a0Tiemco TMC Ceramic Bobbin Evo Fine\u00a0is a first-class bobbin for tying with very thin threads. Its thread guide, made entirely of ceramic, provides an extremely smooth surface for the binding thread so that it survives the binding process unscathed. In addition, its pleasantly ribbed metal handle ensures an excellent grip and first-class comfort - even after hours on the tying vise! Details: High-quality bobbin - ideal for tying with very thin threads! First-class thread guide made entirely from extremely smooth ceramic Size of the thread guide: thin (gray) Fits perfectly in the hand thanks to a comfortable and non-slip grip Straight shape\",\"breadcrumb\":{\"@id\":\"https:\/\/www.errepiudine.com\/tiemco-ceramic-bobbin-evo-fine-straight\/#breadcrumb\"},\"inLanguage\":\"fr-FR\",\"potentialAction\":[{\"@type\":\"ReadAction\",\"target\":[\"https:\/\/www.errepiudine.com\/tiemco-ceramic-bobbin-evo-fine-straight\/\"]}]},{\"@type\":\"ImageObject\",\"inLanguage\":\"fr-FR\",\"@id\":\"https:\/\/www.errepiudine.com\/tiemco-ceramic-bobbin-evo-fine-straight\/#primaryimage\",\"url\":\"https:\/\/www.errepiudine.com\/wp-content\/uploads\/2025\/02\/P-27305_Tiemco_TMC_Cermaic_Bobbin_Evo_Fine_1.jpg\",\"contentUrl\":\"https:\/\/www.errepiudine.com\/wp-content\/uploads\/2025\/02\/P-27305_Tiemco_TMC_Cermaic_Bobbin_Evo_Fine_1.jpg\",\"width\":1071,\"height\":1100},{\"@type\":\"BreadcrumbList\",\"@id\":\"https:\/\/www.errepiudine.com\/tiemco-ceramic-bobbin-evo-fine-straight\/#breadcrumb\",\"itemListElement\":[{\"@type\":\"ListItem\",\"position\":1,\"name\":\"Home\",\"item\":\"https:\/\/www.errepiudine.com\/fr\/\"},{\"@type\":\"ListItem\",\"position\":2,\"name\":\"Boutique\",\"item\":\"https:\/\/www.errepiudine.com\/fr\/boutique\/\"},{\"@type\":\"ListItem\",\"position\":3,\"name\":\"TIEMCO &#8211; CERAMIC BOBBIN EVO FINE STRAIGHT\"}]},{\"@type\":\"WebSite\",\"@id\":\"https:\/\/www.errepiudine.com\/#website\",\"url\":\"https:\/\/www.errepiudine.com\/\",\"name\":\"Errepi Group\",\"description\":\"\",\"publisher\":{\"@id\":\"https:\/\/www.errepiudine.com\/#organization\"},\"potentialAction\":[{\"@type\":\"SearchAction\",\"target\":{\"@type\":\"EntryPoint\",\"urlTemplate\":\"https:\/\/www.errepiudine.com\/?s={search_term_string}\"},\"query-input\":{\"@type\":\"PropertyValueSpecification\",\"valueRequired\":true,\"valueName\":\"search_term_string\"}}],\"inLanguage\":\"fr-FR\"},{\"@type\":\"Organization\",\"@id\":\"https:\/\/www.errepiudine.com\/#organization\",\"name\":\"Errepi Group\",\"url\":\"https:\/\/www.errepiudine.com\/\",\"logo\":{\"@type\":\"ImageObject\",\"inLanguage\":\"fr-FR\",\"@id\":\"https:\/\/www.errepiudine.com\/#\/schema\/logo\/image\/\",\"url\":\"https:\/\/www.errepiudine.com\/wp-content\/uploads\/2025\/07\/Logo-errepi-email.png\",\"contentUrl\":\"https:\/\/www.errepiudine.com\/wp-content\/uploads\/2025\/07\/Logo-errepi-email.png\",\"width\":216,\"height\":60,\"caption\":\"Errepi Group\"},\"image\":{\"@id\":\"https:\/\/www.errepiudine.com\/#\/schema\/logo\/image\/\"},\"sameAs\":[\"https:\/\/www.facebook.com\/errepiudine\/\"]}]}<\/script>\n<!-- \/ Yoast SEO plugin. -->","yoast_head_json":{"title":"TIEMCO - CERAMIC BOBBIN EVO FINE STRAIGHT - Errepi tutto per pesca a mosca","description":"As with pretty much any craft or art form, the right tools are of the utmost importance in fly tying. High-quality accessories ensure more fun at the tying table and simply better results. That's why the Japanese premium manufacturer Tiemco offers sophisticated tools of the best quality - just the right thing to enjoy the creative process to the full!  The\u00a0Tiemco TMC Ceramic Bobbin Evo Fine\u00a0is a first-class bobbin for tying with very thin threads. Its thread guide, made entirely of ceramic, provides an extremely smooth surface for the binding thread so that it survives the binding process unscathed. In addition, its pleasantly ribbed metal handle ensures an excellent grip and first-class comfort - even after hours on the tying vise!  Details:   High-quality bobbin - ideal for tying with very thin threads!  First-class thread guide made entirely from extremely smooth ceramic  Size of the thread guide: thin (gray)  Fits perfectly in the hand thanks to a comfortable and non-slip grip  Straight shape","robots":{"index":"index","follow":"follow","max-snippet":"max-snippet:-1","max-image-preview":"max-image-preview:large","max-video-preview":"max-video-preview:-1"},"canonical":"https:\/\/www.errepiudine.com\/tiemco-ceramic-bobbin-evo-fine-straight\/","og_locale":"fr_FR","og_type":"article","og_title":"TIEMCO - CERAMIC BOBBIN EVO FINE STRAIGHT - Errepi tutto per pesca a mosca","og_description":"As with pretty much any craft or art form, the right tools are of the utmost importance in fly tying. High-quality accessories ensure more fun at the tying table and simply better results. That's why the Japanese premium manufacturer Tiemco offers sophisticated tools of the best quality - just the right thing to enjoy the creative process to the full!  The\u00a0Tiemco TMC Ceramic Bobbin Evo Fine\u00a0is a first-class bobbin for tying with very thin threads. Its thread guide, made entirely of ceramic, provides an extremely smooth surface for the binding thread so that it survives the binding process unscathed. In addition, its pleasantly ribbed metal handle ensures an excellent grip and first-class comfort - even after hours on the tying vise!  Details:   High-quality bobbin - ideal for tying with very thin threads!  First-class thread guide made entirely from extremely smooth ceramic  Size of the thread guide: thin (gray)  Fits perfectly in the hand thanks to a comfortable and non-slip grip  Straight shape","og_url":"https:\/\/www.errepiudine.com\/tiemco-ceramic-bobbin-evo-fine-straight\/","og_site_name":"Errepi Group","article_publisher":"https:\/\/www.facebook.com\/errepiudine\/","article_modified_time":"2025-06-11T09:18:03+00:00","og_image":[{"width":1071,"height":1100,"url":"https:\/\/www.errepiudine.com\/wp-content\/uploads\/2025\/02\/P-27305_Tiemco_TMC_Cermaic_Bobbin_Evo_Fine_1.jpg","type":"image\/jpeg"}],"twitter_card":"summary_large_image","twitter_misc":{"Dur\u00e9e de lecture estim\u00e9e":"1 minute"},"schema":{"@context":"https:\/\/schema.org","@graph":[{"@type":"WebPage","@id":"https:\/\/www.errepiudine.com\/tiemco-ceramic-bobbin-evo-fine-straight\/","url":"https:\/\/www.errepiudine.com\/tiemco-ceramic-bobbin-evo-fine-straight\/","name":"TIEMCO - CERAMIC BOBBIN EVO FINE STRAIGHT - Errepi tutto per pesca a mosca","isPartOf":{"@id":"https:\/\/www.errepiudine.com\/#website"},"primaryImageOfPage":{"@id":"https:\/\/www.errepiudine.com\/tiemco-ceramic-bobbin-evo-fine-straight\/#primaryimage"},"image":{"@id":"https:\/\/www.errepiudine.com\/tiemco-ceramic-bobbin-evo-fine-straight\/#primaryimage"},"thumbnailUrl":"https:\/\/www.errepiudine.com\/wp-content\/uploads\/2025\/02\/P-27305_Tiemco_TMC_Cermaic_Bobbin_Evo_Fine_1.jpg","datePublished":"2025-02-08T17:33:50+00:00","dateModified":"2025-06-11T09:18:03+00:00","description":"As with pretty much any craft or art form, the right tools are of the utmost importance in fly tying. High-quality accessories ensure more fun at the tying table and simply better results. That's why the Japanese premium manufacturer Tiemco offers sophisticated tools of the best quality - just the right thing to enjoy the creative process to the full! The\u00a0Tiemco TMC Ceramic Bobbin Evo Fine\u00a0is a first-class bobbin for tying with very thin threads. Its thread guide, made entirely of ceramic, provides an extremely smooth surface for the binding thread so that it survives the binding process unscathed. In addition, its pleasantly ribbed metal handle ensures an excellent grip and first-class comfort - even after hours on the tying vise! Details: High-quality bobbin - ideal for tying with very thin threads! First-class thread guide made entirely from extremely smooth ceramic Size of the thread guide: thin (gray) Fits perfectly in the hand thanks to a comfortable and non-slip grip Straight shape","breadcrumb":{"@id":"https:\/\/www.errepiudine.com\/tiemco-ceramic-bobbin-evo-fine-straight\/#breadcrumb"},"inLanguage":"fr-FR","potentialAction":[{"@type":"ReadAction","target":["https:\/\/www.errepiudine.com\/tiemco-ceramic-bobbin-evo-fine-straight\/"]}]},{"@type":"ImageObject","inLanguage":"fr-FR","@id":"https:\/\/www.errepiudine.com\/tiemco-ceramic-bobbin-evo-fine-straight\/#primaryimage","url":"https:\/\/www.errepiudine.com\/wp-content\/uploads\/2025\/02\/P-27305_Tiemco_TMC_Cermaic_Bobbin_Evo_Fine_1.jpg","contentUrl":"https:\/\/www.errepiudine.com\/wp-content\/uploads\/2025\/02\/P-27305_Tiemco_TMC_Cermaic_Bobbin_Evo_Fine_1.jpg","width":1071,"height":1100},{"@type":"BreadcrumbList","@id":"https:\/\/www.errepiudine.com\/tiemco-ceramic-bobbin-evo-fine-straight\/#breadcrumb","itemListElement":[{"@type":"ListItem","position":1,"name":"Home","item":"https:\/\/www.errepiudine.com\/fr\/"},{"@type":"ListItem","position":2,"name":"Boutique","item":"https:\/\/www.errepiudine.com\/fr\/boutique\/"},{"@type":"ListItem","position":3,"name":"TIEMCO &#8211; CERAMIC BOBBIN EVO FINE STRAIGHT"}]},{"@type":"WebSite","@id":"https:\/\/www.errepiudine.com\/#website","url":"https:\/\/www.errepiudine.com\/","name":"Errepi Group","description":"","publisher":{"@id":"https:\/\/www.errepiudine.com\/#organization"},"potentialAction":[{"@type":"SearchAction","target":{"@type":"EntryPoint","urlTemplate":"https:\/\/www.errepiudine.com\/?s={search_term_string}"},"query-input":{"@type":"PropertyValueSpecification","valueRequired":true,"valueName":"search_term_string"}}],"inLanguage":"fr-FR"},{"@type":"Organization","@id":"https:\/\/www.errepiudine.com\/#organization","name":"Errepi Group","url":"https:\/\/www.errepiudine.com\/","logo":{"@type":"ImageObject","inLanguage":"fr-FR","@id":"https:\/\/www.errepiudine.com\/#\/schema\/logo\/image\/","url":"https:\/\/www.errepiudine.com\/wp-content\/uploads\/2025\/07\/Logo-errepi-email.png","contentUrl":"https:\/\/www.errepiudine.com\/wp-content\/uploads\/2025\/07\/Logo-errepi-email.png","width":216,"height":60,"caption":"Errepi Group"},"image":{"@id":"https:\/\/www.errepiudine.com\/#\/schema\/logo\/image\/"},"sameAs":["https:\/\/www.facebook.com\/errepiudine\/"]}]}},"_links":{"self":[{"href":"https:\/\/www.errepiudine.com\/fr\/wp-json\/wp\/v2\/product\/169229","targetHints":{"allow":["GET"]}}],"collection":[{"href":"https:\/\/www.errepiudine.com\/fr\/wp-json\/wp\/v2\/product"}],"about":[{"href":"https:\/\/www.errepiudine.com\/fr\/wp-json\/wp\/v2\/types\/product"}],"wp:featuredmedia":[{"embeddable":true,"href":"https:\/\/www.errepiudine.com\/fr\/wp-json\/wp\/v2\/media\/169232"}],"wp:attachment":[{"href":"https:\/\/www.errepiudine.com\/fr\/wp-json\/wp\/v2\/media?parent=169229"}],"wp:term":[{"taxonomy":"product_brand","embeddable":true,"href":"https:\/\/www.errepiudine.com\/fr\/wp-json\/wp\/v2\/product_brand?post=169229"},{"taxonomy":"product_cat","embeddable":true,"href":"https:\/\/www.errepiudine.com\/fr\/wp-json\/wp\/v2\/product_cat?post=169229"},{"taxonomy":"product_tag","embeddable":true,"href":"https:\/\/www.errepiudine.com\/fr\/wp-json\/wp\/v2\/product_tag?post=169229"}],"curies":[{"name":"wp","href":"https:\/\/api.w.org\/{rel}","templated":true}]}}