{"id":147399,"date":"2024-05-23T20:03:44","date_gmt":"2024-05-23T18:03:44","guid":{"rendered":"https:\/\/www.errepiudine.com\/?post_type=product&#038;p=147399"},"modified":"2025-06-17T17:13:45","modified_gmt":"2025-06-17T15:13:45","slug":"traper-wading-boots-montana-olive-4","status":"publish","type":"product","link":"https:\/\/www.errepiudine.com\/fr\/traper-wading-boots-montana-olive-4\/","title":{"rendered":"TRAPER &#8211; WADING BOOTS MONTANA OLIVE"},"content":{"rendered":"<p>TRAPER &#8211; BOTTES DE WADING MONTANA OLIVE<\/p>\n<p>Les bottes de wading Montana sont fabriqu\u00e9es avec soin, \u00e0 partir de tissus de premi\u00e8re qualit\u00e9 et de cuir naturel. Elles ont \u00e9t\u00e9 renforc\u00e9es et \u00e9paissies \u00e0 certains endroits critiques. La semelle est compos\u00e9e de trois couches. Celle du milieu est plus rigide, ce qui permet de patauger confortablement sur les fonds rocheux. Les crampons maintiennent les bottes fermement gr\u00e2ce \u00e0 la couche renforc\u00e9e. La tige parfaite offre un confort exceptionnel pendant la marche.<\/p>\n","protected":false},"excerpt":{"rendered":"<p>TRAPER &#8211; BOTTES DE WADING MONTANA OLIVE Les bottes de wading Montana sont fabriqu\u00e9es avec soin, \u00e0 partir de tissus<\/p>\n","protected":false},"featured_media":151459,"template":"","meta":[],"product_brand":[3429],"product_cat":[9490,9502,3624],"product_tag":[],"class_list":{"0":"post-147399","1":"product","2":"type-product","3":"status-publish","4":"has-post-thumbnail","6":"product_brand-traper","7":"product_cat-bottes","8":"product_cat-bottes-a-semelles-en-caoutchouc","9":"product_cat-vetements-et-wading","10":"pa_marca-traper-fr","12":"first","13":"outofstock","14":"taxable","15":"shipping-taxable","16":"purchasable","17":"product-type-variable"},"yoast_head":"<!-- This site is optimized with the Yoast SEO plugin v27.1.1 - https:\/\/yoast.com\/product\/yoast-seo-wordpress\/ -->\n<title>TRAPER - WADING BOOTS MONTANA OLIVE - Errepi tutto per pesca a mosca<\/title>\n<meta name=\"description\" content=\"TRAPER - BOTTES DE WADING MONTANA OLIVE Les bottes de wading Montana sont fabriqu\u00e9es avec soin, \u00e0 partir de tissus de premi\u00e8re qualit\u00e9 et de cuir naturel.\" \/>\n<meta name=\"robots\" content=\"index, follow, max-snippet:-1, max-image-preview:large, max-video-preview:-1\" \/>\n<link rel=\"canonical\" href=\"https:\/\/www.errepiudine.com\/fr\/traper-wading-boots-montana-olive-4\/\" \/>\n<meta property=\"og:locale\" content=\"fr_FR\" \/>\n<meta property=\"og:type\" content=\"article\" \/>\n<meta property=\"og:title\" content=\"TRAPER - WADING BOOTS MONTANA OLIVE - Errepi tutto per pesca a mosca\" \/>\n<meta property=\"og:description\" content=\"TRAPER - BOTTES DE WADING MONTANA OLIVE Les bottes de wading Montana sont fabriqu\u00e9es avec soin, \u00e0 partir de tissus de premi\u00e8re qualit\u00e9 et de cuir naturel.\" \/>\n<meta property=\"og:url\" content=\"https:\/\/www.errepiudine.com\/fr\/traper-wading-boots-montana-olive-4\/\" \/>\n<meta property=\"og:site_name\" content=\"Errepi Group\" \/>\n<meta property=\"article:publisher\" content=\"https:\/\/www.facebook.com\/errepiudine\/\" \/>\n<meta property=\"article:modified_time\" content=\"2025-06-17T15:13:45+00:00\" \/>\n<meta property=\"og:image\" content=\"https:\/\/www.errepiudine.com\/wp-content\/uploads\/2024\/05\/WS01681.jpg\" \/>\n\t<meta property=\"og:image:width\" content=\"700\" \/>\n\t<meta property=\"og:image:height\" content=\"800\" \/>\n\t<meta property=\"og:image:type\" content=\"image\/jpeg\" \/>\n<meta name=\"twitter:card\" content=\"summary_large_image\" \/>\n<script type=\"application\/ld+json\" class=\"yoast-schema-graph\">{\"@context\":\"https:\/\/schema.org\",\"@graph\":[{\"@type\":\"WebPage\",\"@id\":\"https:\/\/www.errepiudine.com\/fr\/traper-wading-boots-montana-olive-4\/\",\"url\":\"https:\/\/www.errepiudine.com\/fr\/traper-wading-boots-montana-olive-4\/\",\"name\":\"TRAPER - WADING BOOTS MONTANA OLIVE - Errepi tutto per pesca a mosca\",\"isPartOf\":{\"@id\":\"https:\/\/www.errepiudine.com\/#website\"},\"primaryImageOfPage\":{\"@id\":\"https:\/\/www.errepiudine.com\/fr\/traper-wading-boots-montana-olive-4\/#primaryimage\"},\"image\":{\"@id\":\"https:\/\/www.errepiudine.com\/fr\/traper-wading-boots-montana-olive-4\/#primaryimage\"},\"thumbnailUrl\":\"https:\/\/www.errepiudine.com\/wp-content\/uploads\/2024\/05\/WS01681.jpg\",\"datePublished\":\"2024-05-23T18:03:44+00:00\",\"dateModified\":\"2025-06-17T15:13:45+00:00\",\"description\":\"TRAPER - BOTTES DE WADING MONTANA OLIVE Les bottes de wading Montana sont fabriqu\u00e9es avec soin, \u00e0 partir de tissus de premi\u00e8re qualit\u00e9 et de cuir naturel.\",\"breadcrumb\":{\"@id\":\"https:\/\/www.errepiudine.com\/fr\/traper-wading-boots-montana-olive-4\/#breadcrumb\"},\"inLanguage\":\"fr-FR\",\"potentialAction\":[{\"@type\":\"ReadAction\",\"target\":[\"https:\/\/www.errepiudine.com\/fr\/traper-wading-boots-montana-olive-4\/\"]}]},{\"@type\":\"ImageObject\",\"inLanguage\":\"fr-FR\",\"@id\":\"https:\/\/www.errepiudine.com\/fr\/traper-wading-boots-montana-olive-4\/#primaryimage\",\"url\":\"https:\/\/www.errepiudine.com\/wp-content\/uploads\/2024\/05\/WS01681.jpg\",\"contentUrl\":\"https:\/\/www.errepiudine.com\/wp-content\/uploads\/2024\/05\/WS01681.jpg\",\"width\":700,\"height\":800,\"caption\":\"WS0168[1]\"},{\"@type\":\"BreadcrumbList\",\"@id\":\"https:\/\/www.errepiudine.com\/fr\/traper-wading-boots-montana-olive-4\/#breadcrumb\",\"itemListElement\":[{\"@type\":\"ListItem\",\"position\":1,\"name\":\"Home\",\"item\":\"https:\/\/www.errepiudine.com\/fr\/\"},{\"@type\":\"ListItem\",\"position\":2,\"name\":\"Boutique\",\"item\":\"https:\/\/www.errepiudine.com\/fr\/boutique\/\"},{\"@type\":\"ListItem\",\"position\":3,\"name\":\"TRAPER &#8211; WADING BOOTS MONTANA OLIVE\"}]},{\"@type\":\"WebSite\",\"@id\":\"https:\/\/www.errepiudine.com\/#website\",\"url\":\"https:\/\/www.errepiudine.com\/\",\"name\":\"Errepi Group\",\"description\":\"\",\"publisher\":{\"@id\":\"https:\/\/www.errepiudine.com\/#organization\"},\"potentialAction\":[{\"@type\":\"SearchAction\",\"target\":{\"@type\":\"EntryPoint\",\"urlTemplate\":\"https:\/\/www.errepiudine.com\/?s={search_term_string}\"},\"query-input\":{\"@type\":\"PropertyValueSpecification\",\"valueRequired\":true,\"valueName\":\"search_term_string\"}}],\"inLanguage\":\"fr-FR\"},{\"@type\":\"Organization\",\"@id\":\"https:\/\/www.errepiudine.com\/#organization\",\"name\":\"Errepi Group\",\"url\":\"https:\/\/www.errepiudine.com\/\",\"logo\":{\"@type\":\"ImageObject\",\"inLanguage\":\"fr-FR\",\"@id\":\"https:\/\/www.errepiudine.com\/#\/schema\/logo\/image\/\",\"url\":\"https:\/\/www.errepiudine.com\/wp-content\/uploads\/2025\/07\/Logo-errepi-email.png\",\"contentUrl\":\"https:\/\/www.errepiudine.com\/wp-content\/uploads\/2025\/07\/Logo-errepi-email.png\",\"width\":216,\"height\":60,\"caption\":\"Errepi Group\"},\"image\":{\"@id\":\"https:\/\/www.errepiudine.com\/#\/schema\/logo\/image\/\"},\"sameAs\":[\"https:\/\/www.facebook.com\/errepiudine\/\"]}]}<\/script>\n<!-- \/ Yoast SEO plugin. -->","yoast_head_json":{"title":"TRAPER - WADING BOOTS MONTANA OLIVE - Errepi tutto per pesca a mosca","description":"TRAPER - BOTTES DE WADING MONTANA OLIVE Les bottes de wading Montana sont fabriqu\u00e9es avec soin, \u00e0 partir de tissus de premi\u00e8re qualit\u00e9 et de cuir naturel.","robots":{"index":"index","follow":"follow","max-snippet":"max-snippet:-1","max-image-preview":"max-image-preview:large","max-video-preview":"max-video-preview:-1"},"canonical":"https:\/\/www.errepiudine.com\/fr\/traper-wading-boots-montana-olive-4\/","og_locale":"fr_FR","og_type":"article","og_title":"TRAPER - WADING BOOTS MONTANA OLIVE - Errepi tutto per pesca a mosca","og_description":"TRAPER - BOTTES DE WADING MONTANA OLIVE Les bottes de wading Montana sont fabriqu\u00e9es avec soin, \u00e0 partir de tissus de premi\u00e8re qualit\u00e9 et de cuir naturel.","og_url":"https:\/\/www.errepiudine.com\/fr\/traper-wading-boots-montana-olive-4\/","og_site_name":"Errepi Group","article_publisher":"https:\/\/www.facebook.com\/errepiudine\/","article_modified_time":"2025-06-17T15:13:45+00:00","og_image":[{"width":700,"height":800,"url":"https:\/\/www.errepiudine.com\/wp-content\/uploads\/2024\/05\/WS01681.jpg","type":"image\/jpeg"}],"twitter_card":"summary_large_image","schema":{"@context":"https:\/\/schema.org","@graph":[{"@type":"WebPage","@id":"https:\/\/www.errepiudine.com\/fr\/traper-wading-boots-montana-olive-4\/","url":"https:\/\/www.errepiudine.com\/fr\/traper-wading-boots-montana-olive-4\/","name":"TRAPER - WADING BOOTS MONTANA OLIVE - Errepi tutto per pesca a mosca","isPartOf":{"@id":"https:\/\/www.errepiudine.com\/#website"},"primaryImageOfPage":{"@id":"https:\/\/www.errepiudine.com\/fr\/traper-wading-boots-montana-olive-4\/#primaryimage"},"image":{"@id":"https:\/\/www.errepiudine.com\/fr\/traper-wading-boots-montana-olive-4\/#primaryimage"},"thumbnailUrl":"https:\/\/www.errepiudine.com\/wp-content\/uploads\/2024\/05\/WS01681.jpg","datePublished":"2024-05-23T18:03:44+00:00","dateModified":"2025-06-17T15:13:45+00:00","description":"TRAPER - BOTTES DE WADING MONTANA OLIVE Les bottes de wading Montana sont fabriqu\u00e9es avec soin, \u00e0 partir de tissus de premi\u00e8re qualit\u00e9 et de cuir naturel.","breadcrumb":{"@id":"https:\/\/www.errepiudine.com\/fr\/traper-wading-boots-montana-olive-4\/#breadcrumb"},"inLanguage":"fr-FR","potentialAction":[{"@type":"ReadAction","target":["https:\/\/www.errepiudine.com\/fr\/traper-wading-boots-montana-olive-4\/"]}]},{"@type":"ImageObject","inLanguage":"fr-FR","@id":"https:\/\/www.errepiudine.com\/fr\/traper-wading-boots-montana-olive-4\/#primaryimage","url":"https:\/\/www.errepiudine.com\/wp-content\/uploads\/2024\/05\/WS01681.jpg","contentUrl":"https:\/\/www.errepiudine.com\/wp-content\/uploads\/2024\/05\/WS01681.jpg","width":700,"height":800,"caption":"WS0168[1]"},{"@type":"BreadcrumbList","@id":"https:\/\/www.errepiudine.com\/fr\/traper-wading-boots-montana-olive-4\/#breadcrumb","itemListElement":[{"@type":"ListItem","position":1,"name":"Home","item":"https:\/\/www.errepiudine.com\/fr\/"},{"@type":"ListItem","position":2,"name":"Boutique","item":"https:\/\/www.errepiudine.com\/fr\/boutique\/"},{"@type":"ListItem","position":3,"name":"TRAPER &#8211; WADING BOOTS MONTANA OLIVE"}]},{"@type":"WebSite","@id":"https:\/\/www.errepiudine.com\/#website","url":"https:\/\/www.errepiudine.com\/","name":"Errepi Group","description":"","publisher":{"@id":"https:\/\/www.errepiudine.com\/#organization"},"potentialAction":[{"@type":"SearchAction","target":{"@type":"EntryPoint","urlTemplate":"https:\/\/www.errepiudine.com\/?s={search_term_string}"},"query-input":{"@type":"PropertyValueSpecification","valueRequired":true,"valueName":"search_term_string"}}],"inLanguage":"fr-FR"},{"@type":"Organization","@id":"https:\/\/www.errepiudine.com\/#organization","name":"Errepi Group","url":"https:\/\/www.errepiudine.com\/","logo":{"@type":"ImageObject","inLanguage":"fr-FR","@id":"https:\/\/www.errepiudine.com\/#\/schema\/logo\/image\/","url":"https:\/\/www.errepiudine.com\/wp-content\/uploads\/2025\/07\/Logo-errepi-email.png","contentUrl":"https:\/\/www.errepiudine.com\/wp-content\/uploads\/2025\/07\/Logo-errepi-email.png","width":216,"height":60,"caption":"Errepi Group"},"image":{"@id":"https:\/\/www.errepiudine.com\/#\/schema\/logo\/image\/"},"sameAs":["https:\/\/www.facebook.com\/errepiudine\/"]}]}},"_links":{"self":[{"href":"https:\/\/www.errepiudine.com\/fr\/wp-json\/wp\/v2\/product\/147399","targetHints":{"allow":["GET"]}}],"collection":[{"href":"https:\/\/www.errepiudine.com\/fr\/wp-json\/wp\/v2\/product"}],"about":[{"href":"https:\/\/www.errepiudine.com\/fr\/wp-json\/wp\/v2\/types\/product"}],"wp:featuredmedia":[{"embeddable":true,"href":"https:\/\/www.errepiudine.com\/fr\/wp-json\/wp\/v2\/media\/151459"}],"wp:attachment":[{"href":"https:\/\/www.errepiudine.com\/fr\/wp-json\/wp\/v2\/media?parent=147399"}],"wp:term":[{"taxonomy":"product_brand","embeddable":true,"href":"https:\/\/www.errepiudine.com\/fr\/wp-json\/wp\/v2\/product_brand?post=147399"},{"taxonomy":"product_cat","embeddable":true,"href":"https:\/\/www.errepiudine.com\/fr\/wp-json\/wp\/v2\/product_cat?post=147399"},{"taxonomy":"product_tag","embeddable":true,"href":"https:\/\/www.errepiudine.com\/fr\/wp-json\/wp\/v2\/product_tag?post=147399"}],"curies":[{"name":"wp","href":"https:\/\/api.w.org\/{rel}","templated":true}]}}