{"id":145760,"date":"2024-05-23T20:02:34","date_gmt":"2024-05-23T18:02:34","guid":{"rendered":"https:\/\/www.errepiudine.com\/?post_type=product&#038;p=145760"},"modified":"2024-07-03T14:24:52","modified_gmt":"2024-07-03T12:24:52","slug":"simms-vertical-mesh-vest","status":"publish","type":"product","link":"https:\/\/www.errepiudine.com\/fr\/simms-vertical-mesh-vest\/","title":{"rendered":"SIMMS &#8211; VERTICAL MESH VEST"},"content":{"rendered":"<p>Le gilet Vertical Guide de Simms offre un soutien organisationnel sous la forme de grandes poches \u00e0 soufflet avec des s\u00e9parateurs verticaux qui emp\u00eachent les lunettes de soleil et les cl\u00e9s de voiture d&#8217;entrer.<\/p>\n<p>Seize poches suppl\u00e9mentaires couvrent tous vos besoins de rangement en bord de rivi\u00e8re, tandis que le col rembourr\u00e9 et respirant, les fermetures \u00e9clair et les curseurs non corrosifs, ainsi que le cordon de r\u00e9glage pratique garantissent un ajustement personnalis\u00e9 et un confort maximal.<\/p>\n<p><strong>Caract\u00e9ristiques principales :<\/strong><br \/>\n18 poches : 2 grandes poches verticales \u00e0 soufflet avec s\u00e9parateur mobile et acc\u00e8s sup\u00e9rieur\/c\u00f4t\u00e9, 1 poche poitrine moyenne \u00e0 soufflet, 2 petites poches poitrine sup\u00e9rieures, 4 poches pour le tippet, 2 petites poches lat\u00e9rales inf\u00e9rieures, 4 poches int\u00e9rieures, 1 poche arri\u00e8re fendue, 1 poche cargo \u00e0 soufflet \u00e0 l&#8217;arri\u00e8re.<br \/>\nEpaule matelass\u00e9e.<br \/>\n2 \u00e9carteurs int\u00e9gr\u00e9s brevet\u00e9s et am\u00e9lior\u00e9s, fermetures \u00e9clair 100% YKK\u00ae, fermeture \u00e0 boucle YKK\u00ae et col rembourr\u00e9 respirant.<br \/>\nTissu 100 % nylon avec finition DWR et doublure en maille 100 % polyester.<\/p>\n<p><strong>Mat\u00e9riau technique :<\/strong><br \/>\n100% nylon avec finition DWR\/100% polyester doublure en maille.<br \/>\nPoids approximatif : 454 g.<\/p>\n","protected":false},"excerpt":{"rendered":"<p>Le gilet Vertical Guide de Simms offre un soutien organisationnel sous la forme de grandes poches \u00e0 soufflet avec des s\u00e9parateurs verticaux qui emp\u00eachent les lunettes de soleil et les cl\u00e9s de voiture d&#8217;entrer.<\/p>\n","protected":false},"featured_media":148839,"template":"","meta":[],"product_brand":[3423],"product_cat":[3700,3624],"product_tag":[],"class_list":{"0":"post-145760","1":"product","2":"type-product","3":"status-publish","4":"has-post-thumbnail","6":"product_brand-simms","7":"product_cat-gilet","8":"product_cat-vetements-et-wading","9":"pa_marca-simms-fr","11":"first","12":"instock","13":"taxable","14":"shipping-taxable","15":"purchasable","16":"product-type-variable"},"yoast_head":"<!-- This site is optimized with the Yoast SEO plugin v27.1.1 - https:\/\/yoast.com\/product\/yoast-seo-wordpress\/ -->\n<title>SIMMS - VERTICAL MESH VEST - Errepi tutto per pesca a mosca<\/title>\n<meta name=\"description\" content=\"Le gilet Vertical Guide de Simms offre un soutien organisationnel sous la forme de grandes poches \u00e0 soufflet avec des s\u00e9parateurs verticaux qui emp\u00eachent les lunettes de soleil et les cl\u00e9s de voiture d&#039;entrer.\" \/>\n<meta name=\"robots\" content=\"index, follow, max-snippet:-1, max-image-preview:large, max-video-preview:-1\" \/>\n<link rel=\"canonical\" href=\"https:\/\/www.errepiudine.com\/fr\/simms-vertical-mesh-vest\/\" \/>\n<meta property=\"og:locale\" content=\"fr_FR\" \/>\n<meta property=\"og:type\" content=\"article\" \/>\n<meta property=\"og:title\" content=\"SIMMS - VERTICAL MESH VEST - Errepi tutto per pesca a mosca\" \/>\n<meta property=\"og:description\" content=\"Le gilet Vertical Guide de Simms offre un soutien organisationnel sous la forme de grandes poches \u00e0 soufflet avec des s\u00e9parateurs verticaux qui emp\u00eachent les lunettes de soleil et les cl\u00e9s de voiture d&#039;entrer.\" \/>\n<meta property=\"og:url\" content=\"https:\/\/www.errepiudine.com\/fr\/simms-vertical-mesh-vest\/\" \/>\n<meta property=\"og:site_name\" content=\"Errepi Group\" \/>\n<meta property=\"article:publisher\" content=\"https:\/\/www.facebook.com\/errepiudine\/\" \/>\n<meta property=\"article:modified_time\" content=\"2024-07-03T12:24:52+00:00\" \/>\n<meta property=\"og:image\" content=\"https:\/\/www.errepiudine.com\/wp-content\/uploads\/2024\/05\/WS0126.jpg\" \/>\n\t<meta property=\"og:image:width\" content=\"700\" \/>\n\t<meta property=\"og:image:height\" content=\"800\" \/>\n\t<meta property=\"og:image:type\" content=\"image\/jpeg\" \/>\n<meta name=\"twitter:card\" content=\"summary_large_image\" \/>\n<meta name=\"twitter:label1\" content=\"Dur\u00e9e de lecture estim\u00e9e\" \/>\n\t<meta name=\"twitter:data1\" content=\"1 minute\" \/>\n<script type=\"application\/ld+json\" class=\"yoast-schema-graph\">{\"@context\":\"https:\/\/schema.org\",\"@graph\":[{\"@type\":\"WebPage\",\"@id\":\"https:\/\/www.errepiudine.com\/fr\/simms-vertical-mesh-vest\/\",\"url\":\"https:\/\/www.errepiudine.com\/fr\/simms-vertical-mesh-vest\/\",\"name\":\"SIMMS - VERTICAL MESH VEST - Errepi tutto per pesca a mosca\",\"isPartOf\":{\"@id\":\"https:\/\/www.errepiudine.com\/#website\"},\"primaryImageOfPage\":{\"@id\":\"https:\/\/www.errepiudine.com\/fr\/simms-vertical-mesh-vest\/#primaryimage\"},\"image\":{\"@id\":\"https:\/\/www.errepiudine.com\/fr\/simms-vertical-mesh-vest\/#primaryimage\"},\"thumbnailUrl\":\"https:\/\/www.errepiudine.com\/wp-content\/uploads\/2024\/05\/WS0126.jpg\",\"datePublished\":\"2024-05-23T18:02:34+00:00\",\"dateModified\":\"2024-07-03T12:24:52+00:00\",\"description\":\"Le gilet Vertical Guide de Simms offre un soutien organisationnel sous la forme de grandes poches \u00e0 soufflet avec des s\u00e9parateurs verticaux qui emp\u00eachent les lunettes de soleil et les cl\u00e9s de voiture d'entrer.\",\"breadcrumb\":{\"@id\":\"https:\/\/www.errepiudine.com\/fr\/simms-vertical-mesh-vest\/#breadcrumb\"},\"inLanguage\":\"fr-FR\",\"potentialAction\":[{\"@type\":\"ReadAction\",\"target\":[\"https:\/\/www.errepiudine.com\/fr\/simms-vertical-mesh-vest\/\"]}]},{\"@type\":\"ImageObject\",\"inLanguage\":\"fr-FR\",\"@id\":\"https:\/\/www.errepiudine.com\/fr\/simms-vertical-mesh-vest\/#primaryimage\",\"url\":\"https:\/\/www.errepiudine.com\/wp-content\/uploads\/2024\/05\/WS0126.jpg\",\"contentUrl\":\"https:\/\/www.errepiudine.com\/wp-content\/uploads\/2024\/05\/WS0126.jpg\",\"width\":700,\"height\":800,\"caption\":\"WS0126\"},{\"@type\":\"BreadcrumbList\",\"@id\":\"https:\/\/www.errepiudine.com\/fr\/simms-vertical-mesh-vest\/#breadcrumb\",\"itemListElement\":[{\"@type\":\"ListItem\",\"position\":1,\"name\":\"Home\",\"item\":\"https:\/\/www.errepiudine.com\/fr\/\"},{\"@type\":\"ListItem\",\"position\":2,\"name\":\"Boutique\",\"item\":\"https:\/\/www.errepiudine.com\/fr\/boutique\/\"},{\"@type\":\"ListItem\",\"position\":3,\"name\":\"SIMMS &#8211; VERTICAL MESH VEST\"}]},{\"@type\":\"WebSite\",\"@id\":\"https:\/\/www.errepiudine.com\/#website\",\"url\":\"https:\/\/www.errepiudine.com\/\",\"name\":\"Errepi Group\",\"description\":\"\",\"publisher\":{\"@id\":\"https:\/\/www.errepiudine.com\/#organization\"},\"potentialAction\":[{\"@type\":\"SearchAction\",\"target\":{\"@type\":\"EntryPoint\",\"urlTemplate\":\"https:\/\/www.errepiudine.com\/?s={search_term_string}\"},\"query-input\":{\"@type\":\"PropertyValueSpecification\",\"valueRequired\":true,\"valueName\":\"search_term_string\"}}],\"inLanguage\":\"fr-FR\"},{\"@type\":\"Organization\",\"@id\":\"https:\/\/www.errepiudine.com\/#organization\",\"name\":\"Errepi Group\",\"url\":\"https:\/\/www.errepiudine.com\/\",\"logo\":{\"@type\":\"ImageObject\",\"inLanguage\":\"fr-FR\",\"@id\":\"https:\/\/www.errepiudine.com\/#\/schema\/logo\/image\/\",\"url\":\"https:\/\/www.errepiudine.com\/wp-content\/uploads\/2025\/07\/Logo-errepi-email.png\",\"contentUrl\":\"https:\/\/www.errepiudine.com\/wp-content\/uploads\/2025\/07\/Logo-errepi-email.png\",\"width\":216,\"height\":60,\"caption\":\"Errepi Group\"},\"image\":{\"@id\":\"https:\/\/www.errepiudine.com\/#\/schema\/logo\/image\/\"},\"sameAs\":[\"https:\/\/www.facebook.com\/errepiudine\/\"]}]}<\/script>\n<!-- \/ Yoast SEO plugin. -->","yoast_head_json":{"title":"SIMMS - VERTICAL MESH VEST - Errepi tutto per pesca a mosca","description":"Le gilet Vertical Guide de Simms offre un soutien organisationnel sous la forme de grandes poches \u00e0 soufflet avec des s\u00e9parateurs verticaux qui emp\u00eachent les lunettes de soleil et les cl\u00e9s de voiture d'entrer.","robots":{"index":"index","follow":"follow","max-snippet":"max-snippet:-1","max-image-preview":"max-image-preview:large","max-video-preview":"max-video-preview:-1"},"canonical":"https:\/\/www.errepiudine.com\/fr\/simms-vertical-mesh-vest\/","og_locale":"fr_FR","og_type":"article","og_title":"SIMMS - VERTICAL MESH VEST - Errepi tutto per pesca a mosca","og_description":"Le gilet Vertical Guide de Simms offre un soutien organisationnel sous la forme de grandes poches \u00e0 soufflet avec des s\u00e9parateurs verticaux qui emp\u00eachent les lunettes de soleil et les cl\u00e9s de voiture d'entrer.","og_url":"https:\/\/www.errepiudine.com\/fr\/simms-vertical-mesh-vest\/","og_site_name":"Errepi Group","article_publisher":"https:\/\/www.facebook.com\/errepiudine\/","article_modified_time":"2024-07-03T12:24:52+00:00","og_image":[{"width":700,"height":800,"url":"https:\/\/www.errepiudine.com\/wp-content\/uploads\/2024\/05\/WS0126.jpg","type":"image\/jpeg"}],"twitter_card":"summary_large_image","twitter_misc":{"Dur\u00e9e de lecture estim\u00e9e":"1 minute"},"schema":{"@context":"https:\/\/schema.org","@graph":[{"@type":"WebPage","@id":"https:\/\/www.errepiudine.com\/fr\/simms-vertical-mesh-vest\/","url":"https:\/\/www.errepiudine.com\/fr\/simms-vertical-mesh-vest\/","name":"SIMMS - VERTICAL MESH VEST - Errepi tutto per pesca a mosca","isPartOf":{"@id":"https:\/\/www.errepiudine.com\/#website"},"primaryImageOfPage":{"@id":"https:\/\/www.errepiudine.com\/fr\/simms-vertical-mesh-vest\/#primaryimage"},"image":{"@id":"https:\/\/www.errepiudine.com\/fr\/simms-vertical-mesh-vest\/#primaryimage"},"thumbnailUrl":"https:\/\/www.errepiudine.com\/wp-content\/uploads\/2024\/05\/WS0126.jpg","datePublished":"2024-05-23T18:02:34+00:00","dateModified":"2024-07-03T12:24:52+00:00","description":"Le gilet Vertical Guide de Simms offre un soutien organisationnel sous la forme de grandes poches \u00e0 soufflet avec des s\u00e9parateurs verticaux qui emp\u00eachent les lunettes de soleil et les cl\u00e9s de voiture d'entrer.","breadcrumb":{"@id":"https:\/\/www.errepiudine.com\/fr\/simms-vertical-mesh-vest\/#breadcrumb"},"inLanguage":"fr-FR","potentialAction":[{"@type":"ReadAction","target":["https:\/\/www.errepiudine.com\/fr\/simms-vertical-mesh-vest\/"]}]},{"@type":"ImageObject","inLanguage":"fr-FR","@id":"https:\/\/www.errepiudine.com\/fr\/simms-vertical-mesh-vest\/#primaryimage","url":"https:\/\/www.errepiudine.com\/wp-content\/uploads\/2024\/05\/WS0126.jpg","contentUrl":"https:\/\/www.errepiudine.com\/wp-content\/uploads\/2024\/05\/WS0126.jpg","width":700,"height":800,"caption":"WS0126"},{"@type":"BreadcrumbList","@id":"https:\/\/www.errepiudine.com\/fr\/simms-vertical-mesh-vest\/#breadcrumb","itemListElement":[{"@type":"ListItem","position":1,"name":"Home","item":"https:\/\/www.errepiudine.com\/fr\/"},{"@type":"ListItem","position":2,"name":"Boutique","item":"https:\/\/www.errepiudine.com\/fr\/boutique\/"},{"@type":"ListItem","position":3,"name":"SIMMS &#8211; VERTICAL MESH VEST"}]},{"@type":"WebSite","@id":"https:\/\/www.errepiudine.com\/#website","url":"https:\/\/www.errepiudine.com\/","name":"Errepi Group","description":"","publisher":{"@id":"https:\/\/www.errepiudine.com\/#organization"},"potentialAction":[{"@type":"SearchAction","target":{"@type":"EntryPoint","urlTemplate":"https:\/\/www.errepiudine.com\/?s={search_term_string}"},"query-input":{"@type":"PropertyValueSpecification","valueRequired":true,"valueName":"search_term_string"}}],"inLanguage":"fr-FR"},{"@type":"Organization","@id":"https:\/\/www.errepiudine.com\/#organization","name":"Errepi Group","url":"https:\/\/www.errepiudine.com\/","logo":{"@type":"ImageObject","inLanguage":"fr-FR","@id":"https:\/\/www.errepiudine.com\/#\/schema\/logo\/image\/","url":"https:\/\/www.errepiudine.com\/wp-content\/uploads\/2025\/07\/Logo-errepi-email.png","contentUrl":"https:\/\/www.errepiudine.com\/wp-content\/uploads\/2025\/07\/Logo-errepi-email.png","width":216,"height":60,"caption":"Errepi Group"},"image":{"@id":"https:\/\/www.errepiudine.com\/#\/schema\/logo\/image\/"},"sameAs":["https:\/\/www.facebook.com\/errepiudine\/"]}]}},"_links":{"self":[{"href":"https:\/\/www.errepiudine.com\/fr\/wp-json\/wp\/v2\/product\/145760","targetHints":{"allow":["GET"]}}],"collection":[{"href":"https:\/\/www.errepiudine.com\/fr\/wp-json\/wp\/v2\/product"}],"about":[{"href":"https:\/\/www.errepiudine.com\/fr\/wp-json\/wp\/v2\/types\/product"}],"wp:featuredmedia":[{"embeddable":true,"href":"https:\/\/www.errepiudine.com\/fr\/wp-json\/wp\/v2\/media\/148839"}],"wp:attachment":[{"href":"https:\/\/www.errepiudine.com\/fr\/wp-json\/wp\/v2\/media?parent=145760"}],"wp:term":[{"taxonomy":"product_brand","embeddable":true,"href":"https:\/\/www.errepiudine.com\/fr\/wp-json\/wp\/v2\/product_brand?post=145760"},{"taxonomy":"product_cat","embeddable":true,"href":"https:\/\/www.errepiudine.com\/fr\/wp-json\/wp\/v2\/product_cat?post=145760"},{"taxonomy":"product_tag","embeddable":true,"href":"https:\/\/www.errepiudine.com\/fr\/wp-json\/wp\/v2\/product_tag?post=145760"}],"curies":[{"name":"wp","href":"https:\/\/api.w.org\/{rel}","templated":true}]}}