{"id":140662,"date":"2024-05-23T19:35:56","date_gmt":"2024-05-23T17:35:56","guid":{"rendered":"https:\/\/www.errepiudine.com\/?post_type=product&#038;p=140662"},"modified":"2024-07-01T12:26:01","modified_gmt":"2024-07-01T10:26:01","slug":"flying-fisherman-azore","status":"publish","type":"product","link":"https:\/\/www.errepiudine.com\/fr\/flying-fisherman-azore\/","title":{"rendered":"FLYING FISHERMAN &#8211; AZORE"},"content":{"rendered":"<p>Les verres polarisants sportifs AcuTint\u2122 et les montures durables TR-90 offrent des performances et un style \u00e9lev\u00e9s, dans l&#8217;eau et hors de l&#8217;eau.<br \/>\nLes verres polaris\u00e9s \u00e9liminent les reflets et r\u00e9duisent la fatigue oculaire. Le syst\u00e8me de teinte des verres AcuTint\u2122 ajoute du contraste aux couleurs sans d\u00e9former les couleurs naturelles, ce qui permet une vision plus claire. Protection \u00e0 100 % contre les rayons UVA et UVB. Comprend un chiffon pour les lentilles, un \u00e9tui rigide et une garantie d&#8217;un an.<\/p>\n","protected":false},"excerpt":{"rendered":"<p>Les verres polarisants sportifs AcuTint\u2122 et les montures durables TR-90 offrent des performances et un style \u00e9lev\u00e9s, dans l&#8217;eau et hors de l&#8217;eau.<\/p>\n","protected":false},"featured_media":148650,"template":"","meta":[],"product_brand":[],"product_cat":[3624,3704],"product_tag":[],"class_list":{"0":"post-140662","1":"product","2":"type-product","3":"status-publish","4":"has-post-thumbnail","6":"product_cat-vetements-et-wading","7":"product_cat-lunettes","8":"pa_marca-flying-fisherman-fr","10":"first","11":"instock","12":"taxable","13":"shipping-taxable","14":"purchasable","15":"product-type-variable"},"yoast_head":"<!-- This site is optimized with the Yoast SEO plugin v27.1.1 - https:\/\/yoast.com\/product\/yoast-seo-wordpress\/ -->\n<title>FLYING FISHERMAN - AZORE - Errepi tutto per pesca a mosca<\/title>\n<meta name=\"description\" content=\"Les verres polarisants sportifs AcuTint\u2122 et les montures durables TR-90 offrent des performances et un style \u00e9lev\u00e9s, dans l&#039;eau et hors de l&#039;eau.\" \/>\n<meta name=\"robots\" content=\"index, follow, max-snippet:-1, max-image-preview:large, max-video-preview:-1\" \/>\n<link rel=\"canonical\" href=\"https:\/\/www.errepiudine.com\/fr\/flying-fisherman-azore\/\" \/>\n<meta property=\"og:locale\" content=\"fr_FR\" \/>\n<meta property=\"og:type\" content=\"article\" \/>\n<meta property=\"og:title\" content=\"FLYING FISHERMAN - AZORE - Errepi tutto per pesca a mosca\" \/>\n<meta property=\"og:description\" content=\"Les verres polarisants sportifs AcuTint\u2122 et les montures durables TR-90 offrent des performances et un style \u00e9lev\u00e9s, dans l&#039;eau et hors de l&#039;eau.\" \/>\n<meta property=\"og:url\" content=\"https:\/\/www.errepiudine.com\/fr\/flying-fisherman-azore\/\" \/>\n<meta property=\"og:site_name\" content=\"Errepi Group\" \/>\n<meta property=\"article:publisher\" content=\"https:\/\/www.facebook.com\/errepiudine\/\" \/>\n<meta property=\"article:modified_time\" content=\"2024-07-01T10:26:01+00:00\" \/>\n<meta property=\"og:image\" content=\"https:\/\/www.errepiudine.com\/wp-content\/uploads\/2024\/05\/OC0042.jpg\" \/>\n\t<meta property=\"og:image:width\" content=\"700\" \/>\n\t<meta property=\"og:image:height\" content=\"800\" \/>\n\t<meta property=\"og:image:type\" content=\"image\/jpeg\" \/>\n<meta name=\"twitter:card\" content=\"summary_large_image\" \/>\n<script type=\"application\/ld+json\" class=\"yoast-schema-graph\">{\"@context\":\"https:\/\/schema.org\",\"@graph\":[{\"@type\":\"WebPage\",\"@id\":\"https:\/\/www.errepiudine.com\/fr\/flying-fisherman-azore\/\",\"url\":\"https:\/\/www.errepiudine.com\/fr\/flying-fisherman-azore\/\",\"name\":\"FLYING FISHERMAN - AZORE - Errepi tutto per pesca a mosca\",\"isPartOf\":{\"@id\":\"https:\/\/www.errepiudine.com\/#website\"},\"primaryImageOfPage\":{\"@id\":\"https:\/\/www.errepiudine.com\/fr\/flying-fisherman-azore\/#primaryimage\"},\"image\":{\"@id\":\"https:\/\/www.errepiudine.com\/fr\/flying-fisherman-azore\/#primaryimage\"},\"thumbnailUrl\":\"https:\/\/www.errepiudine.com\/wp-content\/uploads\/2024\/05\/OC0042.jpg\",\"datePublished\":\"2024-05-23T17:35:56+00:00\",\"dateModified\":\"2024-07-01T10:26:01+00:00\",\"description\":\"Les verres polarisants sportifs AcuTint\u2122 et les montures durables TR-90 offrent des performances et un style \u00e9lev\u00e9s, dans l'eau et hors de l'eau.\",\"breadcrumb\":{\"@id\":\"https:\/\/www.errepiudine.com\/fr\/flying-fisherman-azore\/#breadcrumb\"},\"inLanguage\":\"fr-FR\",\"potentialAction\":[{\"@type\":\"ReadAction\",\"target\":[\"https:\/\/www.errepiudine.com\/fr\/flying-fisherman-azore\/\"]}]},{\"@type\":\"ImageObject\",\"inLanguage\":\"fr-FR\",\"@id\":\"https:\/\/www.errepiudine.com\/fr\/flying-fisherman-azore\/#primaryimage\",\"url\":\"https:\/\/www.errepiudine.com\/wp-content\/uploads\/2024\/05\/OC0042.jpg\",\"contentUrl\":\"https:\/\/www.errepiudine.com\/wp-content\/uploads\/2024\/05\/OC0042.jpg\",\"width\":700,\"height\":800,\"caption\":\"OC0042\"},{\"@type\":\"BreadcrumbList\",\"@id\":\"https:\/\/www.errepiudine.com\/fr\/flying-fisherman-azore\/#breadcrumb\",\"itemListElement\":[{\"@type\":\"ListItem\",\"position\":1,\"name\":\"Home\",\"item\":\"https:\/\/www.errepiudine.com\/fr\/\"},{\"@type\":\"ListItem\",\"position\":2,\"name\":\"Boutique\",\"item\":\"https:\/\/www.errepiudine.com\/fr\/boutique\/\"},{\"@type\":\"ListItem\",\"position\":3,\"name\":\"FLYING FISHERMAN &#8211; AZORE\"}]},{\"@type\":\"WebSite\",\"@id\":\"https:\/\/www.errepiudine.com\/#website\",\"url\":\"https:\/\/www.errepiudine.com\/\",\"name\":\"Errepi Group\",\"description\":\"\",\"publisher\":{\"@id\":\"https:\/\/www.errepiudine.com\/#organization\"},\"potentialAction\":[{\"@type\":\"SearchAction\",\"target\":{\"@type\":\"EntryPoint\",\"urlTemplate\":\"https:\/\/www.errepiudine.com\/?s={search_term_string}\"},\"query-input\":{\"@type\":\"PropertyValueSpecification\",\"valueRequired\":true,\"valueName\":\"search_term_string\"}}],\"inLanguage\":\"fr-FR\"},{\"@type\":\"Organization\",\"@id\":\"https:\/\/www.errepiudine.com\/#organization\",\"name\":\"Errepi Group\",\"url\":\"https:\/\/www.errepiudine.com\/\",\"logo\":{\"@type\":\"ImageObject\",\"inLanguage\":\"fr-FR\",\"@id\":\"https:\/\/www.errepiudine.com\/#\/schema\/logo\/image\/\",\"url\":\"https:\/\/www.errepiudine.com\/wp-content\/uploads\/2025\/07\/Logo-errepi-email.png\",\"contentUrl\":\"https:\/\/www.errepiudine.com\/wp-content\/uploads\/2025\/07\/Logo-errepi-email.png\",\"width\":216,\"height\":60,\"caption\":\"Errepi Group\"},\"image\":{\"@id\":\"https:\/\/www.errepiudine.com\/#\/schema\/logo\/image\/\"},\"sameAs\":[\"https:\/\/www.facebook.com\/errepiudine\/\"]}]}<\/script>\n<!-- \/ Yoast SEO plugin. -->","yoast_head_json":{"title":"FLYING FISHERMAN - AZORE - Errepi tutto per pesca a mosca","description":"Les verres polarisants sportifs AcuTint\u2122 et les montures durables TR-90 offrent des performances et un style \u00e9lev\u00e9s, dans l'eau et hors de l'eau.","robots":{"index":"index","follow":"follow","max-snippet":"max-snippet:-1","max-image-preview":"max-image-preview:large","max-video-preview":"max-video-preview:-1"},"canonical":"https:\/\/www.errepiudine.com\/fr\/flying-fisherman-azore\/","og_locale":"fr_FR","og_type":"article","og_title":"FLYING FISHERMAN - AZORE - Errepi tutto per pesca a mosca","og_description":"Les verres polarisants sportifs AcuTint\u2122 et les montures durables TR-90 offrent des performances et un style \u00e9lev\u00e9s, dans l'eau et hors de l'eau.","og_url":"https:\/\/www.errepiudine.com\/fr\/flying-fisherman-azore\/","og_site_name":"Errepi Group","article_publisher":"https:\/\/www.facebook.com\/errepiudine\/","article_modified_time":"2024-07-01T10:26:01+00:00","og_image":[{"width":700,"height":800,"url":"https:\/\/www.errepiudine.com\/wp-content\/uploads\/2024\/05\/OC0042.jpg","type":"image\/jpeg"}],"twitter_card":"summary_large_image","schema":{"@context":"https:\/\/schema.org","@graph":[{"@type":"WebPage","@id":"https:\/\/www.errepiudine.com\/fr\/flying-fisherman-azore\/","url":"https:\/\/www.errepiudine.com\/fr\/flying-fisherman-azore\/","name":"FLYING FISHERMAN - AZORE - Errepi tutto per pesca a mosca","isPartOf":{"@id":"https:\/\/www.errepiudine.com\/#website"},"primaryImageOfPage":{"@id":"https:\/\/www.errepiudine.com\/fr\/flying-fisherman-azore\/#primaryimage"},"image":{"@id":"https:\/\/www.errepiudine.com\/fr\/flying-fisherman-azore\/#primaryimage"},"thumbnailUrl":"https:\/\/www.errepiudine.com\/wp-content\/uploads\/2024\/05\/OC0042.jpg","datePublished":"2024-05-23T17:35:56+00:00","dateModified":"2024-07-01T10:26:01+00:00","description":"Les verres polarisants sportifs AcuTint\u2122 et les montures durables TR-90 offrent des performances et un style \u00e9lev\u00e9s, dans l'eau et hors de l'eau.","breadcrumb":{"@id":"https:\/\/www.errepiudine.com\/fr\/flying-fisherman-azore\/#breadcrumb"},"inLanguage":"fr-FR","potentialAction":[{"@type":"ReadAction","target":["https:\/\/www.errepiudine.com\/fr\/flying-fisherman-azore\/"]}]},{"@type":"ImageObject","inLanguage":"fr-FR","@id":"https:\/\/www.errepiudine.com\/fr\/flying-fisherman-azore\/#primaryimage","url":"https:\/\/www.errepiudine.com\/wp-content\/uploads\/2024\/05\/OC0042.jpg","contentUrl":"https:\/\/www.errepiudine.com\/wp-content\/uploads\/2024\/05\/OC0042.jpg","width":700,"height":800,"caption":"OC0042"},{"@type":"BreadcrumbList","@id":"https:\/\/www.errepiudine.com\/fr\/flying-fisherman-azore\/#breadcrumb","itemListElement":[{"@type":"ListItem","position":1,"name":"Home","item":"https:\/\/www.errepiudine.com\/fr\/"},{"@type":"ListItem","position":2,"name":"Boutique","item":"https:\/\/www.errepiudine.com\/fr\/boutique\/"},{"@type":"ListItem","position":3,"name":"FLYING FISHERMAN &#8211; AZORE"}]},{"@type":"WebSite","@id":"https:\/\/www.errepiudine.com\/#website","url":"https:\/\/www.errepiudine.com\/","name":"Errepi Group","description":"","publisher":{"@id":"https:\/\/www.errepiudine.com\/#organization"},"potentialAction":[{"@type":"SearchAction","target":{"@type":"EntryPoint","urlTemplate":"https:\/\/www.errepiudine.com\/?s={search_term_string}"},"query-input":{"@type":"PropertyValueSpecification","valueRequired":true,"valueName":"search_term_string"}}],"inLanguage":"fr-FR"},{"@type":"Organization","@id":"https:\/\/www.errepiudine.com\/#organization","name":"Errepi Group","url":"https:\/\/www.errepiudine.com\/","logo":{"@type":"ImageObject","inLanguage":"fr-FR","@id":"https:\/\/www.errepiudine.com\/#\/schema\/logo\/image\/","url":"https:\/\/www.errepiudine.com\/wp-content\/uploads\/2025\/07\/Logo-errepi-email.png","contentUrl":"https:\/\/www.errepiudine.com\/wp-content\/uploads\/2025\/07\/Logo-errepi-email.png","width":216,"height":60,"caption":"Errepi Group"},"image":{"@id":"https:\/\/www.errepiudine.com\/#\/schema\/logo\/image\/"},"sameAs":["https:\/\/www.facebook.com\/errepiudine\/"]}]}},"_links":{"self":[{"href":"https:\/\/www.errepiudine.com\/fr\/wp-json\/wp\/v2\/product\/140662","targetHints":{"allow":["GET"]}}],"collection":[{"href":"https:\/\/www.errepiudine.com\/fr\/wp-json\/wp\/v2\/product"}],"about":[{"href":"https:\/\/www.errepiudine.com\/fr\/wp-json\/wp\/v2\/types\/product"}],"wp:featuredmedia":[{"embeddable":true,"href":"https:\/\/www.errepiudine.com\/fr\/wp-json\/wp\/v2\/media\/148650"}],"wp:attachment":[{"href":"https:\/\/www.errepiudine.com\/fr\/wp-json\/wp\/v2\/media?parent=140662"}],"wp:term":[{"taxonomy":"product_brand","embeddable":true,"href":"https:\/\/www.errepiudine.com\/fr\/wp-json\/wp\/v2\/product_brand?post=140662"},{"taxonomy":"product_cat","embeddable":true,"href":"https:\/\/www.errepiudine.com\/fr\/wp-json\/wp\/v2\/product_cat?post=140662"},{"taxonomy":"product_tag","embeddable":true,"href":"https:\/\/www.errepiudine.com\/fr\/wp-json\/wp\/v2\/product_tag?post=140662"}],"curies":[{"name":"wp","href":"https:\/\/api.w.org\/{rel}","templated":true}]}}