{"id":122101,"date":"2024-05-23T18:20:07","date_gmt":"2024-05-23T16:20:07","guid":{"rendered":"https:\/\/www.errepiudine.com\/?post_type=product&#038;p=122101"},"modified":"2025-06-25T13:54:38","modified_gmt":"2025-06-25T11:54:38","slug":"traper-gel-spun-backing-yellow-30-lbs-300-yds-99672-4","status":"publish","type":"product","link":"https:\/\/www.errepiudine.com\/fr\/traper-gel-spun-backing-yellow-30-lbs-300-yds-99672-4\/","title":{"rendered":"TRAPER &#8211; GEL SPUN BACKING YELLOW 30 LBS 300 YDS &#8211; 99672"},"content":{"rendered":"<p>TRAPER &#8211; FIL DE FOND GEL SPUN JAUNE 30 LBS 300 YDS &#8211; 99672<\/p>\n<p>Le fil de fond Gel Spun est un fil ultra-fin et tr\u00e8s r\u00e9sistant. Deux fois plus fin qu&#8217;un fil de fond Dacron traditionnel \u00e0 r\u00e9sistance \u00e0 la rupture \u00e9gale, il augmente la capacit\u00e9 du moulinet. Il offre un faible coefficient de frottement et est r\u00e9sistant aux UV. Recommand\u00e9 pour la p\u00eache aux gros sp\u00e9cimens.<\/p>\n<p>Couleur\u00a0: jaune.<\/p>\n<p>Longueur\u00a0: 274\u00a0m (300\u00a0yd).<\/p>\n","protected":false},"excerpt":{"rendered":"<p>TRAPER &#8211; FIL DE FOND GEL SPUN JAUNE 30 LBS 300 YDS &#8211; 99672 Le fil de fond Gel Spun<\/p>\n","protected":false},"featured_media":122102,"template":"","meta":[],"product_brand":[3429],"product_cat":[3844,3644],"product_tag":[],"class_list":{"0":"post-122101","1":"product","2":"type-product","3":"status-publish","4":"has-post-thumbnail","6":"product_brand-traper","7":"product_cat-supports-et-connecteurs","8":"product_cat-bas-de-ligne-fils-et-leaders","9":"pa_marca-traper-fr","11":"first","12":"instock","13":"taxable","14":"shipping-taxable","15":"purchasable","16":"product-type-simple"},"yoast_head":"<!-- This site is optimized with the Yoast SEO plugin v27.1.1 - https:\/\/yoast.com\/product\/yoast-seo-wordpress\/ -->\n<title>TRAPER - GEL SPUN BACKING YELLOW 30 LBS 300 YDS - 99672 - Errepi tutto per pesca a mosca<\/title>\n<meta name=\"description\" content=\"TRAPER - FIL DE FOND GEL SPUN JAUNE 30 LBS 300 YDS - 99672 Le fil de fond Gel Spun est un fil ultra-fin et tr\u00e8s r\u00e9sistant. Deux fois plus fin qu&#039;un fil de\" \/>\n<meta name=\"robots\" content=\"index, follow, max-snippet:-1, max-image-preview:large, max-video-preview:-1\" \/>\n<link rel=\"canonical\" href=\"https:\/\/www.errepiudine.com\/fr\/traper-gel-spun-backing-yellow-30-lbs-300-yds-99672-4\/\" \/>\n<meta property=\"og:locale\" content=\"fr_FR\" \/>\n<meta property=\"og:type\" content=\"article\" \/>\n<meta property=\"og:title\" content=\"TRAPER - GEL SPUN BACKING YELLOW 30 LBS 300 YDS - 99672 - Errepi tutto per pesca a mosca\" \/>\n<meta property=\"og:description\" content=\"TRAPER - FIL DE FOND GEL SPUN JAUNE 30 LBS 300 YDS - 99672 Le fil de fond Gel Spun est un fil ultra-fin et tr\u00e8s r\u00e9sistant. Deux fois plus fin qu&#039;un fil de\" \/>\n<meta property=\"og:url\" content=\"https:\/\/www.errepiudine.com\/fr\/traper-gel-spun-backing-yellow-30-lbs-300-yds-99672-4\/\" \/>\n<meta property=\"og:site_name\" content=\"Errepi Group\" \/>\n<meta property=\"article:publisher\" content=\"https:\/\/www.facebook.com\/errepiudine\/\" \/>\n<meta property=\"article:modified_time\" content=\"2025-06-25T11:54:38+00:00\" \/>\n<meta property=\"og:image\" content=\"https:\/\/www.errepiudine.com\/wp-content\/uploads\/2023\/06\/products-eng_pl_Traper-Gel-Spun-Backing-Yellow-300yd-21808_2-3.jpg\" \/>\n\t<meta property=\"og:image:width\" content=\"760\" \/>\n\t<meta property=\"og:image:height\" content=\"760\" \/>\n\t<meta property=\"og:image:type\" content=\"image\/jpeg\" \/>\n<meta name=\"twitter:card\" content=\"summary_large_image\" \/>\n<script type=\"application\/ld+json\" class=\"yoast-schema-graph\">{\"@context\":\"https:\/\/schema.org\",\"@graph\":[{\"@type\":\"WebPage\",\"@id\":\"https:\/\/www.errepiudine.com\/fr\/traper-gel-spun-backing-yellow-30-lbs-300-yds-99672-4\/\",\"url\":\"https:\/\/www.errepiudine.com\/fr\/traper-gel-spun-backing-yellow-30-lbs-300-yds-99672-4\/\",\"name\":\"TRAPER - GEL SPUN BACKING YELLOW 30 LBS 300 YDS - 99672 - Errepi tutto per pesca a mosca\",\"isPartOf\":{\"@id\":\"https:\/\/www.errepiudine.com\/#website\"},\"primaryImageOfPage\":{\"@id\":\"https:\/\/www.errepiudine.com\/fr\/traper-gel-spun-backing-yellow-30-lbs-300-yds-99672-4\/#primaryimage\"},\"image\":{\"@id\":\"https:\/\/www.errepiudine.com\/fr\/traper-gel-spun-backing-yellow-30-lbs-300-yds-99672-4\/#primaryimage\"},\"thumbnailUrl\":\"https:\/\/www.errepiudine.com\/wp-content\/uploads\/2023\/06\/products-eng_pl_Traper-Gel-Spun-Backing-Yellow-300yd-21808_2-3.jpg\",\"datePublished\":\"2024-05-23T16:20:07+00:00\",\"dateModified\":\"2025-06-25T11:54:38+00:00\",\"description\":\"TRAPER - FIL DE FOND GEL SPUN JAUNE 30 LBS 300 YDS - 99672 Le fil de fond Gel Spun est un fil ultra-fin et tr\u00e8s r\u00e9sistant. Deux fois plus fin qu'un fil de\",\"breadcrumb\":{\"@id\":\"https:\/\/www.errepiudine.com\/fr\/traper-gel-spun-backing-yellow-30-lbs-300-yds-99672-4\/#breadcrumb\"},\"inLanguage\":\"fr-FR\",\"potentialAction\":[{\"@type\":\"ReadAction\",\"target\":[\"https:\/\/www.errepiudine.com\/fr\/traper-gel-spun-backing-yellow-30-lbs-300-yds-99672-4\/\"]}]},{\"@type\":\"ImageObject\",\"inLanguage\":\"fr-FR\",\"@id\":\"https:\/\/www.errepiudine.com\/fr\/traper-gel-spun-backing-yellow-30-lbs-300-yds-99672-4\/#primaryimage\",\"url\":\"https:\/\/www.errepiudine.com\/wp-content\/uploads\/2023\/06\/products-eng_pl_Traper-Gel-Spun-Backing-Yellow-300yd-21808_2-3.jpg\",\"contentUrl\":\"https:\/\/www.errepiudine.com\/wp-content\/uploads\/2023\/06\/products-eng_pl_Traper-Gel-Spun-Backing-Yellow-300yd-21808_2-3.jpg\",\"width\":760,\"height\":760},{\"@type\":\"BreadcrumbList\",\"@id\":\"https:\/\/www.errepiudine.com\/fr\/traper-gel-spun-backing-yellow-30-lbs-300-yds-99672-4\/#breadcrumb\",\"itemListElement\":[{\"@type\":\"ListItem\",\"position\":1,\"name\":\"Home\",\"item\":\"https:\/\/www.errepiudine.com\/fr\/\"},{\"@type\":\"ListItem\",\"position\":2,\"name\":\"Boutique\",\"item\":\"https:\/\/www.errepiudine.com\/fr\/boutique\/\"},{\"@type\":\"ListItem\",\"position\":3,\"name\":\"TRAPER &#8211; GEL SPUN BACKING YELLOW 30 LBS 300 YDS &#8211; 99672\"}]},{\"@type\":\"WebSite\",\"@id\":\"https:\/\/www.errepiudine.com\/#website\",\"url\":\"https:\/\/www.errepiudine.com\/\",\"name\":\"Errepi Group\",\"description\":\"\",\"publisher\":{\"@id\":\"https:\/\/www.errepiudine.com\/#organization\"},\"potentialAction\":[{\"@type\":\"SearchAction\",\"target\":{\"@type\":\"EntryPoint\",\"urlTemplate\":\"https:\/\/www.errepiudine.com\/?s={search_term_string}\"},\"query-input\":{\"@type\":\"PropertyValueSpecification\",\"valueRequired\":true,\"valueName\":\"search_term_string\"}}],\"inLanguage\":\"fr-FR\"},{\"@type\":\"Organization\",\"@id\":\"https:\/\/www.errepiudine.com\/#organization\",\"name\":\"Errepi Group\",\"url\":\"https:\/\/www.errepiudine.com\/\",\"logo\":{\"@type\":\"ImageObject\",\"inLanguage\":\"fr-FR\",\"@id\":\"https:\/\/www.errepiudine.com\/#\/schema\/logo\/image\/\",\"url\":\"https:\/\/www.errepiudine.com\/wp-content\/uploads\/2025\/07\/Logo-errepi-email.png\",\"contentUrl\":\"https:\/\/www.errepiudine.com\/wp-content\/uploads\/2025\/07\/Logo-errepi-email.png\",\"width\":216,\"height\":60,\"caption\":\"Errepi Group\"},\"image\":{\"@id\":\"https:\/\/www.errepiudine.com\/#\/schema\/logo\/image\/\"},\"sameAs\":[\"https:\/\/www.facebook.com\/errepiudine\/\"]}]}<\/script>\n<!-- \/ Yoast SEO plugin. -->","yoast_head_json":{"title":"TRAPER - GEL SPUN BACKING YELLOW 30 LBS 300 YDS - 99672 - Errepi tutto per pesca a mosca","description":"TRAPER - FIL DE FOND GEL SPUN JAUNE 30 LBS 300 YDS - 99672 Le fil de fond Gel Spun est un fil ultra-fin et tr\u00e8s r\u00e9sistant. Deux fois plus fin qu'un fil de","robots":{"index":"index","follow":"follow","max-snippet":"max-snippet:-1","max-image-preview":"max-image-preview:large","max-video-preview":"max-video-preview:-1"},"canonical":"https:\/\/www.errepiudine.com\/fr\/traper-gel-spun-backing-yellow-30-lbs-300-yds-99672-4\/","og_locale":"fr_FR","og_type":"article","og_title":"TRAPER - GEL SPUN BACKING YELLOW 30 LBS 300 YDS - 99672 - Errepi tutto per pesca a mosca","og_description":"TRAPER - FIL DE FOND GEL SPUN JAUNE 30 LBS 300 YDS - 99672 Le fil de fond Gel Spun est un fil ultra-fin et tr\u00e8s r\u00e9sistant. Deux fois plus fin qu'un fil de","og_url":"https:\/\/www.errepiudine.com\/fr\/traper-gel-spun-backing-yellow-30-lbs-300-yds-99672-4\/","og_site_name":"Errepi Group","article_publisher":"https:\/\/www.facebook.com\/errepiudine\/","article_modified_time":"2025-06-25T11:54:38+00:00","og_image":[{"width":760,"height":760,"url":"https:\/\/www.errepiudine.com\/wp-content\/uploads\/2023\/06\/products-eng_pl_Traper-Gel-Spun-Backing-Yellow-300yd-21808_2-3.jpg","type":"image\/jpeg"}],"twitter_card":"summary_large_image","schema":{"@context":"https:\/\/schema.org","@graph":[{"@type":"WebPage","@id":"https:\/\/www.errepiudine.com\/fr\/traper-gel-spun-backing-yellow-30-lbs-300-yds-99672-4\/","url":"https:\/\/www.errepiudine.com\/fr\/traper-gel-spun-backing-yellow-30-lbs-300-yds-99672-4\/","name":"TRAPER - GEL SPUN BACKING YELLOW 30 LBS 300 YDS - 99672 - Errepi tutto per pesca a mosca","isPartOf":{"@id":"https:\/\/www.errepiudine.com\/#website"},"primaryImageOfPage":{"@id":"https:\/\/www.errepiudine.com\/fr\/traper-gel-spun-backing-yellow-30-lbs-300-yds-99672-4\/#primaryimage"},"image":{"@id":"https:\/\/www.errepiudine.com\/fr\/traper-gel-spun-backing-yellow-30-lbs-300-yds-99672-4\/#primaryimage"},"thumbnailUrl":"https:\/\/www.errepiudine.com\/wp-content\/uploads\/2023\/06\/products-eng_pl_Traper-Gel-Spun-Backing-Yellow-300yd-21808_2-3.jpg","datePublished":"2024-05-23T16:20:07+00:00","dateModified":"2025-06-25T11:54:38+00:00","description":"TRAPER - FIL DE FOND GEL SPUN JAUNE 30 LBS 300 YDS - 99672 Le fil de fond Gel Spun est un fil ultra-fin et tr\u00e8s r\u00e9sistant. Deux fois plus fin qu'un fil de","breadcrumb":{"@id":"https:\/\/www.errepiudine.com\/fr\/traper-gel-spun-backing-yellow-30-lbs-300-yds-99672-4\/#breadcrumb"},"inLanguage":"fr-FR","potentialAction":[{"@type":"ReadAction","target":["https:\/\/www.errepiudine.com\/fr\/traper-gel-spun-backing-yellow-30-lbs-300-yds-99672-4\/"]}]},{"@type":"ImageObject","inLanguage":"fr-FR","@id":"https:\/\/www.errepiudine.com\/fr\/traper-gel-spun-backing-yellow-30-lbs-300-yds-99672-4\/#primaryimage","url":"https:\/\/www.errepiudine.com\/wp-content\/uploads\/2023\/06\/products-eng_pl_Traper-Gel-Spun-Backing-Yellow-300yd-21808_2-3.jpg","contentUrl":"https:\/\/www.errepiudine.com\/wp-content\/uploads\/2023\/06\/products-eng_pl_Traper-Gel-Spun-Backing-Yellow-300yd-21808_2-3.jpg","width":760,"height":760},{"@type":"BreadcrumbList","@id":"https:\/\/www.errepiudine.com\/fr\/traper-gel-spun-backing-yellow-30-lbs-300-yds-99672-4\/#breadcrumb","itemListElement":[{"@type":"ListItem","position":1,"name":"Home","item":"https:\/\/www.errepiudine.com\/fr\/"},{"@type":"ListItem","position":2,"name":"Boutique","item":"https:\/\/www.errepiudine.com\/fr\/boutique\/"},{"@type":"ListItem","position":3,"name":"TRAPER &#8211; GEL SPUN BACKING YELLOW 30 LBS 300 YDS &#8211; 99672"}]},{"@type":"WebSite","@id":"https:\/\/www.errepiudine.com\/#website","url":"https:\/\/www.errepiudine.com\/","name":"Errepi Group","description":"","publisher":{"@id":"https:\/\/www.errepiudine.com\/#organization"},"potentialAction":[{"@type":"SearchAction","target":{"@type":"EntryPoint","urlTemplate":"https:\/\/www.errepiudine.com\/?s={search_term_string}"},"query-input":{"@type":"PropertyValueSpecification","valueRequired":true,"valueName":"search_term_string"}}],"inLanguage":"fr-FR"},{"@type":"Organization","@id":"https:\/\/www.errepiudine.com\/#organization","name":"Errepi Group","url":"https:\/\/www.errepiudine.com\/","logo":{"@type":"ImageObject","inLanguage":"fr-FR","@id":"https:\/\/www.errepiudine.com\/#\/schema\/logo\/image\/","url":"https:\/\/www.errepiudine.com\/wp-content\/uploads\/2025\/07\/Logo-errepi-email.png","contentUrl":"https:\/\/www.errepiudine.com\/wp-content\/uploads\/2025\/07\/Logo-errepi-email.png","width":216,"height":60,"caption":"Errepi Group"},"image":{"@id":"https:\/\/www.errepiudine.com\/#\/schema\/logo\/image\/"},"sameAs":["https:\/\/www.facebook.com\/errepiudine\/"]}]}},"_links":{"self":[{"href":"https:\/\/www.errepiudine.com\/fr\/wp-json\/wp\/v2\/product\/122101","targetHints":{"allow":["GET"]}}],"collection":[{"href":"https:\/\/www.errepiudine.com\/fr\/wp-json\/wp\/v2\/product"}],"about":[{"href":"https:\/\/www.errepiudine.com\/fr\/wp-json\/wp\/v2\/types\/product"}],"wp:featuredmedia":[{"embeddable":true,"href":"https:\/\/www.errepiudine.com\/fr\/wp-json\/wp\/v2\/media\/122102"}],"wp:attachment":[{"href":"https:\/\/www.errepiudine.com\/fr\/wp-json\/wp\/v2\/media?parent=122101"}],"wp:term":[{"taxonomy":"product_brand","embeddable":true,"href":"https:\/\/www.errepiudine.com\/fr\/wp-json\/wp\/v2\/product_brand?post=122101"},{"taxonomy":"product_cat","embeddable":true,"href":"https:\/\/www.errepiudine.com\/fr\/wp-json\/wp\/v2\/product_cat?post=122101"},{"taxonomy":"product_tag","embeddable":true,"href":"https:\/\/www.errepiudine.com\/fr\/wp-json\/wp\/v2\/product_tag?post=122101"}],"curies":[{"name":"wp","href":"https:\/\/api.w.org\/{rel}","templated":true}]}}