{"id":120541,"date":"2024-05-23T18:13:57","date_gmt":"2024-05-23T16:13:57","guid":{"rendered":"https:\/\/www.errepiudine.com\/?post_type=product&#038;p=120541"},"modified":"2024-08-27T15:00:56","modified_gmt":"2024-08-27T13:00:56","slug":"editoriale-olimpia-tutto-sulla-piccola-e-media-traina-4","status":"publish","type":"product","link":"https:\/\/www.errepiudine.com\/fr\/editoriale-olimpia-tutto-sulla-piccola-e-media-traina-4\/","title":{"rendered":"EDITORIALE OLIMPIA &#8211; TUTTO SULLA PICCOLA E MEDIA TRAINA"},"content":{"rendered":"<p>Autore: G. GIANNINI<\/p>\n<p>Editore: EDITORIALE OLIMPIA<\/p>\n<p>La traina consiste nel rimorchiare dalla poppa della barca una o pi\u00f9 esche, cercando di farle passare nella zona che si ritiene pi\u00f9 ricca di prede. \u00c8 una delle tecniche di pesca pi\u00f9 sportive e affascinanti, non solo perch\u00e9 \u00e8 rivolta a catture che pi\u00f9 di altre sono in grado di reagire all&#8217;insidia dell&#8217;uomo, ma anche perch\u00e9 la sua pratica prevede un movimento costante, e la possibilit\u00e0 di ferrare pesci di considerevoli dimensioni. Questo libro ne illustra tutti gli aspetti, attraverso una esposizione in cui il momento tecnico e le suggestioni dell&#8217;avventura marina si sposano in una sintesi obiettiva e, vorremmo dire, definitiva.<\/p>\n<p>Dimensioni: 17cm x 24cm<\/p>\n","protected":false},"excerpt":{"rendered":"<p>Autore: G. GIANNINI<\/p>\n<p>Editore: EDITORIALE OLIMPIA<\/p>\n<p>La traina consiste nel rimorchiare dalla poppa della barca una o pi\u00f9 esche, cercando di farle passare nella zona che si ritiene pi\u00f9 ricca di prede. \u00c8 una delle tecniche di pesca pi\u00f9 sportive e affascinanti, non solo perch\u00e9 \u00e8 rivolta a catture che pi\u00f9 di altre sono in grado di reagire all&#8217;insidia dell&#8217;uomo, ma anche perch\u00e9 la sua pratica prevede un movimento costante, e la possibilit\u00e0 di ferrare pesci di considerevoli dimensioni. Questo libro ne illustra tutti gli aspetti, attraverso una esposizione in cui il momento tecnico e le suggestioni dell&#8217;avventura marina si sposano in una sintesi obiettiva e, vorremmo dire, definitiva.<\/p>\n<p>Dimensioni: 17cm x 24cm<\/p>\n","protected":false},"featured_media":155154,"template":"","meta":[],"product_brand":[3485],"product_cat":[3632,3764],"product_tag":[],"class_list":{"0":"post-120541","1":"product","2":"type-product","3":"status-publish","4":"has-post-thumbnail","6":"product_brand-editoriale-olimpia-2","7":"product_cat-eau-douce-et-mer","8":"product_cat-livres-fr","10":"first","11":"instock","12":"taxable","13":"shipping-taxable","14":"purchasable","15":"product-type-simple"},"yoast_head":"<!-- This site is optimized with the Yoast SEO plugin v27.1.1 - https:\/\/yoast.com\/product\/yoast-seo-wordpress\/ -->\n<title>EDITORIALE OLIMPIA - TUTTO SULLA PICCOLA E MEDIA TRAINA - Errepi tutto per pesca a mosca<\/title>\n<meta name=\"description\" content=\"Autore: G. GIANNINI Editore: EDITORIALE OLIMPIA La traina consiste nel rimorchiare dalla poppa della barca una o pi\u00f9 esche, cercando di farle passare nella zona che si ritiene pi\u00f9 ricca di prede. \u00c8 una delle tecniche di pesca pi\u00f9 sportive e affascinanti, non solo perch\u00e9 \u00e8 rivolta a catture che pi\u00f9 di altre sono in grado di reagire all&#039;insidia dell&#039;uomo, ma anche perch\u00e9 la sua pratica prevede un movimento costante, e la possibilit\u00e0 di ferrare pesci di considerevoli dimensioni. Questo libro ne illustra tutti gli aspetti, attraverso una esposizione in cui il momento tecnico e le suggestioni dell&#039;avventura marina si sposano in una sintesi obiettiva e, vorremmo dire, definitiva. Dimensioni: 17cm x 24cm\" \/>\n<meta name=\"robots\" content=\"index, follow, max-snippet:-1, max-image-preview:large, max-video-preview:-1\" \/>\n<link rel=\"canonical\" href=\"https:\/\/www.errepiudine.com\/fr\/editoriale-olimpia-tutto-sulla-piccola-e-media-traina-4\/\" \/>\n<meta property=\"og:locale\" content=\"fr_FR\" \/>\n<meta property=\"og:type\" content=\"article\" \/>\n<meta property=\"og:title\" content=\"EDITORIALE OLIMPIA - TUTTO SULLA PICCOLA E MEDIA TRAINA - Errepi tutto per pesca a mosca\" \/>\n<meta property=\"og:description\" content=\"Autore: G. GIANNINI Editore: EDITORIALE OLIMPIA La traina consiste nel rimorchiare dalla poppa della barca una o pi\u00f9 esche, cercando di farle passare nella zona che si ritiene pi\u00f9 ricca di prede. \u00c8 una delle tecniche di pesca pi\u00f9 sportive e affascinanti, non solo perch\u00e9 \u00e8 rivolta a catture che pi\u00f9 di altre sono in grado di reagire all&#039;insidia dell&#039;uomo, ma anche perch\u00e9 la sua pratica prevede un movimento costante, e la possibilit\u00e0 di ferrare pesci di considerevoli dimensioni. Questo libro ne illustra tutti gli aspetti, attraverso una esposizione in cui il momento tecnico e le suggestioni dell&#039;avventura marina si sposano in una sintesi obiettiva e, vorremmo dire, definitiva. Dimensioni: 17cm x 24cm\" \/>\n<meta property=\"og:url\" content=\"https:\/\/www.errepiudine.com\/fr\/editoriale-olimpia-tutto-sulla-piccola-e-media-traina-4\/\" \/>\n<meta property=\"og:site_name\" content=\"Errepi Group\" \/>\n<meta property=\"article:publisher\" content=\"https:\/\/www.facebook.com\/errepiudine\/\" \/>\n<meta property=\"article:modified_time\" content=\"2024-08-27T13:00:56+00:00\" \/>\n<meta property=\"og:image\" content=\"https:\/\/www.errepiudine.com\/wp-content\/uploads\/2024\/05\/LD0207.jpg\" \/>\n\t<meta property=\"og:image:width\" content=\"700\" \/>\n\t<meta property=\"og:image:height\" content=\"800\" \/>\n\t<meta property=\"og:image:type\" content=\"image\/jpeg\" \/>\n<meta name=\"twitter:card\" content=\"summary_large_image\" \/>\n<meta name=\"twitter:label1\" content=\"Dur\u00e9e de lecture estim\u00e9e\" \/>\n\t<meta name=\"twitter:data1\" content=\"1 minute\" \/>\n<script type=\"application\/ld+json\" class=\"yoast-schema-graph\">{\"@context\":\"https:\/\/schema.org\",\"@graph\":[{\"@type\":\"WebPage\",\"@id\":\"https:\/\/www.errepiudine.com\/fr\/editoriale-olimpia-tutto-sulla-piccola-e-media-traina-4\/\",\"url\":\"https:\/\/www.errepiudine.com\/fr\/editoriale-olimpia-tutto-sulla-piccola-e-media-traina-4\/\",\"name\":\"EDITORIALE OLIMPIA - TUTTO SULLA PICCOLA E MEDIA TRAINA - Errepi tutto per pesca a mosca\",\"isPartOf\":{\"@id\":\"https:\/\/www.errepiudine.com\/#website\"},\"primaryImageOfPage\":{\"@id\":\"https:\/\/www.errepiudine.com\/fr\/editoriale-olimpia-tutto-sulla-piccola-e-media-traina-4\/#primaryimage\"},\"image\":{\"@id\":\"https:\/\/www.errepiudine.com\/fr\/editoriale-olimpia-tutto-sulla-piccola-e-media-traina-4\/#primaryimage\"},\"thumbnailUrl\":\"https:\/\/www.errepiudine.com\/wp-content\/uploads\/2024\/05\/LD0207.jpg\",\"datePublished\":\"2024-05-23T16:13:57+00:00\",\"dateModified\":\"2024-08-27T13:00:56+00:00\",\"description\":\"Autore: G. GIANNINI Editore: EDITORIALE OLIMPIA La traina consiste nel rimorchiare dalla poppa della barca una o pi\u00f9 esche, cercando di farle passare nella zona che si ritiene pi\u00f9 ricca di prede. \u00c8 una delle tecniche di pesca pi\u00f9 sportive e affascinanti, non solo perch\u00e9 \u00e8 rivolta a catture che pi\u00f9 di altre sono in grado di reagire all'insidia dell'uomo, ma anche perch\u00e9 la sua pratica prevede un movimento costante, e la possibilit\u00e0 di ferrare pesci di considerevoli dimensioni. Questo libro ne illustra tutti gli aspetti, attraverso una esposizione in cui il momento tecnico e le suggestioni dell'avventura marina si sposano in una sintesi obiettiva e, vorremmo dire, definitiva. Dimensioni: 17cm x 24cm\",\"breadcrumb\":{\"@id\":\"https:\/\/www.errepiudine.com\/fr\/editoriale-olimpia-tutto-sulla-piccola-e-media-traina-4\/#breadcrumb\"},\"inLanguage\":\"fr-FR\",\"potentialAction\":[{\"@type\":\"ReadAction\",\"target\":[\"https:\/\/www.errepiudine.com\/fr\/editoriale-olimpia-tutto-sulla-piccola-e-media-traina-4\/\"]}]},{\"@type\":\"ImageObject\",\"inLanguage\":\"fr-FR\",\"@id\":\"https:\/\/www.errepiudine.com\/fr\/editoriale-olimpia-tutto-sulla-piccola-e-media-traina-4\/#primaryimage\",\"url\":\"https:\/\/www.errepiudine.com\/wp-content\/uploads\/2024\/05\/LD0207.jpg\",\"contentUrl\":\"https:\/\/www.errepiudine.com\/wp-content\/uploads\/2024\/05\/LD0207.jpg\",\"width\":700,\"height\":800,\"caption\":\"LD0207\"},{\"@type\":\"BreadcrumbList\",\"@id\":\"https:\/\/www.errepiudine.com\/fr\/editoriale-olimpia-tutto-sulla-piccola-e-media-traina-4\/#breadcrumb\",\"itemListElement\":[{\"@type\":\"ListItem\",\"position\":1,\"name\":\"Home\",\"item\":\"https:\/\/www.errepiudine.com\/fr\/\"},{\"@type\":\"ListItem\",\"position\":2,\"name\":\"Boutique\",\"item\":\"https:\/\/www.errepiudine.com\/fr\/boutique\/\"},{\"@type\":\"ListItem\",\"position\":3,\"name\":\"EDITORIALE OLIMPIA &#8211; TUTTO SULLA PICCOLA E MEDIA TRAINA\"}]},{\"@type\":\"WebSite\",\"@id\":\"https:\/\/www.errepiudine.com\/#website\",\"url\":\"https:\/\/www.errepiudine.com\/\",\"name\":\"Errepi Group\",\"description\":\"\",\"publisher\":{\"@id\":\"https:\/\/www.errepiudine.com\/#organization\"},\"potentialAction\":[{\"@type\":\"SearchAction\",\"target\":{\"@type\":\"EntryPoint\",\"urlTemplate\":\"https:\/\/www.errepiudine.com\/?s={search_term_string}\"},\"query-input\":{\"@type\":\"PropertyValueSpecification\",\"valueRequired\":true,\"valueName\":\"search_term_string\"}}],\"inLanguage\":\"fr-FR\"},{\"@type\":\"Organization\",\"@id\":\"https:\/\/www.errepiudine.com\/#organization\",\"name\":\"Errepi Group\",\"url\":\"https:\/\/www.errepiudine.com\/\",\"logo\":{\"@type\":\"ImageObject\",\"inLanguage\":\"fr-FR\",\"@id\":\"https:\/\/www.errepiudine.com\/#\/schema\/logo\/image\/\",\"url\":\"https:\/\/www.errepiudine.com\/wp-content\/uploads\/2025\/07\/Logo-errepi-email.png\",\"contentUrl\":\"https:\/\/www.errepiudine.com\/wp-content\/uploads\/2025\/07\/Logo-errepi-email.png\",\"width\":216,\"height\":60,\"caption\":\"Errepi Group\"},\"image\":{\"@id\":\"https:\/\/www.errepiudine.com\/#\/schema\/logo\/image\/\"},\"sameAs\":[\"https:\/\/www.facebook.com\/errepiudine\/\"]}]}<\/script>\n<!-- \/ Yoast SEO plugin. -->","yoast_head_json":{"title":"EDITORIALE OLIMPIA - TUTTO SULLA PICCOLA E MEDIA TRAINA - Errepi tutto per pesca a mosca","description":"Autore: G. GIANNINI Editore: EDITORIALE OLIMPIA La traina consiste nel rimorchiare dalla poppa della barca una o pi\u00f9 esche, cercando di farle passare nella zona che si ritiene pi\u00f9 ricca di prede. \u00c8 una delle tecniche di pesca pi\u00f9 sportive e affascinanti, non solo perch\u00e9 \u00e8 rivolta a catture che pi\u00f9 di altre sono in grado di reagire all'insidia dell'uomo, ma anche perch\u00e9 la sua pratica prevede un movimento costante, e la possibilit\u00e0 di ferrare pesci di considerevoli dimensioni. Questo libro ne illustra tutti gli aspetti, attraverso una esposizione in cui il momento tecnico e le suggestioni dell'avventura marina si sposano in una sintesi obiettiva e, vorremmo dire, definitiva. Dimensioni: 17cm x 24cm","robots":{"index":"index","follow":"follow","max-snippet":"max-snippet:-1","max-image-preview":"max-image-preview:large","max-video-preview":"max-video-preview:-1"},"canonical":"https:\/\/www.errepiudine.com\/fr\/editoriale-olimpia-tutto-sulla-piccola-e-media-traina-4\/","og_locale":"fr_FR","og_type":"article","og_title":"EDITORIALE OLIMPIA - TUTTO SULLA PICCOLA E MEDIA TRAINA - Errepi tutto per pesca a mosca","og_description":"Autore: G. GIANNINI Editore: EDITORIALE OLIMPIA La traina consiste nel rimorchiare dalla poppa della barca una o pi\u00f9 esche, cercando di farle passare nella zona che si ritiene pi\u00f9 ricca di prede. \u00c8 una delle tecniche di pesca pi\u00f9 sportive e affascinanti, non solo perch\u00e9 \u00e8 rivolta a catture che pi\u00f9 di altre sono in grado di reagire all'insidia dell'uomo, ma anche perch\u00e9 la sua pratica prevede un movimento costante, e la possibilit\u00e0 di ferrare pesci di considerevoli dimensioni. Questo libro ne illustra tutti gli aspetti, attraverso una esposizione in cui il momento tecnico e le suggestioni dell'avventura marina si sposano in una sintesi obiettiva e, vorremmo dire, definitiva. Dimensioni: 17cm x 24cm","og_url":"https:\/\/www.errepiudine.com\/fr\/editoriale-olimpia-tutto-sulla-piccola-e-media-traina-4\/","og_site_name":"Errepi Group","article_publisher":"https:\/\/www.facebook.com\/errepiudine\/","article_modified_time":"2024-08-27T13:00:56+00:00","og_image":[{"width":700,"height":800,"url":"https:\/\/www.errepiudine.com\/wp-content\/uploads\/2024\/05\/LD0207.jpg","type":"image\/jpeg"}],"twitter_card":"summary_large_image","twitter_misc":{"Dur\u00e9e de lecture estim\u00e9e":"1 minute"},"schema":{"@context":"https:\/\/schema.org","@graph":[{"@type":"WebPage","@id":"https:\/\/www.errepiudine.com\/fr\/editoriale-olimpia-tutto-sulla-piccola-e-media-traina-4\/","url":"https:\/\/www.errepiudine.com\/fr\/editoriale-olimpia-tutto-sulla-piccola-e-media-traina-4\/","name":"EDITORIALE OLIMPIA - TUTTO SULLA PICCOLA E MEDIA TRAINA - Errepi tutto per pesca a mosca","isPartOf":{"@id":"https:\/\/www.errepiudine.com\/#website"},"primaryImageOfPage":{"@id":"https:\/\/www.errepiudine.com\/fr\/editoriale-olimpia-tutto-sulla-piccola-e-media-traina-4\/#primaryimage"},"image":{"@id":"https:\/\/www.errepiudine.com\/fr\/editoriale-olimpia-tutto-sulla-piccola-e-media-traina-4\/#primaryimage"},"thumbnailUrl":"https:\/\/www.errepiudine.com\/wp-content\/uploads\/2024\/05\/LD0207.jpg","datePublished":"2024-05-23T16:13:57+00:00","dateModified":"2024-08-27T13:00:56+00:00","description":"Autore: G. GIANNINI Editore: EDITORIALE OLIMPIA La traina consiste nel rimorchiare dalla poppa della barca una o pi\u00f9 esche, cercando di farle passare nella zona che si ritiene pi\u00f9 ricca di prede. \u00c8 una delle tecniche di pesca pi\u00f9 sportive e affascinanti, non solo perch\u00e9 \u00e8 rivolta a catture che pi\u00f9 di altre sono in grado di reagire all'insidia dell'uomo, ma anche perch\u00e9 la sua pratica prevede un movimento costante, e la possibilit\u00e0 di ferrare pesci di considerevoli dimensioni. Questo libro ne illustra tutti gli aspetti, attraverso una esposizione in cui il momento tecnico e le suggestioni dell'avventura marina si sposano in una sintesi obiettiva e, vorremmo dire, definitiva. Dimensioni: 17cm x 24cm","breadcrumb":{"@id":"https:\/\/www.errepiudine.com\/fr\/editoriale-olimpia-tutto-sulla-piccola-e-media-traina-4\/#breadcrumb"},"inLanguage":"fr-FR","potentialAction":[{"@type":"ReadAction","target":["https:\/\/www.errepiudine.com\/fr\/editoriale-olimpia-tutto-sulla-piccola-e-media-traina-4\/"]}]},{"@type":"ImageObject","inLanguage":"fr-FR","@id":"https:\/\/www.errepiudine.com\/fr\/editoriale-olimpia-tutto-sulla-piccola-e-media-traina-4\/#primaryimage","url":"https:\/\/www.errepiudine.com\/wp-content\/uploads\/2024\/05\/LD0207.jpg","contentUrl":"https:\/\/www.errepiudine.com\/wp-content\/uploads\/2024\/05\/LD0207.jpg","width":700,"height":800,"caption":"LD0207"},{"@type":"BreadcrumbList","@id":"https:\/\/www.errepiudine.com\/fr\/editoriale-olimpia-tutto-sulla-piccola-e-media-traina-4\/#breadcrumb","itemListElement":[{"@type":"ListItem","position":1,"name":"Home","item":"https:\/\/www.errepiudine.com\/fr\/"},{"@type":"ListItem","position":2,"name":"Boutique","item":"https:\/\/www.errepiudine.com\/fr\/boutique\/"},{"@type":"ListItem","position":3,"name":"EDITORIALE OLIMPIA &#8211; TUTTO SULLA PICCOLA E MEDIA TRAINA"}]},{"@type":"WebSite","@id":"https:\/\/www.errepiudine.com\/#website","url":"https:\/\/www.errepiudine.com\/","name":"Errepi Group","description":"","publisher":{"@id":"https:\/\/www.errepiudine.com\/#organization"},"potentialAction":[{"@type":"SearchAction","target":{"@type":"EntryPoint","urlTemplate":"https:\/\/www.errepiudine.com\/?s={search_term_string}"},"query-input":{"@type":"PropertyValueSpecification","valueRequired":true,"valueName":"search_term_string"}}],"inLanguage":"fr-FR"},{"@type":"Organization","@id":"https:\/\/www.errepiudine.com\/#organization","name":"Errepi Group","url":"https:\/\/www.errepiudine.com\/","logo":{"@type":"ImageObject","inLanguage":"fr-FR","@id":"https:\/\/www.errepiudine.com\/#\/schema\/logo\/image\/","url":"https:\/\/www.errepiudine.com\/wp-content\/uploads\/2025\/07\/Logo-errepi-email.png","contentUrl":"https:\/\/www.errepiudine.com\/wp-content\/uploads\/2025\/07\/Logo-errepi-email.png","width":216,"height":60,"caption":"Errepi Group"},"image":{"@id":"https:\/\/www.errepiudine.com\/#\/schema\/logo\/image\/"},"sameAs":["https:\/\/www.facebook.com\/errepiudine\/"]}]}},"_links":{"self":[{"href":"https:\/\/www.errepiudine.com\/fr\/wp-json\/wp\/v2\/product\/120541","targetHints":{"allow":["GET"]}}],"collection":[{"href":"https:\/\/www.errepiudine.com\/fr\/wp-json\/wp\/v2\/product"}],"about":[{"href":"https:\/\/www.errepiudine.com\/fr\/wp-json\/wp\/v2\/types\/product"}],"wp:featuredmedia":[{"embeddable":true,"href":"https:\/\/www.errepiudine.com\/fr\/wp-json\/wp\/v2\/media\/155154"}],"wp:attachment":[{"href":"https:\/\/www.errepiudine.com\/fr\/wp-json\/wp\/v2\/media?parent=120541"}],"wp:term":[{"taxonomy":"product_brand","embeddable":true,"href":"https:\/\/www.errepiudine.com\/fr\/wp-json\/wp\/v2\/product_brand?post=120541"},{"taxonomy":"product_cat","embeddable":true,"href":"https:\/\/www.errepiudine.com\/fr\/wp-json\/wp\/v2\/product_cat?post=120541"},{"taxonomy":"product_tag","embeddable":true,"href":"https:\/\/www.errepiudine.com\/fr\/wp-json\/wp\/v2\/product_tag?post=120541"}],"curies":[{"name":"wp","href":"https:\/\/api.w.org\/{rel}","templated":true}]}}