{"id":120397,"date":"2024-05-23T18:13:41","date_gmt":"2024-05-23T16:13:41","guid":{"rendered":"https:\/\/www.errepiudine.com\/?post_type=product&#038;p=120397"},"modified":"2024-08-29T10:15:51","modified_gmt":"2024-08-29T08:15:51","slug":"editoriale-olimpia-cento-nodi-per-pesca-e-nautica-4","status":"publish","type":"product","link":"https:\/\/www.errepiudine.com\/fr\/editoriale-olimpia-cento-nodi-per-pesca-e-nautica-4\/","title":{"rendered":"EDITORIALE OLIMPIA &#8211; CENTO NODI PER PESCA E NAUTICA"},"content":{"rendered":"<p>Autore: G.GIANNINI \u00a0<\/p>\n<p>Editore: EDITORIALE OLIMPIA<\/p>\n<p>Un filo sarebbe inutilizzabile se non fossimo in grado di farci un nodo. Sono i nodi che ci consentono di collegare, avvolgere, congiungere, stringere, compiere tutte le operazioni indispensabili ad attivit\u00e0 che si basano sull\u2019impiego di fili. Inoltre, per quanto ben fatti, rappresentano in genere il punto pi\u00f9 debole della catena che ci collega al pesce, per cui bisogna prestare loro la massima attenzione al fine di ridurre al minimo tale handicap. Con un po\u2019 di attenzione e di pratica, fare buoni nodi non \u00e8 difficile. Per giunta non c\u2019\u00e8 niente da inventare, perch\u00e9 per tutte le necessit\u00e0 che si possono presentare vi \u00e8 un certo numero di soluzioni specifiche tra le quali scegliere, secondo il proprio gusto e le proprie capacit\u00e0 di esecuzione.<\/p>\n<p>Dimensioni: 17cm x 24cm<\/p>\n","protected":false},"excerpt":{"rendered":"<p>Autore: G.GIANNINI \u00a0<\/p>\n<p>Editore: EDITORIALE OLIMPIA<\/p>\n<p>Un filo sarebbe inutilizzabile se non fossimo in grado di farci un nodo. Sono i nodi che ci consentono di collegare, avvolgere, congiungere, stringere, compiere tutte le operazioni indispensabili ad attivit\u00e0 che si basano sull\u2019impiego di fili&#8230;<\/p>\n<p>Dimensioni: 17cm x 24cm<\/p>\n","protected":false},"featured_media":0,"template":"","meta":[],"product_brand":[3485],"product_cat":[3764],"product_tag":[],"class_list":{"0":"post-120397","1":"product","2":"type-product","3":"status-publish","5":"product_brand-editoriale-olimpia-2","6":"product_cat-livres-fr","8":"first","9":"instock","10":"sale","11":"taxable","12":"shipping-taxable","13":"purchasable","14":"product-type-simple"},"yoast_head":"<!-- This site is optimized with the Yoast SEO plugin v27.1.1 - https:\/\/yoast.com\/product\/yoast-seo-wordpress\/ -->\n<title>EDITORIALE OLIMPIA - CENTO NODI PER PESCA E NAUTICA - Errepi tutto per pesca a mosca<\/title>\n<meta name=\"description\" content=\"Autore: G.GIANNINI \u00a0 Editore: EDITORIALE OLIMPIA Un filo sarebbe inutilizzabile se non fossimo in grado di farci un nodo. Sono i nodi che ci consentono di collegare, avvolgere, congiungere, stringere, compiere tutte le operazioni indispensabili ad attivit\u00e0 che si basano sull\u2019impiego di fili... Dimensioni: 17cm x 24cm\" \/>\n<meta name=\"robots\" content=\"index, follow, max-snippet:-1, max-image-preview:large, max-video-preview:-1\" \/>\n<link rel=\"canonical\" href=\"https:\/\/www.errepiudine.com\/fr\/editoriale-olimpia-cento-nodi-per-pesca-e-nautica-4\/\" \/>\n<meta property=\"og:locale\" content=\"fr_FR\" \/>\n<meta property=\"og:type\" content=\"article\" \/>\n<meta property=\"og:title\" content=\"EDITORIALE OLIMPIA - CENTO NODI PER PESCA E NAUTICA - Errepi tutto per pesca a mosca\" \/>\n<meta property=\"og:description\" content=\"Autore: G.GIANNINI \u00a0 Editore: EDITORIALE OLIMPIA Un filo sarebbe inutilizzabile se non fossimo in grado di farci un nodo. Sono i nodi che ci consentono di collegare, avvolgere, congiungere, stringere, compiere tutte le operazioni indispensabili ad attivit\u00e0 che si basano sull\u2019impiego di fili... Dimensioni: 17cm x 24cm\" \/>\n<meta property=\"og:url\" content=\"https:\/\/www.errepiudine.com\/fr\/editoriale-olimpia-cento-nodi-per-pesca-e-nautica-4\/\" \/>\n<meta property=\"og:site_name\" content=\"Errepi Group\" \/>\n<meta property=\"article:publisher\" content=\"https:\/\/www.facebook.com\/errepiudine\/\" \/>\n<meta property=\"article:modified_time\" content=\"2024-08-29T08:15:51+00:00\" \/>\n<meta property=\"og:image\" content=\"https:\/\/www.errepiudine.com\/wp-content\/uploads\/2014\/02\/products-cento_nodi-3.jpg\" \/>\n\t<meta property=\"og:image:width\" content=\"155\" \/>\n\t<meta property=\"og:image:height\" content=\"220\" \/>\n\t<meta property=\"og:image:type\" content=\"image\/jpeg\" \/>\n<meta name=\"twitter:card\" content=\"summary_large_image\" \/>\n<meta name=\"twitter:label1\" content=\"Dur\u00e9e de lecture estim\u00e9e\" \/>\n\t<meta name=\"twitter:data1\" content=\"1 minute\" \/>\n<script type=\"application\/ld+json\" class=\"yoast-schema-graph\">{\"@context\":\"https:\/\/schema.org\",\"@graph\":[{\"@type\":\"WebPage\",\"@id\":\"https:\/\/www.errepiudine.com\/fr\/editoriale-olimpia-cento-nodi-per-pesca-e-nautica-4\/\",\"url\":\"https:\/\/www.errepiudine.com\/fr\/editoriale-olimpia-cento-nodi-per-pesca-e-nautica-4\/\",\"name\":\"EDITORIALE OLIMPIA - CENTO NODI PER PESCA E NAUTICA - Errepi tutto per pesca a mosca\",\"isPartOf\":{\"@id\":\"https:\/\/www.errepiudine.com\/#website\"},\"datePublished\":\"2024-05-23T16:13:41+00:00\",\"dateModified\":\"2024-08-29T08:15:51+00:00\",\"description\":\"Autore: G.GIANNINI \u00a0 Editore: EDITORIALE OLIMPIA Un filo sarebbe inutilizzabile se non fossimo in grado di farci un nodo. Sono i nodi che ci consentono di collegare, avvolgere, congiungere, stringere, compiere tutte le operazioni indispensabili ad attivit\u00e0 che si basano sull\u2019impiego di fili... Dimensioni: 17cm x 24cm\",\"breadcrumb\":{\"@id\":\"https:\/\/www.errepiudine.com\/fr\/editoriale-olimpia-cento-nodi-per-pesca-e-nautica-4\/#breadcrumb\"},\"inLanguage\":\"fr-FR\",\"potentialAction\":[{\"@type\":\"ReadAction\",\"target\":[\"https:\/\/www.errepiudine.com\/fr\/editoriale-olimpia-cento-nodi-per-pesca-e-nautica-4\/\"]}]},{\"@type\":\"BreadcrumbList\",\"@id\":\"https:\/\/www.errepiudine.com\/fr\/editoriale-olimpia-cento-nodi-per-pesca-e-nautica-4\/#breadcrumb\",\"itemListElement\":[{\"@type\":\"ListItem\",\"position\":1,\"name\":\"Home\",\"item\":\"https:\/\/www.errepiudine.com\/fr\/\"},{\"@type\":\"ListItem\",\"position\":2,\"name\":\"Boutique\",\"item\":\"https:\/\/www.errepiudine.com\/fr\/boutique\/\"},{\"@type\":\"ListItem\",\"position\":3,\"name\":\"EDITORIALE OLIMPIA &#8211; CENTO NODI PER PESCA E NAUTICA\"}]},{\"@type\":\"WebSite\",\"@id\":\"https:\/\/www.errepiudine.com\/#website\",\"url\":\"https:\/\/www.errepiudine.com\/\",\"name\":\"Errepi Group\",\"description\":\"\",\"publisher\":{\"@id\":\"https:\/\/www.errepiudine.com\/#organization\"},\"potentialAction\":[{\"@type\":\"SearchAction\",\"target\":{\"@type\":\"EntryPoint\",\"urlTemplate\":\"https:\/\/www.errepiudine.com\/?s={search_term_string}\"},\"query-input\":{\"@type\":\"PropertyValueSpecification\",\"valueRequired\":true,\"valueName\":\"search_term_string\"}}],\"inLanguage\":\"fr-FR\"},{\"@type\":\"Organization\",\"@id\":\"https:\/\/www.errepiudine.com\/#organization\",\"name\":\"Errepi Group\",\"url\":\"https:\/\/www.errepiudine.com\/\",\"logo\":{\"@type\":\"ImageObject\",\"inLanguage\":\"fr-FR\",\"@id\":\"https:\/\/www.errepiudine.com\/#\/schema\/logo\/image\/\",\"url\":\"https:\/\/www.errepiudine.com\/wp-content\/uploads\/2025\/07\/Logo-errepi-email.png\",\"contentUrl\":\"https:\/\/www.errepiudine.com\/wp-content\/uploads\/2025\/07\/Logo-errepi-email.png\",\"width\":216,\"height\":60,\"caption\":\"Errepi Group\"},\"image\":{\"@id\":\"https:\/\/www.errepiudine.com\/#\/schema\/logo\/image\/\"},\"sameAs\":[\"https:\/\/www.facebook.com\/errepiudine\/\"]}]}<\/script>\n<!-- \/ Yoast SEO plugin. -->","yoast_head_json":{"title":"EDITORIALE OLIMPIA - CENTO NODI PER PESCA E NAUTICA - Errepi tutto per pesca a mosca","description":"Autore: G.GIANNINI \u00a0 Editore: EDITORIALE OLIMPIA Un filo sarebbe inutilizzabile se non fossimo in grado di farci un nodo. Sono i nodi che ci consentono di collegare, avvolgere, congiungere, stringere, compiere tutte le operazioni indispensabili ad attivit\u00e0 che si basano sull\u2019impiego di fili... Dimensioni: 17cm x 24cm","robots":{"index":"index","follow":"follow","max-snippet":"max-snippet:-1","max-image-preview":"max-image-preview:large","max-video-preview":"max-video-preview:-1"},"canonical":"https:\/\/www.errepiudine.com\/fr\/editoriale-olimpia-cento-nodi-per-pesca-e-nautica-4\/","og_locale":"fr_FR","og_type":"article","og_title":"EDITORIALE OLIMPIA - CENTO NODI PER PESCA E NAUTICA - Errepi tutto per pesca a mosca","og_description":"Autore: G.GIANNINI \u00a0 Editore: EDITORIALE OLIMPIA Un filo sarebbe inutilizzabile se non fossimo in grado di farci un nodo. Sono i nodi che ci consentono di collegare, avvolgere, congiungere, stringere, compiere tutte le operazioni indispensabili ad attivit\u00e0 che si basano sull\u2019impiego di fili... Dimensioni: 17cm x 24cm","og_url":"https:\/\/www.errepiudine.com\/fr\/editoriale-olimpia-cento-nodi-per-pesca-e-nautica-4\/","og_site_name":"Errepi Group","article_publisher":"https:\/\/www.facebook.com\/errepiudine\/","article_modified_time":"2024-08-29T08:15:51+00:00","og_image":[{"width":155,"height":220,"url":"https:\/\/www.errepiudine.com\/wp-content\/uploads\/2014\/02\/products-cento_nodi-3.jpg","type":"image\/jpeg"}],"twitter_card":"summary_large_image","twitter_misc":{"Dur\u00e9e de lecture estim\u00e9e":"1 minute"},"schema":{"@context":"https:\/\/schema.org","@graph":[{"@type":"WebPage","@id":"https:\/\/www.errepiudine.com\/fr\/editoriale-olimpia-cento-nodi-per-pesca-e-nautica-4\/","url":"https:\/\/www.errepiudine.com\/fr\/editoriale-olimpia-cento-nodi-per-pesca-e-nautica-4\/","name":"EDITORIALE OLIMPIA - CENTO NODI PER PESCA E NAUTICA - Errepi tutto per pesca a mosca","isPartOf":{"@id":"https:\/\/www.errepiudine.com\/#website"},"datePublished":"2024-05-23T16:13:41+00:00","dateModified":"2024-08-29T08:15:51+00:00","description":"Autore: G.GIANNINI \u00a0 Editore: EDITORIALE OLIMPIA Un filo sarebbe inutilizzabile se non fossimo in grado di farci un nodo. Sono i nodi che ci consentono di collegare, avvolgere, congiungere, stringere, compiere tutte le operazioni indispensabili ad attivit\u00e0 che si basano sull\u2019impiego di fili... Dimensioni: 17cm x 24cm","breadcrumb":{"@id":"https:\/\/www.errepiudine.com\/fr\/editoriale-olimpia-cento-nodi-per-pesca-e-nautica-4\/#breadcrumb"},"inLanguage":"fr-FR","potentialAction":[{"@type":"ReadAction","target":["https:\/\/www.errepiudine.com\/fr\/editoriale-olimpia-cento-nodi-per-pesca-e-nautica-4\/"]}]},{"@type":"BreadcrumbList","@id":"https:\/\/www.errepiudine.com\/fr\/editoriale-olimpia-cento-nodi-per-pesca-e-nautica-4\/#breadcrumb","itemListElement":[{"@type":"ListItem","position":1,"name":"Home","item":"https:\/\/www.errepiudine.com\/fr\/"},{"@type":"ListItem","position":2,"name":"Boutique","item":"https:\/\/www.errepiudine.com\/fr\/boutique\/"},{"@type":"ListItem","position":3,"name":"EDITORIALE OLIMPIA &#8211; CENTO NODI PER PESCA E NAUTICA"}]},{"@type":"WebSite","@id":"https:\/\/www.errepiudine.com\/#website","url":"https:\/\/www.errepiudine.com\/","name":"Errepi Group","description":"","publisher":{"@id":"https:\/\/www.errepiudine.com\/#organization"},"potentialAction":[{"@type":"SearchAction","target":{"@type":"EntryPoint","urlTemplate":"https:\/\/www.errepiudine.com\/?s={search_term_string}"},"query-input":{"@type":"PropertyValueSpecification","valueRequired":true,"valueName":"search_term_string"}}],"inLanguage":"fr-FR"},{"@type":"Organization","@id":"https:\/\/www.errepiudine.com\/#organization","name":"Errepi Group","url":"https:\/\/www.errepiudine.com\/","logo":{"@type":"ImageObject","inLanguage":"fr-FR","@id":"https:\/\/www.errepiudine.com\/#\/schema\/logo\/image\/","url":"https:\/\/www.errepiudine.com\/wp-content\/uploads\/2025\/07\/Logo-errepi-email.png","contentUrl":"https:\/\/www.errepiudine.com\/wp-content\/uploads\/2025\/07\/Logo-errepi-email.png","width":216,"height":60,"caption":"Errepi Group"},"image":{"@id":"https:\/\/www.errepiudine.com\/#\/schema\/logo\/image\/"},"sameAs":["https:\/\/www.facebook.com\/errepiudine\/"]}]}},"_links":{"self":[{"href":"https:\/\/www.errepiudine.com\/fr\/wp-json\/wp\/v2\/product\/120397","targetHints":{"allow":["GET"]}}],"collection":[{"href":"https:\/\/www.errepiudine.com\/fr\/wp-json\/wp\/v2\/product"}],"about":[{"href":"https:\/\/www.errepiudine.com\/fr\/wp-json\/wp\/v2\/types\/product"}],"wp:attachment":[{"href":"https:\/\/www.errepiudine.com\/fr\/wp-json\/wp\/v2\/media?parent=120397"}],"wp:term":[{"taxonomy":"product_brand","embeddable":true,"href":"https:\/\/www.errepiudine.com\/fr\/wp-json\/wp\/v2\/product_brand?post=120397"},{"taxonomy":"product_cat","embeddable":true,"href":"https:\/\/www.errepiudine.com\/fr\/wp-json\/wp\/v2\/product_cat?post=120397"},{"taxonomy":"product_tag","embeddable":true,"href":"https:\/\/www.errepiudine.com\/fr\/wp-json\/wp\/v2\/product_tag?post=120397"}],"curies":[{"name":"wp","href":"https:\/\/api.w.org\/{rel}","templated":true}]}}