{"id":104687,"date":"2024-05-23T17:37:02","date_gmt":"2024-05-23T15:37:02","guid":{"rendered":"https:\/\/www.errepiudine.com\/?post_type=product&#038;p=104687"},"modified":"2025-04-02T16:12:50","modified_gmt":"2025-04-02T14:12:50","slug":"stonfo-imbobinatore-544-3","status":"publish","type":"product","link":"https:\/\/www.errepiudine.com\/fr\/stonfo-imbobinatore-544-3\/","title":{"rendered":"STONFO &#8211; IMBOBINATORE &#8211; 544"},"content":{"rendered":"<p> Station de bobinage professionnelle manuelle id\u00e9ale pour tous<br \/>\nles types de bobines jusqu\u2019\u00e0 20 cm de diam\u00e8tre. Munie de<br \/>\ndouble ressort pour r\u00e9gler parfaitement la tension du fil.<br \/>\nIndispensable pour charger le fil sur la bobine du moulinet,<br \/>\ntransf\u00e9rer le fil sur les bobines du nylon dispenser, r\u00e9aliser<br \/>\ndiff\u00e9rents montages.<\/p>\n","protected":false},"excerpt":{"rendered":"<p>Station de bobinage professionnelle manuelle id\u00e9ale pour tous les types de bobines jusqu\u2019\u00e0 20 cm de diam\u00e8tre. Munie de double<\/p>\n","protected":false},"featured_media":152879,"template":"","meta":[],"product_brand":[3436],"product_cat":[3716,9263],"product_tag":[],"class_list":{"0":"post-104687","1":"product","2":"type-product","3":"status-publish","4":"has-post-thumbnail","6":"product_brand-stonfo","7":"product_cat-accessoires-fr","8":"product_cat-equipement","9":"pa_marca-stonfo-fr","11":"first","12":"instock","13":"taxable","14":"shipping-taxable","15":"purchasable","16":"product-type-simple"},"yoast_head":"<!-- This site is optimized with the Yoast SEO plugin v27.1.1 - https:\/\/yoast.com\/product\/yoast-seo-wordpress\/ -->\n<title>STONFO - IMBOBINATORE - 544 - Errepi tutto per pesca a mosca<\/title>\n<meta name=\"description\" content=\"Station de bobinage professionnelle manuelle id\u00e9ale pour tous les types de bobines jusqu\u2019\u00e0 20 cm de diam\u00e8tre. Munie de double ressort pour r\u00e9gler\" \/>\n<meta name=\"robots\" content=\"index, follow, max-snippet:-1, max-image-preview:large, max-video-preview:-1\" \/>\n<link rel=\"canonical\" href=\"https:\/\/www.errepiudine.com\/fr\/stonfo-imbobinatore-544-3\/\" \/>\n<meta property=\"og:locale\" content=\"fr_FR\" \/>\n<meta property=\"og:type\" content=\"article\" \/>\n<meta property=\"og:title\" content=\"STONFO - IMBOBINATORE - 544 - Errepi tutto per pesca a mosca\" \/>\n<meta property=\"og:description\" content=\"Station de bobinage professionnelle manuelle id\u00e9ale pour tous les types de bobines jusqu\u2019\u00e0 20 cm de diam\u00e8tre. Munie de double ressort pour r\u00e9gler\" \/>\n<meta property=\"og:url\" content=\"https:\/\/www.errepiudine.com\/fr\/stonfo-imbobinatore-544-3\/\" \/>\n<meta property=\"og:site_name\" content=\"Errepi Group\" \/>\n<meta property=\"article:publisher\" content=\"https:\/\/www.facebook.com\/errepiudine\/\" \/>\n<meta property=\"article:modified_time\" content=\"2025-04-02T14:12:50+00:00\" \/>\n<meta property=\"og:image\" content=\"https:\/\/www.errepiudine.com\/wp-content\/uploads\/2024\/05\/CS8440.jpg\" \/>\n\t<meta property=\"og:image:width\" content=\"700\" \/>\n\t<meta property=\"og:image:height\" content=\"800\" \/>\n\t<meta property=\"og:image:type\" content=\"image\/jpeg\" \/>\n<meta name=\"twitter:card\" content=\"summary_large_image\" \/>\n<script type=\"application\/ld+json\" class=\"yoast-schema-graph\">{\"@context\":\"https:\/\/schema.org\",\"@graph\":[{\"@type\":\"WebPage\",\"@id\":\"https:\/\/www.errepiudine.com\/fr\/stonfo-imbobinatore-544-3\/\",\"url\":\"https:\/\/www.errepiudine.com\/fr\/stonfo-imbobinatore-544-3\/\",\"name\":\"STONFO - IMBOBINATORE - 544 - Errepi tutto per pesca a mosca\",\"isPartOf\":{\"@id\":\"https:\/\/www.errepiudine.com\/#website\"},\"primaryImageOfPage\":{\"@id\":\"https:\/\/www.errepiudine.com\/fr\/stonfo-imbobinatore-544-3\/#primaryimage\"},\"image\":{\"@id\":\"https:\/\/www.errepiudine.com\/fr\/stonfo-imbobinatore-544-3\/#primaryimage\"},\"thumbnailUrl\":\"https:\/\/www.errepiudine.com\/wp-content\/uploads\/2024\/05\/CS8440.jpg\",\"datePublished\":\"2024-05-23T15:37:02+00:00\",\"dateModified\":\"2025-04-02T14:12:50+00:00\",\"description\":\"Station de bobinage professionnelle manuelle id\u00e9ale pour tous les types de bobines jusqu\u2019\u00e0 20 cm de diam\u00e8tre. Munie de double ressort pour r\u00e9gler\",\"breadcrumb\":{\"@id\":\"https:\/\/www.errepiudine.com\/fr\/stonfo-imbobinatore-544-3\/#breadcrumb\"},\"inLanguage\":\"fr-FR\",\"potentialAction\":[{\"@type\":\"ReadAction\",\"target\":[\"https:\/\/www.errepiudine.com\/fr\/stonfo-imbobinatore-544-3\/\"]}]},{\"@type\":\"ImageObject\",\"inLanguage\":\"fr-FR\",\"@id\":\"https:\/\/www.errepiudine.com\/fr\/stonfo-imbobinatore-544-3\/#primaryimage\",\"url\":\"https:\/\/www.errepiudine.com\/wp-content\/uploads\/2024\/05\/CS8440.jpg\",\"contentUrl\":\"https:\/\/www.errepiudine.com\/wp-content\/uploads\/2024\/05\/CS8440.jpg\",\"width\":700,\"height\":800,\"caption\":\"CS8440\"},{\"@type\":\"BreadcrumbList\",\"@id\":\"https:\/\/www.errepiudine.com\/fr\/stonfo-imbobinatore-544-3\/#breadcrumb\",\"itemListElement\":[{\"@type\":\"ListItem\",\"position\":1,\"name\":\"Home\",\"item\":\"https:\/\/www.errepiudine.com\/fr\/\"},{\"@type\":\"ListItem\",\"position\":2,\"name\":\"Boutique\",\"item\":\"https:\/\/www.errepiudine.com\/fr\/boutique\/\"},{\"@type\":\"ListItem\",\"position\":3,\"name\":\"STONFO &#8211; IMBOBINATORE &#8211; 544\"}]},{\"@type\":\"WebSite\",\"@id\":\"https:\/\/www.errepiudine.com\/#website\",\"url\":\"https:\/\/www.errepiudine.com\/\",\"name\":\"Errepi Group\",\"description\":\"\",\"publisher\":{\"@id\":\"https:\/\/www.errepiudine.com\/#organization\"},\"potentialAction\":[{\"@type\":\"SearchAction\",\"target\":{\"@type\":\"EntryPoint\",\"urlTemplate\":\"https:\/\/www.errepiudine.com\/?s={search_term_string}\"},\"query-input\":{\"@type\":\"PropertyValueSpecification\",\"valueRequired\":true,\"valueName\":\"search_term_string\"}}],\"inLanguage\":\"fr-FR\"},{\"@type\":\"Organization\",\"@id\":\"https:\/\/www.errepiudine.com\/#organization\",\"name\":\"Errepi Group\",\"url\":\"https:\/\/www.errepiudine.com\/\",\"logo\":{\"@type\":\"ImageObject\",\"inLanguage\":\"fr-FR\",\"@id\":\"https:\/\/www.errepiudine.com\/#\/schema\/logo\/image\/\",\"url\":\"https:\/\/www.errepiudine.com\/wp-content\/uploads\/2025\/07\/Logo-errepi-email.png\",\"contentUrl\":\"https:\/\/www.errepiudine.com\/wp-content\/uploads\/2025\/07\/Logo-errepi-email.png\",\"width\":216,\"height\":60,\"caption\":\"Errepi Group\"},\"image\":{\"@id\":\"https:\/\/www.errepiudine.com\/#\/schema\/logo\/image\/\"},\"sameAs\":[\"https:\/\/www.facebook.com\/errepiudine\/\"]}]}<\/script>\n<!-- \/ Yoast SEO plugin. -->","yoast_head_json":{"title":"STONFO - IMBOBINATORE - 544 - Errepi tutto per pesca a mosca","description":"Station de bobinage professionnelle manuelle id\u00e9ale pour tous les types de bobines jusqu\u2019\u00e0 20 cm de diam\u00e8tre. Munie de double ressort pour r\u00e9gler","robots":{"index":"index","follow":"follow","max-snippet":"max-snippet:-1","max-image-preview":"max-image-preview:large","max-video-preview":"max-video-preview:-1"},"canonical":"https:\/\/www.errepiudine.com\/fr\/stonfo-imbobinatore-544-3\/","og_locale":"fr_FR","og_type":"article","og_title":"STONFO - IMBOBINATORE - 544 - Errepi tutto per pesca a mosca","og_description":"Station de bobinage professionnelle manuelle id\u00e9ale pour tous les types de bobines jusqu\u2019\u00e0 20 cm de diam\u00e8tre. Munie de double ressort pour r\u00e9gler","og_url":"https:\/\/www.errepiudine.com\/fr\/stonfo-imbobinatore-544-3\/","og_site_name":"Errepi Group","article_publisher":"https:\/\/www.facebook.com\/errepiudine\/","article_modified_time":"2025-04-02T14:12:50+00:00","og_image":[{"width":700,"height":800,"url":"https:\/\/www.errepiudine.com\/wp-content\/uploads\/2024\/05\/CS8440.jpg","type":"image\/jpeg"}],"twitter_card":"summary_large_image","schema":{"@context":"https:\/\/schema.org","@graph":[{"@type":"WebPage","@id":"https:\/\/www.errepiudine.com\/fr\/stonfo-imbobinatore-544-3\/","url":"https:\/\/www.errepiudine.com\/fr\/stonfo-imbobinatore-544-3\/","name":"STONFO - IMBOBINATORE - 544 - Errepi tutto per pesca a mosca","isPartOf":{"@id":"https:\/\/www.errepiudine.com\/#website"},"primaryImageOfPage":{"@id":"https:\/\/www.errepiudine.com\/fr\/stonfo-imbobinatore-544-3\/#primaryimage"},"image":{"@id":"https:\/\/www.errepiudine.com\/fr\/stonfo-imbobinatore-544-3\/#primaryimage"},"thumbnailUrl":"https:\/\/www.errepiudine.com\/wp-content\/uploads\/2024\/05\/CS8440.jpg","datePublished":"2024-05-23T15:37:02+00:00","dateModified":"2025-04-02T14:12:50+00:00","description":"Station de bobinage professionnelle manuelle id\u00e9ale pour tous les types de bobines jusqu\u2019\u00e0 20 cm de diam\u00e8tre. Munie de double ressort pour r\u00e9gler","breadcrumb":{"@id":"https:\/\/www.errepiudine.com\/fr\/stonfo-imbobinatore-544-3\/#breadcrumb"},"inLanguage":"fr-FR","potentialAction":[{"@type":"ReadAction","target":["https:\/\/www.errepiudine.com\/fr\/stonfo-imbobinatore-544-3\/"]}]},{"@type":"ImageObject","inLanguage":"fr-FR","@id":"https:\/\/www.errepiudine.com\/fr\/stonfo-imbobinatore-544-3\/#primaryimage","url":"https:\/\/www.errepiudine.com\/wp-content\/uploads\/2024\/05\/CS8440.jpg","contentUrl":"https:\/\/www.errepiudine.com\/wp-content\/uploads\/2024\/05\/CS8440.jpg","width":700,"height":800,"caption":"CS8440"},{"@type":"BreadcrumbList","@id":"https:\/\/www.errepiudine.com\/fr\/stonfo-imbobinatore-544-3\/#breadcrumb","itemListElement":[{"@type":"ListItem","position":1,"name":"Home","item":"https:\/\/www.errepiudine.com\/fr\/"},{"@type":"ListItem","position":2,"name":"Boutique","item":"https:\/\/www.errepiudine.com\/fr\/boutique\/"},{"@type":"ListItem","position":3,"name":"STONFO &#8211; IMBOBINATORE &#8211; 544"}]},{"@type":"WebSite","@id":"https:\/\/www.errepiudine.com\/#website","url":"https:\/\/www.errepiudine.com\/","name":"Errepi Group","description":"","publisher":{"@id":"https:\/\/www.errepiudine.com\/#organization"},"potentialAction":[{"@type":"SearchAction","target":{"@type":"EntryPoint","urlTemplate":"https:\/\/www.errepiudine.com\/?s={search_term_string}"},"query-input":{"@type":"PropertyValueSpecification","valueRequired":true,"valueName":"search_term_string"}}],"inLanguage":"fr-FR"},{"@type":"Organization","@id":"https:\/\/www.errepiudine.com\/#organization","name":"Errepi Group","url":"https:\/\/www.errepiudine.com\/","logo":{"@type":"ImageObject","inLanguage":"fr-FR","@id":"https:\/\/www.errepiudine.com\/#\/schema\/logo\/image\/","url":"https:\/\/www.errepiudine.com\/wp-content\/uploads\/2025\/07\/Logo-errepi-email.png","contentUrl":"https:\/\/www.errepiudine.com\/wp-content\/uploads\/2025\/07\/Logo-errepi-email.png","width":216,"height":60,"caption":"Errepi Group"},"image":{"@id":"https:\/\/www.errepiudine.com\/#\/schema\/logo\/image\/"},"sameAs":["https:\/\/www.facebook.com\/errepiudine\/"]}]}},"_links":{"self":[{"href":"https:\/\/www.errepiudine.com\/fr\/wp-json\/wp\/v2\/product\/104687","targetHints":{"allow":["GET"]}}],"collection":[{"href":"https:\/\/www.errepiudine.com\/fr\/wp-json\/wp\/v2\/product"}],"about":[{"href":"https:\/\/www.errepiudine.com\/fr\/wp-json\/wp\/v2\/types\/product"}],"wp:featuredmedia":[{"embeddable":true,"href":"https:\/\/www.errepiudine.com\/fr\/wp-json\/wp\/v2\/media\/152879"}],"wp:attachment":[{"href":"https:\/\/www.errepiudine.com\/fr\/wp-json\/wp\/v2\/media?parent=104687"}],"wp:term":[{"taxonomy":"product_brand","embeddable":true,"href":"https:\/\/www.errepiudine.com\/fr\/wp-json\/wp\/v2\/product_brand?post=104687"},{"taxonomy":"product_cat","embeddable":true,"href":"https:\/\/www.errepiudine.com\/fr\/wp-json\/wp\/v2\/product_cat?post=104687"},{"taxonomy":"product_tag","embeddable":true,"href":"https:\/\/www.errepiudine.com\/fr\/wp-json\/wp\/v2\/product_tag?post=104687"}],"curies":[{"name":"wp","href":"https:\/\/api.w.org\/{rel}","templated":true}]}}