{"id":103449,"date":"2024-05-23T17:30:30","date_gmt":"2024-05-23T15:30:30","guid":{"rendered":"https:\/\/www.errepiudine.com\/?post_type=product&#038;p=103449"},"modified":"2025-04-02T12:39:54","modified_gmt":"2025-04-02T10:39:54","slug":"stonfo-bobinatore-elite-compact-579-4","status":"publish","type":"product","link":"https:\/\/www.errepiudine.com\/fr\/stonfo-bobinatore-elite-compact-579-4\/","title":{"rendered":"STONFO &#8211; BOBINATORE ELITE COMPACT -579"},"content":{"rendered":"<p>Porte-bobine en acier inox tr\u00e8s compact. Il est muni de un syst\u00e8me de frein<br \/>\nr\u00e9glable pour une parfaite tension du fil. Peut \u00eatre utilis\u00e9 avec tailles des<br \/>\nbobines diff\u00e9rentes.<\/p>\n","protected":false},"excerpt":{"rendered":"<p>Porte-bobines<\/p>\n","protected":false},"featured_media":0,"template":"","meta":[],"product_brand":[3436],"product_cat":[3648,3864],"product_tag":[],"class_list":{"0":"post-103449","1":"product","2":"type-product","3":"status-publish","5":"product_brand-stonfo","6":"product_cat-construction","7":"product_cat-outils","8":"pa_marca-stonfo-fr","10":"first","11":"instock","12":"taxable","13":"shipping-taxable","14":"purchasable","15":"product-type-simple"},"yoast_head":"<!-- This site is optimized with the Yoast SEO plugin v27.1.1 - https:\/\/yoast.com\/product\/yoast-seo-wordpress\/ -->\n<title>STONFO - BOBINATORE ELITE COMPACT -579 - Errepi tutto per pesca a mosca<\/title>\n<meta name=\"description\" content=\"Porte-bobines\" \/>\n<meta name=\"robots\" content=\"index, follow, max-snippet:-1, max-image-preview:large, max-video-preview:-1\" \/>\n<link rel=\"canonical\" href=\"https:\/\/www.errepiudine.com\/stonfo-bobinatore-elite-compact-579\/\" \/>\n<meta property=\"og:locale\" content=\"fr_FR\" \/>\n<meta property=\"og:type\" content=\"article\" \/>\n<meta property=\"og:title\" content=\"STONFO - BOBINATORE ELITE COMPACT -579 - Errepi tutto per pesca a mosca\" \/>\n<meta property=\"og:description\" content=\"Porte-bobines\" \/>\n<meta property=\"og:url\" content=\"https:\/\/www.errepiudine.com\/stonfo-bobinatore-elite-compact-579\/\" \/>\n<meta property=\"og:site_name\" content=\"Errepi Group\" \/>\n<meta property=\"article:publisher\" content=\"https:\/\/www.facebook.com\/errepiudine\/\" \/>\n<meta property=\"article:modified_time\" content=\"2025-04-02T10:39:54+00:00\" \/>\n<meta property=\"og:image\" content=\"https:\/\/www.errepiudine.com\/wp-content\/uploads\/2016\/04\/products-579-3.jpg\" \/>\n\t<meta property=\"og:image:width\" content=\"509\" \/>\n\t<meta property=\"og:image:height\" content=\"768\" \/>\n\t<meta property=\"og:image:type\" content=\"image\/jpeg\" \/>\n<meta name=\"twitter:card\" content=\"summary_large_image\" \/>\n<script type=\"application\/ld+json\" class=\"yoast-schema-graph\">{\"@context\":\"https:\/\/schema.org\",\"@graph\":[{\"@type\":\"WebPage\",\"@id\":\"https:\/\/www.errepiudine.com\/stonfo-bobinatore-elite-compact-579\/\",\"url\":\"https:\/\/www.errepiudine.com\/stonfo-bobinatore-elite-compact-579\/\",\"name\":\"STONFO - BOBINATORE ELITE COMPACT -579 - Errepi tutto per pesca a mosca\",\"isPartOf\":{\"@id\":\"https:\/\/www.errepiudine.com\/#website\"},\"datePublished\":\"2024-05-23T15:30:30+00:00\",\"dateModified\":\"2025-04-02T10:39:54+00:00\",\"description\":\"Porte-bobines\",\"breadcrumb\":{\"@id\":\"https:\/\/www.errepiudine.com\/stonfo-bobinatore-elite-compact-579\/#breadcrumb\"},\"inLanguage\":\"fr-FR\",\"potentialAction\":[{\"@type\":\"ReadAction\",\"target\":[\"https:\/\/www.errepiudine.com\/stonfo-bobinatore-elite-compact-579\/\"]}]},{\"@type\":\"BreadcrumbList\",\"@id\":\"https:\/\/www.errepiudine.com\/stonfo-bobinatore-elite-compact-579\/#breadcrumb\",\"itemListElement\":[{\"@type\":\"ListItem\",\"position\":1,\"name\":\"Home\",\"item\":\"https:\/\/www.errepiudine.com\/fr\/\"},{\"@type\":\"ListItem\",\"position\":2,\"name\":\"Boutique\",\"item\":\"https:\/\/www.errepiudine.com\/fr\/boutique\/\"},{\"@type\":\"ListItem\",\"position\":3,\"name\":\"STONFO &#8211; BOBINATORE ELITE COMPACT -579\"}]},{\"@type\":\"WebSite\",\"@id\":\"https:\/\/www.errepiudine.com\/#website\",\"url\":\"https:\/\/www.errepiudine.com\/\",\"name\":\"Errepi Group\",\"description\":\"\",\"publisher\":{\"@id\":\"https:\/\/www.errepiudine.com\/#organization\"},\"potentialAction\":[{\"@type\":\"SearchAction\",\"target\":{\"@type\":\"EntryPoint\",\"urlTemplate\":\"https:\/\/www.errepiudine.com\/?s={search_term_string}\"},\"query-input\":{\"@type\":\"PropertyValueSpecification\",\"valueRequired\":true,\"valueName\":\"search_term_string\"}}],\"inLanguage\":\"fr-FR\"},{\"@type\":\"Organization\",\"@id\":\"https:\/\/www.errepiudine.com\/#organization\",\"name\":\"Errepi Group\",\"url\":\"https:\/\/www.errepiudine.com\/\",\"logo\":{\"@type\":\"ImageObject\",\"inLanguage\":\"fr-FR\",\"@id\":\"https:\/\/www.errepiudine.com\/#\/schema\/logo\/image\/\",\"url\":\"https:\/\/www.errepiudine.com\/wp-content\/uploads\/2025\/07\/Logo-errepi-email.png\",\"contentUrl\":\"https:\/\/www.errepiudine.com\/wp-content\/uploads\/2025\/07\/Logo-errepi-email.png\",\"width\":216,\"height\":60,\"caption\":\"Errepi Group\"},\"image\":{\"@id\":\"https:\/\/www.errepiudine.com\/#\/schema\/logo\/image\/\"},\"sameAs\":[\"https:\/\/www.facebook.com\/errepiudine\/\"]}]}<\/script>\n<!-- \/ Yoast SEO plugin. -->","yoast_head_json":{"title":"STONFO - BOBINATORE ELITE COMPACT -579 - Errepi tutto per pesca a mosca","description":"Porte-bobines","robots":{"index":"index","follow":"follow","max-snippet":"max-snippet:-1","max-image-preview":"max-image-preview:large","max-video-preview":"max-video-preview:-1"},"canonical":"https:\/\/www.errepiudine.com\/stonfo-bobinatore-elite-compact-579\/","og_locale":"fr_FR","og_type":"article","og_title":"STONFO - BOBINATORE ELITE COMPACT -579 - Errepi tutto per pesca a mosca","og_description":"Porte-bobines","og_url":"https:\/\/www.errepiudine.com\/stonfo-bobinatore-elite-compact-579\/","og_site_name":"Errepi Group","article_publisher":"https:\/\/www.facebook.com\/errepiudine\/","article_modified_time":"2025-04-02T10:39:54+00:00","og_image":[{"width":509,"height":768,"url":"https:\/\/www.errepiudine.com\/wp-content\/uploads\/2016\/04\/products-579-3.jpg","type":"image\/jpeg"}],"twitter_card":"summary_large_image","schema":{"@context":"https:\/\/schema.org","@graph":[{"@type":"WebPage","@id":"https:\/\/www.errepiudine.com\/stonfo-bobinatore-elite-compact-579\/","url":"https:\/\/www.errepiudine.com\/stonfo-bobinatore-elite-compact-579\/","name":"STONFO - BOBINATORE ELITE COMPACT -579 - Errepi tutto per pesca a mosca","isPartOf":{"@id":"https:\/\/www.errepiudine.com\/#website"},"datePublished":"2024-05-23T15:30:30+00:00","dateModified":"2025-04-02T10:39:54+00:00","description":"Porte-bobines","breadcrumb":{"@id":"https:\/\/www.errepiudine.com\/stonfo-bobinatore-elite-compact-579\/#breadcrumb"},"inLanguage":"fr-FR","potentialAction":[{"@type":"ReadAction","target":["https:\/\/www.errepiudine.com\/stonfo-bobinatore-elite-compact-579\/"]}]},{"@type":"BreadcrumbList","@id":"https:\/\/www.errepiudine.com\/stonfo-bobinatore-elite-compact-579\/#breadcrumb","itemListElement":[{"@type":"ListItem","position":1,"name":"Home","item":"https:\/\/www.errepiudine.com\/fr\/"},{"@type":"ListItem","position":2,"name":"Boutique","item":"https:\/\/www.errepiudine.com\/fr\/boutique\/"},{"@type":"ListItem","position":3,"name":"STONFO &#8211; BOBINATORE ELITE COMPACT -579"}]},{"@type":"WebSite","@id":"https:\/\/www.errepiudine.com\/#website","url":"https:\/\/www.errepiudine.com\/","name":"Errepi Group","description":"","publisher":{"@id":"https:\/\/www.errepiudine.com\/#organization"},"potentialAction":[{"@type":"SearchAction","target":{"@type":"EntryPoint","urlTemplate":"https:\/\/www.errepiudine.com\/?s={search_term_string}"},"query-input":{"@type":"PropertyValueSpecification","valueRequired":true,"valueName":"search_term_string"}}],"inLanguage":"fr-FR"},{"@type":"Organization","@id":"https:\/\/www.errepiudine.com\/#organization","name":"Errepi Group","url":"https:\/\/www.errepiudine.com\/","logo":{"@type":"ImageObject","inLanguage":"fr-FR","@id":"https:\/\/www.errepiudine.com\/#\/schema\/logo\/image\/","url":"https:\/\/www.errepiudine.com\/wp-content\/uploads\/2025\/07\/Logo-errepi-email.png","contentUrl":"https:\/\/www.errepiudine.com\/wp-content\/uploads\/2025\/07\/Logo-errepi-email.png","width":216,"height":60,"caption":"Errepi Group"},"image":{"@id":"https:\/\/www.errepiudine.com\/#\/schema\/logo\/image\/"},"sameAs":["https:\/\/www.facebook.com\/errepiudine\/"]}]}},"_links":{"self":[{"href":"https:\/\/www.errepiudine.com\/fr\/wp-json\/wp\/v2\/product\/103449","targetHints":{"allow":["GET"]}}],"collection":[{"href":"https:\/\/www.errepiudine.com\/fr\/wp-json\/wp\/v2\/product"}],"about":[{"href":"https:\/\/www.errepiudine.com\/fr\/wp-json\/wp\/v2\/types\/product"}],"wp:attachment":[{"href":"https:\/\/www.errepiudine.com\/fr\/wp-json\/wp\/v2\/media?parent=103449"}],"wp:term":[{"taxonomy":"product_brand","embeddable":true,"href":"https:\/\/www.errepiudine.com\/fr\/wp-json\/wp\/v2\/product_brand?post=103449"},{"taxonomy":"product_cat","embeddable":true,"href":"https:\/\/www.errepiudine.com\/fr\/wp-json\/wp\/v2\/product_cat?post=103449"},{"taxonomy":"product_tag","embeddable":true,"href":"https:\/\/www.errepiudine.com\/fr\/wp-json\/wp\/v2\/product_tag?post=103449"}],"curies":[{"name":"wp","href":"https:\/\/api.w.org\/{rel}","templated":true}]}}