{"id":162273,"date":"2024-08-12T16:50:26","date_gmt":"2024-08-12T14:50:26","guid":{"rendered":"https:\/\/www.errepiudine.com\/?page_id=162273"},"modified":"2024-12-21T11:11:17","modified_gmt":"2024-12-21T09:11:17","slug":"paiement-et-expedition","status":"publish","type":"page","link":"https:\/\/www.errepiudine.com\/fr\/paiement-et-expedition\/","title":{"rendered":"Paiement et exp\u00e9dition"},"content":{"rendered":"<div class=\"wpb-content-wrapper\"><p>[vc_row][vc_column][vc_column_text css=&#8221;&#8221; woodmart_inline=&#8221;no&#8221; text_larger=&#8221;no&#8221;]<\/p>\r\n<p>\u00a0<\/p>\r\n\r\n<h2 class=\"wp-block-heading\">ARTICLE 5 &#8211; MODALIT\u00c9S DE PAIEMENT<\/h2>\r\n<p>Paiement \u00a0pourra se faire:<\/p>\r\n<p>5.1 remise de 3 % par VIREMENT BANCAIRE code IBAN: IT92 O 030 321 230 101 000 000 268 7.<\/p>\r\n<p>5.2 via PayPal.<\/p>\r\n<p>5.3 par CONTRE-REMBOURSEMENT au TRANSPORTEUR uniquement pour les livraisons effectu\u00e9es en Italie.<\/p>\r\n<p>5.4 par les CARTES DE CR\u00c9DIT indiqu\u00e9es sur le SITE.<\/p>\r\n<p>5.5 Les communications relatives au paiement et les DONN\u00c9ES communiqu\u00e9es par le CLIENT au moment o\u00f9 ce dernier est effectu\u00e9 se d\u00e9roulent sur des lignes s\u00e9curis\u00e9es avec les garanties assur\u00e9es par l\u2019utilisation des protocoles de s\u00e9curit\u00e9 pr\u00e9vus par les circuits de paiement.<\/p>\r\n<h2><strong>ARTICLE 7 &#8211; EXP\u00c9DITIONS<\/strong><\/h2>\r\n<p>7.1 DANS L&#8217;\u00c9TAT ITALIEN<\/p>\r\n<ul>\r\n<li>pour une valeur de PRODUITS de 100,00 \u20ac : co\u00fbt 6,90 \u20ac TVA incluse<\/li>\r\n<li>pour une valeur de PRODUITS sup\u00e9rieure \u00e0 100,00 \u20ac : envoi gratuit<\/li>\r\n<\/ul>\r\n<p>7.2 DANS LES \u00c9TATS DE L&#8217;UNION EUROP\u00c9ENNE<\/p>\r\n<ul>\r\n<li>pour une valeur de PRODUITS de 100,00 \u20ac : co\u00fbt 9,00 \u20ac<\/li>\r\n<li>pour une valeur de PRODUITS sup\u00e9rieure \u00e0 100,00 \u20ac : envoi gratuit<\/li>\r\n<\/ul>\r\n<p>7.3 DANS LES \u00c9TATS NON APPARTENANT \u00c0 L&#8217;UNION EUROP\u00c9ENNE<\/p>\r\n<ul>\r\n<li>pour une valeur de PRODUITS de 100,00 \u20ac : co\u00fbt 19,00 \u20ac<\/li>\r\n<li>pour une valeur de PRODUITS sup\u00e9rieure \u00e0 100,00 \u20ac : co\u00fbt 10,00 \u20ac<\/li>\r\n<\/ul>\r\n<p>7.4 DANS LES \u00c9TATS EXTRA-EUROP\u00c9ENS TELS QUE LE CANADA, LE JAPON, L&#8217;AM\u00c9RIQUE DU SUD, LES \u00c9TATS-UNIS, ETC.<\/p>\r\n<ul>\r\n<li>pour une valeur de PRODUITS de 350,00 \u20ac : co\u00fbt 35,00 \u20ac<\/li>\r\n<li>pour une valeur de PRODUITS sup\u00e9rieure \u00e0 350,00 \u20ac : co\u00fbt 15,00 \u20ac<\/li>\r\n<\/ul>\r\n<p>Les CLIENTS r\u00e9sidant dans des pays non membres de l&#8217;Union Europ\u00e9enne peuvent acheter aux prix hors TVA : apr\u00e8s l&#8217;inscription ou en saisissant l&#8217;adresse de livraison sur le site, le syst\u00e8me affichera automatiquement le prix net hors TVA.<br \/>ous exp\u00e9dions par COURRIER EXPRESS afin de garantir un service efficace et des livraisons rapides. La livraison se fait g\u00e9n\u00e9ralement dans un d\u00e9lai de 3 \u00e0 4 jours ouvrables \u00e0 compter de la date d&#8217;exp\u00e9dition.<\/p>\r\n<p>[\/vc_column_text][\/vc_column][\/vc_row]<\/p><\/div>","protected":false},"excerpt":{"rendered":"<p>[vc_row][vc_column][vc_column_text css=&#8221;&#8221; woodmart_inline=&#8221;no&#8221; text_larger=&#8221;no&#8221;] \u00a0 ARTICLE 5 &#8211; MODALIT\u00c9S DE PAIEMENT Paiement \u00a0pourra se faire: 5.1 remise de 3 %<\/p>\n","protected":false},"author":1,"featured_media":0,"parent":0,"menu_order":0,"comment_status":"closed","ping_status":"closed","template":"","meta":{"footnotes":""},"class_list":["post-162273","page","type-page","status-publish","hentry"],"yoast_head":"<!-- This site is optimized with the Yoast SEO plugin v27.1.1 - https:\/\/yoast.com\/product\/yoast-seo-wordpress\/ -->\n<title>Paiement et exp\u00e9dition - Errepi Group<\/title>\n<meta name=\"robots\" content=\"index, follow, max-snippet:-1, max-image-preview:large, max-video-preview:-1\" \/>\n<link rel=\"canonical\" href=\"https:\/\/www.errepiudine.com\/pagamento-e-spedizioni\/\" \/>\n<meta property=\"og:locale\" content=\"fr_FR\" \/>\n<meta property=\"og:type\" content=\"article\" \/>\n<meta property=\"og:title\" content=\"Paiement et exp\u00e9dition - Errepi Group\" \/>\n<meta property=\"og:description\" content=\"[vc_row][vc_column][vc_column_text css=&#8221;&#8221; woodmart_inline=&#8221;no&#8221; text_larger=&#8221;no&#8221;] \u00a0 ARTICLE 5 &#8211; MODALIT\u00c9S DE PAIEMENT Paiement \u00a0pourra se faire: 5.1 remise de 3 %\" \/>\n<meta property=\"og:url\" content=\"https:\/\/www.errepiudine.com\/pagamento-e-spedizioni\/\" \/>\n<meta property=\"og:site_name\" content=\"Errepi Group\" \/>\n<meta property=\"article:publisher\" content=\"https:\/\/www.facebook.com\/errepiudine\/\" \/>\n<meta property=\"article:modified_time\" content=\"2024-12-21T09:11:17+00:00\" \/>\n<meta name=\"twitter:card\" content=\"summary_large_image\" \/>\n<meta name=\"twitter:label1\" content=\"Dur\u00e9e de lecture estim\u00e9e\" \/>\n\t<meta name=\"twitter:data1\" content=\"2 minutes\" \/>\n<script type=\"application\/ld+json\" class=\"yoast-schema-graph\">{\"@context\":\"https:\/\/schema.org\",\"@graph\":[{\"@type\":\"WebPage\",\"@id\":\"https:\/\/www.errepiudine.com\/pagamento-e-spedizioni\/\",\"url\":\"https:\/\/www.errepiudine.com\/pagamento-e-spedizioni\/\",\"name\":\"Paiement et exp\u00e9dition - Errepi Group\",\"isPartOf\":{\"@id\":\"https:\/\/www.errepiudine.com\/#website\"},\"datePublished\":\"2024-08-12T14:50:26+00:00\",\"dateModified\":\"2024-12-21T09:11:17+00:00\",\"breadcrumb\":{\"@id\":\"https:\/\/www.errepiudine.com\/pagamento-e-spedizioni\/#breadcrumb\"},\"inLanguage\":\"fr-FR\",\"potentialAction\":[{\"@type\":\"ReadAction\",\"target\":[\"https:\/\/www.errepiudine.com\/pagamento-e-spedizioni\/\"]}]},{\"@type\":\"BreadcrumbList\",\"@id\":\"https:\/\/www.errepiudine.com\/pagamento-e-spedizioni\/#breadcrumb\",\"itemListElement\":[{\"@type\":\"ListItem\",\"position\":1,\"name\":\"Home\",\"item\":\"https:\/\/www.errepiudine.com\/fr\/\"},{\"@type\":\"ListItem\",\"position\":2,\"name\":\"Paiement et exp\u00e9dition\"}]},{\"@type\":\"WebSite\",\"@id\":\"https:\/\/www.errepiudine.com\/#website\",\"url\":\"https:\/\/www.errepiudine.com\/\",\"name\":\"Errepi Group\",\"description\":\"\",\"publisher\":{\"@id\":\"https:\/\/www.errepiudine.com\/#organization\"},\"potentialAction\":[{\"@type\":\"SearchAction\",\"target\":{\"@type\":\"EntryPoint\",\"urlTemplate\":\"https:\/\/www.errepiudine.com\/?s={search_term_string}\"},\"query-input\":{\"@type\":\"PropertyValueSpecification\",\"valueRequired\":true,\"valueName\":\"search_term_string\"}}],\"inLanguage\":\"fr-FR\"},{\"@type\":\"Organization\",\"@id\":\"https:\/\/www.errepiudine.com\/#organization\",\"name\":\"Errepi Group\",\"url\":\"https:\/\/www.errepiudine.com\/\",\"logo\":{\"@type\":\"ImageObject\",\"inLanguage\":\"fr-FR\",\"@id\":\"https:\/\/www.errepiudine.com\/#\/schema\/logo\/image\/\",\"url\":\"https:\/\/www.errepiudine.com\/wp-content\/uploads\/2025\/07\/Logo-errepi-email.png\",\"contentUrl\":\"https:\/\/www.errepiudine.com\/wp-content\/uploads\/2025\/07\/Logo-errepi-email.png\",\"width\":216,\"height\":60,\"caption\":\"Errepi Group\"},\"image\":{\"@id\":\"https:\/\/www.errepiudine.com\/#\/schema\/logo\/image\/\"},\"sameAs\":[\"https:\/\/www.facebook.com\/errepiudine\/\"]}]}<\/script>\n<!-- \/ Yoast SEO plugin. -->","yoast_head_json":{"title":"Paiement et exp\u00e9dition - Errepi Group","robots":{"index":"index","follow":"follow","max-snippet":"max-snippet:-1","max-image-preview":"max-image-preview:large","max-video-preview":"max-video-preview:-1"},"canonical":"https:\/\/www.errepiudine.com\/pagamento-e-spedizioni\/","og_locale":"fr_FR","og_type":"article","og_title":"Paiement et exp\u00e9dition - Errepi Group","og_description":"[vc_row][vc_column][vc_column_text css=&#8221;&#8221; woodmart_inline=&#8221;no&#8221; text_larger=&#8221;no&#8221;] \u00a0 ARTICLE 5 &#8211; MODALIT\u00c9S DE PAIEMENT Paiement \u00a0pourra se faire: 5.1 remise de 3 %","og_url":"https:\/\/www.errepiudine.com\/pagamento-e-spedizioni\/","og_site_name":"Errepi Group","article_publisher":"https:\/\/www.facebook.com\/errepiudine\/","article_modified_time":"2024-12-21T09:11:17+00:00","twitter_card":"summary_large_image","twitter_misc":{"Dur\u00e9e de lecture estim\u00e9e":"2 minutes"},"schema":{"@context":"https:\/\/schema.org","@graph":[{"@type":"WebPage","@id":"https:\/\/www.errepiudine.com\/pagamento-e-spedizioni\/","url":"https:\/\/www.errepiudine.com\/pagamento-e-spedizioni\/","name":"Paiement et exp\u00e9dition - Errepi Group","isPartOf":{"@id":"https:\/\/www.errepiudine.com\/#website"},"datePublished":"2024-08-12T14:50:26+00:00","dateModified":"2024-12-21T09:11:17+00:00","breadcrumb":{"@id":"https:\/\/www.errepiudine.com\/pagamento-e-spedizioni\/#breadcrumb"},"inLanguage":"fr-FR","potentialAction":[{"@type":"ReadAction","target":["https:\/\/www.errepiudine.com\/pagamento-e-spedizioni\/"]}]},{"@type":"BreadcrumbList","@id":"https:\/\/www.errepiudine.com\/pagamento-e-spedizioni\/#breadcrumb","itemListElement":[{"@type":"ListItem","position":1,"name":"Home","item":"https:\/\/www.errepiudine.com\/fr\/"},{"@type":"ListItem","position":2,"name":"Paiement et exp\u00e9dition"}]},{"@type":"WebSite","@id":"https:\/\/www.errepiudine.com\/#website","url":"https:\/\/www.errepiudine.com\/","name":"Errepi Group","description":"","publisher":{"@id":"https:\/\/www.errepiudine.com\/#organization"},"potentialAction":[{"@type":"SearchAction","target":{"@type":"EntryPoint","urlTemplate":"https:\/\/www.errepiudine.com\/?s={search_term_string}"},"query-input":{"@type":"PropertyValueSpecification","valueRequired":true,"valueName":"search_term_string"}}],"inLanguage":"fr-FR"},{"@type":"Organization","@id":"https:\/\/www.errepiudine.com\/#organization","name":"Errepi Group","url":"https:\/\/www.errepiudine.com\/","logo":{"@type":"ImageObject","inLanguage":"fr-FR","@id":"https:\/\/www.errepiudine.com\/#\/schema\/logo\/image\/","url":"https:\/\/www.errepiudine.com\/wp-content\/uploads\/2025\/07\/Logo-errepi-email.png","contentUrl":"https:\/\/www.errepiudine.com\/wp-content\/uploads\/2025\/07\/Logo-errepi-email.png","width":216,"height":60,"caption":"Errepi Group"},"image":{"@id":"https:\/\/www.errepiudine.com\/#\/schema\/logo\/image\/"},"sameAs":["https:\/\/www.facebook.com\/errepiudine\/"]}]}},"_links":{"self":[{"href":"https:\/\/www.errepiudine.com\/fr\/wp-json\/wp\/v2\/pages\/162273","targetHints":{"allow":["GET"]}}],"collection":[{"href":"https:\/\/www.errepiudine.com\/fr\/wp-json\/wp\/v2\/pages"}],"about":[{"href":"https:\/\/www.errepiudine.com\/fr\/wp-json\/wp\/v2\/types\/page"}],"author":[{"embeddable":true,"href":"https:\/\/www.errepiudine.com\/fr\/wp-json\/wp\/v2\/users\/1"}],"replies":[{"embeddable":true,"href":"https:\/\/www.errepiudine.com\/fr\/wp-json\/wp\/v2\/comments?post=162273"}],"version-history":[{"count":0,"href":"https:\/\/www.errepiudine.com\/fr\/wp-json\/wp\/v2\/pages\/162273\/revisions"}],"wp:attachment":[{"href":"https:\/\/www.errepiudine.com\/fr\/wp-json\/wp\/v2\/media?parent=162273"}],"curies":[{"name":"wp","href":"https:\/\/api.w.org\/{rel}","templated":true}]}}