{"id":170571,"date":"2024-05-23T17:30:15","date_gmt":"2024-05-23T15:30:15","guid":{"rendered":"https:\/\/www.errepiudine.com\/?post_type=product&#038;p=170571"},"modified":"2025-04-22T11:48:11","modified_gmt":"2025-04-22T09:48:11","slug":"stonfo-morsetto-elite-653","status":"publish","type":"product","link":"https:\/\/www.errepiudine.com\/es\/stonfo-morsetto-elite-653\/","title":{"rendered":"STONFO &#8211; MORSETTO ELITE -653"},"content":{"rendered":"<p>Caracter\u00edsticas: herramienta de alta calidad tanto en materiales como en acabados, dotada de las siguientes funciones: rotaci\u00f3n de 360\u00b0 sobre el eje, eje de pinza en acero inoxidable soportado por dos rodamientos de bolas de precisi\u00f3n. El eje de sujeci\u00f3n articulado permite alinear el v\u00e1stago del gancho con el eje de rotaci\u00f3n. La base con la que est\u00e1 equipado es muy estable y est\u00e1 dotada de nichos y un pr\u00e1ctico portaherramientas integrado. Otras caracter\u00edsticas importantes: abrazadera intercambiable, bloqueo del gancho mediante palanca de acci\u00f3n \u201csuper suave\u201d, fricci\u00f3n progresiva en el movimiento de rotaci\u00f3n, bloqueo de rotaci\u00f3n en cualquier posici\u00f3n, ajuste de altura, adaptaci\u00f3n para zurdos. El paquete incluye: Portacarrete de paraca\u00eddas de acero inoxidable en forma de U con clip de paraca\u00eddas y accesorios, resorte de bloqueo de material ajustable, pasador de soporte de cable de montaje, llaves Allen e instrucciones de uso.<\/p>\n","protected":false},"excerpt":{"rendered":"<p>Morsetto.<\/p>\n","protected":false},"featured_media":0,"template":"","meta":[],"product_brand":[3436],"product_cat":[8516],"product_tag":[],"class_list":{"0":"post-170571","1":"product","2":"type-product","3":"status-publish","5":"product_brand-stonfo","6":"product_cat-senza-categoria","8":"first","9":"instock","10":"taxable","11":"shipping-taxable","12":"purchasable","13":"product-type-simple"},"yoast_head":"<!-- This site is optimized with the Yoast SEO plugin v27.1.1 - https:\/\/yoast.com\/product\/yoast-seo-wordpress\/ -->\n<title>STONFO - MORSETTO ELITE -653 - Errepi tutto per pesca a mosca<\/title>\n<meta name=\"description\" content=\"Morsetto.\" \/>\n<meta name=\"robots\" content=\"index, follow, max-snippet:-1, max-image-preview:large, max-video-preview:-1\" \/>\n<link rel=\"canonical\" href=\"https:\/\/www.errepiudine.com\/stonfo-morsetto-elite-653\/\" \/>\n<meta property=\"og:locale\" content=\"es_ES\" \/>\n<meta property=\"og:type\" content=\"article\" \/>\n<meta property=\"og:title\" content=\"STONFO - MORSETTO ELITE -653 - Errepi tutto per pesca a mosca\" \/>\n<meta property=\"og:description\" content=\"Morsetto.\" \/>\n<meta property=\"og:url\" content=\"https:\/\/www.errepiudine.com\/stonfo-morsetto-elite-653\/\" \/>\n<meta property=\"og:site_name\" content=\"Errepi Group\" \/>\n<meta property=\"article:publisher\" content=\"https:\/\/www.facebook.com\/errepiudine\/\" \/>\n<meta property=\"article:modified_time\" content=\"2025-04-22T09:48:11+00:00\" \/>\n<meta property=\"og:image\" content=\"https:\/\/www.errepiudine.com\/wp-content\/uploads\/2016\/04\/products-653.jpg\" \/>\n\t<meta property=\"og:image:width\" content=\"678\" \/>\n\t<meta property=\"og:image:height\" content=\"768\" \/>\n\t<meta property=\"og:image:type\" content=\"image\/jpeg\" \/>\n<meta name=\"twitter:card\" content=\"summary_large_image\" \/>\n<meta name=\"twitter:label1\" content=\"Tiempo de lectura\" \/>\n\t<meta name=\"twitter:data1\" content=\"1 minuto\" \/>\n<script type=\"application\/ld+json\" class=\"yoast-schema-graph\">{\"@context\":\"https:\/\/schema.org\",\"@graph\":[{\"@type\":\"WebPage\",\"@id\":\"https:\/\/www.errepiudine.com\/stonfo-morsetto-elite-653\/\",\"url\":\"https:\/\/www.errepiudine.com\/stonfo-morsetto-elite-653\/\",\"name\":\"STONFO - MORSETTO ELITE -653 - Errepi tutto per pesca a mosca\",\"isPartOf\":{\"@id\":\"https:\/\/www.errepiudine.com\/#website\"},\"datePublished\":\"2024-05-23T15:30:15+00:00\",\"dateModified\":\"2025-04-22T09:48:11+00:00\",\"description\":\"Morsetto.\",\"breadcrumb\":{\"@id\":\"https:\/\/www.errepiudine.com\/stonfo-morsetto-elite-653\/#breadcrumb\"},\"inLanguage\":\"es\",\"potentialAction\":[{\"@type\":\"ReadAction\",\"target\":[\"https:\/\/www.errepiudine.com\/stonfo-morsetto-elite-653\/\"]}]},{\"@type\":\"BreadcrumbList\",\"@id\":\"https:\/\/www.errepiudine.com\/stonfo-morsetto-elite-653\/#breadcrumb\",\"itemListElement\":[{\"@type\":\"ListItem\",\"position\":1,\"name\":\"Home\",\"item\":\"https:\/\/www.errepiudine.com\/\"},{\"@type\":\"ListItem\",\"position\":2,\"name\":\"Shop\",\"item\":\"https:\/\/www.errepiudine.com\/es\/shop\/\"},{\"@type\":\"ListItem\",\"position\":3,\"name\":\"STONFO &#8211; MORSETTO ELITE -653\"}]},{\"@type\":\"WebSite\",\"@id\":\"https:\/\/www.errepiudine.com\/#website\",\"url\":\"https:\/\/www.errepiudine.com\/\",\"name\":\"Errepi Group\",\"description\":\"\",\"publisher\":{\"@id\":\"https:\/\/www.errepiudine.com\/#organization\"},\"potentialAction\":[{\"@type\":\"SearchAction\",\"target\":{\"@type\":\"EntryPoint\",\"urlTemplate\":\"https:\/\/www.errepiudine.com\/?s={search_term_string}\"},\"query-input\":{\"@type\":\"PropertyValueSpecification\",\"valueRequired\":true,\"valueName\":\"search_term_string\"}}],\"inLanguage\":\"es\"},{\"@type\":\"Organization\",\"@id\":\"https:\/\/www.errepiudine.com\/#organization\",\"name\":\"Errepi Group\",\"url\":\"https:\/\/www.errepiudine.com\/\",\"logo\":{\"@type\":\"ImageObject\",\"inLanguage\":\"es\",\"@id\":\"https:\/\/www.errepiudine.com\/#\/schema\/logo\/image\/\",\"url\":\"https:\/\/www.errepiudine.com\/wp-content\/uploads\/2025\/07\/Logo-errepi-email.png\",\"contentUrl\":\"https:\/\/www.errepiudine.com\/wp-content\/uploads\/2025\/07\/Logo-errepi-email.png\",\"width\":216,\"height\":60,\"caption\":\"Errepi Group\"},\"image\":{\"@id\":\"https:\/\/www.errepiudine.com\/#\/schema\/logo\/image\/\"},\"sameAs\":[\"https:\/\/www.facebook.com\/errepiudine\/\"]}]}<\/script>\n<!-- \/ Yoast SEO plugin. -->","yoast_head_json":{"title":"STONFO - MORSETTO ELITE -653 - Errepi tutto per pesca a mosca","description":"Morsetto.","robots":{"index":"index","follow":"follow","max-snippet":"max-snippet:-1","max-image-preview":"max-image-preview:large","max-video-preview":"max-video-preview:-1"},"canonical":"https:\/\/www.errepiudine.com\/stonfo-morsetto-elite-653\/","og_locale":"es_ES","og_type":"article","og_title":"STONFO - MORSETTO ELITE -653 - Errepi tutto per pesca a mosca","og_description":"Morsetto.","og_url":"https:\/\/www.errepiudine.com\/stonfo-morsetto-elite-653\/","og_site_name":"Errepi Group","article_publisher":"https:\/\/www.facebook.com\/errepiudine\/","article_modified_time":"2025-04-22T09:48:11+00:00","og_image":[{"width":678,"height":768,"url":"https:\/\/www.errepiudine.com\/wp-content\/uploads\/2016\/04\/products-653.jpg","type":"image\/jpeg"}],"twitter_card":"summary_large_image","twitter_misc":{"Tiempo de lectura":"1 minuto"},"schema":{"@context":"https:\/\/schema.org","@graph":[{"@type":"WebPage","@id":"https:\/\/www.errepiudine.com\/stonfo-morsetto-elite-653\/","url":"https:\/\/www.errepiudine.com\/stonfo-morsetto-elite-653\/","name":"STONFO - MORSETTO ELITE -653 - Errepi tutto per pesca a mosca","isPartOf":{"@id":"https:\/\/www.errepiudine.com\/#website"},"datePublished":"2024-05-23T15:30:15+00:00","dateModified":"2025-04-22T09:48:11+00:00","description":"Morsetto.","breadcrumb":{"@id":"https:\/\/www.errepiudine.com\/stonfo-morsetto-elite-653\/#breadcrumb"},"inLanguage":"es","potentialAction":[{"@type":"ReadAction","target":["https:\/\/www.errepiudine.com\/stonfo-morsetto-elite-653\/"]}]},{"@type":"BreadcrumbList","@id":"https:\/\/www.errepiudine.com\/stonfo-morsetto-elite-653\/#breadcrumb","itemListElement":[{"@type":"ListItem","position":1,"name":"Home","item":"https:\/\/www.errepiudine.com\/"},{"@type":"ListItem","position":2,"name":"Shop","item":"https:\/\/www.errepiudine.com\/es\/shop\/"},{"@type":"ListItem","position":3,"name":"STONFO &#8211; MORSETTO ELITE -653"}]},{"@type":"WebSite","@id":"https:\/\/www.errepiudine.com\/#website","url":"https:\/\/www.errepiudine.com\/","name":"Errepi Group","description":"","publisher":{"@id":"https:\/\/www.errepiudine.com\/#organization"},"potentialAction":[{"@type":"SearchAction","target":{"@type":"EntryPoint","urlTemplate":"https:\/\/www.errepiudine.com\/?s={search_term_string}"},"query-input":{"@type":"PropertyValueSpecification","valueRequired":true,"valueName":"search_term_string"}}],"inLanguage":"es"},{"@type":"Organization","@id":"https:\/\/www.errepiudine.com\/#organization","name":"Errepi Group","url":"https:\/\/www.errepiudine.com\/","logo":{"@type":"ImageObject","inLanguage":"es","@id":"https:\/\/www.errepiudine.com\/#\/schema\/logo\/image\/","url":"https:\/\/www.errepiudine.com\/wp-content\/uploads\/2025\/07\/Logo-errepi-email.png","contentUrl":"https:\/\/www.errepiudine.com\/wp-content\/uploads\/2025\/07\/Logo-errepi-email.png","width":216,"height":60,"caption":"Errepi Group"},"image":{"@id":"https:\/\/www.errepiudine.com\/#\/schema\/logo\/image\/"},"sameAs":["https:\/\/www.facebook.com\/errepiudine\/"]}]}},"_links":{"self":[{"href":"https:\/\/www.errepiudine.com\/es\/wp-json\/wp\/v2\/product\/170571","targetHints":{"allow":["GET"]}}],"collection":[{"href":"https:\/\/www.errepiudine.com\/es\/wp-json\/wp\/v2\/product"}],"about":[{"href":"https:\/\/www.errepiudine.com\/es\/wp-json\/wp\/v2\/types\/product"}],"wp:attachment":[{"href":"https:\/\/www.errepiudine.com\/es\/wp-json\/wp\/v2\/media?parent=170571"}],"wp:term":[{"taxonomy":"product_brand","embeddable":true,"href":"https:\/\/www.errepiudine.com\/es\/wp-json\/wp\/v2\/product_brand?post=170571"},{"taxonomy":"product_cat","embeddable":true,"href":"https:\/\/www.errepiudine.com\/es\/wp-json\/wp\/v2\/product_cat?post=170571"},{"taxonomy":"product_tag","embeddable":true,"href":"https:\/\/www.errepiudine.com\/es\/wp-json\/wp\/v2\/product_tag?post=170571"}],"curies":[{"name":"wp","href":"https:\/\/api.w.org\/{rel}","templated":true}]}}