{"id":170274,"date":"2024-05-23T17:30:23","date_gmt":"2024-05-23T15:30:23","guid":{"rendered":"https:\/\/www.errepiudine.com\/?post_type=product&#038;p=170274"},"modified":"2025-04-18T08:52:12","modified_gmt":"2025-04-18T06:52:12","slug":"stonfo-pinza-per-split-rings-489","status":"publish","type":"product","link":"https:\/\/www.errepiudine.com\/es\/stonfo-pinza-per-split-rings-489\/","title":{"rendered":"STONFO &#8211; PINZA PER SPLIT RINGS &#8211; 489"},"content":{"rendered":"<p>Alicates de alta calidad especialmente dise\u00f1ados para abrir anillas partidas e insertar o retirar f\u00e1cilmente ganchos, eslabones giratorios, etc.<\/p>\n<p>Tama\u00f1o 1: Para anillos muy peque\u00f1os y de potencia media (di\u00e1metro interior m\u00ednimo del anillo: 2,5 mm. Los alicates abren el anillo un m\u00e1ximo de 1 mm).<\/p>\n<p>Tama\u00f1o 2: Para anillos de alta potencia (di\u00e1metro interno m\u00ednimo del anillo 4,5 mm. Los alicates abren el anillo un m\u00e1ximo de 2 mm).<\/p>\n<p>-Mango anat\u00f3mico en resina de alta resistencia.<br \/>\n-Puntas de acero endurecido<br \/>\n-Tama\u00f1o compacto (Longitud 13 cm)<br \/>\n-Peso reducido.<\/p>\n","protected":false},"excerpt":{"rendered":"<p>Pinze di alta qualit\u00e0 studiate appositamente per aprire gli anelli spaccati ed inserire o togliere agevolmente ami, girelle, etc.\u00a0<\/p>\n","protected":false},"featured_media":0,"template":"","meta":[],"product_brand":[3436],"product_cat":[8516],"product_tag":[],"class_list":{"0":"post-170274","1":"product","2":"type-product","3":"status-publish","5":"product_brand-stonfo","6":"product_cat-senza-categoria","8":"first","9":"onbackorder","10":"sale","11":"taxable","12":"shipping-taxable","13":"purchasable","14":"product-type-variable"},"yoast_head":"<!-- This site is optimized with the Yoast SEO plugin v27.1.1 - https:\/\/yoast.com\/product\/yoast-seo-wordpress\/ -->\n<title>STONFO - PINZA PER SPLIT RINGS - 489 - Errepi tutto per pesca a mosca<\/title>\n<meta name=\"description\" content=\"Pinze di alta qualit\u00e0 studiate appositamente per aprire gli anelli spaccati ed inserire o togliere agevolmente ami, girelle, etc.\u00a0\" \/>\n<meta name=\"robots\" content=\"index, follow, max-snippet:-1, max-image-preview:large, max-video-preview:-1\" \/>\n<link rel=\"canonical\" href=\"https:\/\/www.errepiudine.com\/es\/stonfo-pinza-per-split-rings-489\/\" \/>\n<meta property=\"og:locale\" content=\"es_ES\" \/>\n<meta property=\"og:type\" content=\"article\" \/>\n<meta property=\"og:title\" content=\"STONFO - PINZA PER SPLIT RINGS - 489 - Errepi tutto per pesca a mosca\" \/>\n<meta property=\"og:description\" content=\"Pinze di alta qualit\u00e0 studiate appositamente per aprire gli anelli spaccati ed inserire o togliere agevolmente ami, girelle, etc.\u00a0\" \/>\n<meta property=\"og:url\" content=\"https:\/\/www.errepiudine.com\/es\/stonfo-pinza-per-split-rings-489\/\" \/>\n<meta property=\"og:site_name\" content=\"Errepi Group\" \/>\n<meta property=\"article:publisher\" content=\"https:\/\/www.facebook.com\/errepiudine\/\" \/>\n<meta property=\"article:modified_time\" content=\"2025-04-18T06:52:12+00:00\" \/>\n<meta property=\"og:image\" content=\"https:\/\/www.errepiudine.com\/wp-content\/uploads\/2016\/04\/products-489.jpg\" \/>\n\t<meta property=\"og:image:width\" content=\"1024\" \/>\n\t<meta property=\"og:image:height\" content=\"756\" \/>\n\t<meta property=\"og:image:type\" content=\"image\/jpeg\" \/>\n<meta name=\"twitter:card\" content=\"summary_large_image\" \/>\n<script type=\"application\/ld+json\" class=\"yoast-schema-graph\">{\"@context\":\"https:\/\/schema.org\",\"@graph\":[{\"@type\":\"WebPage\",\"@id\":\"https:\/\/www.errepiudine.com\/es\/stonfo-pinza-per-split-rings-489\/\",\"url\":\"https:\/\/www.errepiudine.com\/es\/stonfo-pinza-per-split-rings-489\/\",\"name\":\"STONFO - PINZA PER SPLIT RINGS - 489 - Errepi tutto per pesca a mosca\",\"isPartOf\":{\"@id\":\"https:\/\/www.errepiudine.com\/#website\"},\"datePublished\":\"2024-05-23T15:30:23+00:00\",\"dateModified\":\"2025-04-18T06:52:12+00:00\",\"description\":\"Pinze di alta qualit\u00e0 studiate appositamente per aprire gli anelli spaccati ed inserire o togliere agevolmente ami, girelle, etc.\u00a0\",\"breadcrumb\":{\"@id\":\"https:\/\/www.errepiudine.com\/es\/stonfo-pinza-per-split-rings-489\/#breadcrumb\"},\"inLanguage\":\"es\",\"potentialAction\":[{\"@type\":\"ReadAction\",\"target\":[\"https:\/\/www.errepiudine.com\/es\/stonfo-pinza-per-split-rings-489\/\"]}]},{\"@type\":\"BreadcrumbList\",\"@id\":\"https:\/\/www.errepiudine.com\/es\/stonfo-pinza-per-split-rings-489\/#breadcrumb\",\"itemListElement\":[{\"@type\":\"ListItem\",\"position\":1,\"name\":\"Home\",\"item\":\"https:\/\/www.errepiudine.com\/\"},{\"@type\":\"ListItem\",\"position\":2,\"name\":\"Shop\",\"item\":\"https:\/\/www.errepiudine.com\/es\/shop\/\"},{\"@type\":\"ListItem\",\"position\":3,\"name\":\"STONFO &#8211; PINZA PER SPLIT RINGS &#8211; 489\"}]},{\"@type\":\"WebSite\",\"@id\":\"https:\/\/www.errepiudine.com\/#website\",\"url\":\"https:\/\/www.errepiudine.com\/\",\"name\":\"Errepi Group\",\"description\":\"\",\"publisher\":{\"@id\":\"https:\/\/www.errepiudine.com\/#organization\"},\"potentialAction\":[{\"@type\":\"SearchAction\",\"target\":{\"@type\":\"EntryPoint\",\"urlTemplate\":\"https:\/\/www.errepiudine.com\/?s={search_term_string}\"},\"query-input\":{\"@type\":\"PropertyValueSpecification\",\"valueRequired\":true,\"valueName\":\"search_term_string\"}}],\"inLanguage\":\"es\"},{\"@type\":\"Organization\",\"@id\":\"https:\/\/www.errepiudine.com\/#organization\",\"name\":\"Errepi Group\",\"url\":\"https:\/\/www.errepiudine.com\/\",\"logo\":{\"@type\":\"ImageObject\",\"inLanguage\":\"es\",\"@id\":\"https:\/\/www.errepiudine.com\/#\/schema\/logo\/image\/\",\"url\":\"https:\/\/www.errepiudine.com\/wp-content\/uploads\/2025\/07\/Logo-errepi-email.png\",\"contentUrl\":\"https:\/\/www.errepiudine.com\/wp-content\/uploads\/2025\/07\/Logo-errepi-email.png\",\"width\":216,\"height\":60,\"caption\":\"Errepi Group\"},\"image\":{\"@id\":\"https:\/\/www.errepiudine.com\/#\/schema\/logo\/image\/\"},\"sameAs\":[\"https:\/\/www.facebook.com\/errepiudine\/\"]}]}<\/script>\n<!-- \/ Yoast SEO plugin. -->","yoast_head_json":{"title":"STONFO - PINZA PER SPLIT RINGS - 489 - Errepi tutto per pesca a mosca","description":"Pinze di alta qualit\u00e0 studiate appositamente per aprire gli anelli spaccati ed inserire o togliere agevolmente ami, girelle, etc.\u00a0","robots":{"index":"index","follow":"follow","max-snippet":"max-snippet:-1","max-image-preview":"max-image-preview:large","max-video-preview":"max-video-preview:-1"},"canonical":"https:\/\/www.errepiudine.com\/es\/stonfo-pinza-per-split-rings-489\/","og_locale":"es_ES","og_type":"article","og_title":"STONFO - PINZA PER SPLIT RINGS - 489 - Errepi tutto per pesca a mosca","og_description":"Pinze di alta qualit\u00e0 studiate appositamente per aprire gli anelli spaccati ed inserire o togliere agevolmente ami, girelle, etc.\u00a0","og_url":"https:\/\/www.errepiudine.com\/es\/stonfo-pinza-per-split-rings-489\/","og_site_name":"Errepi Group","article_publisher":"https:\/\/www.facebook.com\/errepiudine\/","article_modified_time":"2025-04-18T06:52:12+00:00","og_image":[{"width":1024,"height":756,"url":"https:\/\/www.errepiudine.com\/wp-content\/uploads\/2016\/04\/products-489.jpg","type":"image\/jpeg"}],"twitter_card":"summary_large_image","schema":{"@context":"https:\/\/schema.org","@graph":[{"@type":"WebPage","@id":"https:\/\/www.errepiudine.com\/es\/stonfo-pinza-per-split-rings-489\/","url":"https:\/\/www.errepiudine.com\/es\/stonfo-pinza-per-split-rings-489\/","name":"STONFO - PINZA PER SPLIT RINGS - 489 - Errepi tutto per pesca a mosca","isPartOf":{"@id":"https:\/\/www.errepiudine.com\/#website"},"datePublished":"2024-05-23T15:30:23+00:00","dateModified":"2025-04-18T06:52:12+00:00","description":"Pinze di alta qualit\u00e0 studiate appositamente per aprire gli anelli spaccati ed inserire o togliere agevolmente ami, girelle, etc.\u00a0","breadcrumb":{"@id":"https:\/\/www.errepiudine.com\/es\/stonfo-pinza-per-split-rings-489\/#breadcrumb"},"inLanguage":"es","potentialAction":[{"@type":"ReadAction","target":["https:\/\/www.errepiudine.com\/es\/stonfo-pinza-per-split-rings-489\/"]}]},{"@type":"BreadcrumbList","@id":"https:\/\/www.errepiudine.com\/es\/stonfo-pinza-per-split-rings-489\/#breadcrumb","itemListElement":[{"@type":"ListItem","position":1,"name":"Home","item":"https:\/\/www.errepiudine.com\/"},{"@type":"ListItem","position":2,"name":"Shop","item":"https:\/\/www.errepiudine.com\/es\/shop\/"},{"@type":"ListItem","position":3,"name":"STONFO &#8211; PINZA PER SPLIT RINGS &#8211; 489"}]},{"@type":"WebSite","@id":"https:\/\/www.errepiudine.com\/#website","url":"https:\/\/www.errepiudine.com\/","name":"Errepi Group","description":"","publisher":{"@id":"https:\/\/www.errepiudine.com\/#organization"},"potentialAction":[{"@type":"SearchAction","target":{"@type":"EntryPoint","urlTemplate":"https:\/\/www.errepiudine.com\/?s={search_term_string}"},"query-input":{"@type":"PropertyValueSpecification","valueRequired":true,"valueName":"search_term_string"}}],"inLanguage":"es"},{"@type":"Organization","@id":"https:\/\/www.errepiudine.com\/#organization","name":"Errepi Group","url":"https:\/\/www.errepiudine.com\/","logo":{"@type":"ImageObject","inLanguage":"es","@id":"https:\/\/www.errepiudine.com\/#\/schema\/logo\/image\/","url":"https:\/\/www.errepiudine.com\/wp-content\/uploads\/2025\/07\/Logo-errepi-email.png","contentUrl":"https:\/\/www.errepiudine.com\/wp-content\/uploads\/2025\/07\/Logo-errepi-email.png","width":216,"height":60,"caption":"Errepi Group"},"image":{"@id":"https:\/\/www.errepiudine.com\/#\/schema\/logo\/image\/"},"sameAs":["https:\/\/www.facebook.com\/errepiudine\/"]}]}},"_links":{"self":[{"href":"https:\/\/www.errepiudine.com\/es\/wp-json\/wp\/v2\/product\/170274","targetHints":{"allow":["GET"]}}],"collection":[{"href":"https:\/\/www.errepiudine.com\/es\/wp-json\/wp\/v2\/product"}],"about":[{"href":"https:\/\/www.errepiudine.com\/es\/wp-json\/wp\/v2\/types\/product"}],"wp:attachment":[{"href":"https:\/\/www.errepiudine.com\/es\/wp-json\/wp\/v2\/media?parent=170274"}],"wp:term":[{"taxonomy":"product_brand","embeddable":true,"href":"https:\/\/www.errepiudine.com\/es\/wp-json\/wp\/v2\/product_brand?post=170274"},{"taxonomy":"product_cat","embeddable":true,"href":"https:\/\/www.errepiudine.com\/es\/wp-json\/wp\/v2\/product_cat?post=170274"},{"taxonomy":"product_tag","embeddable":true,"href":"https:\/\/www.errepiudine.com\/es\/wp-json\/wp\/v2\/product_tag?post=170274"}],"curies":[{"name":"wp","href":"https:\/\/api.w.org\/{rel}","templated":true}]}}