{"id":170239,"date":"2024-05-23T17:30:33","date_gmt":"2024-05-23T15:30:33","guid":{"rendered":"https:\/\/www.errepiudine.com\/?post_type=product&#038;p=170239"},"modified":"2025-05-22T08:43:49","modified_gmt":"2025-05-22T06:43:49","slug":"stonfo-colla-cianox-518","status":"publish","type":"product","link":"https:\/\/www.errepiudine.com\/es\/stonfo-colla-cianox-518\/","title":{"rendered":"STONFO &#8211; COLLA CIANOX-518"},"content":{"rendered":"<p>Pegamento de cianoacrilato de secado r\u00e1pido esencial para unir l\u00edneas de nailon, fluorocarbono y trenzadas. Tambi\u00e9n ideal<br \/>\nPara crear conjuntos de cuentas, aplicar puntas apicales y tubulares en las puntas, consolidar nudos, construir moscas artificiales, tubos<br \/>\nmoscas etc etc. Frasco con dosificador cuentagotas de gran precisi\u00f3n. Producto perecedero que debe conservarse en el frigor\u00edfico.<\/p>\n<p>ADVERTENCIA: Producto con cianoacrilato.<br \/>\nEs peligroso porque se adhiere a la piel y a los ojos en cuesti\u00f3n de instantes y es irritante para los ojos, el tracto respiratorio y la piel.<br \/>\nMantener fuera del alcance de los ni\u00f1os y ventilar siempre el \u00e1rea de trabajo.<\/p>\n","protected":false},"excerpt":{"rendered":"<p>Collante.<\/p>\n<p>Caratteristiche: prodotto cianoacrilico a essiccazione rapida.<br \/>\nUtilizzabile per l\u2019incollaggio di fili nylon, fluorocarbon e trecciati. Ideale inoltre per realizzare montaggi con perline, applicare apicali e tubolari su vettini, consolidare nodi, costruire mosche artificiali, tube flies,\u00a0etc. Boccetta con dosatore contagocce molto preciso.<br \/>\nProdotto deperibile da conservare in frigo.\u00a0Contiene gr 10.<\/p>\n","protected":false},"featured_media":170241,"template":"","meta":[],"product_brand":[3436],"product_cat":[8516],"product_tag":[],"class_list":{"0":"post-170239","1":"product","2":"type-product","3":"status-publish","4":"has-post-thumbnail","6":"product_brand-stonfo","7":"product_cat-senza-categoria","9":"first","10":"instock","11":"taxable","12":"shipping-taxable","13":"purchasable","14":"product-type-simple"},"yoast_head":"<!-- This site is optimized with the Yoast SEO plugin v27.1.1 - https:\/\/yoast.com\/product\/yoast-seo-wordpress\/ -->\n<title>STONFO - COLLA CIANOX-518 - Errepi tutto per pesca a mosca<\/title>\n<meta name=\"description\" content=\"Collante.  Caratteristiche: prodotto cianoacrilico a essiccazione rapida. Utilizzabile per l\u2019incollaggio di fili nylon, fluorocarbon e trecciati. Ideale inoltre per realizzare montaggi con perline, applicare apicali e tubolari su vettini, consolidare nodi, costruire mosche artificiali, tube flies,\u00a0etc. Boccetta con dosatore contagocce molto preciso. Prodotto deperibile da conservare in frigo.\u00a0Contiene gr 10.\" \/>\n<meta name=\"robots\" content=\"index, follow, max-snippet:-1, max-image-preview:large, max-video-preview:-1\" \/>\n<link rel=\"canonical\" href=\"https:\/\/www.errepiudine.com\/es\/stonfo-colla-cianox-518\/\" \/>\n<meta property=\"og:locale\" content=\"es_ES\" \/>\n<meta property=\"og:type\" content=\"article\" \/>\n<meta property=\"og:title\" content=\"STONFO - COLLA CIANOX-518 - Errepi tutto per pesca a mosca\" \/>\n<meta property=\"og:description\" content=\"Collante.  Caratteristiche: prodotto cianoacrilico a essiccazione rapida. Utilizzabile per l\u2019incollaggio di fili nylon, fluorocarbon e trecciati. Ideale inoltre per realizzare montaggi con perline, applicare apicali e tubolari su vettini, consolidare nodi, costruire mosche artificiali, tube flies,\u00a0etc. Boccetta con dosatore contagocce molto preciso. Prodotto deperibile da conservare in frigo.\u00a0Contiene gr 10.\" \/>\n<meta property=\"og:url\" content=\"https:\/\/www.errepiudine.com\/es\/stonfo-colla-cianox-518\/\" \/>\n<meta property=\"og:site_name\" content=\"Errepi Group\" \/>\n<meta property=\"article:publisher\" content=\"https:\/\/www.facebook.com\/errepiudine\/\" \/>\n<meta property=\"article:modified_time\" content=\"2025-05-22T06:43:49+00:00\" \/>\n<meta property=\"og:image\" content=\"https:\/\/www.errepiudine.com\/wp-content\/uploads\/2024\/05\/CS8247.jpg\" \/>\n\t<meta property=\"og:image:width\" content=\"700\" \/>\n\t<meta property=\"og:image:height\" content=\"800\" \/>\n\t<meta property=\"og:image:type\" content=\"image\/jpeg\" \/>\n<meta name=\"twitter:card\" content=\"summary_large_image\" \/>\n<meta name=\"twitter:label1\" content=\"Tiempo de lectura\" \/>\n\t<meta name=\"twitter:data1\" content=\"1 minuto\" \/>\n<script type=\"application\/ld+json\" class=\"yoast-schema-graph\">{\"@context\":\"https:\/\/schema.org\",\"@graph\":[{\"@type\":\"WebPage\",\"@id\":\"https:\/\/www.errepiudine.com\/es\/stonfo-colla-cianox-518\/\",\"url\":\"https:\/\/www.errepiudine.com\/es\/stonfo-colla-cianox-518\/\",\"name\":\"STONFO - COLLA CIANOX-518 - Errepi tutto per pesca a mosca\",\"isPartOf\":{\"@id\":\"https:\/\/www.errepiudine.com\/#website\"},\"primaryImageOfPage\":{\"@id\":\"https:\/\/www.errepiudine.com\/es\/stonfo-colla-cianox-518\/#primaryimage\"},\"image\":{\"@id\":\"https:\/\/www.errepiudine.com\/es\/stonfo-colla-cianox-518\/#primaryimage\"},\"thumbnailUrl\":\"https:\/\/www.errepiudine.com\/wp-content\/uploads\/2024\/05\/CS8247.jpg\",\"datePublished\":\"2024-05-23T15:30:33+00:00\",\"dateModified\":\"2025-05-22T06:43:49+00:00\",\"description\":\"Collante. Caratteristiche: prodotto cianoacrilico a essiccazione rapida. Utilizzabile per l\u2019incollaggio di fili nylon, fluorocarbon e trecciati. Ideale inoltre per realizzare montaggi con perline, applicare apicali e tubolari su vettini, consolidare nodi, costruire mosche artificiali, tube flies,\u00a0etc. Boccetta con dosatore contagocce molto preciso. Prodotto deperibile da conservare in frigo.\u00a0Contiene gr 10.\",\"breadcrumb\":{\"@id\":\"https:\/\/www.errepiudine.com\/es\/stonfo-colla-cianox-518\/#breadcrumb\"},\"inLanguage\":\"es\",\"potentialAction\":[{\"@type\":\"ReadAction\",\"target\":[\"https:\/\/www.errepiudine.com\/es\/stonfo-colla-cianox-518\/\"]}]},{\"@type\":\"ImageObject\",\"inLanguage\":\"es\",\"@id\":\"https:\/\/www.errepiudine.com\/es\/stonfo-colla-cianox-518\/#primaryimage\",\"url\":\"https:\/\/www.errepiudine.com\/wp-content\/uploads\/2024\/05\/CS8247.jpg\",\"contentUrl\":\"https:\/\/www.errepiudine.com\/wp-content\/uploads\/2024\/05\/CS8247.jpg\",\"width\":700,\"height\":800},{\"@type\":\"BreadcrumbList\",\"@id\":\"https:\/\/www.errepiudine.com\/es\/stonfo-colla-cianox-518\/#breadcrumb\",\"itemListElement\":[{\"@type\":\"ListItem\",\"position\":1,\"name\":\"Home\",\"item\":\"https:\/\/www.errepiudine.com\/\"},{\"@type\":\"ListItem\",\"position\":2,\"name\":\"Shop\",\"item\":\"https:\/\/www.errepiudine.com\/es\/shop\/\"},{\"@type\":\"ListItem\",\"position\":3,\"name\":\"STONFO &#8211; COLLA CIANOX-518\"}]},{\"@type\":\"WebSite\",\"@id\":\"https:\/\/www.errepiudine.com\/#website\",\"url\":\"https:\/\/www.errepiudine.com\/\",\"name\":\"Errepi Group\",\"description\":\"\",\"publisher\":{\"@id\":\"https:\/\/www.errepiudine.com\/#organization\"},\"potentialAction\":[{\"@type\":\"SearchAction\",\"target\":{\"@type\":\"EntryPoint\",\"urlTemplate\":\"https:\/\/www.errepiudine.com\/?s={search_term_string}\"},\"query-input\":{\"@type\":\"PropertyValueSpecification\",\"valueRequired\":true,\"valueName\":\"search_term_string\"}}],\"inLanguage\":\"es\"},{\"@type\":\"Organization\",\"@id\":\"https:\/\/www.errepiudine.com\/#organization\",\"name\":\"Errepi Group\",\"url\":\"https:\/\/www.errepiudine.com\/\",\"logo\":{\"@type\":\"ImageObject\",\"inLanguage\":\"es\",\"@id\":\"https:\/\/www.errepiudine.com\/#\/schema\/logo\/image\/\",\"url\":\"https:\/\/www.errepiudine.com\/wp-content\/uploads\/2025\/07\/Logo-errepi-email.png\",\"contentUrl\":\"https:\/\/www.errepiudine.com\/wp-content\/uploads\/2025\/07\/Logo-errepi-email.png\",\"width\":216,\"height\":60,\"caption\":\"Errepi Group\"},\"image\":{\"@id\":\"https:\/\/www.errepiudine.com\/#\/schema\/logo\/image\/\"},\"sameAs\":[\"https:\/\/www.facebook.com\/errepiudine\/\"]}]}<\/script>\n<!-- \/ Yoast SEO plugin. -->","yoast_head_json":{"title":"STONFO - COLLA CIANOX-518 - Errepi tutto per pesca a mosca","description":"Collante.  Caratteristiche: prodotto cianoacrilico a essiccazione rapida. Utilizzabile per l\u2019incollaggio di fili nylon, fluorocarbon e trecciati. Ideale inoltre per realizzare montaggi con perline, applicare apicali e tubolari su vettini, consolidare nodi, costruire mosche artificiali, tube flies,\u00a0etc. Boccetta con dosatore contagocce molto preciso. Prodotto deperibile da conservare in frigo.\u00a0Contiene gr 10.","robots":{"index":"index","follow":"follow","max-snippet":"max-snippet:-1","max-image-preview":"max-image-preview:large","max-video-preview":"max-video-preview:-1"},"canonical":"https:\/\/www.errepiudine.com\/es\/stonfo-colla-cianox-518\/","og_locale":"es_ES","og_type":"article","og_title":"STONFO - COLLA CIANOX-518 - Errepi tutto per pesca a mosca","og_description":"Collante.  Caratteristiche: prodotto cianoacrilico a essiccazione rapida. Utilizzabile per l\u2019incollaggio di fili nylon, fluorocarbon e trecciati. Ideale inoltre per realizzare montaggi con perline, applicare apicali e tubolari su vettini, consolidare nodi, costruire mosche artificiali, tube flies,\u00a0etc. Boccetta con dosatore contagocce molto preciso. Prodotto deperibile da conservare in frigo.\u00a0Contiene gr 10.","og_url":"https:\/\/www.errepiudine.com\/es\/stonfo-colla-cianox-518\/","og_site_name":"Errepi Group","article_publisher":"https:\/\/www.facebook.com\/errepiudine\/","article_modified_time":"2025-05-22T06:43:49+00:00","og_image":[{"width":700,"height":800,"url":"https:\/\/www.errepiudine.com\/wp-content\/uploads\/2024\/05\/CS8247.jpg","type":"image\/jpeg"}],"twitter_card":"summary_large_image","twitter_misc":{"Tiempo de lectura":"1 minuto"},"schema":{"@context":"https:\/\/schema.org","@graph":[{"@type":"WebPage","@id":"https:\/\/www.errepiudine.com\/es\/stonfo-colla-cianox-518\/","url":"https:\/\/www.errepiudine.com\/es\/stonfo-colla-cianox-518\/","name":"STONFO - COLLA CIANOX-518 - Errepi tutto per pesca a mosca","isPartOf":{"@id":"https:\/\/www.errepiudine.com\/#website"},"primaryImageOfPage":{"@id":"https:\/\/www.errepiudine.com\/es\/stonfo-colla-cianox-518\/#primaryimage"},"image":{"@id":"https:\/\/www.errepiudine.com\/es\/stonfo-colla-cianox-518\/#primaryimage"},"thumbnailUrl":"https:\/\/www.errepiudine.com\/wp-content\/uploads\/2024\/05\/CS8247.jpg","datePublished":"2024-05-23T15:30:33+00:00","dateModified":"2025-05-22T06:43:49+00:00","description":"Collante. Caratteristiche: prodotto cianoacrilico a essiccazione rapida. Utilizzabile per l\u2019incollaggio di fili nylon, fluorocarbon e trecciati. Ideale inoltre per realizzare montaggi con perline, applicare apicali e tubolari su vettini, consolidare nodi, costruire mosche artificiali, tube flies,\u00a0etc. Boccetta con dosatore contagocce molto preciso. Prodotto deperibile da conservare in frigo.\u00a0Contiene gr 10.","breadcrumb":{"@id":"https:\/\/www.errepiudine.com\/es\/stonfo-colla-cianox-518\/#breadcrumb"},"inLanguage":"es","potentialAction":[{"@type":"ReadAction","target":["https:\/\/www.errepiudine.com\/es\/stonfo-colla-cianox-518\/"]}]},{"@type":"ImageObject","inLanguage":"es","@id":"https:\/\/www.errepiudine.com\/es\/stonfo-colla-cianox-518\/#primaryimage","url":"https:\/\/www.errepiudine.com\/wp-content\/uploads\/2024\/05\/CS8247.jpg","contentUrl":"https:\/\/www.errepiudine.com\/wp-content\/uploads\/2024\/05\/CS8247.jpg","width":700,"height":800},{"@type":"BreadcrumbList","@id":"https:\/\/www.errepiudine.com\/es\/stonfo-colla-cianox-518\/#breadcrumb","itemListElement":[{"@type":"ListItem","position":1,"name":"Home","item":"https:\/\/www.errepiudine.com\/"},{"@type":"ListItem","position":2,"name":"Shop","item":"https:\/\/www.errepiudine.com\/es\/shop\/"},{"@type":"ListItem","position":3,"name":"STONFO &#8211; COLLA CIANOX-518"}]},{"@type":"WebSite","@id":"https:\/\/www.errepiudine.com\/#website","url":"https:\/\/www.errepiudine.com\/","name":"Errepi Group","description":"","publisher":{"@id":"https:\/\/www.errepiudine.com\/#organization"},"potentialAction":[{"@type":"SearchAction","target":{"@type":"EntryPoint","urlTemplate":"https:\/\/www.errepiudine.com\/?s={search_term_string}"},"query-input":{"@type":"PropertyValueSpecification","valueRequired":true,"valueName":"search_term_string"}}],"inLanguage":"es"},{"@type":"Organization","@id":"https:\/\/www.errepiudine.com\/#organization","name":"Errepi Group","url":"https:\/\/www.errepiudine.com\/","logo":{"@type":"ImageObject","inLanguage":"es","@id":"https:\/\/www.errepiudine.com\/#\/schema\/logo\/image\/","url":"https:\/\/www.errepiudine.com\/wp-content\/uploads\/2025\/07\/Logo-errepi-email.png","contentUrl":"https:\/\/www.errepiudine.com\/wp-content\/uploads\/2025\/07\/Logo-errepi-email.png","width":216,"height":60,"caption":"Errepi Group"},"image":{"@id":"https:\/\/www.errepiudine.com\/#\/schema\/logo\/image\/"},"sameAs":["https:\/\/www.facebook.com\/errepiudine\/"]}]}},"_links":{"self":[{"href":"https:\/\/www.errepiudine.com\/es\/wp-json\/wp\/v2\/product\/170239","targetHints":{"allow":["GET"]}}],"collection":[{"href":"https:\/\/www.errepiudine.com\/es\/wp-json\/wp\/v2\/product"}],"about":[{"href":"https:\/\/www.errepiudine.com\/es\/wp-json\/wp\/v2\/types\/product"}],"wp:featuredmedia":[{"embeddable":true,"href":"https:\/\/www.errepiudine.com\/es\/wp-json\/wp\/v2\/media\/170241"}],"wp:attachment":[{"href":"https:\/\/www.errepiudine.com\/es\/wp-json\/wp\/v2\/media?parent=170239"}],"wp:term":[{"taxonomy":"product_brand","embeddable":true,"href":"https:\/\/www.errepiudine.com\/es\/wp-json\/wp\/v2\/product_brand?post=170239"},{"taxonomy":"product_cat","embeddable":true,"href":"https:\/\/www.errepiudine.com\/es\/wp-json\/wp\/v2\/product_cat?post=170239"},{"taxonomy":"product_tag","embeddable":true,"href":"https:\/\/www.errepiudine.com\/es\/wp-json\/wp\/v2\/product_tag?post=170239"}],"curies":[{"name":"wp","href":"https:\/\/api.w.org\/{rel}","templated":true}]}}