{"id":170211,"date":"2024-05-23T17:33:25","date_gmt":"2024-05-23T15:33:25","guid":{"rendered":"https:\/\/www.errepiudine.com\/?post_type=product&#038;p=170211"},"modified":"2025-04-18T08:00:33","modified_gmt":"2025-04-18T06:00:33","slug":"stonfo-fly-tying-kit-741","status":"publish","type":"product","link":"https:\/\/www.errepiudine.com\/es\/stonfo-fly-tying-kit-741\/","title":{"rendered":"STONFO &#8211; FLY TYING KIT &#8211; 741"},"content":{"rendered":"<p>Set compuesto por una pinza Flylab y 7 herramientas para la construcci\u00f3n de moscas artificiales y streamers. Se suministra en una caja resistente cuyo interior de goma est\u00e1 dise\u00f1ado para proporcionar a cada herramienta un ajuste preciso. Contenido: abrazadera Flylab, tijeras, devanador Bobtec1 con tensi\u00f3n de hilo ajustable, gu\u00eda de hilo, anudador c\u00f3nico, pasador de montaje, alicates para hackle, mini rotodubbing, llave Allen. En el interior se encuentran instrucciones detalladas sobre el uso de la abrazadera y varias herramientas.<\/p>\n","protected":false},"excerpt":{"rendered":"<p>Set compuesto por una pinza Flylab y 7 herramientas para la construcci\u00f3n de moscas artificiales y streamers. Se suministra en<\/p>\n","protected":false},"featured_media":170212,"template":"","meta":[],"product_brand":[3436],"product_cat":[8516],"product_tag":[],"class_list":{"0":"post-170211","1":"product","2":"type-product","3":"status-publish","4":"has-post-thumbnail","6":"product_brand-stonfo","7":"product_cat-senza-categoria","9":"first","10":"instock","11":"taxable","12":"shipping-taxable","13":"purchasable","14":"product-type-simple"},"yoast_head":"<!-- This site is optimized with the Yoast SEO plugin v27.1.1 - https:\/\/yoast.com\/product\/yoast-seo-wordpress\/ -->\n<title>STONFO - FLY TYING KIT - 741 - Errepi tutto per pesca a mosca<\/title>\n<meta name=\"description\" content=\"Set compuesto por una pinza Flylab y 7 herramientas para la construcci\u00f3n de moscas artificiales y streamers. Se suministra en una caja resistente cuyo\" \/>\n<meta name=\"robots\" content=\"index, follow, max-snippet:-1, max-image-preview:large, max-video-preview:-1\" \/>\n<link rel=\"canonical\" href=\"https:\/\/www.errepiudine.com\/es\/stonfo-fly-tying-kit-741\/\" \/>\n<meta property=\"og:locale\" content=\"es_ES\" \/>\n<meta property=\"og:type\" content=\"article\" \/>\n<meta property=\"og:title\" content=\"STONFO - FLY TYING KIT - 741 - Errepi tutto per pesca a mosca\" \/>\n<meta property=\"og:description\" content=\"Set compuesto por una pinza Flylab y 7 herramientas para la construcci\u00f3n de moscas artificiales y streamers. Se suministra en una caja resistente cuyo\" \/>\n<meta property=\"og:url\" content=\"https:\/\/www.errepiudine.com\/es\/stonfo-fly-tying-kit-741\/\" \/>\n<meta property=\"og:site_name\" content=\"Errepi Group\" \/>\n<meta property=\"article:publisher\" content=\"https:\/\/www.facebook.com\/errepiudine\/\" \/>\n<meta property=\"article:modified_time\" content=\"2025-04-18T06:00:33+00:00\" \/>\n<meta property=\"og:image\" content=\"https:\/\/www.errepiudine.com\/wp-content\/uploads\/2024\/01\/products-FLY_TYING_KIT_1.png\" \/>\n\t<meta property=\"og:image:width\" content=\"697\" \/>\n\t<meta property=\"og:image:height\" content=\"751\" \/>\n\t<meta property=\"og:image:type\" content=\"image\/jpeg\" \/>\n<meta name=\"twitter:card\" content=\"summary_large_image\" \/>\n<script type=\"application\/ld+json\" class=\"yoast-schema-graph\">{\"@context\":\"https:\/\/schema.org\",\"@graph\":[{\"@type\":\"WebPage\",\"@id\":\"https:\/\/www.errepiudine.com\/es\/stonfo-fly-tying-kit-741\/\",\"url\":\"https:\/\/www.errepiudine.com\/es\/stonfo-fly-tying-kit-741\/\",\"name\":\"STONFO - FLY TYING KIT - 741 - Errepi tutto per pesca a mosca\",\"isPartOf\":{\"@id\":\"https:\/\/www.errepiudine.com\/#website\"},\"primaryImageOfPage\":{\"@id\":\"https:\/\/www.errepiudine.com\/es\/stonfo-fly-tying-kit-741\/#primaryimage\"},\"image\":{\"@id\":\"https:\/\/www.errepiudine.com\/es\/stonfo-fly-tying-kit-741\/#primaryimage\"},\"thumbnailUrl\":\"https:\/\/www.errepiudine.com\/wp-content\/uploads\/2024\/01\/products-FLY_TYING_KIT_1.png\",\"datePublished\":\"2024-05-23T15:33:25+00:00\",\"dateModified\":\"2025-04-18T06:00:33+00:00\",\"description\":\"Set compuesto por una pinza Flylab y 7 herramientas para la construcci\u00f3n de moscas artificiales y streamers. Se suministra en una caja resistente cuyo\",\"breadcrumb\":{\"@id\":\"https:\/\/www.errepiudine.com\/es\/stonfo-fly-tying-kit-741\/#breadcrumb\"},\"inLanguage\":\"es\",\"potentialAction\":[{\"@type\":\"ReadAction\",\"target\":[\"https:\/\/www.errepiudine.com\/es\/stonfo-fly-tying-kit-741\/\"]}]},{\"@type\":\"ImageObject\",\"inLanguage\":\"es\",\"@id\":\"https:\/\/www.errepiudine.com\/es\/stonfo-fly-tying-kit-741\/#primaryimage\",\"url\":\"https:\/\/www.errepiudine.com\/wp-content\/uploads\/2024\/01\/products-FLY_TYING_KIT_1.png\",\"contentUrl\":\"https:\/\/www.errepiudine.com\/wp-content\/uploads\/2024\/01\/products-FLY_TYING_KIT_1.png\",\"width\":697,\"height\":751},{\"@type\":\"BreadcrumbList\",\"@id\":\"https:\/\/www.errepiudine.com\/es\/stonfo-fly-tying-kit-741\/#breadcrumb\",\"itemListElement\":[{\"@type\":\"ListItem\",\"position\":1,\"name\":\"Home\",\"item\":\"https:\/\/www.errepiudine.com\/\"},{\"@type\":\"ListItem\",\"position\":2,\"name\":\"Shop\",\"item\":\"https:\/\/www.errepiudine.com\/es\/shop\/\"},{\"@type\":\"ListItem\",\"position\":3,\"name\":\"STONFO &#8211; FLY TYING KIT &#8211; 741\"}]},{\"@type\":\"WebSite\",\"@id\":\"https:\/\/www.errepiudine.com\/#website\",\"url\":\"https:\/\/www.errepiudine.com\/\",\"name\":\"Errepi Group\",\"description\":\"\",\"publisher\":{\"@id\":\"https:\/\/www.errepiudine.com\/#organization\"},\"potentialAction\":[{\"@type\":\"SearchAction\",\"target\":{\"@type\":\"EntryPoint\",\"urlTemplate\":\"https:\/\/www.errepiudine.com\/?s={search_term_string}\"},\"query-input\":{\"@type\":\"PropertyValueSpecification\",\"valueRequired\":true,\"valueName\":\"search_term_string\"}}],\"inLanguage\":\"es\"},{\"@type\":\"Organization\",\"@id\":\"https:\/\/www.errepiudine.com\/#organization\",\"name\":\"Errepi Group\",\"url\":\"https:\/\/www.errepiudine.com\/\",\"logo\":{\"@type\":\"ImageObject\",\"inLanguage\":\"es\",\"@id\":\"https:\/\/www.errepiudine.com\/#\/schema\/logo\/image\/\",\"url\":\"https:\/\/www.errepiudine.com\/wp-content\/uploads\/2025\/07\/Logo-errepi-email.png\",\"contentUrl\":\"https:\/\/www.errepiudine.com\/wp-content\/uploads\/2025\/07\/Logo-errepi-email.png\",\"width\":216,\"height\":60,\"caption\":\"Errepi Group\"},\"image\":{\"@id\":\"https:\/\/www.errepiudine.com\/#\/schema\/logo\/image\/\"},\"sameAs\":[\"https:\/\/www.facebook.com\/errepiudine\/\"]}]}<\/script>\n<!-- \/ Yoast SEO plugin. -->","yoast_head_json":{"title":"STONFO - FLY TYING KIT - 741 - Errepi tutto per pesca a mosca","description":"Set compuesto por una pinza Flylab y 7 herramientas para la construcci\u00f3n de moscas artificiales y streamers. Se suministra en una caja resistente cuyo","robots":{"index":"index","follow":"follow","max-snippet":"max-snippet:-1","max-image-preview":"max-image-preview:large","max-video-preview":"max-video-preview:-1"},"canonical":"https:\/\/www.errepiudine.com\/es\/stonfo-fly-tying-kit-741\/","og_locale":"es_ES","og_type":"article","og_title":"STONFO - FLY TYING KIT - 741 - Errepi tutto per pesca a mosca","og_description":"Set compuesto por una pinza Flylab y 7 herramientas para la construcci\u00f3n de moscas artificiales y streamers. Se suministra en una caja resistente cuyo","og_url":"https:\/\/www.errepiudine.com\/es\/stonfo-fly-tying-kit-741\/","og_site_name":"Errepi Group","article_publisher":"https:\/\/www.facebook.com\/errepiudine\/","article_modified_time":"2025-04-18T06:00:33+00:00","og_image":[{"width":697,"height":751,"url":"https:\/\/www.errepiudine.com\/wp-content\/uploads\/2024\/01\/products-FLY_TYING_KIT_1.png","type":"image\/jpeg"}],"twitter_card":"summary_large_image","schema":{"@context":"https:\/\/schema.org","@graph":[{"@type":"WebPage","@id":"https:\/\/www.errepiudine.com\/es\/stonfo-fly-tying-kit-741\/","url":"https:\/\/www.errepiudine.com\/es\/stonfo-fly-tying-kit-741\/","name":"STONFO - FLY TYING KIT - 741 - Errepi tutto per pesca a mosca","isPartOf":{"@id":"https:\/\/www.errepiudine.com\/#website"},"primaryImageOfPage":{"@id":"https:\/\/www.errepiudine.com\/es\/stonfo-fly-tying-kit-741\/#primaryimage"},"image":{"@id":"https:\/\/www.errepiudine.com\/es\/stonfo-fly-tying-kit-741\/#primaryimage"},"thumbnailUrl":"https:\/\/www.errepiudine.com\/wp-content\/uploads\/2024\/01\/products-FLY_TYING_KIT_1.png","datePublished":"2024-05-23T15:33:25+00:00","dateModified":"2025-04-18T06:00:33+00:00","description":"Set compuesto por una pinza Flylab y 7 herramientas para la construcci\u00f3n de moscas artificiales y streamers. Se suministra en una caja resistente cuyo","breadcrumb":{"@id":"https:\/\/www.errepiudine.com\/es\/stonfo-fly-tying-kit-741\/#breadcrumb"},"inLanguage":"es","potentialAction":[{"@type":"ReadAction","target":["https:\/\/www.errepiudine.com\/es\/stonfo-fly-tying-kit-741\/"]}]},{"@type":"ImageObject","inLanguage":"es","@id":"https:\/\/www.errepiudine.com\/es\/stonfo-fly-tying-kit-741\/#primaryimage","url":"https:\/\/www.errepiudine.com\/wp-content\/uploads\/2024\/01\/products-FLY_TYING_KIT_1.png","contentUrl":"https:\/\/www.errepiudine.com\/wp-content\/uploads\/2024\/01\/products-FLY_TYING_KIT_1.png","width":697,"height":751},{"@type":"BreadcrumbList","@id":"https:\/\/www.errepiudine.com\/es\/stonfo-fly-tying-kit-741\/#breadcrumb","itemListElement":[{"@type":"ListItem","position":1,"name":"Home","item":"https:\/\/www.errepiudine.com\/"},{"@type":"ListItem","position":2,"name":"Shop","item":"https:\/\/www.errepiudine.com\/es\/shop\/"},{"@type":"ListItem","position":3,"name":"STONFO &#8211; FLY TYING KIT &#8211; 741"}]},{"@type":"WebSite","@id":"https:\/\/www.errepiudine.com\/#website","url":"https:\/\/www.errepiudine.com\/","name":"Errepi Group","description":"","publisher":{"@id":"https:\/\/www.errepiudine.com\/#organization"},"potentialAction":[{"@type":"SearchAction","target":{"@type":"EntryPoint","urlTemplate":"https:\/\/www.errepiudine.com\/?s={search_term_string}"},"query-input":{"@type":"PropertyValueSpecification","valueRequired":true,"valueName":"search_term_string"}}],"inLanguage":"es"},{"@type":"Organization","@id":"https:\/\/www.errepiudine.com\/#organization","name":"Errepi Group","url":"https:\/\/www.errepiudine.com\/","logo":{"@type":"ImageObject","inLanguage":"es","@id":"https:\/\/www.errepiudine.com\/#\/schema\/logo\/image\/","url":"https:\/\/www.errepiudine.com\/wp-content\/uploads\/2025\/07\/Logo-errepi-email.png","contentUrl":"https:\/\/www.errepiudine.com\/wp-content\/uploads\/2025\/07\/Logo-errepi-email.png","width":216,"height":60,"caption":"Errepi Group"},"image":{"@id":"https:\/\/www.errepiudine.com\/#\/schema\/logo\/image\/"},"sameAs":["https:\/\/www.facebook.com\/errepiudine\/"]}]}},"_links":{"self":[{"href":"https:\/\/www.errepiudine.com\/es\/wp-json\/wp\/v2\/product\/170211","targetHints":{"allow":["GET"]}}],"collection":[{"href":"https:\/\/www.errepiudine.com\/es\/wp-json\/wp\/v2\/product"}],"about":[{"href":"https:\/\/www.errepiudine.com\/es\/wp-json\/wp\/v2\/types\/product"}],"wp:featuredmedia":[{"embeddable":true,"href":"https:\/\/www.errepiudine.com\/es\/wp-json\/wp\/v2\/media\/170212"}],"wp:attachment":[{"href":"https:\/\/www.errepiudine.com\/es\/wp-json\/wp\/v2\/media?parent=170211"}],"wp:term":[{"taxonomy":"product_brand","embeddable":true,"href":"https:\/\/www.errepiudine.com\/es\/wp-json\/wp\/v2\/product_brand?post=170211"},{"taxonomy":"product_cat","embeddable":true,"href":"https:\/\/www.errepiudine.com\/es\/wp-json\/wp\/v2\/product_cat?post=170211"},{"taxonomy":"product_tag","embeddable":true,"href":"https:\/\/www.errepiudine.com\/es\/wp-json\/wp\/v2\/product_tag?post=170211"}],"curies":[{"name":"wp","href":"https:\/\/api.w.org\/{rel}","templated":true}]}}