{"id":170173,"date":"2024-05-23T17:33:56","date_gmt":"2024-05-23T15:33:56","guid":{"rendered":"https:\/\/www.errepiudine.com\/?post_type=product&#038;p=170173"},"modified":"2025-04-17T12:43:12","modified_gmt":"2025-04-17T10:43:12","slug":"stonfo-super-jaw-disgorger-660","status":"publish","type":"product","link":"https:\/\/www.errepiudine.com\/es\/stonfo-super-jaw-disgorger-660\/","title":{"rendered":"STONFO &#8211; SUPER JAW DISGORGER -660"},"content":{"rendered":"<p>Realizada en forma de pistola, con dise\u00f1o ergon\u00f3mico, ideal para desenganchar incluso a profundidad peces con dientes afilados. El agarre del gancho es f\u00e1cil y fuerte como el de unos alicates de metal. C\u00f3modo de llevar gracias a su peso extremadamente bajo de tan solo 60 gramos y a su tama\u00f1o compacto.<br \/>\nEquipado con un mango antideslizante, est\u00e1 fabricado con materiales resistentes a la oxidaci\u00f3n.<br \/>\nIndispensable en captura y suelta para reducir los tiempos de desenganche sin da\u00f1ar la presa.<\/p>\n","protected":false},"excerpt":{"rendered":"<p>Slamatore.\u00a0<\/p>\n","protected":false},"featured_media":170174,"template":"","meta":[],"product_brand":[3436],"product_cat":[8516],"product_tag":[],"class_list":{"0":"post-170173","1":"product","2":"type-product","3":"status-publish","4":"has-post-thumbnail","6":"product_brand-stonfo","7":"product_cat-senza-categoria","9":"first","10":"instock","11":"taxable","12":"shipping-taxable","13":"purchasable","14":"product-type-simple"},"yoast_head":"<!-- This site is optimized with the Yoast SEO plugin v27.1.1 - https:\/\/yoast.com\/product\/yoast-seo-wordpress\/ -->\n<title>STONFO - SUPER JAW DISGORGER -660 - Errepi tutto per pesca a mosca<\/title>\n<meta name=\"description\" content=\"Slamatore.\u00a0\" \/>\n<meta name=\"robots\" content=\"index, follow, max-snippet:-1, max-image-preview:large, max-video-preview:-1\" \/>\n<link rel=\"canonical\" href=\"https:\/\/www.errepiudine.com\/es\/stonfo-super-jaw-disgorger-660\/\" \/>\n<meta property=\"og:locale\" content=\"es_ES\" \/>\n<meta property=\"og:type\" content=\"article\" \/>\n<meta property=\"og:title\" content=\"STONFO - SUPER JAW DISGORGER -660 - Errepi tutto per pesca a mosca\" \/>\n<meta property=\"og:description\" content=\"Slamatore.\u00a0\" \/>\n<meta property=\"og:url\" content=\"https:\/\/www.errepiudine.com\/es\/stonfo-super-jaw-disgorger-660\/\" \/>\n<meta property=\"og:site_name\" content=\"Errepi Group\" \/>\n<meta property=\"article:publisher\" content=\"https:\/\/www.facebook.com\/errepiudine\/\" \/>\n<meta property=\"article:modified_time\" content=\"2025-04-17T10:43:12+00:00\" \/>\n<meta property=\"og:image\" content=\"https:\/\/www.errepiudine.com\/wp-content\/uploads\/2016\/10\/products-660.jpg\" \/>\n\t<meta property=\"og:image:width\" content=\"757\" \/>\n\t<meta property=\"og:image:height\" content=\"768\" \/>\n\t<meta property=\"og:image:type\" content=\"image\/jpeg\" \/>\n<meta name=\"twitter:card\" content=\"summary_large_image\" \/>\n<script type=\"application\/ld+json\" class=\"yoast-schema-graph\">{\"@context\":\"https:\/\/schema.org\",\"@graph\":[{\"@type\":\"WebPage\",\"@id\":\"https:\/\/www.errepiudine.com\/es\/stonfo-super-jaw-disgorger-660\/\",\"url\":\"https:\/\/www.errepiudine.com\/es\/stonfo-super-jaw-disgorger-660\/\",\"name\":\"STONFO - SUPER JAW DISGORGER -660 - Errepi tutto per pesca a mosca\",\"isPartOf\":{\"@id\":\"https:\/\/www.errepiudine.com\/#website\"},\"primaryImageOfPage\":{\"@id\":\"https:\/\/www.errepiudine.com\/es\/stonfo-super-jaw-disgorger-660\/#primaryimage\"},\"image\":{\"@id\":\"https:\/\/www.errepiudine.com\/es\/stonfo-super-jaw-disgorger-660\/#primaryimage\"},\"thumbnailUrl\":\"https:\/\/www.errepiudine.com\/wp-content\/uploads\/2016\/10\/products-660.jpg\",\"datePublished\":\"2024-05-23T15:33:56+00:00\",\"dateModified\":\"2025-04-17T10:43:12+00:00\",\"description\":\"Slamatore.\u00a0\",\"breadcrumb\":{\"@id\":\"https:\/\/www.errepiudine.com\/es\/stonfo-super-jaw-disgorger-660\/#breadcrumb\"},\"inLanguage\":\"es\",\"potentialAction\":[{\"@type\":\"ReadAction\",\"target\":[\"https:\/\/www.errepiudine.com\/es\/stonfo-super-jaw-disgorger-660\/\"]}]},{\"@type\":\"ImageObject\",\"inLanguage\":\"es\",\"@id\":\"https:\/\/www.errepiudine.com\/es\/stonfo-super-jaw-disgorger-660\/#primaryimage\",\"url\":\"https:\/\/www.errepiudine.com\/wp-content\/uploads\/2016\/10\/products-660.jpg\",\"contentUrl\":\"https:\/\/www.errepiudine.com\/wp-content\/uploads\/2016\/10\/products-660.jpg\",\"width\":757,\"height\":768},{\"@type\":\"BreadcrumbList\",\"@id\":\"https:\/\/www.errepiudine.com\/es\/stonfo-super-jaw-disgorger-660\/#breadcrumb\",\"itemListElement\":[{\"@type\":\"ListItem\",\"position\":1,\"name\":\"Home\",\"item\":\"https:\/\/www.errepiudine.com\/\"},{\"@type\":\"ListItem\",\"position\":2,\"name\":\"Shop\",\"item\":\"https:\/\/www.errepiudine.com\/es\/shop\/\"},{\"@type\":\"ListItem\",\"position\":3,\"name\":\"STONFO &#8211; SUPER JAW DISGORGER -660\"}]},{\"@type\":\"WebSite\",\"@id\":\"https:\/\/www.errepiudine.com\/#website\",\"url\":\"https:\/\/www.errepiudine.com\/\",\"name\":\"Errepi Group\",\"description\":\"\",\"publisher\":{\"@id\":\"https:\/\/www.errepiudine.com\/#organization\"},\"potentialAction\":[{\"@type\":\"SearchAction\",\"target\":{\"@type\":\"EntryPoint\",\"urlTemplate\":\"https:\/\/www.errepiudine.com\/?s={search_term_string}\"},\"query-input\":{\"@type\":\"PropertyValueSpecification\",\"valueRequired\":true,\"valueName\":\"search_term_string\"}}],\"inLanguage\":\"es\"},{\"@type\":\"Organization\",\"@id\":\"https:\/\/www.errepiudine.com\/#organization\",\"name\":\"Errepi Group\",\"url\":\"https:\/\/www.errepiudine.com\/\",\"logo\":{\"@type\":\"ImageObject\",\"inLanguage\":\"es\",\"@id\":\"https:\/\/www.errepiudine.com\/#\/schema\/logo\/image\/\",\"url\":\"https:\/\/www.errepiudine.com\/wp-content\/uploads\/2025\/07\/Logo-errepi-email.png\",\"contentUrl\":\"https:\/\/www.errepiudine.com\/wp-content\/uploads\/2025\/07\/Logo-errepi-email.png\",\"width\":216,\"height\":60,\"caption\":\"Errepi Group\"},\"image\":{\"@id\":\"https:\/\/www.errepiudine.com\/#\/schema\/logo\/image\/\"},\"sameAs\":[\"https:\/\/www.facebook.com\/errepiudine\/\"]}]}<\/script>\n<!-- \/ Yoast SEO plugin. -->","yoast_head_json":{"title":"STONFO - SUPER JAW DISGORGER -660 - Errepi tutto per pesca a mosca","description":"Slamatore.\u00a0","robots":{"index":"index","follow":"follow","max-snippet":"max-snippet:-1","max-image-preview":"max-image-preview:large","max-video-preview":"max-video-preview:-1"},"canonical":"https:\/\/www.errepiudine.com\/es\/stonfo-super-jaw-disgorger-660\/","og_locale":"es_ES","og_type":"article","og_title":"STONFO - SUPER JAW DISGORGER -660 - Errepi tutto per pesca a mosca","og_description":"Slamatore.\u00a0","og_url":"https:\/\/www.errepiudine.com\/es\/stonfo-super-jaw-disgorger-660\/","og_site_name":"Errepi Group","article_publisher":"https:\/\/www.facebook.com\/errepiudine\/","article_modified_time":"2025-04-17T10:43:12+00:00","og_image":[{"width":757,"height":768,"url":"https:\/\/www.errepiudine.com\/wp-content\/uploads\/2016\/10\/products-660.jpg","type":"image\/jpeg"}],"twitter_card":"summary_large_image","schema":{"@context":"https:\/\/schema.org","@graph":[{"@type":"WebPage","@id":"https:\/\/www.errepiudine.com\/es\/stonfo-super-jaw-disgorger-660\/","url":"https:\/\/www.errepiudine.com\/es\/stonfo-super-jaw-disgorger-660\/","name":"STONFO - SUPER JAW DISGORGER -660 - Errepi tutto per pesca a mosca","isPartOf":{"@id":"https:\/\/www.errepiudine.com\/#website"},"primaryImageOfPage":{"@id":"https:\/\/www.errepiudine.com\/es\/stonfo-super-jaw-disgorger-660\/#primaryimage"},"image":{"@id":"https:\/\/www.errepiudine.com\/es\/stonfo-super-jaw-disgorger-660\/#primaryimage"},"thumbnailUrl":"https:\/\/www.errepiudine.com\/wp-content\/uploads\/2016\/10\/products-660.jpg","datePublished":"2024-05-23T15:33:56+00:00","dateModified":"2025-04-17T10:43:12+00:00","description":"Slamatore.\u00a0","breadcrumb":{"@id":"https:\/\/www.errepiudine.com\/es\/stonfo-super-jaw-disgorger-660\/#breadcrumb"},"inLanguage":"es","potentialAction":[{"@type":"ReadAction","target":["https:\/\/www.errepiudine.com\/es\/stonfo-super-jaw-disgorger-660\/"]}]},{"@type":"ImageObject","inLanguage":"es","@id":"https:\/\/www.errepiudine.com\/es\/stonfo-super-jaw-disgorger-660\/#primaryimage","url":"https:\/\/www.errepiudine.com\/wp-content\/uploads\/2016\/10\/products-660.jpg","contentUrl":"https:\/\/www.errepiudine.com\/wp-content\/uploads\/2016\/10\/products-660.jpg","width":757,"height":768},{"@type":"BreadcrumbList","@id":"https:\/\/www.errepiudine.com\/es\/stonfo-super-jaw-disgorger-660\/#breadcrumb","itemListElement":[{"@type":"ListItem","position":1,"name":"Home","item":"https:\/\/www.errepiudine.com\/"},{"@type":"ListItem","position":2,"name":"Shop","item":"https:\/\/www.errepiudine.com\/es\/shop\/"},{"@type":"ListItem","position":3,"name":"STONFO &#8211; SUPER JAW DISGORGER -660"}]},{"@type":"WebSite","@id":"https:\/\/www.errepiudine.com\/#website","url":"https:\/\/www.errepiudine.com\/","name":"Errepi Group","description":"","publisher":{"@id":"https:\/\/www.errepiudine.com\/#organization"},"potentialAction":[{"@type":"SearchAction","target":{"@type":"EntryPoint","urlTemplate":"https:\/\/www.errepiudine.com\/?s={search_term_string}"},"query-input":{"@type":"PropertyValueSpecification","valueRequired":true,"valueName":"search_term_string"}}],"inLanguage":"es"},{"@type":"Organization","@id":"https:\/\/www.errepiudine.com\/#organization","name":"Errepi Group","url":"https:\/\/www.errepiudine.com\/","logo":{"@type":"ImageObject","inLanguage":"es","@id":"https:\/\/www.errepiudine.com\/#\/schema\/logo\/image\/","url":"https:\/\/www.errepiudine.com\/wp-content\/uploads\/2025\/07\/Logo-errepi-email.png","contentUrl":"https:\/\/www.errepiudine.com\/wp-content\/uploads\/2025\/07\/Logo-errepi-email.png","width":216,"height":60,"caption":"Errepi Group"},"image":{"@id":"https:\/\/www.errepiudine.com\/#\/schema\/logo\/image\/"},"sameAs":["https:\/\/www.facebook.com\/errepiudine\/"]}]}},"_links":{"self":[{"href":"https:\/\/www.errepiudine.com\/es\/wp-json\/wp\/v2\/product\/170173","targetHints":{"allow":["GET"]}}],"collection":[{"href":"https:\/\/www.errepiudine.com\/es\/wp-json\/wp\/v2\/product"}],"about":[{"href":"https:\/\/www.errepiudine.com\/es\/wp-json\/wp\/v2\/types\/product"}],"wp:featuredmedia":[{"embeddable":true,"href":"https:\/\/www.errepiudine.com\/es\/wp-json\/wp\/v2\/media\/170174"}],"wp:attachment":[{"href":"https:\/\/www.errepiudine.com\/es\/wp-json\/wp\/v2\/media?parent=170173"}],"wp:term":[{"taxonomy":"product_brand","embeddable":true,"href":"https:\/\/www.errepiudine.com\/es\/wp-json\/wp\/v2\/product_brand?post=170173"},{"taxonomy":"product_cat","embeddable":true,"href":"https:\/\/www.errepiudine.com\/es\/wp-json\/wp\/v2\/product_cat?post=170173"},{"taxonomy":"product_tag","embeddable":true,"href":"https:\/\/www.errepiudine.com\/es\/wp-json\/wp\/v2\/product_tag?post=170173"}],"curies":[{"name":"wp","href":"https:\/\/api.w.org\/{rel}","templated":true}]}}