{"id":121065,"date":"2024-05-23T18:16:27","date_gmt":"2024-05-23T16:16:27","guid":{"rendered":"https:\/\/www.errepiudine.com\/?post_type=product&#038;p=121065"},"modified":"2024-08-28T16:45:23","modified_gmt":"2024-08-28T14:45:23","slug":"shimano-tiagra-50-a-rb-ti50-2","status":"publish","type":"product","link":"https:\/\/www.errepiudine.com\/en\/shimano-tiagra-50-a-rb-ti50-2\/","title":{"rendered":"SHIMANO &#8211; TIAGRA 50 A-RB &#8211; TI50"},"content":{"rendered":"<p>Shimano\u00a0Tiagra\u00a0\u00e8 il nuovo mulinello da\u00a0Big Game\u00a0leader del mercato mondiale. Si \u00e8 aggiudicato questa sua posizione sul podi, per la miriade di caratteristiche che possiede. Un mulinello dalla\u00a0costruzione\u00a0davvero\u00a0robusta, con tutti gli elementi al posto giusto per farlo diventare di semplice e pratico utilizzo. Il\u00a0corpo\u00a0\u00e8 formato da un blocco di\u00a0alluminio tornito, che subisce un\u00a0trattamento\u00a0di\u00a0antiossidazione\u00a0ancora pi\u00f9 profondo. La\u00a0bobina\u00a0\u00e8 di\u00a0alluminio forgiata a freddo, e i suoi\u00a0cuscinetti\u00a0sono\u00a0schermati\u00a0di tipo\u00a0A-RB, che impediscono l&#8217;ingresso di salsedine e sabbia. Il Tiagra \u00e8 un mulinello con\u00a0doppia velocit\u00e0 di recupero, \u00a0capace cos\u00ec, impostando la velocit\u00e0 pi\u00f9 lenta e potente, di forzare anche le prede pi\u00f9 grosse e possenti. Nonostante questa caratteristica, questi mulinelli di nuova generazione, sono capaci di gestire carichi di trazione elevata, pur mantenendo un\u00a0peso contenuto. Anche il comfort non \u00e8 stato tralasciato, montando una manovella con\u00a0impugnatura\u00a0ergonomica\u00a0Septon,\u00a0sui modelli di taglia pi\u00f9 grande, comoda durante i combattimenti con i\u00a0pi\u00f9 grossi pesci del pianeta. Mentre\u00a0Shimano ha adattato ai modelli pi\u00f9 piccoli,\u00a0la particolare manovella\u00a0Ergonomic Power Handle,\u00a0che permette una grande riserva di potenza quando si combatte col pesce.\u00a0Entrambe le\u00a0manovelle\u00a0sono\u00a0antiscivolo\u00a0ed\u00a0estremamente resistenti.<\/p>\n<p>Caratteristiche:<\/p>\n<p>Bobina\u00a0in\u00a0alluminio forgiato\u00a0a\u00a0freddo<br \/>\nFrizione\u00a0a\u00a0leva<br \/>\nSistema di allarme\u00a0Clicker System\u00a0che aumenta la tensione sulla boina libera<br \/>\n4 cuscinetti schermati A-RB\u00a0(6 per il 16 lbs)<br \/>\nDoppia velocit\u00e0\u00a0di\u00a0recupero<br \/>\nFrizione impermeabile<br \/>\nLeggero\u00a0e\u00a0resistente<\/p>\n","protected":false},"excerpt":{"rendered":"<p>Shimano\u00a0Tiagra\u00a0\u00e8 il nuovo mulinello da\u00a0Big Game\u00a0leader del mercato mondiale. Si \u00e8 aggiudicato questa sua posizione sul podi, per la miriade<\/p>\n","protected":false},"featured_media":155257,"template":"","meta":[],"product_brand":[3451],"product_cat":[3770,3630],"product_tag":[],"class_list":{"0":"post-121065","1":"product","2":"type-product","3":"status-publish","4":"has-post-thumbnail","6":"product_brand-shimano","7":"product_cat-sweet-water-reels","8":"product_cat-freshwater-and-saltwater","9":"pa_marca-shimano-en","11":"first","12":"outofstock","13":"taxable","14":"shipping-taxable","15":"purchasable","16":"product-type-simple"},"yoast_head":"<!-- This site is optimized with the Yoast SEO plugin v27.1.1 - https:\/\/yoast.com\/product\/yoast-seo-wordpress\/ -->\n<title>SHIMANO - TIAGRA 50 A-RB - TI50 - Errepi tutto per pesca a mosca<\/title>\n<meta name=\"description\" content=\"Shimano\u00a0Tiagra\u00a0\u00e8 il nuovo mulinello da\u00a0Big Game\u00a0leader del mercato mondiale. Si \u00e8 aggiudicato questa sua posizione sul podi, per la miriade di\" \/>\n<meta name=\"robots\" content=\"index, follow, max-snippet:-1, max-image-preview:large, max-video-preview:-1\" \/>\n<link rel=\"canonical\" href=\"https:\/\/www.errepiudine.com\/en\/shimano-tiagra-50-a-rb-ti50-2\/\" \/>\n<meta property=\"og:locale\" content=\"en_US\" \/>\n<meta property=\"og:type\" content=\"article\" \/>\n<meta property=\"og:title\" content=\"SHIMANO - TIAGRA 50 A-RB - TI50 - Errepi tutto per pesca a mosca\" \/>\n<meta property=\"og:description\" content=\"Shimano\u00a0Tiagra\u00a0\u00e8 il nuovo mulinello da\u00a0Big Game\u00a0leader del mercato mondiale. Si \u00e8 aggiudicato questa sua posizione sul podi, per la miriade di\" \/>\n<meta property=\"og:url\" content=\"https:\/\/www.errepiudine.com\/en\/shimano-tiagra-50-a-rb-ti50-2\/\" \/>\n<meta property=\"og:site_name\" content=\"Errepi Group\" \/>\n<meta property=\"article:publisher\" content=\"https:\/\/www.facebook.com\/errepiudine\/\" \/>\n<meta property=\"article:modified_time\" content=\"2024-08-28T14:45:23+00:00\" \/>\n<meta property=\"og:image\" content=\"https:\/\/www.errepiudine.com\/wp-content\/uploads\/2024\/05\/ME1010.jpg\" \/>\n\t<meta property=\"og:image:width\" content=\"700\" \/>\n\t<meta property=\"og:image:height\" content=\"800\" \/>\n\t<meta property=\"og:image:type\" content=\"image\/jpeg\" \/>\n<meta name=\"twitter:card\" content=\"summary_large_image\" \/>\n<meta name=\"twitter:label1\" content=\"Est. reading time\" \/>\n\t<meta name=\"twitter:data1\" content=\"1 minute\" \/>\n<script type=\"application\/ld+json\" class=\"yoast-schema-graph\">{\"@context\":\"https:\/\/schema.org\",\"@graph\":[{\"@type\":\"WebPage\",\"@id\":\"https:\/\/www.errepiudine.com\/en\/shimano-tiagra-50-a-rb-ti50-2\/\",\"url\":\"https:\/\/www.errepiudine.com\/en\/shimano-tiagra-50-a-rb-ti50-2\/\",\"name\":\"SHIMANO - TIAGRA 50 A-RB - TI50 - Errepi tutto per pesca a mosca\",\"isPartOf\":{\"@id\":\"https:\/\/www.errepiudine.com\/#website\"},\"primaryImageOfPage\":{\"@id\":\"https:\/\/www.errepiudine.com\/en\/shimano-tiagra-50-a-rb-ti50-2\/#primaryimage\"},\"image\":{\"@id\":\"https:\/\/www.errepiudine.com\/en\/shimano-tiagra-50-a-rb-ti50-2\/#primaryimage\"},\"thumbnailUrl\":\"https:\/\/www.errepiudine.com\/wp-content\/uploads\/2024\/05\/ME1010.jpg\",\"datePublished\":\"2024-05-23T16:16:27+00:00\",\"dateModified\":\"2024-08-28T14:45:23+00:00\",\"description\":\"Shimano\u00a0Tiagra\u00a0\u00e8 il nuovo mulinello da\u00a0Big Game\u00a0leader del mercato mondiale. Si \u00e8 aggiudicato questa sua posizione sul podi, per la miriade di\",\"breadcrumb\":{\"@id\":\"https:\/\/www.errepiudine.com\/en\/shimano-tiagra-50-a-rb-ti50-2\/#breadcrumb\"},\"inLanguage\":\"en-US\",\"potentialAction\":[{\"@type\":\"ReadAction\",\"target\":[\"https:\/\/www.errepiudine.com\/en\/shimano-tiagra-50-a-rb-ti50-2\/\"]}]},{\"@type\":\"ImageObject\",\"inLanguage\":\"en-US\",\"@id\":\"https:\/\/www.errepiudine.com\/en\/shimano-tiagra-50-a-rb-ti50-2\/#primaryimage\",\"url\":\"https:\/\/www.errepiudine.com\/wp-content\/uploads\/2024\/05\/ME1010.jpg\",\"contentUrl\":\"https:\/\/www.errepiudine.com\/wp-content\/uploads\/2024\/05\/ME1010.jpg\",\"width\":700,\"height\":800,\"caption\":\"ME1010\"},{\"@type\":\"BreadcrumbList\",\"@id\":\"https:\/\/www.errepiudine.com\/en\/shimano-tiagra-50-a-rb-ti50-2\/#breadcrumb\",\"itemListElement\":[{\"@type\":\"ListItem\",\"position\":1,\"name\":\"Home\",\"item\":\"https:\/\/www.errepiudine.com\/en\/\"},{\"@type\":\"ListItem\",\"position\":2,\"name\":\"Shop\",\"item\":\"https:\/\/www.errepiudine.com\/en\/shop\/\"},{\"@type\":\"ListItem\",\"position\":3,\"name\":\"SHIMANO &#8211; TIAGRA 50 A-RB &#8211; TI50\"}]},{\"@type\":\"WebSite\",\"@id\":\"https:\/\/www.errepiudine.com\/#website\",\"url\":\"https:\/\/www.errepiudine.com\/\",\"name\":\"Errepi Group\",\"description\":\"\",\"publisher\":{\"@id\":\"https:\/\/www.errepiudine.com\/#organization\"},\"potentialAction\":[{\"@type\":\"SearchAction\",\"target\":{\"@type\":\"EntryPoint\",\"urlTemplate\":\"https:\/\/www.errepiudine.com\/?s={search_term_string}\"},\"query-input\":{\"@type\":\"PropertyValueSpecification\",\"valueRequired\":true,\"valueName\":\"search_term_string\"}}],\"inLanguage\":\"en-US\"},{\"@type\":\"Organization\",\"@id\":\"https:\/\/www.errepiudine.com\/#organization\",\"name\":\"Errepi Group\",\"url\":\"https:\/\/www.errepiudine.com\/\",\"logo\":{\"@type\":\"ImageObject\",\"inLanguage\":\"en-US\",\"@id\":\"https:\/\/www.errepiudine.com\/#\/schema\/logo\/image\/\",\"url\":\"https:\/\/www.errepiudine.com\/wp-content\/uploads\/2025\/07\/Logo-errepi-email.png\",\"contentUrl\":\"https:\/\/www.errepiudine.com\/wp-content\/uploads\/2025\/07\/Logo-errepi-email.png\",\"width\":216,\"height\":60,\"caption\":\"Errepi Group\"},\"image\":{\"@id\":\"https:\/\/www.errepiudine.com\/#\/schema\/logo\/image\/\"},\"sameAs\":[\"https:\/\/www.facebook.com\/errepiudine\/\"]}]}<\/script>\n<!-- \/ Yoast SEO plugin. -->","yoast_head_json":{"title":"SHIMANO - TIAGRA 50 A-RB - TI50 - Errepi tutto per pesca a mosca","description":"Shimano\u00a0Tiagra\u00a0\u00e8 il nuovo mulinello da\u00a0Big Game\u00a0leader del mercato mondiale. Si \u00e8 aggiudicato questa sua posizione sul podi, per la miriade di","robots":{"index":"index","follow":"follow","max-snippet":"max-snippet:-1","max-image-preview":"max-image-preview:large","max-video-preview":"max-video-preview:-1"},"canonical":"https:\/\/www.errepiudine.com\/en\/shimano-tiagra-50-a-rb-ti50-2\/","og_locale":"en_US","og_type":"article","og_title":"SHIMANO - TIAGRA 50 A-RB - TI50 - Errepi tutto per pesca a mosca","og_description":"Shimano\u00a0Tiagra\u00a0\u00e8 il nuovo mulinello da\u00a0Big Game\u00a0leader del mercato mondiale. Si \u00e8 aggiudicato questa sua posizione sul podi, per la miriade di","og_url":"https:\/\/www.errepiudine.com\/en\/shimano-tiagra-50-a-rb-ti50-2\/","og_site_name":"Errepi Group","article_publisher":"https:\/\/www.facebook.com\/errepiudine\/","article_modified_time":"2024-08-28T14:45:23+00:00","og_image":[{"width":700,"height":800,"url":"https:\/\/www.errepiudine.com\/wp-content\/uploads\/2024\/05\/ME1010.jpg","type":"image\/jpeg"}],"twitter_card":"summary_large_image","twitter_misc":{"Est. reading time":"1 minute"},"schema":{"@context":"https:\/\/schema.org","@graph":[{"@type":"WebPage","@id":"https:\/\/www.errepiudine.com\/en\/shimano-tiagra-50-a-rb-ti50-2\/","url":"https:\/\/www.errepiudine.com\/en\/shimano-tiagra-50-a-rb-ti50-2\/","name":"SHIMANO - TIAGRA 50 A-RB - TI50 - Errepi tutto per pesca a mosca","isPartOf":{"@id":"https:\/\/www.errepiudine.com\/#website"},"primaryImageOfPage":{"@id":"https:\/\/www.errepiudine.com\/en\/shimano-tiagra-50-a-rb-ti50-2\/#primaryimage"},"image":{"@id":"https:\/\/www.errepiudine.com\/en\/shimano-tiagra-50-a-rb-ti50-2\/#primaryimage"},"thumbnailUrl":"https:\/\/www.errepiudine.com\/wp-content\/uploads\/2024\/05\/ME1010.jpg","datePublished":"2024-05-23T16:16:27+00:00","dateModified":"2024-08-28T14:45:23+00:00","description":"Shimano\u00a0Tiagra\u00a0\u00e8 il nuovo mulinello da\u00a0Big Game\u00a0leader del mercato mondiale. Si \u00e8 aggiudicato questa sua posizione sul podi, per la miriade di","breadcrumb":{"@id":"https:\/\/www.errepiudine.com\/en\/shimano-tiagra-50-a-rb-ti50-2\/#breadcrumb"},"inLanguage":"en-US","potentialAction":[{"@type":"ReadAction","target":["https:\/\/www.errepiudine.com\/en\/shimano-tiagra-50-a-rb-ti50-2\/"]}]},{"@type":"ImageObject","inLanguage":"en-US","@id":"https:\/\/www.errepiudine.com\/en\/shimano-tiagra-50-a-rb-ti50-2\/#primaryimage","url":"https:\/\/www.errepiudine.com\/wp-content\/uploads\/2024\/05\/ME1010.jpg","contentUrl":"https:\/\/www.errepiudine.com\/wp-content\/uploads\/2024\/05\/ME1010.jpg","width":700,"height":800,"caption":"ME1010"},{"@type":"BreadcrumbList","@id":"https:\/\/www.errepiudine.com\/en\/shimano-tiagra-50-a-rb-ti50-2\/#breadcrumb","itemListElement":[{"@type":"ListItem","position":1,"name":"Home","item":"https:\/\/www.errepiudine.com\/en\/"},{"@type":"ListItem","position":2,"name":"Shop","item":"https:\/\/www.errepiudine.com\/en\/shop\/"},{"@type":"ListItem","position":3,"name":"SHIMANO &#8211; TIAGRA 50 A-RB &#8211; TI50"}]},{"@type":"WebSite","@id":"https:\/\/www.errepiudine.com\/#website","url":"https:\/\/www.errepiudine.com\/","name":"Errepi Group","description":"","publisher":{"@id":"https:\/\/www.errepiudine.com\/#organization"},"potentialAction":[{"@type":"SearchAction","target":{"@type":"EntryPoint","urlTemplate":"https:\/\/www.errepiudine.com\/?s={search_term_string}"},"query-input":{"@type":"PropertyValueSpecification","valueRequired":true,"valueName":"search_term_string"}}],"inLanguage":"en-US"},{"@type":"Organization","@id":"https:\/\/www.errepiudine.com\/#organization","name":"Errepi Group","url":"https:\/\/www.errepiudine.com\/","logo":{"@type":"ImageObject","inLanguage":"en-US","@id":"https:\/\/www.errepiudine.com\/#\/schema\/logo\/image\/","url":"https:\/\/www.errepiudine.com\/wp-content\/uploads\/2025\/07\/Logo-errepi-email.png","contentUrl":"https:\/\/www.errepiudine.com\/wp-content\/uploads\/2025\/07\/Logo-errepi-email.png","width":216,"height":60,"caption":"Errepi Group"},"image":{"@id":"https:\/\/www.errepiudine.com\/#\/schema\/logo\/image\/"},"sameAs":["https:\/\/www.facebook.com\/errepiudine\/"]}]}},"_links":{"self":[{"href":"https:\/\/www.errepiudine.com\/en\/wp-json\/wp\/v2\/product\/121065","targetHints":{"allow":["GET"]}}],"collection":[{"href":"https:\/\/www.errepiudine.com\/en\/wp-json\/wp\/v2\/product"}],"about":[{"href":"https:\/\/www.errepiudine.com\/en\/wp-json\/wp\/v2\/types\/product"}],"wp:featuredmedia":[{"embeddable":true,"href":"https:\/\/www.errepiudine.com\/en\/wp-json\/wp\/v2\/media\/155257"}],"wp:attachment":[{"href":"https:\/\/www.errepiudine.com\/en\/wp-json\/wp\/v2\/media?parent=121065"}],"wp:term":[{"taxonomy":"product_brand","embeddable":true,"href":"https:\/\/www.errepiudine.com\/en\/wp-json\/wp\/v2\/product_brand?post=121065"},{"taxonomy":"product_cat","embeddable":true,"href":"https:\/\/www.errepiudine.com\/en\/wp-json\/wp\/v2\/product_cat?post=121065"},{"taxonomy":"product_tag","embeddable":true,"href":"https:\/\/www.errepiudine.com\/en\/wp-json\/wp\/v2\/product_tag?post=121065"}],"curies":[{"name":"wp","href":"https:\/\/api.w.org\/{rel}","templated":true}]}}