{"id":120601,"date":"2024-05-23T18:14:04","date_gmt":"2024-05-23T16:14:04","guid":{"rendered":"https:\/\/www.errepiudine.com\/?post_type=product&#038;p=120601"},"modified":"2024-08-27T15:04:22","modified_gmt":"2024-08-27T13:04:22","slug":"editoriale-olimpia-surf-casting-in-mediterraneo-2","status":"publish","type":"product","link":"https:\/\/www.errepiudine.com\/en\/editoriale-olimpia-surf-casting-in-mediterraneo-2\/","title":{"rendered":"EDITORIALE OLIMPIA &#8211; SURF CASTING IN MEDITERRANEO"},"content":{"rendered":"<p>Autore: M. MARF\u00c8<\/p>\n<p>Editore: EDITORIALE OLIMPIA<\/p>\n<p>SURF CASTING, due termini anglosassoni densi di significato sportivo che nella loro traduzione italiana non perdono nulla dell\u0092originaria capacit\u00e0 evocativa: l\u0092onda, il lancio. E\u0092 un teatro d\u0092azione dal grande respiro: il mare, la spiaggia. In un libro che nasce dalla lunga esperienza dell\u0092autore e che illustra tutti gli aspetti della disciplina dalle attrezzature ai terminali, dalle esche alle prede, dalle strategie di lancio alle tattiche di pesca. Con una suggestiva panoramica su ambienti e scenari marini. Attraversi un grandangolo che spazia oltre i nostri confini, verso la realt\u00e0 europea. Indice del volume: la spiaggia \u0096 altre mete \u0096 quattro passi per l\u0092italia del surf \u0096 condizioni meteo, stato del mare, orari \u0096 la preparazione della battuta \u0096 le esche \u0096 le attrezzature \u0096 i lanci \u0096 le tecniche del surf casting \u0096 il lancio con esche artificiali \u0096 l\u0092agonismo \u0096 i pesci surf \u0096 racconti di pesca, di emozioni, di mare. L\u0092autore Mimmo Marf\u00e8 \u00e8 membro della commissione Tecnica Nazionale di Surf Casting della FIPSAS (Federazione Italiana Pesca Sportiva e Attivit\u00e0 Subacquee). E\u0092 attualmente direttore sportivo di NAPOLI 2000 e di NEAPOLIS TEAM, gruppo di cui \u00e8 anche presidente onorario. Dal 1990 ha partecipato con buoni risultati a tutti i campionati EIPSAS. Pubblicista, collaborava con il mensile PESCA MARE. Per l\u0092EDITORIALE OLIMPIA ha pubblicato i volumi SURF CASTING IN MEDITERRANEO (2001) e IL MANUALE DELLA PESCA IN MARE (2002)<\/p>\n<p>Dimensioni: 17cm x 24cm<\/p>\n","protected":false},"excerpt":{"rendered":"<p>Autore: M. MARF\u00c8<\/p>\n<p>Editore: EDITORIALE OLIMPIA<\/p>\n<p>SURF CASTING, due termini anglosassoni densi di significato sportivo che nella loro traduzione italiana non perdono nulla dell\u0092originaria capacit\u00e0 evocativa: l\u0092onda, il lancio. E\u0092 un teatro d\u0092azione dal grande respiro: il mare, la spiaggia. In un libro che nasce dalla lunga esperienza dell\u0092autore e che illustra tutti gli aspetti della disciplina dalle attrezzature ai terminali, dalle esche alle prede, dalle strategie di lancio alle tattiche di pesca. Con una suggestiva panoramica su ambienti e scenari marini. Attraversi un grandangolo che spazia oltre i nostri confini, verso la realt\u00e0 europea. Indice del volume: la spiaggia \u0096 altre mete \u0096 quattro passi per l\u0092italia del surf \u0096 condizioni meteo, stato del mare, orari \u0096 la preparazione della battuta \u0096 le esche \u0096 le attrezzature \u0096 i lanci \u0096 le tecniche del surf casting \u0096 il lancio con esche artificiali \u0096 l\u0092agonismo \u0096 i pesci surf \u0096 racconti di pesca, di emozioni, di mare. L\u0092autore Mimmo Marf\u00e8 \u00e8 membro della commissione Tecnica Nazionale di Surf Casting della FIPSAS (Federazione Italiana Pesca Sportiva e Attivit\u00e0 Subacquee). E\u0092 attualmente direttore sportivo di NAPOLI 2000 e di NEAPOLIS TEAM, gruppo di cui \u00e8 anche presidente onorario. Dal 1990 ha partecipato con buoni risultati a tutti i campionati EIPSAS. Pubblicista, collaborava con il mensile PESCA MARE. Per l\u0092EDITORIALE OLIMPIA ha pubblicato i volumi SURF CASTING IN MEDITERRANEO (2001) e IL MANUALE DELLA PESCA IN MARE (2002)<\/p>\n<p>Dimensioni: 17cm x 24cm<\/p>\n","protected":false},"featured_media":155177,"template":"","meta":[],"product_brand":[3485],"product_cat":[3762,3630],"product_tag":[],"class_list":{"0":"post-120601","1":"product","2":"type-product","3":"status-publish","4":"has-post-thumbnail","6":"product_brand-editoriale-olimpia-2","7":"product_cat-sweet-water-books","8":"product_cat-freshwater-and-saltwater","10":"first","11":"instock","12":"sale","13":"taxable","14":"shipping-taxable","15":"purchasable","16":"product-type-simple"},"yoast_head":"<!-- This site is optimized with the Yoast SEO plugin v27.1.1 - https:\/\/yoast.com\/product\/yoast-seo-wordpress\/ -->\n<title>EDITORIALE OLIMPIA - SURF CASTING IN MEDITERRANEO - Errepi tutto per pesca a mosca<\/title>\n<meta name=\"description\" content=\"Autore: M. MARF\u00c8 Editore: EDITORIALE OLIMPIA SURF CASTING, due termini anglosassoni densi di significato sportivo che nella loro traduzione italiana non perdono nulla dell\u0092originaria capacit\u00e0 evocativa: l\u0092onda, il lancio. E\u0092 un teatro d\u0092azione dal grande respiro: il mare, la spiaggia. In un libro che nasce dalla lunga esperienza dell\u0092autore e che illustra tutti gli aspetti della disciplina dalle attrezzature ai terminali, dalle esche alle prede, dalle strategie di lancio alle tattiche di pesca. Con una suggestiva panoramica su ambienti e scenari marini. Attraversi un grandangolo che spazia oltre i nostri confini, verso la realt\u00e0 europea. Indice del volume: la spiaggia \u0096 altre mete \u0096 quattro passi per l\u0092italia del surf \u0096 condizioni meteo, stato del mare, orari \u0096 la preparazione della battuta \u0096 le esche \u0096 le attrezzature \u0096 i lanci \u0096 le tecniche del surf casting \u0096 il lancio con esche artificiali \u0096 l\u0092agonismo \u0096 i pesci surf \u0096 racconti di pesca, di emozioni, di mare. L\u0092autore Mimmo Marf\u00e8 \u00e8 membro della commissione Tecnica Nazionale di Surf Casting della FIPSAS (Federazione Italiana Pesca Sportiva e Attivit\u00e0 Subacquee). E\u0092 attualmente direttore sportivo di NAPOLI 2000 e di NEAPOLIS TEAM, gruppo di cui \u00e8 anche presidente onorario. Dal 1990 ha partecipato con buoni risultati a tutti i campionati EIPSAS. Pubblicista, collaborava con il mensile PESCA MARE. Per l\u0092EDITORIALE OLIMPIA ha pubblicato i volumi SURF CASTING IN MEDITERRANEO (2001) e IL MANUALE DELLA PESCA IN MARE (2002) Dimensioni: 17cm x 24cm\" \/>\n<meta name=\"robots\" content=\"index, follow, max-snippet:-1, max-image-preview:large, max-video-preview:-1\" \/>\n<link rel=\"canonical\" href=\"https:\/\/www.errepiudine.com\/editoriale-olimpia-surf-casting-in-mediterraneo\/\" \/>\n<meta property=\"og:locale\" content=\"en_US\" \/>\n<meta property=\"og:type\" content=\"article\" \/>\n<meta property=\"og:title\" content=\"EDITORIALE OLIMPIA - SURF CASTING IN MEDITERRANEO - Errepi tutto per pesca a mosca\" \/>\n<meta property=\"og:description\" content=\"Autore: M. MARF\u00c8 Editore: EDITORIALE OLIMPIA SURF CASTING, due termini anglosassoni densi di significato sportivo che nella loro traduzione italiana non perdono nulla dell\u0092originaria capacit\u00e0 evocativa: l\u0092onda, il lancio. E\u0092 un teatro d\u0092azione dal grande respiro: il mare, la spiaggia. In un libro che nasce dalla lunga esperienza dell\u0092autore e che illustra tutti gli aspetti della disciplina dalle attrezzature ai terminali, dalle esche alle prede, dalle strategie di lancio alle tattiche di pesca. Con una suggestiva panoramica su ambienti e scenari marini. Attraversi un grandangolo che spazia oltre i nostri confini, verso la realt\u00e0 europea. Indice del volume: la spiaggia \u0096 altre mete \u0096 quattro passi per l\u0092italia del surf \u0096 condizioni meteo, stato del mare, orari \u0096 la preparazione della battuta \u0096 le esche \u0096 le attrezzature \u0096 i lanci \u0096 le tecniche del surf casting \u0096 il lancio con esche artificiali \u0096 l\u0092agonismo \u0096 i pesci surf \u0096 racconti di pesca, di emozioni, di mare. L\u0092autore Mimmo Marf\u00e8 \u00e8 membro della commissione Tecnica Nazionale di Surf Casting della FIPSAS (Federazione Italiana Pesca Sportiva e Attivit\u00e0 Subacquee). E\u0092 attualmente direttore sportivo di NAPOLI 2000 e di NEAPOLIS TEAM, gruppo di cui \u00e8 anche presidente onorario. Dal 1990 ha partecipato con buoni risultati a tutti i campionati EIPSAS. Pubblicista, collaborava con il mensile PESCA MARE. Per l\u0092EDITORIALE OLIMPIA ha pubblicato i volumi SURF CASTING IN MEDITERRANEO (2001) e IL MANUALE DELLA PESCA IN MARE (2002) Dimensioni: 17cm x 24cm\" \/>\n<meta property=\"og:url\" content=\"https:\/\/www.errepiudine.com\/editoriale-olimpia-surf-casting-in-mediterraneo\/\" \/>\n<meta property=\"og:site_name\" content=\"Errepi Group\" \/>\n<meta property=\"article:publisher\" content=\"https:\/\/www.facebook.com\/errepiudine\/\" \/>\n<meta property=\"article:modified_time\" content=\"2024-08-27T13:04:22+00:00\" \/>\n<meta property=\"og:image\" content=\"https:\/\/www.errepiudine.com\/wp-content\/uploads\/2024\/05\/LD0215.jpg\" \/>\n\t<meta property=\"og:image:width\" content=\"700\" \/>\n\t<meta property=\"og:image:height\" content=\"800\" \/>\n\t<meta property=\"og:image:type\" content=\"image\/jpeg\" \/>\n<meta name=\"twitter:card\" content=\"summary_large_image\" \/>\n<meta name=\"twitter:label1\" content=\"Est. reading time\" \/>\n\t<meta name=\"twitter:data1\" content=\"1 minute\" \/>\n<script type=\"application\/ld+json\" class=\"yoast-schema-graph\">{\"@context\":\"https:\/\/schema.org\",\"@graph\":[{\"@type\":\"WebPage\",\"@id\":\"https:\/\/www.errepiudine.com\/editoriale-olimpia-surf-casting-in-mediterraneo\/\",\"url\":\"https:\/\/www.errepiudine.com\/editoriale-olimpia-surf-casting-in-mediterraneo\/\",\"name\":\"EDITORIALE OLIMPIA - SURF CASTING IN MEDITERRANEO - Errepi tutto per pesca a mosca\",\"isPartOf\":{\"@id\":\"https:\/\/www.errepiudine.com\/#website\"},\"primaryImageOfPage\":{\"@id\":\"https:\/\/www.errepiudine.com\/editoriale-olimpia-surf-casting-in-mediterraneo\/#primaryimage\"},\"image\":{\"@id\":\"https:\/\/www.errepiudine.com\/editoriale-olimpia-surf-casting-in-mediterraneo\/#primaryimage\"},\"thumbnailUrl\":\"https:\/\/www.errepiudine.com\/wp-content\/uploads\/2024\/05\/LD0215.jpg\",\"datePublished\":\"2024-05-23T16:14:04+00:00\",\"dateModified\":\"2024-08-27T13:04:22+00:00\",\"description\":\"Autore: M. MARF\u00c8 Editore: EDITORIALE OLIMPIA SURF CASTING, due termini anglosassoni densi di significato sportivo che nella loro traduzione italiana non perdono nulla dell\u0092originaria capacit\u00e0 evocativa: l\u0092onda, il lancio. E\u0092 un teatro d\u0092azione dal grande respiro: il mare, la spiaggia. In un libro che nasce dalla lunga esperienza dell\u0092autore e che illustra tutti gli aspetti della disciplina dalle attrezzature ai terminali, dalle esche alle prede, dalle strategie di lancio alle tattiche di pesca. Con una suggestiva panoramica su ambienti e scenari marini. Attraversi un grandangolo che spazia oltre i nostri confini, verso la realt\u00e0 europea. Indice del volume: la spiaggia \u0096 altre mete \u0096 quattro passi per l\u0092italia del surf \u0096 condizioni meteo, stato del mare, orari \u0096 la preparazione della battuta \u0096 le esche \u0096 le attrezzature \u0096 i lanci \u0096 le tecniche del surf casting \u0096 il lancio con esche artificiali \u0096 l\u0092agonismo \u0096 i pesci surf \u0096 racconti di pesca, di emozioni, di mare. L\u0092autore Mimmo Marf\u00e8 \u00e8 membro della commissione Tecnica Nazionale di Surf Casting della FIPSAS (Federazione Italiana Pesca Sportiva e Attivit\u00e0 Subacquee). E\u0092 attualmente direttore sportivo di NAPOLI 2000 e di NEAPOLIS TEAM, gruppo di cui \u00e8 anche presidente onorario. Dal 1990 ha partecipato con buoni risultati a tutti i campionati EIPSAS. Pubblicista, collaborava con il mensile PESCA MARE. Per l\u0092EDITORIALE OLIMPIA ha pubblicato i volumi SURF CASTING IN MEDITERRANEO (2001) e IL MANUALE DELLA PESCA IN MARE (2002) Dimensioni: 17cm x 24cm\",\"breadcrumb\":{\"@id\":\"https:\/\/www.errepiudine.com\/editoriale-olimpia-surf-casting-in-mediterraneo\/#breadcrumb\"},\"inLanguage\":\"en-US\",\"potentialAction\":[{\"@type\":\"ReadAction\",\"target\":[\"https:\/\/www.errepiudine.com\/editoriale-olimpia-surf-casting-in-mediterraneo\/\"]}]},{\"@type\":\"ImageObject\",\"inLanguage\":\"en-US\",\"@id\":\"https:\/\/www.errepiudine.com\/editoriale-olimpia-surf-casting-in-mediterraneo\/#primaryimage\",\"url\":\"https:\/\/www.errepiudine.com\/wp-content\/uploads\/2024\/05\/LD0215.jpg\",\"contentUrl\":\"https:\/\/www.errepiudine.com\/wp-content\/uploads\/2024\/05\/LD0215.jpg\",\"width\":700,\"height\":800,\"caption\":\"LD0215\"},{\"@type\":\"BreadcrumbList\",\"@id\":\"https:\/\/www.errepiudine.com\/editoriale-olimpia-surf-casting-in-mediterraneo\/#breadcrumb\",\"itemListElement\":[{\"@type\":\"ListItem\",\"position\":1,\"name\":\"Home\",\"item\":\"https:\/\/www.errepiudine.com\/en\/\"},{\"@type\":\"ListItem\",\"position\":2,\"name\":\"Shop\",\"item\":\"https:\/\/www.errepiudine.com\/en\/shop\/\"},{\"@type\":\"ListItem\",\"position\":3,\"name\":\"EDITORIALE OLIMPIA &#8211; SURF CASTING IN MEDITERRANEO\"}]},{\"@type\":\"WebSite\",\"@id\":\"https:\/\/www.errepiudine.com\/#website\",\"url\":\"https:\/\/www.errepiudine.com\/\",\"name\":\"Errepi Group\",\"description\":\"\",\"publisher\":{\"@id\":\"https:\/\/www.errepiudine.com\/#organization\"},\"potentialAction\":[{\"@type\":\"SearchAction\",\"target\":{\"@type\":\"EntryPoint\",\"urlTemplate\":\"https:\/\/www.errepiudine.com\/?s={search_term_string}\"},\"query-input\":{\"@type\":\"PropertyValueSpecification\",\"valueRequired\":true,\"valueName\":\"search_term_string\"}}],\"inLanguage\":\"en-US\"},{\"@type\":\"Organization\",\"@id\":\"https:\/\/www.errepiudine.com\/#organization\",\"name\":\"Errepi Group\",\"url\":\"https:\/\/www.errepiudine.com\/\",\"logo\":{\"@type\":\"ImageObject\",\"inLanguage\":\"en-US\",\"@id\":\"https:\/\/www.errepiudine.com\/#\/schema\/logo\/image\/\",\"url\":\"https:\/\/www.errepiudine.com\/wp-content\/uploads\/2025\/07\/Logo-errepi-email.png\",\"contentUrl\":\"https:\/\/www.errepiudine.com\/wp-content\/uploads\/2025\/07\/Logo-errepi-email.png\",\"width\":216,\"height\":60,\"caption\":\"Errepi Group\"},\"image\":{\"@id\":\"https:\/\/www.errepiudine.com\/#\/schema\/logo\/image\/\"},\"sameAs\":[\"https:\/\/www.facebook.com\/errepiudine\/\"]}]}<\/script>\n<!-- \/ Yoast SEO plugin. -->","yoast_head_json":{"title":"EDITORIALE OLIMPIA - SURF CASTING IN MEDITERRANEO - Errepi tutto per pesca a mosca","description":"Autore: M. MARF\u00c8 Editore: EDITORIALE OLIMPIA SURF CASTING, due termini anglosassoni densi di significato sportivo che nella loro traduzione italiana non perdono nulla dell\u0092originaria capacit\u00e0 evocativa: l\u0092onda, il lancio. E\u0092 un teatro d\u0092azione dal grande respiro: il mare, la spiaggia. In un libro che nasce dalla lunga esperienza dell\u0092autore e che illustra tutti gli aspetti della disciplina dalle attrezzature ai terminali, dalle esche alle prede, dalle strategie di lancio alle tattiche di pesca. Con una suggestiva panoramica su ambienti e scenari marini. Attraversi un grandangolo che spazia oltre i nostri confini, verso la realt\u00e0 europea. Indice del volume: la spiaggia \u0096 altre mete \u0096 quattro passi per l\u0092italia del surf \u0096 condizioni meteo, stato del mare, orari \u0096 la preparazione della battuta \u0096 le esche \u0096 le attrezzature \u0096 i lanci \u0096 le tecniche del surf casting \u0096 il lancio con esche artificiali \u0096 l\u0092agonismo \u0096 i pesci surf \u0096 racconti di pesca, di emozioni, di mare. L\u0092autore Mimmo Marf\u00e8 \u00e8 membro della commissione Tecnica Nazionale di Surf Casting della FIPSAS (Federazione Italiana Pesca Sportiva e Attivit\u00e0 Subacquee). E\u0092 attualmente direttore sportivo di NAPOLI 2000 e di NEAPOLIS TEAM, gruppo di cui \u00e8 anche presidente onorario. Dal 1990 ha partecipato con buoni risultati a tutti i campionati EIPSAS. Pubblicista, collaborava con il mensile PESCA MARE. Per l\u0092EDITORIALE OLIMPIA ha pubblicato i volumi SURF CASTING IN MEDITERRANEO (2001) e IL MANUALE DELLA PESCA IN MARE (2002) Dimensioni: 17cm x 24cm","robots":{"index":"index","follow":"follow","max-snippet":"max-snippet:-1","max-image-preview":"max-image-preview:large","max-video-preview":"max-video-preview:-1"},"canonical":"https:\/\/www.errepiudine.com\/editoriale-olimpia-surf-casting-in-mediterraneo\/","og_locale":"en_US","og_type":"article","og_title":"EDITORIALE OLIMPIA - SURF CASTING IN MEDITERRANEO - Errepi tutto per pesca a mosca","og_description":"Autore: M. MARF\u00c8 Editore: EDITORIALE OLIMPIA SURF CASTING, due termini anglosassoni densi di significato sportivo che nella loro traduzione italiana non perdono nulla dell\u0092originaria capacit\u00e0 evocativa: l\u0092onda, il lancio. E\u0092 un teatro d\u0092azione dal grande respiro: il mare, la spiaggia. In un libro che nasce dalla lunga esperienza dell\u0092autore e che illustra tutti gli aspetti della disciplina dalle attrezzature ai terminali, dalle esche alle prede, dalle strategie di lancio alle tattiche di pesca. Con una suggestiva panoramica su ambienti e scenari marini. Attraversi un grandangolo che spazia oltre i nostri confini, verso la realt\u00e0 europea. Indice del volume: la spiaggia \u0096 altre mete \u0096 quattro passi per l\u0092italia del surf \u0096 condizioni meteo, stato del mare, orari \u0096 la preparazione della battuta \u0096 le esche \u0096 le attrezzature \u0096 i lanci \u0096 le tecniche del surf casting \u0096 il lancio con esche artificiali \u0096 l\u0092agonismo \u0096 i pesci surf \u0096 racconti di pesca, di emozioni, di mare. L\u0092autore Mimmo Marf\u00e8 \u00e8 membro della commissione Tecnica Nazionale di Surf Casting della FIPSAS (Federazione Italiana Pesca Sportiva e Attivit\u00e0 Subacquee). E\u0092 attualmente direttore sportivo di NAPOLI 2000 e di NEAPOLIS TEAM, gruppo di cui \u00e8 anche presidente onorario. Dal 1990 ha partecipato con buoni risultati a tutti i campionati EIPSAS. Pubblicista, collaborava con il mensile PESCA MARE. Per l\u0092EDITORIALE OLIMPIA ha pubblicato i volumi SURF CASTING IN MEDITERRANEO (2001) e IL MANUALE DELLA PESCA IN MARE (2002) Dimensioni: 17cm x 24cm","og_url":"https:\/\/www.errepiudine.com\/editoriale-olimpia-surf-casting-in-mediterraneo\/","og_site_name":"Errepi Group","article_publisher":"https:\/\/www.facebook.com\/errepiudine\/","article_modified_time":"2024-08-27T13:04:22+00:00","og_image":[{"width":700,"height":800,"url":"https:\/\/www.errepiudine.com\/wp-content\/uploads\/2024\/05\/LD0215.jpg","type":"image\/jpeg"}],"twitter_card":"summary_large_image","twitter_misc":{"Est. reading time":"1 minute"},"schema":{"@context":"https:\/\/schema.org","@graph":[{"@type":"WebPage","@id":"https:\/\/www.errepiudine.com\/editoriale-olimpia-surf-casting-in-mediterraneo\/","url":"https:\/\/www.errepiudine.com\/editoriale-olimpia-surf-casting-in-mediterraneo\/","name":"EDITORIALE OLIMPIA - SURF CASTING IN MEDITERRANEO - Errepi tutto per pesca a mosca","isPartOf":{"@id":"https:\/\/www.errepiudine.com\/#website"},"primaryImageOfPage":{"@id":"https:\/\/www.errepiudine.com\/editoriale-olimpia-surf-casting-in-mediterraneo\/#primaryimage"},"image":{"@id":"https:\/\/www.errepiudine.com\/editoriale-olimpia-surf-casting-in-mediterraneo\/#primaryimage"},"thumbnailUrl":"https:\/\/www.errepiudine.com\/wp-content\/uploads\/2024\/05\/LD0215.jpg","datePublished":"2024-05-23T16:14:04+00:00","dateModified":"2024-08-27T13:04:22+00:00","description":"Autore: M. MARF\u00c8 Editore: EDITORIALE OLIMPIA SURF CASTING, due termini anglosassoni densi di significato sportivo che nella loro traduzione italiana non perdono nulla dell\u0092originaria capacit\u00e0 evocativa: l\u0092onda, il lancio. E\u0092 un teatro d\u0092azione dal grande respiro: il mare, la spiaggia. In un libro che nasce dalla lunga esperienza dell\u0092autore e che illustra tutti gli aspetti della disciplina dalle attrezzature ai terminali, dalle esche alle prede, dalle strategie di lancio alle tattiche di pesca. Con una suggestiva panoramica su ambienti e scenari marini. Attraversi un grandangolo che spazia oltre i nostri confini, verso la realt\u00e0 europea. Indice del volume: la spiaggia \u0096 altre mete \u0096 quattro passi per l\u0092italia del surf \u0096 condizioni meteo, stato del mare, orari \u0096 la preparazione della battuta \u0096 le esche \u0096 le attrezzature \u0096 i lanci \u0096 le tecniche del surf casting \u0096 il lancio con esche artificiali \u0096 l\u0092agonismo \u0096 i pesci surf \u0096 racconti di pesca, di emozioni, di mare. L\u0092autore Mimmo Marf\u00e8 \u00e8 membro della commissione Tecnica Nazionale di Surf Casting della FIPSAS (Federazione Italiana Pesca Sportiva e Attivit\u00e0 Subacquee). E\u0092 attualmente direttore sportivo di NAPOLI 2000 e di NEAPOLIS TEAM, gruppo di cui \u00e8 anche presidente onorario. Dal 1990 ha partecipato con buoni risultati a tutti i campionati EIPSAS. Pubblicista, collaborava con il mensile PESCA MARE. Per l\u0092EDITORIALE OLIMPIA ha pubblicato i volumi SURF CASTING IN MEDITERRANEO (2001) e IL MANUALE DELLA PESCA IN MARE (2002) Dimensioni: 17cm x 24cm","breadcrumb":{"@id":"https:\/\/www.errepiudine.com\/editoriale-olimpia-surf-casting-in-mediterraneo\/#breadcrumb"},"inLanguage":"en-US","potentialAction":[{"@type":"ReadAction","target":["https:\/\/www.errepiudine.com\/editoriale-olimpia-surf-casting-in-mediterraneo\/"]}]},{"@type":"ImageObject","inLanguage":"en-US","@id":"https:\/\/www.errepiudine.com\/editoriale-olimpia-surf-casting-in-mediterraneo\/#primaryimage","url":"https:\/\/www.errepiudine.com\/wp-content\/uploads\/2024\/05\/LD0215.jpg","contentUrl":"https:\/\/www.errepiudine.com\/wp-content\/uploads\/2024\/05\/LD0215.jpg","width":700,"height":800,"caption":"LD0215"},{"@type":"BreadcrumbList","@id":"https:\/\/www.errepiudine.com\/editoriale-olimpia-surf-casting-in-mediterraneo\/#breadcrumb","itemListElement":[{"@type":"ListItem","position":1,"name":"Home","item":"https:\/\/www.errepiudine.com\/en\/"},{"@type":"ListItem","position":2,"name":"Shop","item":"https:\/\/www.errepiudine.com\/en\/shop\/"},{"@type":"ListItem","position":3,"name":"EDITORIALE OLIMPIA &#8211; SURF CASTING IN MEDITERRANEO"}]},{"@type":"WebSite","@id":"https:\/\/www.errepiudine.com\/#website","url":"https:\/\/www.errepiudine.com\/","name":"Errepi Group","description":"","publisher":{"@id":"https:\/\/www.errepiudine.com\/#organization"},"potentialAction":[{"@type":"SearchAction","target":{"@type":"EntryPoint","urlTemplate":"https:\/\/www.errepiudine.com\/?s={search_term_string}"},"query-input":{"@type":"PropertyValueSpecification","valueRequired":true,"valueName":"search_term_string"}}],"inLanguage":"en-US"},{"@type":"Organization","@id":"https:\/\/www.errepiudine.com\/#organization","name":"Errepi Group","url":"https:\/\/www.errepiudine.com\/","logo":{"@type":"ImageObject","inLanguage":"en-US","@id":"https:\/\/www.errepiudine.com\/#\/schema\/logo\/image\/","url":"https:\/\/www.errepiudine.com\/wp-content\/uploads\/2025\/07\/Logo-errepi-email.png","contentUrl":"https:\/\/www.errepiudine.com\/wp-content\/uploads\/2025\/07\/Logo-errepi-email.png","width":216,"height":60,"caption":"Errepi Group"},"image":{"@id":"https:\/\/www.errepiudine.com\/#\/schema\/logo\/image\/"},"sameAs":["https:\/\/www.facebook.com\/errepiudine\/"]}]}},"_links":{"self":[{"href":"https:\/\/www.errepiudine.com\/en\/wp-json\/wp\/v2\/product\/120601","targetHints":{"allow":["GET"]}}],"collection":[{"href":"https:\/\/www.errepiudine.com\/en\/wp-json\/wp\/v2\/product"}],"about":[{"href":"https:\/\/www.errepiudine.com\/en\/wp-json\/wp\/v2\/types\/product"}],"wp:featuredmedia":[{"embeddable":true,"href":"https:\/\/www.errepiudine.com\/en\/wp-json\/wp\/v2\/media\/155177"}],"wp:attachment":[{"href":"https:\/\/www.errepiudine.com\/en\/wp-json\/wp\/v2\/media?parent=120601"}],"wp:term":[{"taxonomy":"product_brand","embeddable":true,"href":"https:\/\/www.errepiudine.com\/en\/wp-json\/wp\/v2\/product_brand?post=120601"},{"taxonomy":"product_cat","embeddable":true,"href":"https:\/\/www.errepiudine.com\/en\/wp-json\/wp\/v2\/product_cat?post=120601"},{"taxonomy":"product_tag","embeddable":true,"href":"https:\/\/www.errepiudine.com\/en\/wp-json\/wp\/v2\/product_tag?post=120601"}],"curies":[{"name":"wp","href":"https:\/\/api.w.org\/{rel}","templated":true}]}}