{"id":120593,"date":"2024-05-23T18:14:04","date_gmt":"2024-05-23T16:14:04","guid":{"rendered":"https:\/\/www.errepiudine.com\/?post_type=product&#038;p=120593"},"modified":"2024-08-27T15:04:21","modified_gmt":"2024-08-27T13:04:21","slug":"pesca-dalla-scogliera-e-nei-porti","status":"publish","type":"product","link":"https:\/\/www.errepiudine.com\/en\/pesca-dalla-scogliera-e-nei-porti\/","title":{"rendered":"PESCA DALLA SCOGLIERA E NEI PORTI"},"content":{"rendered":"<p>Autore: M. MARF\u00c8<\/p>\n<p>Editore: EDITORIALE OLIMPIA<\/p>\n<p>Baie, calette, insenature, sbarramenti naturali e artificiali: gli scenar della scogliera. Moli, pontili, darsene e cantieri: l\u0092ambiente forse meno suggestivo ma altrettanto redditizio del porto. I pesci, le esche e le attrezzature con una descrizione dettagliata di tutte le tecniche pi\u00f9 efficaci. &#8211; scogliere naturali e scogliere artificiali &#8211; la luna, la pressione, le maree &#8211; la pesca a fondo e a galleggio &#8211; gli accessori &#8211; la pesca con il galleggiante &#8211; la pesca a fondo &#8211; la pesca a fondo dalla scogliera artificiale &#8211; la pesca a fondo da scogliere naturali e il rock fishing &#8211; le tecniche per la pesca dalla scogliera naturale &#8211; la bolognese e l\u0092inglese da scogliera naturale &#8211; le esche &#8211; l\u0092agonismo da riva &#8211; i nodi per la pesca da terra Un manuale completo, ricco di stimoli e di approfondimenti. Un archivio della memoria che raccoglie con metodo e passione pi\u00f9 di quarant\u0092anni di pesca vissuta. L\u0092autore Mimmo Marf\u00e8 \u00e8 membro della commissione Tecnica Nazionale di Surf Casting della FIPSAS (Federazione Italiana Pesca Sportiva e Attivit\u00e0 Subacquee). E\u0092 attualmente direttore sportivo di NEAPOLIS TEAM, gruppo di cui \u00e8 anche presidente onorario. Dal 1990 ha partecipato con buoni risultati a tutti i campionati EIPSAS. Pubblicista, collaborava con il mensile PESCA MARE. Per l\u0092EDITORIALE OLIMPIA ha pubblicato i volumi SURF CASTING IN MEDITERRANEO (2001) e IL MANUALE DELLA PESCA IN MARE (2002)<\/p>\n<p>Dimensioni: 17cm x 24cm<\/p>\n","protected":false},"excerpt":{"rendered":"<p>Autore: M. MARF\u00c8<\/p>\n<p>Editore: EDITORIALE OLIMPIA<\/p>\n<p>Baie, calette, insenature, sbarramenti naturali e artificiali: gli scenar della scogliera. Moli, pontili, darsene e cantieri: l\u0092ambiente forse meno suggestivo ma altrettanto redditizio del porto. I pesci, le esche e le attrezzature con una descrizione dettagliata di tutte le tecniche pi\u00f9 efficaci. &#8211; scogliere naturali e scogliere artificiali &#8211; la luna, la pressione, le maree &#8211; la pesca a fondo e a galleggio &#8211; gli accessori &#8211; la pesca con il galleggiante &#8211; la pesca a fondo &#8211; la pesca a fondo dalla scogliera artificiale &#8211; la pesca a fondo da scogliere naturali e il rock fishing &#8211; le tecniche per la pesca dalla scogliera naturale &#8211; la bolognese e l\u0092inglese da scogliera naturale &#8211; le esche &#8211; l\u0092agonismo da riva &#8211; i nodi per la pesca da terra Un manuale completo, ricco di stimoli e di approfondimenti. Un archivio della memoria che raccoglie con metodo e passione pi\u00f9 di quarant\u0092anni di pesca vissuta. L\u0092autore Mimmo Marf\u00e8 \u00e8 membro della commissione Tecnica Nazionale di Surf Casting della FIPSAS (Federazione Italiana Pesca Sportiva e Attivit\u00e0 Subacquee). E\u0092 attualmente direttore sportivo di NEAPOLIS TEAM, gruppo di cui \u00e8 anche presidente onorario. Dal 1990 ha partecipato con buoni risultati a tutti i campionati EIPSAS. Pubblicista, collaborava con il mensile PESCA MARE. Per l\u0092EDITORIALE OLIMPIA ha pubblicato i volumi SURF CASTING IN MEDITERRANEO (2001) e IL MANUALE DELLA PESCA IN MARE (2002)<\/p>\n<p>Dimensioni: 17cm x 24cm<\/p>\n","protected":false},"featured_media":155173,"template":"","meta":[],"product_brand":[3485],"product_cat":[3762,3630],"product_tag":[],"class_list":{"0":"post-120593","1":"product","2":"type-product","3":"status-publish","4":"has-post-thumbnail","6":"product_brand-editoriale-olimpia-2","7":"product_cat-sweet-water-books","8":"product_cat-freshwater-and-saltwater","10":"first","11":"instock","12":"sale","13":"taxable","14":"shipping-taxable","15":"purchasable","16":"product-type-simple"},"yoast_head":"<!-- This site is optimized with the Yoast SEO plugin v27.1.1 - https:\/\/yoast.com\/product\/yoast-seo-wordpress\/ -->\n<title>PESCA DALLA SCOGLIERA E NEI PORTI - Errepi tutto per pesca a mosca<\/title>\n<meta name=\"description\" content=\"Autore: M. MARF\u00c8 Editore: EDITORIALE OLIMPIA Baie, calette, insenature, sbarramenti naturali e artificiali: gli scenar della scogliera. Moli, pontili, darsene e cantieri: l\u0092ambiente forse meno suggestivo ma altrettanto redditizio del porto. I pesci, le esche e le attrezzature con una descrizione dettagliata di tutte le tecniche pi\u00f9 efficaci. - scogliere naturali e scogliere artificiali - la luna, la pressione, le maree - la pesca a fondo e a galleggio - gli accessori - la pesca con il galleggiante - la pesca a fondo - la pesca a fondo dalla scogliera artificiale - la pesca a fondo da scogliere naturali e il rock fishing - le tecniche per la pesca dalla scogliera naturale - la bolognese e l\u0092inglese da scogliera naturale - le esche - l\u0092agonismo da riva - i nodi per la pesca da terra Un manuale completo, ricco di stimoli e di approfondimenti. Un archivio della memoria che raccoglie con metodo e passione pi\u00f9 di quarant\u0092anni di pesca vissuta. L\u0092autore Mimmo Marf\u00e8 \u00e8 membro della commissione Tecnica Nazionale di Surf Casting della FIPSAS (Federazione Italiana Pesca Sportiva e Attivit\u00e0 Subacquee). E\u0092 attualmente direttore sportivo di NEAPOLIS TEAM, gruppo di cui \u00e8 anche presidente onorario. Dal 1990 ha partecipato con buoni risultati a tutti i campionati EIPSAS. Pubblicista, collaborava con il mensile PESCA MARE. Per l\u0092EDITORIALE OLIMPIA ha pubblicato i volumi SURF CASTING IN MEDITERRANEO (2001) e IL MANUALE DELLA PESCA IN MARE (2002) Dimensioni: 17cm x 24cm\" \/>\n<meta name=\"robots\" content=\"index, follow, max-snippet:-1, max-image-preview:large, max-video-preview:-1\" \/>\n<link rel=\"canonical\" href=\"https:\/\/www.errepiudine.com\/editoriale-olimpia-pesca-dalla-scogliera-e-nei-porti\/\" \/>\n<meta property=\"og:locale\" content=\"en_US\" \/>\n<meta property=\"og:type\" content=\"article\" \/>\n<meta property=\"og:title\" content=\"PESCA DALLA SCOGLIERA E NEI PORTI - Errepi tutto per pesca a mosca\" \/>\n<meta property=\"og:description\" content=\"Autore: M. MARF\u00c8 Editore: EDITORIALE OLIMPIA Baie, calette, insenature, sbarramenti naturali e artificiali: gli scenar della scogliera. Moli, pontili, darsene e cantieri: l\u0092ambiente forse meno suggestivo ma altrettanto redditizio del porto. I pesci, le esche e le attrezzature con una descrizione dettagliata di tutte le tecniche pi\u00f9 efficaci. - scogliere naturali e scogliere artificiali - la luna, la pressione, le maree - la pesca a fondo e a galleggio - gli accessori - la pesca con il galleggiante - la pesca a fondo - la pesca a fondo dalla scogliera artificiale - la pesca a fondo da scogliere naturali e il rock fishing - le tecniche per la pesca dalla scogliera naturale - la bolognese e l\u0092inglese da scogliera naturale - le esche - l\u0092agonismo da riva - i nodi per la pesca da terra Un manuale completo, ricco di stimoli e di approfondimenti. Un archivio della memoria che raccoglie con metodo e passione pi\u00f9 di quarant\u0092anni di pesca vissuta. L\u0092autore Mimmo Marf\u00e8 \u00e8 membro della commissione Tecnica Nazionale di Surf Casting della FIPSAS (Federazione Italiana Pesca Sportiva e Attivit\u00e0 Subacquee). E\u0092 attualmente direttore sportivo di NEAPOLIS TEAM, gruppo di cui \u00e8 anche presidente onorario. Dal 1990 ha partecipato con buoni risultati a tutti i campionati EIPSAS. Pubblicista, collaborava con il mensile PESCA MARE. Per l\u0092EDITORIALE OLIMPIA ha pubblicato i volumi SURF CASTING IN MEDITERRANEO (2001) e IL MANUALE DELLA PESCA IN MARE (2002) Dimensioni: 17cm x 24cm\" \/>\n<meta property=\"og:url\" content=\"https:\/\/www.errepiudine.com\/editoriale-olimpia-pesca-dalla-scogliera-e-nei-porti\/\" \/>\n<meta property=\"og:site_name\" content=\"Errepi Group\" \/>\n<meta property=\"article:publisher\" content=\"https:\/\/www.facebook.com\/errepiudine\/\" \/>\n<meta property=\"article:modified_time\" content=\"2024-08-27T13:04:21+00:00\" \/>\n<meta property=\"og:image\" content=\"https:\/\/www.errepiudine.com\/wp-content\/uploads\/2024\/05\/LD0214.jpg\" \/>\n\t<meta property=\"og:image:width\" content=\"700\" \/>\n\t<meta property=\"og:image:height\" content=\"800\" \/>\n\t<meta property=\"og:image:type\" content=\"image\/jpeg\" \/>\n<meta name=\"twitter:card\" content=\"summary_large_image\" \/>\n<meta name=\"twitter:label1\" content=\"Est. reading time\" \/>\n\t<meta name=\"twitter:data1\" content=\"1 minute\" \/>\n<script type=\"application\/ld+json\" class=\"yoast-schema-graph\">{\"@context\":\"https:\/\/schema.org\",\"@graph\":[{\"@type\":\"WebPage\",\"@id\":\"https:\/\/www.errepiudine.com\/editoriale-olimpia-pesca-dalla-scogliera-e-nei-porti\/\",\"url\":\"https:\/\/www.errepiudine.com\/editoriale-olimpia-pesca-dalla-scogliera-e-nei-porti\/\",\"name\":\"PESCA DALLA SCOGLIERA E NEI PORTI - Errepi tutto per pesca a mosca\",\"isPartOf\":{\"@id\":\"https:\/\/www.errepiudine.com\/#website\"},\"primaryImageOfPage\":{\"@id\":\"https:\/\/www.errepiudine.com\/editoriale-olimpia-pesca-dalla-scogliera-e-nei-porti\/#primaryimage\"},\"image\":{\"@id\":\"https:\/\/www.errepiudine.com\/editoriale-olimpia-pesca-dalla-scogliera-e-nei-porti\/#primaryimage\"},\"thumbnailUrl\":\"https:\/\/www.errepiudine.com\/wp-content\/uploads\/2024\/05\/LD0214.jpg\",\"datePublished\":\"2024-05-23T16:14:04+00:00\",\"dateModified\":\"2024-08-27T13:04:21+00:00\",\"description\":\"Autore: M. MARF\u00c8 Editore: EDITORIALE OLIMPIA Baie, calette, insenature, sbarramenti naturali e artificiali: gli scenar della scogliera. Moli, pontili, darsene e cantieri: l\u0092ambiente forse meno suggestivo ma altrettanto redditizio del porto. I pesci, le esche e le attrezzature con una descrizione dettagliata di tutte le tecniche pi\u00f9 efficaci. - scogliere naturali e scogliere artificiali - la luna, la pressione, le maree - la pesca a fondo e a galleggio - gli accessori - la pesca con il galleggiante - la pesca a fondo - la pesca a fondo dalla scogliera artificiale - la pesca a fondo da scogliere naturali e il rock fishing - le tecniche per la pesca dalla scogliera naturale - la bolognese e l\u0092inglese da scogliera naturale - le esche - l\u0092agonismo da riva - i nodi per la pesca da terra Un manuale completo, ricco di stimoli e di approfondimenti. Un archivio della memoria che raccoglie con metodo e passione pi\u00f9 di quarant\u0092anni di pesca vissuta. L\u0092autore Mimmo Marf\u00e8 \u00e8 membro della commissione Tecnica Nazionale di Surf Casting della FIPSAS (Federazione Italiana Pesca Sportiva e Attivit\u00e0 Subacquee). E\u0092 attualmente direttore sportivo di NEAPOLIS TEAM, gruppo di cui \u00e8 anche presidente onorario. Dal 1990 ha partecipato con buoni risultati a tutti i campionati EIPSAS. Pubblicista, collaborava con il mensile PESCA MARE. Per l\u0092EDITORIALE OLIMPIA ha pubblicato i volumi SURF CASTING IN MEDITERRANEO (2001) e IL MANUALE DELLA PESCA IN MARE (2002) Dimensioni: 17cm x 24cm\",\"breadcrumb\":{\"@id\":\"https:\/\/www.errepiudine.com\/editoriale-olimpia-pesca-dalla-scogliera-e-nei-porti\/#breadcrumb\"},\"inLanguage\":\"en-US\",\"potentialAction\":[{\"@type\":\"ReadAction\",\"target\":[\"https:\/\/www.errepiudine.com\/editoriale-olimpia-pesca-dalla-scogliera-e-nei-porti\/\"]}]},{\"@type\":\"ImageObject\",\"inLanguage\":\"en-US\",\"@id\":\"https:\/\/www.errepiudine.com\/editoriale-olimpia-pesca-dalla-scogliera-e-nei-porti\/#primaryimage\",\"url\":\"https:\/\/www.errepiudine.com\/wp-content\/uploads\/2024\/05\/LD0214.jpg\",\"contentUrl\":\"https:\/\/www.errepiudine.com\/wp-content\/uploads\/2024\/05\/LD0214.jpg\",\"width\":700,\"height\":800,\"caption\":\"LD0214\"},{\"@type\":\"BreadcrumbList\",\"@id\":\"https:\/\/www.errepiudine.com\/editoriale-olimpia-pesca-dalla-scogliera-e-nei-porti\/#breadcrumb\",\"itemListElement\":[{\"@type\":\"ListItem\",\"position\":1,\"name\":\"Home\",\"item\":\"https:\/\/www.errepiudine.com\/en\/\"},{\"@type\":\"ListItem\",\"position\":2,\"name\":\"Shop\",\"item\":\"https:\/\/www.errepiudine.com\/en\/shop\/\"},{\"@type\":\"ListItem\",\"position\":3,\"name\":\"PESCA DALLA SCOGLIERA E NEI PORTI\"}]},{\"@type\":\"WebSite\",\"@id\":\"https:\/\/www.errepiudine.com\/#website\",\"url\":\"https:\/\/www.errepiudine.com\/\",\"name\":\"Errepi Group\",\"description\":\"\",\"publisher\":{\"@id\":\"https:\/\/www.errepiudine.com\/#organization\"},\"potentialAction\":[{\"@type\":\"SearchAction\",\"target\":{\"@type\":\"EntryPoint\",\"urlTemplate\":\"https:\/\/www.errepiudine.com\/?s={search_term_string}\"},\"query-input\":{\"@type\":\"PropertyValueSpecification\",\"valueRequired\":true,\"valueName\":\"search_term_string\"}}],\"inLanguage\":\"en-US\"},{\"@type\":\"Organization\",\"@id\":\"https:\/\/www.errepiudine.com\/#organization\",\"name\":\"Errepi Group\",\"url\":\"https:\/\/www.errepiudine.com\/\",\"logo\":{\"@type\":\"ImageObject\",\"inLanguage\":\"en-US\",\"@id\":\"https:\/\/www.errepiudine.com\/#\/schema\/logo\/image\/\",\"url\":\"https:\/\/www.errepiudine.com\/wp-content\/uploads\/2025\/07\/Logo-errepi-email.png\",\"contentUrl\":\"https:\/\/www.errepiudine.com\/wp-content\/uploads\/2025\/07\/Logo-errepi-email.png\",\"width\":216,\"height\":60,\"caption\":\"Errepi Group\"},\"image\":{\"@id\":\"https:\/\/www.errepiudine.com\/#\/schema\/logo\/image\/\"},\"sameAs\":[\"https:\/\/www.facebook.com\/errepiudine\/\"]}]}<\/script>\n<!-- \/ Yoast SEO plugin. -->","yoast_head_json":{"title":"PESCA DALLA SCOGLIERA E NEI PORTI - Errepi tutto per pesca a mosca","description":"Autore: M. MARF\u00c8 Editore: EDITORIALE OLIMPIA Baie, calette, insenature, sbarramenti naturali e artificiali: gli scenar della scogliera. Moli, pontili, darsene e cantieri: l\u0092ambiente forse meno suggestivo ma altrettanto redditizio del porto. I pesci, le esche e le attrezzature con una descrizione dettagliata di tutte le tecniche pi\u00f9 efficaci. - scogliere naturali e scogliere artificiali - la luna, la pressione, le maree - la pesca a fondo e a galleggio - gli accessori - la pesca con il galleggiante - la pesca a fondo - la pesca a fondo dalla scogliera artificiale - la pesca a fondo da scogliere naturali e il rock fishing - le tecniche per la pesca dalla scogliera naturale - la bolognese e l\u0092inglese da scogliera naturale - le esche - l\u0092agonismo da riva - i nodi per la pesca da terra Un manuale completo, ricco di stimoli e di approfondimenti. Un archivio della memoria che raccoglie con metodo e passione pi\u00f9 di quarant\u0092anni di pesca vissuta. L\u0092autore Mimmo Marf\u00e8 \u00e8 membro della commissione Tecnica Nazionale di Surf Casting della FIPSAS (Federazione Italiana Pesca Sportiva e Attivit\u00e0 Subacquee). E\u0092 attualmente direttore sportivo di NEAPOLIS TEAM, gruppo di cui \u00e8 anche presidente onorario. Dal 1990 ha partecipato con buoni risultati a tutti i campionati EIPSAS. Pubblicista, collaborava con il mensile PESCA MARE. Per l\u0092EDITORIALE OLIMPIA ha pubblicato i volumi SURF CASTING IN MEDITERRANEO (2001) e IL MANUALE DELLA PESCA IN MARE (2002) Dimensioni: 17cm x 24cm","robots":{"index":"index","follow":"follow","max-snippet":"max-snippet:-1","max-image-preview":"max-image-preview:large","max-video-preview":"max-video-preview:-1"},"canonical":"https:\/\/www.errepiudine.com\/editoriale-olimpia-pesca-dalla-scogliera-e-nei-porti\/","og_locale":"en_US","og_type":"article","og_title":"PESCA DALLA SCOGLIERA E NEI PORTI - Errepi tutto per pesca a mosca","og_description":"Autore: M. MARF\u00c8 Editore: EDITORIALE OLIMPIA Baie, calette, insenature, sbarramenti naturali e artificiali: gli scenar della scogliera. Moli, pontili, darsene e cantieri: l\u0092ambiente forse meno suggestivo ma altrettanto redditizio del porto. I pesci, le esche e le attrezzature con una descrizione dettagliata di tutte le tecniche pi\u00f9 efficaci. - scogliere naturali e scogliere artificiali - la luna, la pressione, le maree - la pesca a fondo e a galleggio - gli accessori - la pesca con il galleggiante - la pesca a fondo - la pesca a fondo dalla scogliera artificiale - la pesca a fondo da scogliere naturali e il rock fishing - le tecniche per la pesca dalla scogliera naturale - la bolognese e l\u0092inglese da scogliera naturale - le esche - l\u0092agonismo da riva - i nodi per la pesca da terra Un manuale completo, ricco di stimoli e di approfondimenti. Un archivio della memoria che raccoglie con metodo e passione pi\u00f9 di quarant\u0092anni di pesca vissuta. L\u0092autore Mimmo Marf\u00e8 \u00e8 membro della commissione Tecnica Nazionale di Surf Casting della FIPSAS (Federazione Italiana Pesca Sportiva e Attivit\u00e0 Subacquee). E\u0092 attualmente direttore sportivo di NEAPOLIS TEAM, gruppo di cui \u00e8 anche presidente onorario. Dal 1990 ha partecipato con buoni risultati a tutti i campionati EIPSAS. Pubblicista, collaborava con il mensile PESCA MARE. Per l\u0092EDITORIALE OLIMPIA ha pubblicato i volumi SURF CASTING IN MEDITERRANEO (2001) e IL MANUALE DELLA PESCA IN MARE (2002) Dimensioni: 17cm x 24cm","og_url":"https:\/\/www.errepiudine.com\/editoriale-olimpia-pesca-dalla-scogliera-e-nei-porti\/","og_site_name":"Errepi Group","article_publisher":"https:\/\/www.facebook.com\/errepiudine\/","article_modified_time":"2024-08-27T13:04:21+00:00","og_image":[{"width":700,"height":800,"url":"https:\/\/www.errepiudine.com\/wp-content\/uploads\/2024\/05\/LD0214.jpg","type":"image\/jpeg"}],"twitter_card":"summary_large_image","twitter_misc":{"Est. reading time":"1 minute"},"schema":{"@context":"https:\/\/schema.org","@graph":[{"@type":"WebPage","@id":"https:\/\/www.errepiudine.com\/editoriale-olimpia-pesca-dalla-scogliera-e-nei-porti\/","url":"https:\/\/www.errepiudine.com\/editoriale-olimpia-pesca-dalla-scogliera-e-nei-porti\/","name":"PESCA DALLA SCOGLIERA E NEI PORTI - Errepi tutto per pesca a mosca","isPartOf":{"@id":"https:\/\/www.errepiudine.com\/#website"},"primaryImageOfPage":{"@id":"https:\/\/www.errepiudine.com\/editoriale-olimpia-pesca-dalla-scogliera-e-nei-porti\/#primaryimage"},"image":{"@id":"https:\/\/www.errepiudine.com\/editoriale-olimpia-pesca-dalla-scogliera-e-nei-porti\/#primaryimage"},"thumbnailUrl":"https:\/\/www.errepiudine.com\/wp-content\/uploads\/2024\/05\/LD0214.jpg","datePublished":"2024-05-23T16:14:04+00:00","dateModified":"2024-08-27T13:04:21+00:00","description":"Autore: M. MARF\u00c8 Editore: EDITORIALE OLIMPIA Baie, calette, insenature, sbarramenti naturali e artificiali: gli scenar della scogliera. Moli, pontili, darsene e cantieri: l\u0092ambiente forse meno suggestivo ma altrettanto redditizio del porto. I pesci, le esche e le attrezzature con una descrizione dettagliata di tutte le tecniche pi\u00f9 efficaci. - scogliere naturali e scogliere artificiali - la luna, la pressione, le maree - la pesca a fondo e a galleggio - gli accessori - la pesca con il galleggiante - la pesca a fondo - la pesca a fondo dalla scogliera artificiale - la pesca a fondo da scogliere naturali e il rock fishing - le tecniche per la pesca dalla scogliera naturale - la bolognese e l\u0092inglese da scogliera naturale - le esche - l\u0092agonismo da riva - i nodi per la pesca da terra Un manuale completo, ricco di stimoli e di approfondimenti. Un archivio della memoria che raccoglie con metodo e passione pi\u00f9 di quarant\u0092anni di pesca vissuta. L\u0092autore Mimmo Marf\u00e8 \u00e8 membro della commissione Tecnica Nazionale di Surf Casting della FIPSAS (Federazione Italiana Pesca Sportiva e Attivit\u00e0 Subacquee). E\u0092 attualmente direttore sportivo di NEAPOLIS TEAM, gruppo di cui \u00e8 anche presidente onorario. Dal 1990 ha partecipato con buoni risultati a tutti i campionati EIPSAS. Pubblicista, collaborava con il mensile PESCA MARE. Per l\u0092EDITORIALE OLIMPIA ha pubblicato i volumi SURF CASTING IN MEDITERRANEO (2001) e IL MANUALE DELLA PESCA IN MARE (2002) Dimensioni: 17cm x 24cm","breadcrumb":{"@id":"https:\/\/www.errepiudine.com\/editoriale-olimpia-pesca-dalla-scogliera-e-nei-porti\/#breadcrumb"},"inLanguage":"en-US","potentialAction":[{"@type":"ReadAction","target":["https:\/\/www.errepiudine.com\/editoriale-olimpia-pesca-dalla-scogliera-e-nei-porti\/"]}]},{"@type":"ImageObject","inLanguage":"en-US","@id":"https:\/\/www.errepiudine.com\/editoriale-olimpia-pesca-dalla-scogliera-e-nei-porti\/#primaryimage","url":"https:\/\/www.errepiudine.com\/wp-content\/uploads\/2024\/05\/LD0214.jpg","contentUrl":"https:\/\/www.errepiudine.com\/wp-content\/uploads\/2024\/05\/LD0214.jpg","width":700,"height":800,"caption":"LD0214"},{"@type":"BreadcrumbList","@id":"https:\/\/www.errepiudine.com\/editoriale-olimpia-pesca-dalla-scogliera-e-nei-porti\/#breadcrumb","itemListElement":[{"@type":"ListItem","position":1,"name":"Home","item":"https:\/\/www.errepiudine.com\/en\/"},{"@type":"ListItem","position":2,"name":"Shop","item":"https:\/\/www.errepiudine.com\/en\/shop\/"},{"@type":"ListItem","position":3,"name":"PESCA DALLA SCOGLIERA E NEI PORTI"}]},{"@type":"WebSite","@id":"https:\/\/www.errepiudine.com\/#website","url":"https:\/\/www.errepiudine.com\/","name":"Errepi Group","description":"","publisher":{"@id":"https:\/\/www.errepiudine.com\/#organization"},"potentialAction":[{"@type":"SearchAction","target":{"@type":"EntryPoint","urlTemplate":"https:\/\/www.errepiudine.com\/?s={search_term_string}"},"query-input":{"@type":"PropertyValueSpecification","valueRequired":true,"valueName":"search_term_string"}}],"inLanguage":"en-US"},{"@type":"Organization","@id":"https:\/\/www.errepiudine.com\/#organization","name":"Errepi Group","url":"https:\/\/www.errepiudine.com\/","logo":{"@type":"ImageObject","inLanguage":"en-US","@id":"https:\/\/www.errepiudine.com\/#\/schema\/logo\/image\/","url":"https:\/\/www.errepiudine.com\/wp-content\/uploads\/2025\/07\/Logo-errepi-email.png","contentUrl":"https:\/\/www.errepiudine.com\/wp-content\/uploads\/2025\/07\/Logo-errepi-email.png","width":216,"height":60,"caption":"Errepi Group"},"image":{"@id":"https:\/\/www.errepiudine.com\/#\/schema\/logo\/image\/"},"sameAs":["https:\/\/www.facebook.com\/errepiudine\/"]}]}},"_links":{"self":[{"href":"https:\/\/www.errepiudine.com\/en\/wp-json\/wp\/v2\/product\/120593","targetHints":{"allow":["GET"]}}],"collection":[{"href":"https:\/\/www.errepiudine.com\/en\/wp-json\/wp\/v2\/product"}],"about":[{"href":"https:\/\/www.errepiudine.com\/en\/wp-json\/wp\/v2\/types\/product"}],"wp:featuredmedia":[{"embeddable":true,"href":"https:\/\/www.errepiudine.com\/en\/wp-json\/wp\/v2\/media\/155173"}],"wp:attachment":[{"href":"https:\/\/www.errepiudine.com\/en\/wp-json\/wp\/v2\/media?parent=120593"}],"wp:term":[{"taxonomy":"product_brand","embeddable":true,"href":"https:\/\/www.errepiudine.com\/en\/wp-json\/wp\/v2\/product_brand?post=120593"},{"taxonomy":"product_cat","embeddable":true,"href":"https:\/\/www.errepiudine.com\/en\/wp-json\/wp\/v2\/product_cat?post=120593"},{"taxonomy":"product_tag","embeddable":true,"href":"https:\/\/www.errepiudine.com\/en\/wp-json\/wp\/v2\/product_tag?post=120593"}],"curies":[{"name":"wp","href":"https:\/\/api.w.org\/{rel}","templated":true}]}}