{"id":105063,"date":"2024-05-23T17:40:41","date_gmt":"2024-05-23T15:40:41","guid":{"rendered":"https:\/\/www.errepiudine.com\/?post_type=product&#038;p=105063"},"modified":"2024-08-27T16:48:29","modified_gmt":"2024-08-27T14:48:29","slug":"varivas-airs-fly-line-wf-2","status":"publish","type":"product","link":"https:\/\/www.errepiudine.com\/en\/varivas-airs-fly-line-wf-2\/","title":{"rendered":"VARIVAS &#8211; AIRS FLY LINE WF"},"content":{"rendered":"<p>L&#8217;anima di queste code \u00e8 in monofilo cavo con 6 micro fori posti longitudinalmente su tutta la lunghezza, questo tipo di costruzione utilizzata nelle nuove code galleggianti Varivas Airs, le rende pi\u00f9 galleggianti del 20%\u00a0 rispetto alle altre code. Il nuovo sviluppo del rivestimento SUPERFLEX migliora notevolmente la galleggiabilit\u00e0, la resistenza, l&#8217;elasticit\u00e0 e la scorrevolezza.<\/p>\n<p>La lunghezza \u00e8 di 27\u00a0m.<\/p>\n<p>Made in Japan<\/p>\n","protected":false},"excerpt":{"rendered":"<p>L&#8217;anima di queste code \u00e8 in monofilo cavo con 6 micro fori posti longitudinalmente su tutta la lunghezza, questo tipo di costruzione utilizzata nelle nuove code galleggianti Varivas Airs, le rende pi\u00f9 galleggianti del 20%\u00a0 rispetto alle altre code. Il nuovo sviluppo del rivestimento SUPERFLEX migliora notevolmente la galleggiabilit\u00e0, la resistenza, l&#8217;elasticit\u00e0 e la scorrevolezza.<\/p>\n<p>La lunghezza \u00e8 di 27 m.<\/p>\n<p>Made in Japan<\/p>\n","protected":false},"featured_media":0,"template":"","meta":[],"product_brand":[3469],"product_cat":[],"product_tag":[],"class_list":{"0":"post-105063","1":"product","2":"type-product","3":"status-publish","5":"product_brand-varivas-non-usare","7":"first","8":"onbackorder","9":"taxable","10":"shipping-taxable","11":"product-type-variable"},"yoast_head":"<!-- This site is optimized with the Yoast SEO plugin v27.1.1 - https:\/\/yoast.com\/product\/yoast-seo-wordpress\/ -->\n<title>VARIVAS - AIRS FLY LINE WF - Errepi tutto per pesca a mosca<\/title>\n<meta name=\"description\" content=\"L&#039;anima di queste code \u00e8 in monofilo cavo con 6 micro fori posti longitudinalmente su tutta la lunghezza, questo tipo di costruzione utilizzata nelle nuove code galleggianti Varivas Airs, le rende pi\u00f9 galleggianti del 20%\u00a0 rispetto alle altre code. Il nuovo sviluppo del rivestimento SUPERFLEX migliora notevolmente la galleggiabilit\u00e0, la resistenza, l&#039;elasticit\u00e0 e la scorrevolezza. La lunghezza \u00e8 di 27 m. Made in Japan\" \/>\n<meta name=\"robots\" content=\"index, follow, max-snippet:-1, max-image-preview:large, max-video-preview:-1\" \/>\n<link rel=\"canonical\" href=\"https:\/\/www.errepiudine.com\/en\/varivas-airs-fly-line-wf-2\/\" \/>\n<meta property=\"og:locale\" content=\"en_US\" \/>\n<meta property=\"og:type\" content=\"article\" \/>\n<meta property=\"og:title\" content=\"VARIVAS - AIRS FLY LINE WF - Errepi tutto per pesca a mosca\" \/>\n<meta property=\"og:description\" content=\"L&#039;anima di queste code \u00e8 in monofilo cavo con 6 micro fori posti longitudinalmente su tutta la lunghezza, questo tipo di costruzione utilizzata nelle nuove code galleggianti Varivas Airs, le rende pi\u00f9 galleggianti del 20%\u00a0 rispetto alle altre code. Il nuovo sviluppo del rivestimento SUPERFLEX migliora notevolmente la galleggiabilit\u00e0, la resistenza, l&#039;elasticit\u00e0 e la scorrevolezza. La lunghezza \u00e8 di 27 m. Made in Japan\" \/>\n<meta property=\"og:url\" content=\"https:\/\/www.errepiudine.com\/en\/varivas-airs-fly-line-wf-2\/\" \/>\n<meta property=\"og:site_name\" content=\"Errepi Group\" \/>\n<meta property=\"article:publisher\" content=\"https:\/\/www.facebook.com\/errepiudine\/\" \/>\n<meta property=\"article:modified_time\" content=\"2024-08-27T14:48:29+00:00\" \/>\n<meta property=\"og:image\" content=\"https:\/\/www.errepiudine.com\/wp-content\/uploads\/2014\/02\/products-wf-1.jpg\" \/>\n\t<meta property=\"og:image:width\" content=\"298\" \/>\n\t<meta property=\"og:image:height\" content=\"249\" \/>\n\t<meta property=\"og:image:type\" content=\"image\/jpeg\" \/>\n<meta name=\"twitter:card\" content=\"summary_large_image\" \/>\n<script type=\"application\/ld+json\" class=\"yoast-schema-graph\">{\"@context\":\"https:\/\/schema.org\",\"@graph\":[{\"@type\":\"WebPage\",\"@id\":\"https:\/\/www.errepiudine.com\/en\/varivas-airs-fly-line-wf-2\/\",\"url\":\"https:\/\/www.errepiudine.com\/en\/varivas-airs-fly-line-wf-2\/\",\"name\":\"VARIVAS - AIRS FLY LINE WF - Errepi tutto per pesca a mosca\",\"isPartOf\":{\"@id\":\"https:\/\/www.errepiudine.com\/#website\"},\"datePublished\":\"2024-05-23T15:40:41+00:00\",\"dateModified\":\"2024-08-27T14:48:29+00:00\",\"description\":\"L'anima di queste code \u00e8 in monofilo cavo con 6 micro fori posti longitudinalmente su tutta la lunghezza, questo tipo di costruzione utilizzata nelle nuove code galleggianti Varivas Airs, le rende pi\u00f9 galleggianti del 20%\u00a0 rispetto alle altre code. Il nuovo sviluppo del rivestimento SUPERFLEX migliora notevolmente la galleggiabilit\u00e0, la resistenza, l'elasticit\u00e0 e la scorrevolezza. La lunghezza \u00e8 di 27 m. Made in Japan\",\"breadcrumb\":{\"@id\":\"https:\/\/www.errepiudine.com\/en\/varivas-airs-fly-line-wf-2\/#breadcrumb\"},\"inLanguage\":\"en-US\",\"potentialAction\":[{\"@type\":\"ReadAction\",\"target\":[\"https:\/\/www.errepiudine.com\/en\/varivas-airs-fly-line-wf-2\/\"]}]},{\"@type\":\"BreadcrumbList\",\"@id\":\"https:\/\/www.errepiudine.com\/en\/varivas-airs-fly-line-wf-2\/#breadcrumb\",\"itemListElement\":[{\"@type\":\"ListItem\",\"position\":1,\"name\":\"Home\",\"item\":\"https:\/\/www.errepiudine.com\/en\/\"},{\"@type\":\"ListItem\",\"position\":2,\"name\":\"Shop\",\"item\":\"https:\/\/www.errepiudine.com\/en\/shop\/\"},{\"@type\":\"ListItem\",\"position\":3,\"name\":\"VARIVAS &#8211; AIRS FLY LINE WF\"}]},{\"@type\":\"WebSite\",\"@id\":\"https:\/\/www.errepiudine.com\/#website\",\"url\":\"https:\/\/www.errepiudine.com\/\",\"name\":\"Errepi Group\",\"description\":\"\",\"publisher\":{\"@id\":\"https:\/\/www.errepiudine.com\/#organization\"},\"potentialAction\":[{\"@type\":\"SearchAction\",\"target\":{\"@type\":\"EntryPoint\",\"urlTemplate\":\"https:\/\/www.errepiudine.com\/?s={search_term_string}\"},\"query-input\":{\"@type\":\"PropertyValueSpecification\",\"valueRequired\":true,\"valueName\":\"search_term_string\"}}],\"inLanguage\":\"en-US\"},{\"@type\":\"Organization\",\"@id\":\"https:\/\/www.errepiudine.com\/#organization\",\"name\":\"Errepi Group\",\"url\":\"https:\/\/www.errepiudine.com\/\",\"logo\":{\"@type\":\"ImageObject\",\"inLanguage\":\"en-US\",\"@id\":\"https:\/\/www.errepiudine.com\/#\/schema\/logo\/image\/\",\"url\":\"https:\/\/www.errepiudine.com\/wp-content\/uploads\/2025\/07\/Logo-errepi-email.png\",\"contentUrl\":\"https:\/\/www.errepiudine.com\/wp-content\/uploads\/2025\/07\/Logo-errepi-email.png\",\"width\":216,\"height\":60,\"caption\":\"Errepi Group\"},\"image\":{\"@id\":\"https:\/\/www.errepiudine.com\/#\/schema\/logo\/image\/\"},\"sameAs\":[\"https:\/\/www.facebook.com\/errepiudine\/\"]}]}<\/script>\n<!-- \/ Yoast SEO plugin. -->","yoast_head_json":{"title":"VARIVAS - AIRS FLY LINE WF - Errepi tutto per pesca a mosca","description":"L'anima di queste code \u00e8 in monofilo cavo con 6 micro fori posti longitudinalmente su tutta la lunghezza, questo tipo di costruzione utilizzata nelle nuove code galleggianti Varivas Airs, le rende pi\u00f9 galleggianti del 20%\u00a0 rispetto alle altre code. Il nuovo sviluppo del rivestimento SUPERFLEX migliora notevolmente la galleggiabilit\u00e0, la resistenza, l'elasticit\u00e0 e la scorrevolezza. La lunghezza \u00e8 di 27 m. Made in Japan","robots":{"index":"index","follow":"follow","max-snippet":"max-snippet:-1","max-image-preview":"max-image-preview:large","max-video-preview":"max-video-preview:-1"},"canonical":"https:\/\/www.errepiudine.com\/en\/varivas-airs-fly-line-wf-2\/","og_locale":"en_US","og_type":"article","og_title":"VARIVAS - AIRS FLY LINE WF - Errepi tutto per pesca a mosca","og_description":"L'anima di queste code \u00e8 in monofilo cavo con 6 micro fori posti longitudinalmente su tutta la lunghezza, questo tipo di costruzione utilizzata nelle nuove code galleggianti Varivas Airs, le rende pi\u00f9 galleggianti del 20%\u00a0 rispetto alle altre code. Il nuovo sviluppo del rivestimento SUPERFLEX migliora notevolmente la galleggiabilit\u00e0, la resistenza, l'elasticit\u00e0 e la scorrevolezza. La lunghezza \u00e8 di 27 m. Made in Japan","og_url":"https:\/\/www.errepiudine.com\/en\/varivas-airs-fly-line-wf-2\/","og_site_name":"Errepi Group","article_publisher":"https:\/\/www.facebook.com\/errepiudine\/","article_modified_time":"2024-08-27T14:48:29+00:00","og_image":[{"width":298,"height":249,"url":"https:\/\/www.errepiudine.com\/wp-content\/uploads\/2014\/02\/products-wf-1.jpg","type":"image\/jpeg"}],"twitter_card":"summary_large_image","schema":{"@context":"https:\/\/schema.org","@graph":[{"@type":"WebPage","@id":"https:\/\/www.errepiudine.com\/en\/varivas-airs-fly-line-wf-2\/","url":"https:\/\/www.errepiudine.com\/en\/varivas-airs-fly-line-wf-2\/","name":"VARIVAS - AIRS FLY LINE WF - Errepi tutto per pesca a mosca","isPartOf":{"@id":"https:\/\/www.errepiudine.com\/#website"},"datePublished":"2024-05-23T15:40:41+00:00","dateModified":"2024-08-27T14:48:29+00:00","description":"L'anima di queste code \u00e8 in monofilo cavo con 6 micro fori posti longitudinalmente su tutta la lunghezza, questo tipo di costruzione utilizzata nelle nuove code galleggianti Varivas Airs, le rende pi\u00f9 galleggianti del 20%\u00a0 rispetto alle altre code. Il nuovo sviluppo del rivestimento SUPERFLEX migliora notevolmente la galleggiabilit\u00e0, la resistenza, l'elasticit\u00e0 e la scorrevolezza. La lunghezza \u00e8 di 27 m. Made in Japan","breadcrumb":{"@id":"https:\/\/www.errepiudine.com\/en\/varivas-airs-fly-line-wf-2\/#breadcrumb"},"inLanguage":"en-US","potentialAction":[{"@type":"ReadAction","target":["https:\/\/www.errepiudine.com\/en\/varivas-airs-fly-line-wf-2\/"]}]},{"@type":"BreadcrumbList","@id":"https:\/\/www.errepiudine.com\/en\/varivas-airs-fly-line-wf-2\/#breadcrumb","itemListElement":[{"@type":"ListItem","position":1,"name":"Home","item":"https:\/\/www.errepiudine.com\/en\/"},{"@type":"ListItem","position":2,"name":"Shop","item":"https:\/\/www.errepiudine.com\/en\/shop\/"},{"@type":"ListItem","position":3,"name":"VARIVAS &#8211; AIRS FLY LINE WF"}]},{"@type":"WebSite","@id":"https:\/\/www.errepiudine.com\/#website","url":"https:\/\/www.errepiudine.com\/","name":"Errepi Group","description":"","publisher":{"@id":"https:\/\/www.errepiudine.com\/#organization"},"potentialAction":[{"@type":"SearchAction","target":{"@type":"EntryPoint","urlTemplate":"https:\/\/www.errepiudine.com\/?s={search_term_string}"},"query-input":{"@type":"PropertyValueSpecification","valueRequired":true,"valueName":"search_term_string"}}],"inLanguage":"en-US"},{"@type":"Organization","@id":"https:\/\/www.errepiudine.com\/#organization","name":"Errepi Group","url":"https:\/\/www.errepiudine.com\/","logo":{"@type":"ImageObject","inLanguage":"en-US","@id":"https:\/\/www.errepiudine.com\/#\/schema\/logo\/image\/","url":"https:\/\/www.errepiudine.com\/wp-content\/uploads\/2025\/07\/Logo-errepi-email.png","contentUrl":"https:\/\/www.errepiudine.com\/wp-content\/uploads\/2025\/07\/Logo-errepi-email.png","width":216,"height":60,"caption":"Errepi Group"},"image":{"@id":"https:\/\/www.errepiudine.com\/#\/schema\/logo\/image\/"},"sameAs":["https:\/\/www.facebook.com\/errepiudine\/"]}]}},"_links":{"self":[{"href":"https:\/\/www.errepiudine.com\/en\/wp-json\/wp\/v2\/product\/105063","targetHints":{"allow":["GET"]}}],"collection":[{"href":"https:\/\/www.errepiudine.com\/en\/wp-json\/wp\/v2\/product"}],"about":[{"href":"https:\/\/www.errepiudine.com\/en\/wp-json\/wp\/v2\/types\/product"}],"wp:attachment":[{"href":"https:\/\/www.errepiudine.com\/en\/wp-json\/wp\/v2\/media?parent=105063"}],"wp:term":[{"taxonomy":"product_brand","embeddable":true,"href":"https:\/\/www.errepiudine.com\/en\/wp-json\/wp\/v2\/product_brand?post=105063"},{"taxonomy":"product_cat","embeddable":true,"href":"https:\/\/www.errepiudine.com\/en\/wp-json\/wp\/v2\/product_cat?post=105063"},{"taxonomy":"product_tag","embeddable":true,"href":"https:\/\/www.errepiudine.com\/en\/wp-json\/wp\/v2\/product_tag?post=105063"}],"curies":[{"name":"wp","href":"https:\/\/api.w.org\/{rel}","templated":true}]}}